{"id":49,"date":"2015-03-13T08:47:05","date_gmt":"2015-03-13T08:47:05","guid":{"rendered":"http:\/\/blogsaverroes.juntadeandalucia.es\/pre\/ceip\/?page_id=49"},"modified":"2025-11-07T14:39:22","modified_gmt":"2025-11-07T12:39:22","slug":"documentos-centro","status":"publish","type":"page","link":"https:\/\/blogsaverroes.juntadeandalucia.es\/ceipmarquesdeguadalcazar\/documentos-centro\/","title":{"rendered":"DOCUMENTOS DE CENTRO"},"content":{"rendered":"<p>&nbsp;<\/p>\n<p><a href=\"https:\/\/blogsaverroes.juntadeandalucia.es\/ceipmarquesdeguadalcazar\/files\/2025\/02\/PROYECTO-EDUCATIVO-24-25.pdf\"><img loading=\"lazy\" decoding=\"async\" class=\"wp-image-1662 aligncenter\" style=\"color: #333333\" src=\"https:\/\/blogsaverroes.juntadeandalucia.es\/ceipmarquesdeguadalcazar\/files\/2015\/03\/proyecto-300x266.png\" alt=\"proyecto\" width=\"208\" height=\"184\" srcset=\"https:\/\/blogsaverroes.juntadeandalucia.es\/ceipmarquesdeguadalcazar\/files\/2015\/03\/proyecto-300x266.png 300w, https:\/\/blogsaverroes.juntadeandalucia.es\/ceipmarquesdeguadalcazar\/files\/2015\/03\/proyecto.png 640w\" sizes=\"(max-width: 208px) 100vw, 208px\" \/><\/a><\/p>\n<p>&nbsp;<\/p>\n<p>&nbsp;<\/p>\n<p>Un centro se define en gran medida por su <strong>Proyecto Educativo<\/strong>. En \u00e9l se plasma el modelo educativo y la concreci\u00f3n de la normativa que un centro realiza respecto a las ense\u00f1anzas que imparte. Aspectos tales como las finales educativas, objetivos, atenci\u00f3n a la diversidad, etc.<\/p>\n<p>Que la web de un centro informe de su Proyecto Educativo, Proyecto de Gesti\u00f3n y ROF es una apuesta clara por la <strong>transparencia.<\/strong><\/p>\n<p>Este espacio puede mostrar tanto los aspectos esenciales del Proyecto como enlazar a otros documentos o secciones con informaci\u00f3n m\u00e1s detallada.<\/p>\n<p>&nbsp;<\/p>\n<p style=\"text-align: center\"><a href=\"https:\/\/drive.google.com\/file\/d\/1lKQNFZcLH8KBuvrpk7FiE1vbE33EAI5W\/view?usp=drive_link\">PROYECTO EDUCATIVO 25-26<\/a><a href=\"https:\/\/blogsaverroes.juntadeandalucia.es\/ceipmarquesdeguadalcazar\/files\/2025\/02\/Captura-de-pantalla-2025-02-13-164359.png\"><img loading=\"lazy\" decoding=\"async\" class=\"wp-image-3108 aligncenter\" src=\"https:\/\/blogsaverroes.juntadeandalucia.es\/ceipmarquesdeguadalcazar\/files\/2025\/02\/Captura-de-pantalla-2025-02-13-164359.png\" alt=\"\" width=\"163\" height=\"231\" srcset=\"https:\/\/blogsaverroes.juntadeandalucia.es\/ceipmarquesdeguadalcazar\/files\/2025\/02\/Captura-de-pantalla-2025-02-13-164359.png 553w, https:\/\/blogsaverroes.juntadeandalucia.es\/ceipmarquesdeguadalcazar\/files\/2025\/02\/Captura-de-pantalla-2025-02-13-164359-212x300.png 212w\" sizes=\"(max-width: 163px) 100vw, 163px\" \/><\/a><\/p>\n<p>&nbsp;<\/p>\n<p>&nbsp;<\/p>\n<p><a href=\"https:\/\/blogsaverroes.juntadeandalucia.es\/ceipmarquesdeguadalcazar\/files\/2025\/02\/Captura-de-pantalla-2025-02-13-190344-e1739469982907.png\"><img loading=\"lazy\" decoding=\"async\" class=\"size-medium wp-image-3112 aligncenter\" src=\"https:\/\/blogsaverroes.juntadeandalucia.es\/ceipmarquesdeguadalcazar\/files\/2025\/02\/Captura-de-pantalla-2025-02-13-190344-e1739469982907-266x300.png\" alt=\"\" width=\"266\" height=\"300\" srcset=\"https:\/\/blogsaverroes.juntadeandalucia.es\/ceipmarquesdeguadalcazar\/files\/2025\/02\/Captura-de-pantalla-2025-02-13-190344-e1739469982907-266x300.png 266w, https:\/\/blogsaverroes.juntadeandalucia.es\/ceipmarquesdeguadalcazar\/files\/2025\/02\/Captura-de-pantalla-2025-02-13-190344-e1739469982907.png 697w\" sizes=\"(max-width: 266px) 100vw, 266px\" \/><\/a><\/p>\n<p style=\"text-align: center\"><a href=\"https:\/\/drive.google.com\/file\/d\/1fbaCZL2R87K7ZeP-6IjP1JP7qOBaneKX\/view?usp=drive_link\">Proyecto de gesti\u00f3n 25\/26<\/a><\/p>\n<p>&nbsp;<\/p>\n<p>&nbsp;<\/p>\n<p style=\"text-align: center\"><a href=\"https:\/\/blogsaverroes.juntadeandalucia.es\/ceipmarquesdeguadalcazar\/files\/2025\/02\/Diseno-sin-titulo.jpg\"><img loading=\"lazy\" decoding=\"async\" class=\"alignnone size-medium wp-image-3113\" src=\"https:\/\/blogsaverroes.juntadeandalucia.es\/ceipmarquesdeguadalcazar\/files\/2025\/02\/Diseno-sin-titulo-212x300.jpg\" alt=\"\" width=\"212\" height=\"300\" srcset=\"https:\/\/blogsaverroes.juntadeandalucia.es\/ceipmarquesdeguadalcazar\/files\/2025\/02\/Diseno-sin-titulo-212x300.jpg 212w, https:\/\/blogsaverroes.juntadeandalucia.es\/ceipmarquesdeguadalcazar\/files\/2025\/02\/Diseno-sin-titulo-724x1024.jpg 724w, https:\/\/blogsaverroes.juntadeandalucia.es\/ceipmarquesdeguadalcazar\/files\/2025\/02\/Diseno-sin-titulo-768x1086.jpg 768w, https:\/\/blogsaverroes.juntadeandalucia.es\/ceipmarquesdeguadalcazar\/files\/2025\/02\/Diseno-sin-titulo-1086x1536.jpg 1086w, https:\/\/blogsaverroes.juntadeandalucia.es\/ceipmarquesdeguadalcazar\/files\/2025\/02\/Diseno-sin-titulo-1448x2048.jpg 1448w, https:\/\/blogsaverroes.juntadeandalucia.es\/ceipmarquesdeguadalcazar\/files\/2025\/02\/Diseno-sin-titulo.jpg 1131w\" sizes=\"(max-width: 212px) 100vw, 212px\" \/><\/a><\/p>\n<p>&nbsp;<\/p>\n<p style=\"text-align: center\"><a href=\"https:\/\/drive.google.com\/file\/d\/1GHEvZhEfwUNZvTqWlzIXKaa7qVIC3QrW\/view?usp=drive_link\">ROF_2025\/26<\/a><\/p>\n<p>&nbsp;<\/p>\n<p>&nbsp;<\/p>\n<p><a href=\"https:\/\/blogsaverroes.juntadeandalucia.es\/ceipmarquesdeguadalcazar\/files\/2025\/11\/PLAN-DE-CONVIVENCIA.png\"><img loading=\"lazy\" decoding=\"async\" class=\"size-medium wp-image-3137 aligncenter\" src=\"https:\/\/blogsaverroes.juntadeandalucia.es\/ceipmarquesdeguadalcazar\/files\/2025\/11\/PLAN-DE-CONVIVENCIA-213x300.png\" alt=\"\" width=\"213\" height=\"300\" srcset=\"https:\/\/blogsaverroes.juntadeandalucia.es\/ceipmarquesdeguadalcazar\/files\/2025\/11\/PLAN-DE-CONVIVENCIA-213x300.png 213w, https:\/\/blogsaverroes.juntadeandalucia.es\/ceipmarquesdeguadalcazar\/files\/2025\/11\/PLAN-DE-CONVIVENCIA.png 402w\" sizes=\"(max-width: 213px) 100vw, 213px\" \/><\/a><\/p>\n<p style=\"text-align: center\"><a href=\"https:\/\/drive.google.com\/file\/d\/1OfDfioETPRPRP0kNOX8yXe3_NpoOJOc2\/view?usp=drive_link\">PLAN DE CONVIVENCIA 2025\/26<\/a><\/p>\n","protected":false},"excerpt":{"rendered":"<p>&nbsp; &nbsp; &nbsp; Un centro se define en gran medida por su Proyecto Educativo. En \u00e9l se plasma el modelo educativo y la concreci\u00f3n de la normativa que un centro realiza respecto a las ense\u00f1anzas que imparte. Aspectos tales como las finales educativas, objetivos, atenci\u00f3n a la diversidad, etc. Que la web de un centro &hellip; <\/p>\n<p><a class=\"more-link btn\" href=\"https:\/\/blogsaverroes.juntadeandalucia.es\/ceipmarquesdeguadalcazar\/documentos-centro\/\">Seguir leyendo<\/a><\/p>\n","protected":false},"author":1,"featured_media":0,"parent":0,"menu_order":0,"comment_status":"closed","ping_status":"open","template":"","meta":{"ngg_post_thumbnail":0,"footnotes":"","_mc_calendar":[]},"aioseo_notices":[],"_links":{"self":[{"href":"https:\/\/blogsaverroes.juntadeandalucia.es\/ceipmarquesdeguadalcazar\/wp-json\/wp\/v2\/pages\/49"}],"collection":[{"href":"https:\/\/blogsaverroes.juntadeandalucia.es\/ceipmarquesdeguadalcazar\/wp-json\/wp\/v2\/pages"}],"about":[{"href":"https:\/\/blogsaverroes.juntadeandalucia.es\/ceipmarquesdeguadalcazar\/wp-json\/wp\/v2\/types\/page"}],"author":[{"embeddable":true,"href":"https:\/\/blogsaverroes.juntadeandalucia.es\/ceipmarquesdeguadalcazar\/wp-json\/wp\/v2\/users\/1"}],"replies":[{"embeddable":true,"href":"https:\/\/blogsaverroes.juntadeandalucia.es\/ceipmarquesdeguadalcazar\/wp-json\/wp\/v2\/comments?post=49"}],"version-history":[{"count":15,"href":"https:\/\/blogsaverroes.juntadeandalucia.es\/ceipmarquesdeguadalcazar\/wp-json\/wp\/v2\/pages\/49\/revisions"}],"predecessor-version":[{"id":3138,"href":"https:\/\/blogsaverroes.juntadeandalucia.es\/ceipmarquesdeguadalcazar\/wp-json\/wp\/v2\/pages\/49\/revisions\/3138"}],"wp:attachment":[{"href":"https:\/\/blogsaverroes.juntadeandalucia.es\/ceipmarquesdeguadalcazar\/wp-json\/wp\/v2\/media?parent=49"}],"curies":[{"name":"wp","href":"https:\/\/api.w.org\/{rel}","templated":true}]}}