{"id":77,"date":"2015-03-16T06:54:56","date_gmt":"2015-03-16T06:54:56","guid":{"rendered":"http:\/\/blogsaverroes.juntadeandalucia.es\/pre\/ceip\/?page_id=77"},"modified":"2025-11-07T14:46:44","modified_gmt":"2025-11-07T12:46:44","slug":"secretaria","status":"publish","type":"page","link":"https:\/\/blogsaverroes.juntadeandalucia.es\/ceipmarquesdeguadalcazar\/secretaria\/","title":{"rendered":"Secretar\u00eda"},"content":{"rendered":"<p>La <strong>Secretar\u00eda<\/strong> desarrolla muchas funciones importantes en la vida de un centro, especialmente en la relaci\u00f3n que mantiene con las familias en los diferentes tr\u00e1mites administrativos a lo largo de la escolarizaci\u00f3n: admisi\u00f3n, matr\u00edcula, comedor escolar, becas, etc.<\/p>\n<p>Para mejorar el intercambio de informaci\u00f3n con ella os pedimos que consult\u00e9is el siguiente horario:<\/p>\n<p><a href=\"https:\/\/blogsaverroes.juntadeandalucia.es\/ceipmarquesdeguadalcazar\/files\/2025\/11\/WhatsApp-Image-2025-11-07-at-13.43.39.jpeg\"><img loading=\"lazy\" decoding=\"async\" class=\"alignnone size-medium wp-image-3142\" src=\"https:\/\/blogsaverroes.juntadeandalucia.es\/ceipmarquesdeguadalcazar\/files\/2025\/11\/WhatsApp-Image-2025-11-07-at-13.43.39-300x225.jpeg\" alt=\"\" width=\"300\" height=\"225\" srcset=\"https:\/\/blogsaverroes.juntadeandalucia.es\/ceipmarquesdeguadalcazar\/files\/2025\/11\/WhatsApp-Image-2025-11-07-at-13.43.39-300x225.jpeg 300w, https:\/\/blogsaverroes.juntadeandalucia.es\/ceipmarquesdeguadalcazar\/files\/2025\/11\/WhatsApp-Image-2025-11-07-at-13.43.39-1024x768.jpeg 1024w, https:\/\/blogsaverroes.juntadeandalucia.es\/ceipmarquesdeguadalcazar\/files\/2025\/11\/WhatsApp-Image-2025-11-07-at-13.43.39-768x576.jpeg 768w, https:\/\/blogsaverroes.juntadeandalucia.es\/ceipmarquesdeguadalcazar\/files\/2025\/11\/WhatsApp-Image-2025-11-07-at-13.43.39-1536x1152.jpeg 1536w, https:\/\/blogsaverroes.juntadeandalucia.es\/ceipmarquesdeguadalcazar\/files\/2025\/11\/WhatsApp-Image-2025-11-07-at-13.43.39-750x563.jpeg 750w, https:\/\/blogsaverroes.juntadeandalucia.es\/ceipmarquesdeguadalcazar\/files\/2025\/11\/WhatsApp-Image-2025-11-07-at-13.43.39.jpeg 1600w\" sizes=\"(max-width: 300px) 100vw, 300px\" \/><\/a><\/p>\n","protected":false},"excerpt":{"rendered":"<p>La Secretar\u00eda desarrolla muchas funciones importantes en la vida de un centro, especialmente en la relaci\u00f3n que mantiene con las familias en los diferentes tr\u00e1mites administrativos a lo largo de la escolarizaci\u00f3n: admisi\u00f3n, matr\u00edcula, comedor escolar, becas, etc. Para mejorar el intercambio de informaci\u00f3n con ella os pedimos que consult\u00e9is el siguiente horario:<\/p>\n","protected":false},"author":1,"featured_media":0,"parent":0,"menu_order":0,"comment_status":"closed","ping_status":"open","template":"","meta":{"ngg_post_thumbnail":0,"footnotes":"","_mc_calendar":[]},"aioseo_notices":[],"_links":{"self":[{"href":"https:\/\/blogsaverroes.juntadeandalucia.es\/ceipmarquesdeguadalcazar\/wp-json\/wp\/v2\/pages\/77"}],"collection":[{"href":"https:\/\/blogsaverroes.juntadeandalucia.es\/ceipmarquesdeguadalcazar\/wp-json\/wp\/v2\/pages"}],"about":[{"href":"https:\/\/blogsaverroes.juntadeandalucia.es\/ceipmarquesdeguadalcazar\/wp-json\/wp\/v2\/types\/page"}],"author":[{"embeddable":true,"href":"https:\/\/blogsaverroes.juntadeandalucia.es\/ceipmarquesdeguadalcazar\/wp-json\/wp\/v2\/users\/1"}],"replies":[{"embeddable":true,"href":"https:\/\/blogsaverroes.juntadeandalucia.es\/ceipmarquesdeguadalcazar\/wp-json\/wp\/v2\/comments?post=77"}],"version-history":[{"count":13,"href":"https:\/\/blogsaverroes.juntadeandalucia.es\/ceipmarquesdeguadalcazar\/wp-json\/wp\/v2\/pages\/77\/revisions"}],"predecessor-version":[{"id":3143,"href":"https:\/\/blogsaverroes.juntadeandalucia.es\/ceipmarquesdeguadalcazar\/wp-json\/wp\/v2\/pages\/77\/revisions\/3143"}],"wp:attachment":[{"href":"https:\/\/blogsaverroes.juntadeandalucia.es\/ceipmarquesdeguadalcazar\/wp-json\/wp\/v2\/media?parent=77"}],"curies":[{"name":"wp","href":"https:\/\/api.w.org\/{rel}","templated":true}]}}