{"id":99,"date":"2015-03-16T07:22:54","date_gmt":"2015-03-16T07:22:54","guid":{"rendered":"http:\/\/blogsaverroes.juntadeandalucia.es\/pre\/ceip\/?page_id=99"},"modified":"2024-10-19T09:49:13","modified_gmt":"2024-10-19T07:49:13","slug":"comedor-escolar","status":"publish","type":"page","link":"https:\/\/blogsaverroes.juntadeandalucia.es\/ceipmarquesdeguadalcazar\/comedor-escolar\/","title":{"rendered":"Comedor escolar"},"content":{"rendered":"<h4><a href=\"https:\/\/blogsaverroes.juntadeandalucia.es\/ceipmarquesdeguadalcazar\/files\/2022\/11\/3636543.jpg\"><img loading=\"lazy\" decoding=\"async\" class=\"alignnone size-medium wp-image-2683\" src=\"https:\/\/blogsaverroes.juntadeandalucia.es\/ceipmarquesdeguadalcazar\/files\/2022\/11\/3636543-300x300.jpg\" alt=\"\" width=\"300\" height=\"300\" srcset=\"https:\/\/blogsaverroes.juntadeandalucia.es\/ceipmarquesdeguadalcazar\/files\/2022\/11\/3636543-300x300.jpg 300w, https:\/\/blogsaverroes.juntadeandalucia.es\/ceipmarquesdeguadalcazar\/files\/2022\/11\/3636543-1024x1024.jpg 1024w, https:\/\/blogsaverroes.juntadeandalucia.es\/ceipmarquesdeguadalcazar\/files\/2022\/11\/3636543-150x150.jpg 150w, https:\/\/blogsaverroes.juntadeandalucia.es\/ceipmarquesdeguadalcazar\/files\/2022\/11\/3636543-768x768.jpg 768w, https:\/\/blogsaverroes.juntadeandalucia.es\/ceipmarquesdeguadalcazar\/files\/2022\/11\/3636543-1536x1536.jpg 1536w, https:\/\/blogsaverroes.juntadeandalucia.es\/ceipmarquesdeguadalcazar\/files\/2022\/11\/3636543.jpg 1600w\" sizes=\"(max-width: 300px) 100vw, 300px\" \/><\/a><\/h4>\n<h4>Ejemplo de informaci\u00f3n sobre el comedor escolar<\/h4>\n<p>Los comedores escolares son un servicio complementario que resulta de gran utilidad a padres y madres para ayudarles a&nbsp;conciliar la vida laboral y familiar. Tienen una duraci\u00f3n de hasta dos horas desde que acaba la jornada escolar de la ma\u00f1ana (de 14.00 a 16.00 horas).<\/p>\n<p>Los comedores son adem\u00e1s una pieza importante&nbsp;en todas las medidas dirigidas a mejorar los h\u00e1bitos alimenticios de los ni\u00f1os y ni\u00f1as y prevenir problemas de salud como la obesidad.<\/p>\n<p>Los comedores escolares de los centros p\u00fablicos andaluces promueven una alimentaci\u00f3n saludable que est\u00e1 supervisada por nutricionistas y que, entre otros aspectos, se caracteriza por:<br \/>\n<img loading=\"lazy\" decoding=\"async\" class=\" size-medium wp-image-238 alignleft\" src=\"http:\/\/blogsaverroes.juntadeandalucia.es\/pre\/ceip\/files\/2015\/03\/comida-300x174.jpg\" alt=\"comida\" width=\"300\" height=\"174\"><\/p>\n<p>Una mayor proporci\u00f3n de verdura en los men\u00fas<\/p>\n<p>Fruta fresca como postre al menos cuatro d\u00edas a la semana<\/p>\n<p>Uso de aceite de oliva virgen extra<\/p>\n<p>M\u00e1s pescado que carne, que debe ser magra<\/p>\n<p>Prohibici\u00f3n de los alimentos precocinados y limitaci\u00f3n de los fritos<\/p>\n<p>&nbsp; &nbsp; &nbsp; &nbsp; &nbsp; &nbsp; &nbsp; &nbsp; &nbsp; &nbsp; &nbsp; &nbsp; &nbsp; &nbsp; &nbsp; &nbsp; &nbsp; &nbsp; &nbsp; &nbsp; &nbsp; &nbsp; &nbsp; &nbsp; &nbsp; &nbsp; &nbsp; &nbsp; &nbsp; &nbsp; &nbsp; &nbsp; &nbsp; &nbsp; &nbsp; &nbsp; &nbsp; &nbsp; &nbsp; &nbsp; &nbsp; Apuesta por la dieta mediterr\u00e1nea y los productos ecol\u00f3gicos.<\/p>\n<p>&nbsp;<\/p>\n<p><a href=\"https:\/\/www.juntadeandalucia.es\/educacion\/portals\/delegate\/content\/6c4342f7-1581-4c26-bc7e-2e49b4b64cee\"><strong>Solicitudes<\/strong><\/a><\/p>\n<p><a href=\"https:\/\/www.juntadeandalucia.es\/organismos\/economiahaciendayfondoseuropeos\/areas\/tributos-juego\/tributos\/paginas\/mat-com-extraesc-24-25.html\"><strong>Normativa<\/strong><\/a><\/p>\n<p><strong>Empresa catering: Mediterr\u00e1nea<\/strong><\/p>\n<p><strong>Men\u00fa<\/strong><\/p>\n<p>&nbsp;<\/p>\n","protected":false},"excerpt":{"rendered":"<p>Ejemplo de informaci\u00f3n sobre el comedor escolar Los comedores escolares son un servicio complementario que resulta de gran utilidad a padres y madres para ayudarles a&nbsp;conciliar la vida laboral y familiar. Tienen una duraci\u00f3n de hasta dos horas desde que acaba la jornada escolar de la ma\u00f1ana (de 14.00 a 16.00 horas). Los comedores son &hellip; <\/p>\n<p><a class=\"more-link btn\" href=\"https:\/\/blogsaverroes.juntadeandalucia.es\/ceipmarquesdeguadalcazar\/comedor-escolar\/\">Seguir leyendo<\/a><\/p>\n","protected":false},"author":1,"featured_media":0,"parent":0,"menu_order":0,"comment_status":"closed","ping_status":"open","template":"","meta":{"ngg_post_thumbnail":0,"footnotes":"","_mc_calendar":[]},"aioseo_notices":[],"_links":{"self":[{"href":"https:\/\/blogsaverroes.juntadeandalucia.es\/ceipmarquesdeguadalcazar\/wp-json\/wp\/v2\/pages\/99"}],"collection":[{"href":"https:\/\/blogsaverroes.juntadeandalucia.es\/ceipmarquesdeguadalcazar\/wp-json\/wp\/v2\/pages"}],"about":[{"href":"https:\/\/blogsaverroes.juntadeandalucia.es\/ceipmarquesdeguadalcazar\/wp-json\/wp\/v2\/types\/page"}],"author":[{"embeddable":true,"href":"https:\/\/blogsaverroes.juntadeandalucia.es\/ceipmarquesdeguadalcazar\/wp-json\/wp\/v2\/users\/1"}],"replies":[{"embeddable":true,"href":"https:\/\/blogsaverroes.juntadeandalucia.es\/ceipmarquesdeguadalcazar\/wp-json\/wp\/v2\/comments?post=99"}],"version-history":[{"count":6,"href":"https:\/\/blogsaverroes.juntadeandalucia.es\/ceipmarquesdeguadalcazar\/wp-json\/wp\/v2\/pages\/99\/revisions"}],"predecessor-version":[{"id":3050,"href":"https:\/\/blogsaverroes.juntadeandalucia.es\/ceipmarquesdeguadalcazar\/wp-json\/wp\/v2\/pages\/99\/revisions\/3050"}],"wp:attachment":[{"href":"https:\/\/blogsaverroes.juntadeandalucia.es\/ceipmarquesdeguadalcazar\/wp-json\/wp\/v2\/media?parent=99"}],"curies":[{"name":"wp","href":"https:\/\/api.w.org\/{rel}","templated":true}]}}