{"id":35,"date":"2015-03-13T08:21:43","date_gmt":"2015-03-13T08:21:43","guid":{"rendered":"http:\/\/blogsaverroes.juntadeandalucia.es\/pre\/ceip\/?page_id=35"},"modified":"2021-06-03T17:02:08","modified_gmt":"2021-06-03T15:02:08","slug":"el-centro-2","status":"publish","type":"page","link":"https:\/\/blogsaverroes.juntadeandalucia.es\/ceipmartingordo\/el-centro-2\/","title":{"rendered":"Datos del centro"},"content":{"rendered":"<p><iframe src=\"https:\/\/www.google.com\/maps\/embed?pb=!1m18!1m12!1m3!1d1623.2950777446567!2d-3.957675328573809!3d37.76270433981758!2m3!1f0!2f0!3f0!3m2!1i1024!2i768!4f13.1!3m3!1m2!1s0xd6dcf6d51223247%3A0x133fe1995503c5f0!2sCEIP%20Martingordo!5e0!3m2!1ses!2ses!4v1622732428223!5m2!1ses!2ses\" width=\"600\" height=\"450\"><\/iframe><\/p>\n<h4>Datos de contacto<\/h4>\n<p>C.E.I.P. MARTINGORDO<\/p>\n<p><strong>Direcci\u00f3n:<\/strong> &nbsp;Calle V\u00eda Augusta 13, 23650 Torredonjimeno (Ja\u00e9n)<\/p>\n<p><strong>Tel\u00e9fono: 953 366 825<\/strong><br \/>\n<strong>Email:<\/strong> 23005827.edu@juntadeandalucia.es<\/p>\n<h4><strong>Horarios<\/strong><\/h4>\n<p>Horario de apertura del centro: Desde las 9:00 de la ma\u00f1ana hasta las 14:00 de la tarde.<\/p>\n<p>Comedor escolar: Desde las 14:00 de la tarde a las 16:00 de la tarde<\/p>\n<p>Actividades extraescolares de lunes a jueves.<\/p>\n<h4><strong>Oferta educativa<\/strong><\/h4>\n<p>Centro de educaci\u00f3n infantil y primaria.<\/p>\n<h4>Instalaciones<\/h4>\n<p><a href=\"https:\/\/blogsaverroes.juntadeandalucia.es\/ceipmartingordo\/files\/2015\/03\/aula_matinal.jpg\"><img fetchpriority=\"high\" decoding=\"async\" class=\"alignnone size-medium wp-image-226\" src=\"https:\/\/blogsaverroes.juntadeandalucia.es\/ceipmartingordo\/files\/2015\/03\/aula_matinal-300x185.jpg\" alt=\"\" width=\"300\" height=\"185\" srcset=\"https:\/\/blogsaverroes.juntadeandalucia.es\/ceipmartingordo\/files\/2015\/03\/aula_matinal-300x185.jpg 300w, https:\/\/blogsaverroes.juntadeandalucia.es\/ceipmartingordo\/files\/2015\/03\/aula_matinal.jpg 709w\" sizes=\"(max-width: 300px) 100vw, 300px\" \/><\/a><\/p>\n<p>&nbsp;<\/p>\n","protected":false},"excerpt":{"rendered":"<p>Datos de contacto C.E.I.P. MARTINGORDO Direcci\u00f3n: &nbsp;Calle V\u00eda Augusta 13, 23650 Torredonjimeno (Ja\u00e9n) Tel\u00e9fono: 953 366 825 Email: 23005827.edu@juntadeandalucia.es Horarios Horario de apertura del centro: Desde las 9:00 de la ma\u00f1ana hasta las 14:00&#46;&#46;&#46;<\/p>\n","protected":false},"author":1,"featured_media":0,"parent":0,"menu_order":0,"comment_status":"closed","ping_status":"open","template":"","meta":{"ngg_post_thumbnail":0,"footnotes":"","_mc_calendar":[]},"aioseo_notices":[],"_links":{"self":[{"href":"https:\/\/blogsaverroes.juntadeandalucia.es\/ceipmartingordo\/wp-json\/wp\/v2\/pages\/35"}],"collection":[{"href":"https:\/\/blogsaverroes.juntadeandalucia.es\/ceipmartingordo\/wp-json\/wp\/v2\/pages"}],"about":[{"href":"https:\/\/blogsaverroes.juntadeandalucia.es\/ceipmartingordo\/wp-json\/wp\/v2\/types\/page"}],"author":[{"embeddable":true,"href":"https:\/\/blogsaverroes.juntadeandalucia.es\/ceipmartingordo\/wp-json\/wp\/v2\/users\/1"}],"replies":[{"embeddable":true,"href":"https:\/\/blogsaverroes.juntadeandalucia.es\/ceipmartingordo\/wp-json\/wp\/v2\/comments?post=35"}],"version-history":[{"count":23,"href":"https:\/\/blogsaverroes.juntadeandalucia.es\/ceipmartingordo\/wp-json\/wp\/v2\/pages\/35\/revisions"}],"predecessor-version":[{"id":2261,"href":"https:\/\/blogsaverroes.juntadeandalucia.es\/ceipmartingordo\/wp-json\/wp\/v2\/pages\/35\/revisions\/2261"}],"wp:attachment":[{"href":"https:\/\/blogsaverroes.juntadeandalucia.es\/ceipmartingordo\/wp-json\/wp\/v2\/media?parent=35"}],"curies":[{"name":"wp","href":"https:\/\/api.w.org\/{rel}","templated":true}]}}