{"id":113,"date":"2015-03-16T08:06:00","date_gmt":"2015-03-16T08:06:00","guid":{"rendered":"http:\/\/blogsaverroes.juntadeandalucia.es\/pre\/ceip\/?page_id=113"},"modified":"2026-01-06T21:43:43","modified_gmt":"2026-01-06T21:43:43","slug":"biblioteca","status":"publish","type":"page","link":"https:\/\/blogsaverroes.juntadeandalucia.es\/ceipmayorzaragoza\/biblioteca\/","title":{"rendered":"Biblioteca"},"content":{"rendered":"<p><strong>BIBLIOTECA ESCOLAR<\/strong><\/p>\n<p>La Biblioteca Escolar de nuestro centro, en el presente curso escolar, est\u00e1 adaptando su cat\u00e1logo bibliogr\u00e1fico al nuevo sistema de gesti\u00f3n en el sistema S\u00e9neca.&nbsp;<\/p>\n<p>&nbsp;<\/p>\n<p><strong>D\u00cdA DE LAS BIBLIOTECAS ESCOLARES<\/strong><\/p>\n<p><a href=\"http:\/\/blogsaverroes.juntadeandalucia.es\/ceipmayorzaragoza\/files\/2015\/03\/DIA-BIBLIOTECAS.jpg\"><img loading=\"lazy\" decoding=\"async\" class=\" size-medium wp-image-2262 alignleft\" src=\"http:\/\/blogsaverroes.juntadeandalucia.es\/ceipmayorzaragoza\/files\/2015\/03\/DIA-BIBLIOTECAS-300x228.jpg\" alt=\"DIA BIBLIOTECAS\" width=\"300\" height=\"228\" srcset=\"https:\/\/blogsaverroes.juntadeandalucia.es\/ceipmayorzaragoza\/files\/2015\/03\/DIA-BIBLIOTECAS-300x228.jpg 300w, https:\/\/blogsaverroes.juntadeandalucia.es\/ceipmayorzaragoza\/files\/2015\/03\/DIA-BIBLIOTECAS-1024x778.jpg 1024w, https:\/\/blogsaverroes.juntadeandalucia.es\/ceipmayorzaragoza\/files\/2015\/03\/DIA-BIBLIOTECAS-24x18.jpg 24w, https:\/\/blogsaverroes.juntadeandalucia.es\/ceipmayorzaragoza\/files\/2015\/03\/DIA-BIBLIOTECAS-36x27.jpg 36w, https:\/\/blogsaverroes.juntadeandalucia.es\/ceipmayorzaragoza\/files\/2015\/03\/DIA-BIBLIOTECAS-48x36.jpg 48w, https:\/\/blogsaverroes.juntadeandalucia.es\/ceipmayorzaragoza\/files\/2015\/03\/DIA-BIBLIOTECAS.jpg 1600w\" sizes=\"(max-width: 300px) 100vw, 300px\" \/><\/a> Recordamos, con este motivo, una actividad que se realiz\u00f3 hace algunos cursos en la que el alumnado del centro realiz\u00f3 la portada del libro sobre el cual recomendaba su lectura.<\/p>\n<p>&nbsp;<\/p>\n<p>&nbsp;<\/p>\n<p>&nbsp;<\/p>\n<p>&nbsp;<\/p>\n<p>&nbsp;<\/p>\n<table>\n<tbody>\n<tr>\n<td>\n<p style=\"text-align: center\"><strong>INFANTIL 3 A\u00d1OS<\/strong><\/p>\n<p><a href=\"http:\/\/blogsaverroes.juntadeandalucia.es\/ceipmayorzaragoza\/files\/2015\/03\/portadas-I3-GIF.gif\"><img loading=\"lazy\" decoding=\"async\" class=\"alignnone size-medium wp-image-2263\" src=\"http:\/\/blogsaverroes.juntadeandalucia.es\/ceipmayorzaragoza\/files\/2015\/03\/portadas-I3-GIF-300x156.gif\" alt=\"portadas I3 GIF\" width=\"300\" height=\"156\" srcset=\"https:\/\/blogsaverroes.juntadeandalucia.es\/ceipmayorzaragoza\/files\/2015\/03\/portadas-I3-GIF-300x156.gif 300w, https:\/\/blogsaverroes.juntadeandalucia.es\/ceipmayorzaragoza\/files\/2015\/03\/portadas-I3-GIF-24x12.gif 24w, https:\/\/blogsaverroes.juntadeandalucia.es\/ceipmayorzaragoza\/files\/2015\/03\/portadas-I3-GIF-36x19.gif 36w, https:\/\/blogsaverroes.juntadeandalucia.es\/ceipmayorzaragoza\/files\/2015\/03\/portadas-I3-GIF-48x25.gif 48w\" sizes=\"(max-width: 300px) 100vw, 300px\" \/><\/a><\/td>\n<td style=\"text-align: center\"><strong>INFANTIL 4 A\u00d1OS<\/strong><\/p>\n<p><a href=\"http:\/\/blogsaverroes.juntadeandalucia.es\/ceipmayorzaragoza\/files\/2015\/03\/portadas-I4-GIF.gif\"><img loading=\"lazy\" decoding=\"async\" class=\"alignnone size-medium wp-image-2264\" src=\"http:\/\/blogsaverroes.juntadeandalucia.es\/ceipmayorzaragoza\/files\/2015\/03\/portadas-I4-GIF-300x156.gif\" alt=\"portadas I4 GIF\" width=\"300\" height=\"156\" srcset=\"https:\/\/blogsaverroes.juntadeandalucia.es\/ceipmayorzaragoza\/files\/2015\/03\/portadas-I4-GIF-300x156.gif 300w, https:\/\/blogsaverroes.juntadeandalucia.es\/ceipmayorzaragoza\/files\/2015\/03\/portadas-I4-GIF-24x12.gif 24w, https:\/\/blogsaverroes.juntadeandalucia.es\/ceipmayorzaragoza\/files\/2015\/03\/portadas-I4-GIF-36x19.gif 36w, https:\/\/blogsaverroes.juntadeandalucia.es\/ceipmayorzaragoza\/files\/2015\/03\/portadas-I4-GIF-48x25.gif 48w\" sizes=\"(max-width: 300px) 100vw, 300px\" \/><\/a><\/p>\n<p>&nbsp;<\/td>\n<td style=\"text-align: center\"><strong>INFANTIL 5 A\u00d1OS<\/strong><a href=\"http:\/\/blogsaverroes.juntadeandalucia.es\/ceipmayorzaragoza\/files\/2015\/03\/portadas-I5-GIF.gif\"><img loading=\"lazy\" decoding=\"async\" class=\"alignnone size-medium wp-image-2265\" src=\"http:\/\/blogsaverroes.juntadeandalucia.es\/ceipmayorzaragoza\/files\/2015\/03\/portadas-I5-GIF-300x156.gif\" alt=\"portadas I5 GIF\" width=\"300\" height=\"156\" srcset=\"https:\/\/blogsaverroes.juntadeandalucia.es\/ceipmayorzaragoza\/files\/2015\/03\/portadas-I5-GIF-300x156.gif 300w, https:\/\/blogsaverroes.juntadeandalucia.es\/ceipmayorzaragoza\/files\/2015\/03\/portadas-I5-GIF-24x12.gif 24w, https:\/\/blogsaverroes.juntadeandalucia.es\/ceipmayorzaragoza\/files\/2015\/03\/portadas-I5-GIF-36x19.gif 36w, https:\/\/blogsaverroes.juntadeandalucia.es\/ceipmayorzaragoza\/files\/2015\/03\/portadas-I5-GIF-48x25.gif 48w\" sizes=\"(max-width: 300px) 100vw, 300px\" \/><\/a><\/td>\n<\/tr>\n<tr>\n<td style=\"text-align: center\"><strong>1\u00ba PRIMARIA<\/strong><a href=\"http:\/\/blogsaverroes.juntadeandalucia.es\/ceipmayorzaragoza\/files\/2015\/03\/portadas-P1-GIF.gif\"><img loading=\"lazy\" decoding=\"async\" class=\"alignnone size-medium wp-image-2266\" src=\"http:\/\/blogsaverroes.juntadeandalucia.es\/ceipmayorzaragoza\/files\/2015\/03\/portadas-P1-GIF-300x156.gif\" alt=\"portadas P1 GIF\" width=\"300\" height=\"156\" srcset=\"https:\/\/blogsaverroes.juntadeandalucia.es\/ceipmayorzaragoza\/files\/2015\/03\/portadas-P1-GIF-300x156.gif 300w, https:\/\/blogsaverroes.juntadeandalucia.es\/ceipmayorzaragoza\/files\/2015\/03\/portadas-P1-GIF-24x12.gif 24w, https:\/\/blogsaverroes.juntadeandalucia.es\/ceipmayorzaragoza\/files\/2015\/03\/portadas-P1-GIF-36x19.gif 36w, https:\/\/blogsaverroes.juntadeandalucia.es\/ceipmayorzaragoza\/files\/2015\/03\/portadas-P1-GIF-48x25.gif 48w\" sizes=\"(max-width: 300px) 100vw, 300px\" \/><\/a><\/td>\n<td style=\"text-align: center\"><strong>2\u00ba PRIMARIA<\/strong><a href=\"http:\/\/blogsaverroes.juntadeandalucia.es\/ceipmayorzaragoza\/files\/2015\/03\/portadas-P2-GIF.gif\"><img loading=\"lazy\" decoding=\"async\" class=\"alignnone size-medium wp-image-2267\" src=\"http:\/\/blogsaverroes.juntadeandalucia.es\/ceipmayorzaragoza\/files\/2015\/03\/portadas-P2-GIF-300x156.gif\" alt=\"portadas P2 GIF\" width=\"300\" height=\"156\" srcset=\"https:\/\/blogsaverroes.juntadeandalucia.es\/ceipmayorzaragoza\/files\/2015\/03\/portadas-P2-GIF-300x156.gif 300w, https:\/\/blogsaverroes.juntadeandalucia.es\/ceipmayorzaragoza\/files\/2015\/03\/portadas-P2-GIF-24x12.gif 24w, https:\/\/blogsaverroes.juntadeandalucia.es\/ceipmayorzaragoza\/files\/2015\/03\/portadas-P2-GIF-36x19.gif 36w, https:\/\/blogsaverroes.juntadeandalucia.es\/ceipmayorzaragoza\/files\/2015\/03\/portadas-P2-GIF-48x25.gif 48w\" sizes=\"(max-width: 300px) 100vw, 300px\" \/><\/a><\/td>\n<td style=\"text-align: center\"><strong>3\u00ba PRIMARIA<\/strong><a href=\"http:\/\/blogsaverroes.juntadeandalucia.es\/ceipmayorzaragoza\/files\/2015\/03\/portadas-P3-GIF.gif\"><img loading=\"lazy\" decoding=\"async\" class=\"alignnone size-medium wp-image-2268\" src=\"http:\/\/blogsaverroes.juntadeandalucia.es\/ceipmayorzaragoza\/files\/2015\/03\/portadas-P3-GIF-300x156.gif\" alt=\"portadas P3 GIF\" width=\"300\" height=\"156\" srcset=\"https:\/\/blogsaverroes.juntadeandalucia.es\/ceipmayorzaragoza\/files\/2015\/03\/portadas-P3-GIF-300x156.gif 300w, https:\/\/blogsaverroes.juntadeandalucia.es\/ceipmayorzaragoza\/files\/2015\/03\/portadas-P3-GIF-24x12.gif 24w, https:\/\/blogsaverroes.juntadeandalucia.es\/ceipmayorzaragoza\/files\/2015\/03\/portadas-P3-GIF-36x19.gif 36w, https:\/\/blogsaverroes.juntadeandalucia.es\/ceipmayorzaragoza\/files\/2015\/03\/portadas-P3-GIF-48x25.gif 48w\" sizes=\"(max-width: 300px) 100vw, 300px\" \/><\/a><\/td>\n<\/tr>\n<tr>\n<td style=\"text-align: center\"><strong>4\u00ba PRIMARIA<\/strong><a href=\"http:\/\/blogsaverroes.juntadeandalucia.es\/ceipmayorzaragoza\/files\/2015\/03\/portadas-P4-GIF.gif\"><img loading=\"lazy\" decoding=\"async\" class=\"alignnone size-medium wp-image-2269\" src=\"http:\/\/blogsaverroes.juntadeandalucia.es\/ceipmayorzaragoza\/files\/2015\/03\/portadas-P4-GIF-300x156.gif\" alt=\"portadas P4 GIF\" width=\"300\" height=\"156\" srcset=\"https:\/\/blogsaverroes.juntadeandalucia.es\/ceipmayorzaragoza\/files\/2015\/03\/portadas-P4-GIF-300x156.gif 300w, https:\/\/blogsaverroes.juntadeandalucia.es\/ceipmayorzaragoza\/files\/2015\/03\/portadas-P4-GIF-24x12.gif 24w, https:\/\/blogsaverroes.juntadeandalucia.es\/ceipmayorzaragoza\/files\/2015\/03\/portadas-P4-GIF-36x19.gif 36w, https:\/\/blogsaverroes.juntadeandalucia.es\/ceipmayorzaragoza\/files\/2015\/03\/portadas-P4-GIF-48x25.gif 48w\" sizes=\"(max-width: 300px) 100vw, 300px\" \/><\/a><\/td>\n<td style=\"text-align: center\"><strong>5\u00ba PRIMARIA<\/strong><a href=\"http:\/\/blogsaverroes.juntadeandalucia.es\/ceipmayorzaragoza\/files\/2015\/03\/portadas-P5-GIF.gif\"><img loading=\"lazy\" decoding=\"async\" class=\"alignnone size-medium wp-image-2270\" src=\"http:\/\/blogsaverroes.juntadeandalucia.es\/ceipmayorzaragoza\/files\/2015\/03\/portadas-P5-GIF-300x156.gif\" alt=\"portadas P5 GIF\" width=\"300\" height=\"156\" srcset=\"https:\/\/blogsaverroes.juntadeandalucia.es\/ceipmayorzaragoza\/files\/2015\/03\/portadas-P5-GIF-300x156.gif 300w, https:\/\/blogsaverroes.juntadeandalucia.es\/ceipmayorzaragoza\/files\/2015\/03\/portadas-P5-GIF-24x12.gif 24w, https:\/\/blogsaverroes.juntadeandalucia.es\/ceipmayorzaragoza\/files\/2015\/03\/portadas-P5-GIF-36x19.gif 36w, https:\/\/blogsaverroes.juntadeandalucia.es\/ceipmayorzaragoza\/files\/2015\/03\/portadas-P5-GIF-48x25.gif 48w\" sizes=\"(max-width: 300px) 100vw, 300px\" \/><\/a><\/td>\n<td style=\"text-align: center\"><strong>6\u00ba PRIMARIA<\/strong><a href=\"http:\/\/blogsaverroes.juntadeandalucia.es\/ceipmayorzaragoza\/files\/2015\/03\/portadas-P6-GIF.gif\"><img loading=\"lazy\" decoding=\"async\" class=\"alignnone size-medium wp-image-2271\" src=\"http:\/\/blogsaverroes.juntadeandalucia.es\/ceipmayorzaragoza\/files\/2015\/03\/portadas-P6-GIF-300x156.gif\" alt=\"portadas P6 GIF\" width=\"300\" height=\"156\" srcset=\"https:\/\/blogsaverroes.juntadeandalucia.es\/ceipmayorzaragoza\/files\/2015\/03\/portadas-P6-GIF-300x156.gif 300w, https:\/\/blogsaverroes.juntadeandalucia.es\/ceipmayorzaragoza\/files\/2015\/03\/portadas-P6-GIF-24x12.gif 24w, https:\/\/blogsaverroes.juntadeandalucia.es\/ceipmayorzaragoza\/files\/2015\/03\/portadas-P6-GIF-36x19.gif 36w, https:\/\/blogsaverroes.juntadeandalucia.es\/ceipmayorzaragoza\/files\/2015\/03\/portadas-P6-GIF-48x25.gif 48w\" sizes=\"(max-width: 300px) 100vw, 300px\" \/><\/a><\/td>\n<\/tr>\n<\/tbody>\n<\/table>\n<p>&nbsp;<\/p>\n<p><strong>CHIPI<\/strong><\/p>\n<p><a href=\"http:\/\/blogsaverroes.juntadeandalucia.es\/ceipmayorzaragoza\/files\/2015\/03\/mascota-01.jpg\"><img loading=\"lazy\" decoding=\"async\" class=\" size-medium wp-image-2089 alignleft\" src=\"http:\/\/blogsaverroes.juntadeandalucia.es\/ceipmayorzaragoza\/files\/2015\/03\/mascota-01-300x222.jpg\" alt=\"mascota 01\" width=\"300\" height=\"222\" srcset=\"https:\/\/blogsaverroes.juntadeandalucia.es\/ceipmayorzaragoza\/files\/2015\/03\/mascota-01-300x222.jpg 300w, https:\/\/blogsaverroes.juntadeandalucia.es\/ceipmayorzaragoza\/files\/2015\/03\/mascota-01-1024x757.jpg 1024w, https:\/\/blogsaverroes.juntadeandalucia.es\/ceipmayorzaragoza\/files\/2015\/03\/mascota-01.jpg 1600w\" sizes=\"(max-width: 300px) 100vw, 300px\" \/><\/a>La mascota de nuestra biblioteca, ideada por nuestra alumna Cristina Mart\u00edn Moriana, y ser la ganadora del concurso realizado en el curso 2014-2015 con motivo del D\u00eda del Libro.<\/p>\n<p>&nbsp;<\/p>\n<p>&nbsp;<\/p>\n<p>&nbsp;<\/p>\n<p>&nbsp;<\/p>\n<p>El responsable de la Biblioteca Escolar del centro es Jos\u00e9 Eduardo Linares Cuesta.<\/p>\n<p>&nbsp;<\/p>\n<p>&nbsp;<\/p>\n<p><iframe loading=\"lazy\" title=\"Bibliotecas escolares de Andaluc\u00eda al servicio de la comunidad educativa\" width=\"500\" height=\"281\" src=\"https:\/\/www.youtube.com\/embed\/N_rrGePF_zM?feature=oembed&#038;wmode=opaque\" frameborder=\"0\" allow=\"accelerometer; autoplay; clipboard-write; encrypted-media; gyroscope; picture-in-picture; web-share\" referrerpolicy=\"strict-origin-when-cross-origin\" allowfullscreen><\/iframe><\/p>\n<p>Informaci\u00f3n sobre su uso, horarios, prestamos, etc&#8230;<\/p>\n<p><a title=\"Bibliotecas escolares\" href=\"http:\/\/www.juntadeandalucia.es\/educacion\/webportal\/web\/lecturas-y-bibliotecas-escolares\/bibliotecas-escolares\" target=\"_blank\" rel=\"noopener noreferrer\">Enlace al portal sobre las Bibliotecas Escolares.<\/a><\/p>\n","protected":false},"excerpt":{"rendered":"<p>BIBLIOTECA ESCOLAR La Biblioteca Escolar de nuestro centro, en el presente curso escolar, est\u00e1 adaptando su cat\u00e1logo bibliogr\u00e1fico al nuevo sistema de gesti\u00f3n en el sistema S\u00e9neca.&nbsp; &nbsp; D\u00cdA DE LAS BIBLIOTECAS ESCOLARES Recordamos, con este motivo, una actividad que se realiz\u00f3 hace algunos cursos en la que el&#46;&#46;&#46;<\/p>\n","protected":false},"author":1,"featured_media":0,"parent":0,"menu_order":0,"comment_status":"open","ping_status":"open","template":"page-templates\/child-menu.php","meta":{"ngg_post_thumbnail":0,"footnotes":"","_mc_calendar":[]},"aioseo_notices":[],"_links":{"self":[{"href":"https:\/\/blogsaverroes.juntadeandalucia.es\/ceipmayorzaragoza\/wp-json\/wp\/v2\/pages\/113"}],"collection":[{"href":"https:\/\/blogsaverroes.juntadeandalucia.es\/ceipmayorzaragoza\/wp-json\/wp\/v2\/pages"}],"about":[{"href":"https:\/\/blogsaverroes.juntadeandalucia.es\/ceipmayorzaragoza\/wp-json\/wp\/v2\/types\/page"}],"author":[{"embeddable":true,"href":"https:\/\/blogsaverroes.juntadeandalucia.es\/ceipmayorzaragoza\/wp-json\/wp\/v2\/users\/1"}],"replies":[{"embeddable":true,"href":"https:\/\/blogsaverroes.juntadeandalucia.es\/ceipmayorzaragoza\/wp-json\/wp\/v2\/comments?post=113"}],"version-history":[{"count":20,"href":"https:\/\/blogsaverroes.juntadeandalucia.es\/ceipmayorzaragoza\/wp-json\/wp\/v2\/pages\/113\/revisions"}],"predecessor-version":[{"id":6597,"href":"https:\/\/blogsaverroes.juntadeandalucia.es\/ceipmayorzaragoza\/wp-json\/wp\/v2\/pages\/113\/revisions\/6597"}],"wp:attachment":[{"href":"https:\/\/blogsaverroes.juntadeandalucia.es\/ceipmayorzaragoza\/wp-json\/wp\/v2\/media?parent=113"}],"curies":[{"name":"wp","href":"https:\/\/api.w.org\/{rel}","templated":true}]}}