{"id":2170,"date":"2016-02-14T20:02:22","date_gmt":"2016-02-14T20:02:22","guid":{"rendered":"http:\/\/blogsaverroes.juntadeandalucia.es\/ceipmayorzaragoza\/?page_id=2170"},"modified":"2026-01-06T19:36:47","modified_gmt":"2026-01-06T19:36:47","slug":"educacion-especial","status":"publish","type":"page","link":"https:\/\/blogsaverroes.juntadeandalucia.es\/ceipmayorzaragoza\/educacion-especial\/","title":{"rendered":"Educaci\u00f3n Especial"},"content":{"rendered":"<p>Nuestro centro cuenta con las siguientes unidades de Educaci\u00f3n Especial:<\/p>\n<p><strong>Aula Espec\u00edfica<\/strong> &#8211; Aula n\u00ba 30 &#8211; Tutora: D\u00aa Luc\u00eda Hern\u00e1ndez Torres<\/p>\n<p><strong>Aula TEA<\/strong> &#8211; Aula n\u00ba 37 &#8211; Tutora: D\u00aa Raquel Zamora Picadizo<\/p>\n<p><strong>Pedagog\u00eda Terap\u00e9utica Apoyo a la Integraci\u00f3n<\/strong>:<\/p>\n<p>D\u00aa. Pilar Arnedo Villaescusa<\/p>\n<p>D. Juan Antonio Calvo Espinar<\/p>\n<p>D\u00aa. M\u00aa Carmen Villaescusa Jim\u00e9nez<\/p>\n<p><strong>Audici\u00f3n y Lenguaje:<\/strong> D\u00aa. Belinda Haro Castilla<\/p>\n<p><strong>PTIS:<\/strong> D. Carlos G\u00e1lvez Castelar, D. Jos\u00e9 Octavio Gonz\u00e1lez Lara y D\u00aa Irene P\u00e9rez Garc\u00eda<\/p>\n<p>&nbsp;<\/p>\n<p><strong>MATERIALES<\/strong><\/p>\n<table style=\"border-collapse: collapse;width: 100%\">\n<tbody>\n<tr>\n<td style=\"width: 50%;vertical-align: top;text-align: left\">\n<p class=\"western\" align=\"left\"><span style=\"color: #000000\"><span style=\"font-size: medium\"><b>AULA ESPEC\u00cdFICA<\/b><\/span><\/span><\/p>\n<ul>\n<li>\n<p align=\"justify\"><span style=\"color: #000000\"><span style=\"font-size: medium\">1 Rollo de papel.<\/span><\/span><\/p>\n<\/li>\n<li>\n<p align=\"justify\"><span style=\"color: #000000\"><span style=\"font-size: medium\">3 Paquetes de toal<\/span><\/span><span style=\"font-size: medium\">li<\/span><span style=\"color: #000000\"><span style=\"font-size: medium\">tas<\/span><\/span><\/p>\n<\/li>\n<li>\n<p align=\"justify\"><span style=\"color: #000000\"><span style=\"font-size: medium\">1 Bote de jab\u00f3n para manos<\/span><\/span><\/p>\n<\/li>\n<li>\n<p align=\"justify\"><span style=\"color: #000000\"><span style=\"font-size: medium\">1 barra de pegamento tama\u00f1o mediano<\/span><\/span><\/p>\n<\/li>\n<li>\n<p align=\"justify\"><span style=\"color: #000000\"><span style=\"font-size: medium\">1 bote de cola blanca.<\/span><\/span><\/p>\n<\/li>\n<li>\n<p align=\"justify\"><span style=\"color: #000000\"><span style=\"font-size: medium\">1 l\u00e1piz y una goma.<\/span><\/span><\/p>\n<\/li>\n<li>\n<p align=\"justify\"><span style=\"color: #000000\"><span style=\"font-size: medium\">1 caja de ceras duras<\/span><\/span><\/p>\n<\/li>\n<li>\n<p align=\"justify\"><span style=\"color: #000000\"><span style=\"font-size: medium\">Tijeras de punta roma <\/span><\/span><\/p>\n<\/li>\n<li>\n<p align=\"justify\"><span style=\"color: #000000\"><span style=\"font-size: medium\">Bloc de usos m\u00faltiples<\/span><\/span><\/p>\n<\/li>\n<li>\n<p align=\"justify\"><span style=\"color: #000000\"><span style=\"font-size: medium\">Caja de t\u00e9mperas de seis colores <\/span><\/span><\/p>\n<\/li>\n<li>\n<p align=\"justify\"><span style=\"color: #000000\"><span style=\"font-size: medium\">Caja de <\/span><\/span><span style=\"font-size: medium\">plastilina<\/span><span style=\"color: #000000\"><span style=\"font-size: medium\"> de colores surtidos.<\/span><\/span><\/p>\n<\/li>\n<li>\n<p align=\"justify\"><span style=\"font-size: medium\">1 funda de pl\u00e1stico con bot\u00f3n tama\u00f1o A4<\/span><\/p>\n<\/li>\n<\/ul>\n<p class=\"western\" align=\"left\"><span style=\"color: #000000\"><span style=\"font-size: medium\"><b>NOTA: <\/b><\/span><\/span><\/p>\n<ul>\n<li>\n<p class=\"western\" align=\"left\"><span style=\"color: #000000\"><span style=\"font-size: medium\">Poner el nombre a todo el material.<\/span><\/span><\/p>\n<\/li>\n<li>\n<p class=\"western\" align=\"left\"><span style=\"color: #000000\"><span style=\"font-size: medium\">Se podr\u00e1 aprovechar el material del curso anterior que se encuentre en buen estado.<\/span><\/span><\/p>\n<\/li>\n<li>\n<p class=\"western\" align=\"left\"><span style=\"color: #000000\"><span style=\"font-size: medium\">El\/la tutor\/a informar\u00e1, en la primera reuni\u00f3n tutorial en septiembre, sobre la forma en la que se utilizar\u00e1 el material expuesto en el listado.<\/span><\/span><\/p>\n<\/li>\n<\/ul>\n<\/td>\n<td style=\"width: 50%;vertical-align: top;text-align: left\">\n<p class=\"western\" align=\"left\"><span style=\"color: #000000\"><span style=\"font-size: medium\"><b>AULA TEA<\/b><\/span><\/span><\/p>\n<ul>\n<li style=\"list-style-type: none\">\n<ul>\n<li>\n<p align=\"justify\"><span style=\"color: #000000\"><span style=\"font-size: medium\">1 caja de rotuladores.<\/span><\/span><\/p>\n<\/li>\n<li>\n<p align=\"justify\"><span style=\"color: #000000\"><span style=\"font-size: medium\">1 caja de ceras<\/span><\/span><span style=\"font-size: medium\"> Triplus<\/span><\/p>\n<\/li>\n<li>\n<p align=\"justify\"><span style=\"color: #000000\"><span style=\"font-size: medium\">1 <\/span><\/span><span style=\"font-size: medium\">bote de t\u00e9mpera l\u00edquida 500ml<\/span><\/p>\n<\/li>\n<li>\n<p align=\"justify\"><span style=\"font-size: medium\">2<\/span><span style=\"color: #000000\"><span style=\"font-size: medium\"> barra de pegamento<\/span><\/span><\/p>\n<\/li>\n<li>\n<p align=\"justify\"><span style=\"font-size: medium\">1 metro de velcro adhesivo<\/span><\/p>\n<\/li>\n<li>\n<p align=\"justify\"><span style=\"font-size: small\">1 pack de pinceles<\/span><\/p>\n<\/li>\n<li>\n<p align=\"justify\"><span style=\"color: #000000\"><span style=\"font-size: medium\">15 cartulinas<\/span><\/span><span style=\"font-size: medium\"> blancas A4<\/span><\/p>\n<\/li>\n<li>\n<p align=\"justify\"><span style=\"font-size: medium\">1 paquete de l\u00e1minas para <\/span><span style=\"color: #000000\"><span style=\"font-size: medium\"> plastificar<\/span><\/span><span style=\"font-size: medium\"> 100 micras<\/span><\/p>\n<\/li>\n<li>\n<p align=\"justify\"><span style=\"font-size: medium\">1 paquete de fundas <\/span><span style=\"color: #000000\"><span style=\"font-size: medium\"> de pl\u00e1stico.<\/span><\/span><\/p>\n<\/li>\n<li>\n<p align=\"justify\"><span style=\"color: #000000\"><span style=\"font-size: medium\">Pasta de dientes.<\/span><\/span><\/p>\n<\/li>\n<li>\n<p align=\"justify\"><span style=\"font-size: medium\">3 paquetes de <\/span><span style=\"color: #000000\"><span style=\"font-size: medium\">Toallitas.<\/span><\/span><\/p>\n<\/li>\n<li>\n<p align=\"justify\"><span style=\"color: #000000\"><span style=\"font-size: medium\">Cepillo dental <\/span><\/span><\/p>\n<\/li>\n<li>\n<p align=\"justify\"><span style=\"font-size: medium\">1 ovillo de lana<\/span><\/p>\n<\/li>\n<li>\n<p align=\"justify\"><span style=\"font-size: medium\">1 funda de pl\u00e1stico con bot\u00f3n tama\u00f1o A4<\/span><\/p>\n<\/li>\n<\/ul>\n<\/li>\n<\/ul>\n<p class=\"western\" align=\"left\"><span style=\"color: #000000\"><span style=\"font-size: medium\"><b>NOTA:<\/b><\/span><\/span><\/p>\n<ul>\n<li>\n<p class=\"western\" align=\"left\"><span style=\"color: #000000\"><span style=\"font-size: medium\">Poner el nombre a todo el material.<\/span><\/span><\/p>\n<\/li>\n<li>\n<p class=\"western\" align=\"left\"><span style=\"color: #000000\"><span style=\"font-size: medium\">Se podr\u00e1 aprovechar el material del curso anterior que se encuentre en buen estado.<\/span><\/span><\/p>\n<\/li>\n<li>\n<p class=\"western\" align=\"left\"><span style=\"color: #000000\"><span style=\"font-size: medium\">El\/la tutor\/a informar\u00e1, en la primera reuni\u00f3n tutorial en septiembre, sobre la forma en la que se utilizar\u00e1 el material expuesto en el listado.<\/span><\/span><\/p>\n<\/li>\n<\/ul>\n<\/td>\n<\/tr>\n<\/tbody>\n<\/table>\n<p>&nbsp;<\/p>\n","protected":false},"excerpt":{"rendered":"<p>Nuestro centro cuenta con las siguientes unidades de Educaci\u00f3n Especial: Aula Espec\u00edfica &#8211; Aula n\u00ba 30 &#8211; Tutora: D\u00aa Luc\u00eda Hern\u00e1ndez Torres Aula TEA &#8211; Aula n\u00ba 37 &#8211; Tutora: D\u00aa Raquel Zamora Picadizo Pedagog\u00eda Terap\u00e9utica Apoyo a la Integraci\u00f3n: D\u00aa. Pilar Arnedo Villaescusa D. Juan Antonio Calvo Espinar&#46;&#46;&#46;<\/p>\n","protected":false},"author":2855,"featured_media":0,"parent":0,"menu_order":0,"comment_status":"open","ping_status":"open","template":"","meta":{"ngg_post_thumbnail":0,"footnotes":"","_mc_calendar":[]},"aioseo_notices":[],"_links":{"self":[{"href":"https:\/\/blogsaverroes.juntadeandalucia.es\/ceipmayorzaragoza\/wp-json\/wp\/v2\/pages\/2170"}],"collection":[{"href":"https:\/\/blogsaverroes.juntadeandalucia.es\/ceipmayorzaragoza\/wp-json\/wp\/v2\/pages"}],"about":[{"href":"https:\/\/blogsaverroes.juntadeandalucia.es\/ceipmayorzaragoza\/wp-json\/wp\/v2\/types\/page"}],"author":[{"embeddable":true,"href":"https:\/\/blogsaverroes.juntadeandalucia.es\/ceipmayorzaragoza\/wp-json\/wp\/v2\/users\/2855"}],"replies":[{"embeddable":true,"href":"https:\/\/blogsaverroes.juntadeandalucia.es\/ceipmayorzaragoza\/wp-json\/wp\/v2\/comments?post=2170"}],"version-history":[{"count":13,"href":"https:\/\/blogsaverroes.juntadeandalucia.es\/ceipmayorzaragoza\/wp-json\/wp\/v2\/pages\/2170\/revisions"}],"predecessor-version":[{"id":6569,"href":"https:\/\/blogsaverroes.juntadeandalucia.es\/ceipmayorzaragoza\/wp-json\/wp\/v2\/pages\/2170\/revisions\/6569"}],"wp:attachment":[{"href":"https:\/\/blogsaverroes.juntadeandalucia.es\/ceipmayorzaragoza\/wp-json\/wp\/v2\/media?parent=2170"}],"curies":[{"name":"wp","href":"https:\/\/api.w.org\/{rel}","templated":true}]}}