{"id":2918,"date":"2020-03-23T19:10:48","date_gmt":"2020-03-23T19:10:48","guid":{"rendered":"http:\/\/blogsaverroes.juntadeandalucia.es\/ceipmayorzaragoza\/?page_id=2918"},"modified":"2020-06-14T14:52:02","modified_gmt":"2020-06-14T14:52:02","slug":"aula-tea","status":"publish","type":"page","link":"https:\/\/blogsaverroes.juntadeandalucia.es\/ceipmayorzaragoza\/aula-tea\/","title":{"rendered":"Aula TEA"},"content":{"rendered":"<p><strong>ACTIVIDADES PARA LA SEMANA DEL 15 AL 19 DE JUNIO<\/strong><\/p>\n<p><a href=\"https:\/\/blogsaverroes.juntadeandalucia.es\/ceipmayorzaragoza\/files\/2020\/06\/TEA-busca-encuentra-y-cuenta.pdf\">TEA busca-encuentra-y-cuenta<\/a><\/p>\n<p><a href=\"https:\/\/blogsaverroes.juntadeandalucia.es\/ceipmayorzaragoza\/files\/2020\/06\/TEA-CANCIO\u0301N-UN-BARQUITO-CHIQUITITO.pdf\">TEA CANCIO\u0301N-UN-BARQUITO-CHIQUITITO<\/a><\/p>\n<p><a href=\"https:\/\/blogsaverroes.juntadeandalucia.es\/ceipmayorzaragoza\/files\/2020\/06\/TEA-dibujos-pintar-con-dedos.pdf\">TEA dibujos-pintar-con-dedos<\/a><\/p>\n<p><a href=\"https:\/\/blogsaverroes.juntadeandalucia.es\/ceipmayorzaragoza\/files\/2020\/06\/TEA-morfosintaxis-con-peppa-pig.pdf\">TEA morfosintaxis-con-peppa-pig<\/a><\/p>\n<p><a href=\"https:\/\/blogsaverroes.juntadeandalucia.es\/ceipmayorzaragoza\/files\/2020\/06\/TEA-Numero_1-5_Actividades_manipulativas.pdf\">TEA Numero_1-5_Actividades_manipulativas<\/a><\/p>\n<p><a href=\"https:\/\/blogsaverroes.juntadeandalucia.es\/ceipmayorzaragoza\/files\/2020\/06\/TEA-tarjetas-contrarios.pdf\">TEA tarjetas-contrarios<\/a><\/p>\n<p><a href=\"https:\/\/blogsaverroes.juntadeandalucia.es\/ceipmayorzaragoza\/files\/2020\/06\/TEA-Vocabulario_campos_semanticos_El_Verano_3-4_anyos.pdf\">TEA Vocabulario_campos_semanticos_El_Verano_3-4_anyos<\/a><\/p>\n<p><a href=\"https:\/\/www.youtube.com\/watch?v=W13Wl3FPHTU\">CANCI\u00d3N VAMOS A LA PLAYA<\/a><u><\/u>&nbsp;<u><\/u><\/p>\n<p><a href=\"https:\/\/www.youtube.com\/watch?v=ZTIfFeax--k\">CANCI\u00d3N VERANO Y SOL<\/a><\/p>\n<p><a href=\"https:\/\/www.youtube.com\/watch?v=sLBTxr9jryQ\">CANCI\u00d3N DEL VERANO<\/a><\/p>\n<p><a href=\"https:\/\/www.youtube.com\/watch?v=xVUnYmSztME\">VOCABULARIO SIGNADO DEL VERANO<\/a><\/p>\n<p><u><\/u><a href=\"https:\/\/www.youtube.com\/watch?v=9Mvb6hqSskY\">VOCABULARIO.INSTRUSO DEL VERANO<\/a><\/p>\n<p><u><\/u><a href=\"https:\/\/www.youtube.com\/watch?v=Y8hecfQacTY\">ADIVINANZAS DEL VERANO<\/a><\/p>\n<p><u><\/u><a href=\"https:\/\/youtu.be\/SHNikPiVfOI\">REPASO DEL ABECEDARIO<\/a><\/p>\n<p>&nbsp;<\/p>\n<p><strong>ACTIVIDADES PARA LA SEMANA DEL 8 AL 12 DE JUNIO<\/strong><\/p>\n<p><a href=\"https:\/\/blogsaverroes.juntadeandalucia.es\/ceipmayorzaragoza\/files\/2020\/06\/TEA_8-PRMVR-ARTICULOS-EL-LA-LOS-LAS.pdf\">TEA_ART\u00cdCULOS EL LA LOS LAS<\/a><\/p>\n<p><a href=\"https:\/\/blogsaverroes.juntadeandalucia.es\/ceipmayorzaragoza\/files\/2020\/06\/TEA_color-repaso-azul-rojo-amarillo.pdf\">TEA_color repaso azul rojo amarillo<\/a><\/p>\n<p><a href=\"https:\/\/blogsaverroes.juntadeandalucia.es\/ceipmayorzaragoza\/files\/2020\/06\/TEA_conteo-formas-geometricas.pdf\">TEA_conteo-formas-geom\u00e9tricas<\/a><\/p>\n<p><a href=\"https:\/\/blogsaverroes.juntadeandalucia.es\/ceipmayorzaragoza\/files\/2020\/06\/TEA_Cuaderno-3-Pintamos-con-los-dedos-por-Materiales-Educativos-para-Maestras.pdf\">TEA_Cuaderno 3 Pintamos con los dedos por Materiales Educativos para Maestras<\/a><\/p>\n<p><a href=\"https:\/\/blogsaverroes.juntadeandalucia.es\/ceipmayorzaragoza\/files\/2020\/06\/TEA_Cuaderno-de-lectoescritura.pdf\">TEA_Cuaderno de lectoescritura<\/a><\/p>\n<p><a href=\"https:\/\/blogsaverroes.juntadeandalucia.es\/ceipmayorzaragoza\/files\/2020\/06\/TEA_emparejar-dibujos-iguales.pdf\">TEA_emparejar-dibujos-iguales<\/a><\/p>\n<p><a href=\"https:\/\/blogsaverroes.juntadeandalucia.es\/ceipmayorzaragoza\/files\/2020\/06\/TEA_Funciones_ejecutivas_Crea_tu_propio_minicuento.pdf\">TEA_Funciones_ejecutivas_Crea_tu_propio_minicuento<\/a><\/p>\n<p><a href=\"https:\/\/blogsaverroes.juntadeandalucia.es\/ceipmayorzaragoza\/files\/2020\/06\/TEA_Ir_a_la_playa_chico.pdf\">TEA_Ir_a_la_playa_chico<\/a><\/p>\n<p><a href=\"https:\/\/blogsaverroes.juntadeandalucia.es\/ceipmayorzaragoza\/files\/2020\/06\/TEA_M-atencio\u0301n.pdf\">TEA_M atencio\u0301n<\/a><\/p>\n<p><a href=\"https:\/\/blogsaverroes.juntadeandalucia.es\/ceipmayorzaragoza\/files\/2020\/06\/TEA_numero-3.pdf\">TEA_numero 3<\/a><\/p>\n<p><a href=\"https:\/\/blogsaverroes.juntadeandalucia.es\/ceipmayorzaragoza\/files\/2020\/06\/TEA_Numero_6-10_Asociar_numero.cantidad-M.pdf\">TEA_Numero_6-10_Asociar_numero.cantidad M<\/a><\/p>\n<p><a href=\"https:\/\/blogsaverroes.juntadeandalucia.es\/ceipmayorzaragoza\/files\/2020\/06\/TEA_playmobil.pdf\">TEA_playmobil<\/a><\/p>\n<p><a href=\"https:\/\/blogsaverroes.juntadeandalucia.es\/ceipmayorzaragoza\/files\/2020\/06\/TEA_Primeros-pasos-Estrategias-para-padres.pdf\">TEA_Primeros-pasos-Estrategias-para-padres<\/a><\/p>\n<p><a href=\"https:\/\/blogsaverroes.juntadeandalucia.es\/ceipmayorzaragoza\/files\/2020\/06\/TEA_Vocabulario-A_la_playa.pdf\">TEA_Vocabulario A_la_playa<\/a><\/p>\n<p><a href=\"https:\/\/www.youtube.com\/watch?v=jQ43UtSjaNo&amp;feature=youtu.be\">TEA_La_letra_e<\/a><\/p>\n<p><a href=\"https:\/\/www.youtube.com\/watch?v=zGXbvJq3dcg&amp;feature=youtu.be\">TEA_La_letra_i<\/a><\/p>\n<p>&nbsp;<\/p>\n<p><strong>ACTIVIDADES PARA LA SEMANA DEL 1 AL 5 DE JUNIO<\/strong><\/p>\n<p><a href=\"https:\/\/blogsaverroes.juntadeandalucia.es\/ceipmayorzaragoza\/files\/2020\/05\/TEA_Tareas_Semana_1_5_junio_asociar-flor-a-su-color.pdf\">TEA_Tareas_Semana_1_5_junio_asociar flor a su color<\/a><\/p>\n<p><a href=\"https:\/\/blogsaverroes.juntadeandalucia.es\/ceipmayorzaragoza\/files\/2020\/05\/TEA_Tareas_Semana_1_5_junio_Cuaderno-2-Pintamos-con-los-dedos-por-Materiales-Educativos-para-Maestras.pdf\">TEA_Tareas_Semana_1_5_junio_Cuaderno 2 Pintamos con los dedos por Materiales Educativos para Maestras<\/a><\/p>\n<p><a href=\"https:\/\/blogsaverroes.juntadeandalucia.es\/ceipmayorzaragoza\/files\/2020\/05\/TEA_Tareas_Semana_1_5_junio_Grafomotricidad-Li\u0301neas-Verticales.pdf\">TEA_Tareas_Semana_1_5_junio_Grafomotricidad Li\u0301neas-Verticales<\/a><\/p>\n<p><a href=\"https:\/\/blogsaverroes.juntadeandalucia.es\/ceipmayorzaragoza\/files\/2020\/05\/TEA_Tareas_Semana_1_5_junio_Grafomotricidad-Zig-Zag-M.pdf\">TEA_Tareas_Semana_1_5_junio_Grafomotricidad-Zig-Zag M<\/a><\/p>\n<p><a href=\"https:\/\/blogsaverroes.juntadeandalucia.es\/ceipmayorzaragoza\/files\/2020\/05\/TEA_Tareas_Semana_1_5_junio_juego-logica-que-come-cada-animal-M.pdf\">TEA_Tareas_Semana_1_5_junio_juego-logica-que-come-cada-animal M<\/a><\/p>\n<p><a href=\"https:\/\/blogsaverroes.juntadeandalucia.es\/ceipmayorzaragoza\/files\/2020\/05\/TEA_Tareas_Semana_1_5_junio_numero-2.pdf\">TEA_Tareas_Semana_1_5_junio_numero 2<\/a><\/p>\n<p><a href=\"https:\/\/blogsaverroes.juntadeandalucia.es\/ceipmayorzaragoza\/files\/2020\/05\/TEA_Tareas_semana_1_5_junio_8-PRMVR-ARTICULOS-EL-LA-LOS-LAS.pdf\">TEA_Tareas_semana_1_5_junio_8 PRMVR &#8211; ARTICULOS EL LA LOS LAS<\/a><\/p>\n<p><a href=\"https:\/\/youtu.be\/eYePAG7MID8\">Canci\u00f3n con pictogramas: Primavera<\/a><\/p>\n<p><a href=\"https:\/\/www.youtube.com\/watch?time_continue=1&amp;v=iSxHhOKFT3A&amp;feature=emb_title\">Cuento con pictogramas: Una casa para el \u00ab0\u00bb<\/a><\/p>\n<p><a href=\"https:\/\/youtu.be\/ibJFHBTWBDA\">Videocuento: Respira<\/a><\/p>\n<p>&nbsp;<\/p>\n<p><strong>ACTIVIDADES PARA LA SEMANA DEL 25 AL 29 DE MAYO<\/strong><\/p>\n<p><a href=\"https:\/\/blogsaverroes.juntadeandalucia.es\/ceipmayorzaragoza\/files\/2020\/05\/TEA_Tareas_25_29_mayo_ACTIVI-CUENTO-BESOS-N.pdf\">TEA_ACTIVIDAD CUENTO BESOS N<\/a><\/p>\n<p><a href=\"https:\/\/youtu.be\/79uVA-PlfsA\">TEA_Cuento_De_qu\u00e9_color_son_los_besos<\/a><\/p>\n<p><a href=\"https:\/\/blogsaverroes.juntadeandalucia.es\/ceipmayorzaragoza\/files\/2020\/05\/TEA_Tareas_25_29_mayo_Cuaderno-1-Pintamos-con-los-dedos-por-Materiales-Educativos-para-Maestras.pdf\">TEA_Cuaderno 1 Pintamos con los dedos por Materiales Educativos para Maestras<\/a><\/p>\n<p><a href=\"https:\/\/blogsaverroes.juntadeandalucia.es\/ceipmayorzaragoza\/files\/2020\/05\/TEA_Tareas_25_29_mayo_Fichas_de_destrezas_basicas_Primavera.pdf\">TEA_Fichas_de_destrezas_basicas_Primavera<\/a><\/p>\n<p><a href=\"https:\/\/blogsaverroes.juntadeandalucia.es\/ceipmayorzaragoza\/files\/2020\/05\/TEA_Tareas_25_29_mayo_LIBRO-EMOCIONES.pdf\">TEA_<\/a><a href=\"https:\/\/blogsaverroes.juntadeandalucia.es\/ceipmayorzaragoza\/files\/2020\/05\/TEA_Tareas_25_29_mayo_LIBRO-EMOCIONES.pdf\">LIBRO EMOCIONES<\/a><\/p>\n<p><a href=\"https:\/\/blogsaverroes.juntadeandalucia.es\/ceipmayorzaragoza\/files\/2020\/05\/TEA_Tareas_25_29_mayo_Material_TEACCH_Asociacion_Numero-grafia-cantidad_1_al_20-1.pdf\">TEA_Material_TEACCH_Asociacion_Numero-grafia-cantidad_1_al_20<\/a><\/p>\n<p><a href=\"https:\/\/blogsaverroes.juntadeandalucia.es\/ceipmayorzaragoza\/files\/2020\/05\/TEA_Tareas_25_29_mayo_numero-1.pdf\">TEA_N\u00famero 1<\/a><\/p>\n<p><a href=\"https:\/\/blogsaverroes.juntadeandalucia.es\/ceipmayorzaragoza\/files\/2020\/05\/TEA_Tareas_25_29_mayo_panel-control-comportamiento-semanal-1.pdf\">TEA_Panel-control-comportamiento-semanal<\/a><\/p>\n<p>&nbsp;<\/p>\n<p><strong>ACTIVIDADES PARA LA SEMANA DEL 18 AL 22 DE MAYO<\/strong><\/p>\n<p><a href=\"https:\/\/blogsaverroes.juntadeandalucia.es\/ceipmayorzaragoza\/files\/2020\/05\/TEA_Como_Crear_Tu_Propia_Caja_Teacch.pdf\">TEA_Como_Crear_Tu_Propia_Caja_Teacch<\/a><\/p>\n<p><a href=\"https:\/\/blogsaverroes.juntadeandalucia.es\/ceipmayorzaragoza\/files\/2020\/05\/TEA_Cuaderno_Asi\u0301_Soy_Yo.pdf\">TEA_Cuaderno_Asi\u0301_Soy_Yo<\/a><\/p>\n<p><a href=\"https:\/\/blogsaverroes.juntadeandalucia.es\/ceipmayorzaragoza\/files\/2020\/05\/TEA_Fichas_grafomotricidad.pdf\">TEA_Fichas_grafomotricidad<\/a><\/p>\n<p><a href=\"https:\/\/blogsaverroes.juntadeandalucia.es\/ceipmayorzaragoza\/files\/2020\/05\/TEA_Fichas_nemo.pdf\">TEA_Fichas_nemo<\/a><\/p>\n<p><a href=\"https:\/\/blogsaverroes.juntadeandalucia.es\/ceipmayorzaragoza\/files\/2020\/05\/TEA_fichas-orientacion-espacial-infantil.pdf\">TEA_fichas-orientacion-espacial-infantil<\/a><\/p>\n<p><a href=\"https:\/\/blogsaverroes.juntadeandalucia.es\/ceipmayorzaragoza\/files\/2020\/05\/TEA_Plastilina-casera.pdf\">TEA_Plastilina casera<\/a><\/p>\n<p><a href=\"https:\/\/youtu.be\/iNnORR4uucw\">TEA_V\u00eddeo_Pajarita de papel<\/a><\/p>\n<p><a href=\"https:\/\/youtu.be\/h5Oedc3O3BA\">TEA_V\u00eddeo_La letra A<\/a><\/p>\n<p>&nbsp;<\/p>\n<p><strong>ACTIVIDADES PARA LA SEMANA DEL 11 AL 15 DE MAYO<\/strong><\/p>\n<p><a href=\"https:\/\/blogsaverroes.juntadeandalucia.es\/ceipmayorzaragoza\/files\/2020\/05\/TEA_ACTIVIDADES-PARA-CASA-2-3-AN\u0303OS-1.pdf\">TEA_ACTIVIDADES PARA CASA 2-3 AN\u0303OS<\/a><\/p>\n<p><a href=\"https:\/\/blogsaverroes.juntadeandalucia.es\/ceipmayorzaragoza\/files\/2020\/05\/TEA_Cuaderno-de-Actividades.-La-oruga-glotona.pdf\">TEA_Cuaderno de Actividades. La oruga glotona<\/a><\/p>\n<p><a href=\"https:\/\/blogsaverroes.juntadeandalucia.es\/ceipmayorzaragoza\/files\/2020\/05\/TEA_gomets2-vocales.pdf\">TEA_gomets2 vocales<\/a><\/p>\n<p><a href=\"https:\/\/blogsaverroes.juntadeandalucia.es\/ceipmayorzaragoza\/files\/2020\/05\/TEA_Receta-Galletas-de-chocolate-M.pdf\">TEA_Receta Galletas de chocolate M<\/a><\/p>\n<p><a href=\"https:\/\/youtu.be\/IMe08CvPBpE\">TEA_Cuento: Viol\u00edn<\/a><\/p>\n<p><a href=\"https:\/\/blogsaverroes.juntadeandalucia.es\/ceipmayorzaragoza\/files\/2020\/05\/Religio\u0301n_Ficha_colorear.pdf\">Religio\u0301n_Ficha_para colorear<\/a><\/p>\n<p>&nbsp;<\/p>\n<p><strong>ACTIVIDADES PARA LA SEMANA DEL 5 AL 8 DE MAYO<\/strong><\/p>\n<p><a href=\"https:\/\/blogsaverroes.juntadeandalucia.es\/ceipmayorzaragoza\/files\/2020\/05\/TEA_FICHAS-VOCALES-SI-M.pdf\">TEA_FICHAS VOCALES SI M<\/a><\/p>\n<p><a href=\"https:\/\/blogsaverroes.juntadeandalucia.es\/ceipmayorzaragoza\/files\/2020\/05\/TEA_fichas-orientacion-espacial-infantil-SI-M.pdf\">TEA_fichas-orientacion-espacial-infantil SI M<\/a><\/p>\n<p><a href=\"https:\/\/blogsaverroes.juntadeandalucia.es\/ceipmayorzaragoza\/files\/2020\/05\/TEA_Las_vocales_Conciencia_fonologica_y_vocabulario-SI.pdf\">TEA_Las_vocales_Conciencia_fonologica_y_vocabulario SI<\/a><\/p>\n<p><a href=\"https:\/\/blogsaverroes.juntadeandalucia.es\/ceipmayorzaragoza\/files\/2020\/05\/TEA_SI-M-Material_TEACCH_Asociacion_Numero-grafia_1_al_20-1.pdf\">TEA_SI M Material_TEACCH_Asociacion_Numero-grafia_1_al_20<\/a><\/p>\n<p><a href=\"https:\/\/blogsaverroes.juntadeandalucia.es\/ceipmayorzaragoza\/files\/2020\/05\/TEA_SI-MNumero_1-5_Asociar_numero-cantidad-1.pdf\">TEA_SI M Numero_1-5_Asociar_numero-cantidad<\/a><\/p>\n<p><a href=\"https:\/\/blogsaverroes.juntadeandalucia.es\/ceipmayorzaragoza\/files\/2020\/05\/TEA_SI-ROMPECABEZAS.pdf\">TEA_SI ROMPECABEZAS<\/a><\/p>\n<p><a href=\"https:\/\/blogsaverroes.juntadeandalucia.es\/ceipmayorzaragoza\/files\/2020\/05\/TEA_Vamos_a_comer.pdf\">TEA_Vamos_a_comer<\/a><\/p>\n<p><a href=\"https:\/\/youtu.be\/CjaUwMzAUPc\">TEA_Cuento: Lim\u00f3n<\/a><\/p>\n<p><a href=\"https:\/\/youtu.be\/IdHgAbHJ_gs\">TEA_Cuento: Las frutas<\/a><\/p>\n<p>&nbsp;<\/p>\n<p><strong>ACTIVIDADES PARA LA SEMANA DEL 27 AL 30 DE ABRIL<\/strong><\/p>\n<p><a href=\"https:\/\/blogsaverroes.juntadeandalucia.es\/ceipmayorzaragoza\/files\/2020\/04\/TEA_agenda-1.pdf\">TEA_agenda 1<\/a><\/p>\n<p><a href=\"https:\/\/blogsaverroes.juntadeandalucia.es\/ceipmayorzaragoza\/files\/2020\/04\/TEA_CLASIFICACIO\u0301N-COLOR-PRIMAVERA.pdf\">TEA_CLASIFICACIO\u0301N COLOR PRIMAVERA<\/a><\/p>\n<p><a href=\"https:\/\/blogsaverroes.juntadeandalucia.es\/ceipmayorzaragoza\/files\/2020\/04\/TEA_COMPLETA-LA-FIGURA.pdf\">TEA_COMPLETA LA FIGURA<\/a><\/p>\n<p><a href=\"https:\/\/blogsaverroes.juntadeandalucia.es\/ceipmayorzaragoza\/files\/2020\/04\/TEA_COMPLETA-LAS-FIGURAS-M.pdf\">TEA_COMPLETA LAS FIGURAS M<\/a><\/p>\n<p><a href=\"https:\/\/blogsaverroes.juntadeandalucia.es\/ceipmayorzaragoza\/files\/2020\/04\/TEA_Explicacio\u0301n-ya-puedo-salir-a-la-calle.pdf\">TEA_Explicacio\u0301n ya puedo salir a la calle<\/a><\/p>\n<p><a href=\"https:\/\/blogsaverroes.juntadeandalucia.es\/ceipmayorzaragoza\/files\/2020\/04\/TEA_FICHAS-TRABAJO-CONTRARIOS.pdf\">TEA_FICHAS TRABAJO CONTRARIOS<\/a><\/p>\n<p><a href=\"https:\/\/blogsaverroes.juntadeandalucia.es\/ceipmayorzaragoza\/files\/2020\/04\/TEA_FICHAS-TRABAJO-FRUTAS.pdf\">TEA_FICHAS TRABAJO FRUTAS<\/a><\/p>\n<p><a href=\"https:\/\/blogsaverroes.juntadeandalucia.es\/ceipmayorzaragoza\/files\/2020\/04\/TEA_PICTOS-CALENDARIO.pdf\">TEA_PICTOS CALENDARIO<\/a><\/p>\n<p><a href=\"https:\/\/blogsaverroes.juntadeandalucia.es\/ceipmayorzaragoza\/files\/2020\/04\/TEA_PICTOS-para-las-familias.pdf\">TEA_PICTOS para las familias<\/a><\/p>\n<p><a href=\"https:\/\/blogsaverroes.juntadeandalucia.es\/ceipmayorzaragoza\/files\/2020\/04\/TEA_tarjetas-actividades-comportamientos.pdf\">TEA_tarjetas-actividades-comportamientos<\/a><\/p>\n<p><a href=\"https:\/\/blogsaverroes.juntadeandalucia.es\/ceipmayorzaragoza\/files\/2020\/04\/TEA_tarjetas-comportamientos.pdf\">TEA_tarjetas-comportamientos<\/a><\/p>\n<p><a href=\"https:\/\/blogsaverroes.juntadeandalucia.es\/ceipmayorzaragoza\/files\/2020\/04\/TEA_tarjetas-conteo-primavera-M.pdf\">TEA_tarjetas-conteo-primavera M<\/a><\/p>\n<p><a href=\"https:\/\/blogsaverroes.juntadeandalucia.es\/ceipmayorzaragoza\/files\/2020\/04\/TEA_tarjetas-pictogramas-actividades-diarias-1.pdf\">TEA_tarjetas-pictogramas-actividades-diarias-1<\/a><\/p>\n<p><a href=\"https:\/\/youtu.be\/LU6AF8TRsdo\">TEA_Cuento: Miau, miau<\/a><\/p>\n<p><a href=\"https:\/\/youtu.be\/b52QNeSsrbY\">TEA_Cuento: Los animales<\/a><\/p>\n<p>&nbsp;<\/p>\n<p><strong>ACTIVIDADES PARA LA SEMANA DEL 20 AL 24 DE ABRIL<\/strong><\/p>\n<p><a href=\"https:\/\/blogsaverroes.juntadeandalucia.es\/ceipmayorzaragoza\/files\/2020\/04\/TEA_Cuento_LUNA.pdf\">TEA_Cuento_LUNA<\/a><\/p>\n<p><a href=\"https:\/\/youtu.be\/mPrmsSYV7lQ\">TEA_Cuento_Luna_V\u00eddeo<\/a><\/p>\n<p><a href=\"https:\/\/blogsaverroes.juntadeandalucia.es\/ceipmayorzaragoza\/files\/2020\/04\/TEA_Cuento_ZAPATO.pdf\">TEA_Cuento_ZAPATOS<\/a><\/p>\n<p><a href=\"https:\/\/youtu.be\/7lPKGd1lDew\">TEA_Cuento_Zapatos_V\u00eddeo<\/a><\/p>\n<p>&nbsp;<\/p>\n<p><strong>ACTIVIDADES PARA LA SEMANA DEL 14 AL 17 DE ABRIL<\/strong><\/p>\n<p><a href=\"https:\/\/blogsaverroes.juntadeandalucia.es\/ceipmayorzaragoza\/files\/2020\/04\/TEA_Programacio\u0301n_14_17_abril.doc\">TEA_Programacio\u0301n_14_17_abril<\/a><\/p>\n<p><a href=\"https:\/\/blogsaverroes.juntadeandalucia.es\/ceipmayorzaragoza\/files\/2020\/04\/TEA_Diario_de_una_cuarentena_adaptado.pdf\">TEA_Diario_de_una_cuarentena_adaptado<\/a><\/p>\n<p><a href=\"https:\/\/blogsaverroes.juntadeandalucia.es\/ceipmayorzaragoza\/files\/2020\/04\/TEA_Aprendemos_a_poner_la_mesa.pdf\">TEA_Aprendemos_a_poner_la_mesa<\/a><\/p>\n<p><a href=\"https:\/\/blogsaverroes.juntadeandalucia.es\/ceipmayorzaragoza\/files\/2020\/04\/TEA_Cuaderno_actividades_para_estimular_el_lenguaje_Red_Cenit.pdf\">TEA_Cuaderno_actividades_para_estimular_el_lenguaje_Red_Cenit<\/a><\/p>\n<p><a href=\"https:\/\/blogsaverroes.juntadeandalucia.es\/ceipmayorzaragoza\/files\/2020\/04\/TEA_Cuaderno_de_Atencio\u0301n_y_Trazos_para_Preescolar_por_Mundo_de_Rukkia_G_Y_J.pdf\">TEA_Cuaderno_de_Atencio\u0301n_y_Trazos_para_Preescolar_por_Mundo_de_Rukkia_G_Y_J<\/a><\/p>\n<p><a href=\"https:\/\/blogsaverroes.juntadeandalucia.es\/ceipmayorzaragoza\/files\/2020\/04\/TEA_El_libro_de_la_primavera_para_completar.pdf\">TEA_El_libro_de_la_primavera_para_completar<\/a><\/p>\n<p><a href=\"https:\/\/blogsaverroes.juntadeandalucia.es\/ceipmayorzaragoza\/files\/2020\/04\/TEA_G_Y_J.pdf\">TEA_G_Y_J<\/a><\/p>\n<p><a href=\"https:\/\/blogsaverroes.juntadeandalucia.es\/ceipmayorzaragoza\/files\/2020\/04\/TEA_Globo.pdf\">TEA_Globo<\/a><\/p>\n<p><a href=\"https:\/\/blogsaverroes.juntadeandalucia.es\/ceipmayorzaragoza\/files\/2020\/04\/TEA_Juego_en_familia_Atencion_y_Memoria_educacion_3_an\u0303os.pdf\">TEA_Juego_en_familia_Atencion_y_Memoria_educacion_3_an\u0303os<\/a><\/p>\n<p><a href=\"https:\/\/blogsaverroes.juntadeandalucia.es\/ceipmayorzaragoza\/files\/2020\/04\/TEA_Lectoescritura_L_Mayu\u0301scula.pdf\">TEA_Lectoescritura_L_Mayu\u0301scula<\/a><\/p>\n<p><a href=\"https:\/\/blogsaverroes.juntadeandalucia.es\/ceipmayorzaragoza\/files\/2020\/04\/TEA_Los_Colores.pdf\">TEA_Los_Colores<\/a><\/p>\n<p><a href=\"https:\/\/blogsaverroes.juntadeandalucia.es\/ceipmayorzaragoza\/files\/2020\/04\/TEA_Los_tres_osos.pdf\">TEA_Los_tres_osos<\/a><\/p>\n<p><a href=\"https:\/\/blogsaverroes.juntadeandalucia.es\/ceipmayorzaragoza\/files\/2020\/04\/TEA_Receta_Zumo_naranja.pdf\">TEA_Receta_Zumo_naranja<\/a><\/p>\n<p><a href=\"https:\/\/blogsaverroes.juntadeandalucia.es\/ceipmayorzaragoza\/files\/2020\/04\/TEA_Tareas_de_casa-M.pdf\">TEA_Tareas_de_casa M<\/a><\/p>\n<p><a href=\"https:\/\/blogsaverroes.juntadeandalucia.es\/ceipmayorzaragoza\/files\/2020\/04\/TEA_Vamos_a_poner_la_mesa.pdf\">TEA_Vamos_a_poner_la_mesa<\/a><\/p>\n<p>&nbsp;<\/p>\n<p><strong>ACTIVIDADES PARA LA SEMANA DEL 30 DE MARZO AL 3 DE ABRIL<\/strong><\/p>\n<p><a href=\"https:\/\/blogsaverroes.juntadeandalucia.es\/ceipmayorzaragoza\/files\/2020\/03\/TEA-Teoria-de-la-Mente-INFERENCIAS-PRAGMAi\u0300TICAS-Sentimientos-y-Emociones.pdf\">TEA-Teoria-de-la-Mente-INFERENCIAS-PRAGMAi\u0300TICAS-Sentimientos-y-Emociones<\/a><\/p>\n<p>&nbsp;<\/p>\n<p><strong>ACTIVIDADES PARA LA SEMANA DEL 23 AL 27 DE MARZO<\/strong><\/p>\n<p><a href=\"https:\/\/blogsaverroes.juntadeandalucia.es\/ceipmayorzaragoza\/files\/2015\/03\/PLANTILLA-DE-TRABAJO.pdf\">PLANTILLA DE TRABAJO<\/a><\/p>\n<p><a href=\"https:\/\/blogsaverroes.juntadeandalucia.es\/ceipmayorzaragoza\/files\/2015\/03\/Coronavirus_Explicacio\u0301n_y_calendario_Cuarentena.pdf\">Coronavirus_Explicacio\u0301n_y_calendario_Cuarentena<\/a><\/p>\n<p><a href=\"https:\/\/blogsaverroes.juntadeandalucia.es\/ceipmayorzaragoza\/files\/2015\/03\/IDEAS-SENSORIALES-PARA-PEQUES.pdf\">IDEAS SENSORIALES PARA PEQUES<\/a><\/p>\n<p><a href=\"https:\/\/blogsaverroes.juntadeandalucia.es\/ceipmayorzaragoza\/files\/2020\/03\/TEA-Ideas-Sensoriales.pdf\">TEA Ideas Sensoriales<\/a><\/p>\n<p><a href=\"https:\/\/blogsaverroes.juntadeandalucia.es\/ceipmayorzaragoza\/files\/2020\/03\/TEA-WEBS-DE-INTERE\u0301S-PT-Y-AL.pdf\">WEBS DE INTERE\u0301S PT Y AL<\/a><\/p>\n<p>&nbsp;<\/p>\n<p><strong>ACTIVIDADES PARA LA SEMANA DEL 16 AL 20 DE MARZO<\/strong><\/p>\n<p><a href=\"https:\/\/blogsaverroes.juntadeandalucia.es\/ceipmayorzaragoza\/files\/2015\/05\/TAREAS-PARA-CASA-AULA-TEA.pdf\">TAREAS PARA CASA AULA TEA<\/a><\/p>\n<p><a href=\"https:\/\/blogsaverroes.juntadeandalucia.es\/ceipmayorzaragoza\/files\/2015\/03\/Cuadernillo-de-Preescritura-Nu\u0301meros-por-Materiales-Educativos-Maestras.pdf\">Cuadernillo de Preescritura Nu\u0301meros por Materiales Educativos Maestras<\/a><\/p>\n<p><a href=\"https:\/\/blogsaverroes.juntadeandalucia.es\/ceipmayorzaragoza\/files\/2015\/03\/FICHA-ARCO-IRIS-TODO-VA-A-IR-BIEN-CON-PICTOGRAMAS.-enlaescuelacabentodos.pdf\">FICHA ARCO IRIS TODO VA A IR BIEN CON PICTOGRAMAS. enlaescuelacabentodos<\/a><\/p>\n<p><a href=\"https:\/\/blogsaverroes.juntadeandalucia.es\/ceipmayorzaragoza\/files\/2015\/03\/actividades-con-gomets.pdf\">actividades-con-gomets<\/a><\/p>\n<p><a href=\"https:\/\/blogsaverroes.juntadeandalucia.es\/ceipmayorzaragoza\/files\/2015\/03\/Formar-parejas-1.pdf\">Formar parejas 1<\/a><\/p>\n<p><a href=\"https:\/\/blogsaverroes.juntadeandalucia.es\/ceipmayorzaragoza\/files\/2015\/03\/Formar-parejas-2.pdf\">Formar parejas 2<\/a><\/p>\n<p><a href=\"https:\/\/blogsaverroes.juntadeandalucia.es\/ceipmayorzaragoza\/files\/2015\/03\/Todo-va-a-ir-bien.pdf\">Todo va a ir bien<\/a><\/p>\n<p><a href=\"https:\/\/youtu.be\/0_92_izDDF8\">T\u00ecteres en la cuarentena: Di\u00e1logo Blancanieves y Caperucita<\/a><\/p>\n","protected":false},"excerpt":{"rendered":"<p>ACTIVIDADES PARA LA SEMANA DEL 15 AL 19 DE JUNIO TEA busca-encuentra-y-cuenta TEA CANCIO\u0301N-UN-BARQUITO-CHIQUITITO TEA dibujos-pintar-con-dedos TEA morfosintaxis-con-peppa-pig TEA Numero_1-5_Actividades_manipulativas TEA tarjetas-contrarios TEA Vocabulario_campos_semanticos_El_Verano_3-4_anyos CANCI\u00d3N VAMOS A LA PLAYA&nbsp; CANCI\u00d3N VERANO Y SOL CANCI\u00d3N DEL VERANO VOCABULARIO SIGNADO DEL VERANO VOCABULARIO.INSTRUSO DEL VERANO ADIVINANZAS DEL VERANO REPASO DEL ABECEDARIO&#46;&#46;&#46;<\/p>\n","protected":false},"author":2855,"featured_media":0,"parent":0,"menu_order":0,"comment_status":"closed","ping_status":"closed","template":"","meta":{"ngg_post_thumbnail":0,"footnotes":"","_mc_calendar":[]},"aioseo_notices":[],"_links":{"self":[{"href":"https:\/\/blogsaverroes.juntadeandalucia.es\/ceipmayorzaragoza\/wp-json\/wp\/v2\/pages\/2918"}],"collection":[{"href":"https:\/\/blogsaverroes.juntadeandalucia.es\/ceipmayorzaragoza\/wp-json\/wp\/v2\/pages"}],"about":[{"href":"https:\/\/blogsaverroes.juntadeandalucia.es\/ceipmayorzaragoza\/wp-json\/wp\/v2\/types\/page"}],"author":[{"embeddable":true,"href":"https:\/\/blogsaverroes.juntadeandalucia.es\/ceipmayorzaragoza\/wp-json\/wp\/v2\/users\/2855"}],"replies":[{"embeddable":true,"href":"https:\/\/blogsaverroes.juntadeandalucia.es\/ceipmayorzaragoza\/wp-json\/wp\/v2\/comments?post=2918"}],"version-history":[{"count":34,"href":"https:\/\/blogsaverroes.juntadeandalucia.es\/ceipmayorzaragoza\/wp-json\/wp\/v2\/pages\/2918\/revisions"}],"predecessor-version":[{"id":5808,"href":"https:\/\/blogsaverroes.juntadeandalucia.es\/ceipmayorzaragoza\/wp-json\/wp\/v2\/pages\/2918\/revisions\/5808"}],"wp:attachment":[{"href":"https:\/\/blogsaverroes.juntadeandalucia.es\/ceipmayorzaragoza\/wp-json\/wp\/v2\/media?parent=2918"}],"curies":[{"name":"wp","href":"https:\/\/api.w.org\/{rel}","templated":true}]}}