{"id":2922,"date":"2020-03-23T19:11:17","date_gmt":"2020-03-23T19:11:17","guid":{"rendered":"http:\/\/blogsaverroes.juntadeandalucia.es\/ceipmayorzaragoza\/?page_id=2922"},"modified":"2020-05-31T17:52:43","modified_gmt":"2020-05-31T17:52:43","slug":"a-y-l","status":"publish","type":"page","link":"https:\/\/blogsaverroes.juntadeandalucia.es\/ceipmayorzaragoza\/a-y-l\/","title":{"rendered":"A y L"},"content":{"rendered":"<p><strong>ACTIVIDADES PARA EL MES DE JUNIO<\/strong><\/p>\n<table style=\"width: 749px\">\n<tbody>\n<tr style=\"height: 40px\">\n<td style=\"width: 115px;height: 40px;text-align: left\">GRUPO 1<\/td>\n<td style=\"width: 591px;height: 40px;text-align: left\"><a href=\"https:\/\/blogsaverroes.juntadeandalucia.es\/ceipmayorzaragoza\/files\/2020\/05\/AL_Grupo_1_Tareas_junio_INSTRUCCIONES.pdf\">AL_Grupo_1_Tareas_junio_INSTRUCCIONES<\/a><\/p>\n<p><a href=\"https:\/\/blogsaverroes.juntadeandalucia.es\/ceipmayorzaragoza\/files\/2020\/05\/AL_Grupo_1_Tareas_junio_ATENCIO\u0301N-SOMBRAS.pdf\">AL_Grupo_1_Tareas_junio_ATENCIO\u0301N SOMBRAS<\/a><\/p>\n<p><a href=\"https:\/\/www.youtube.com\/watch?v=eSWwEdjo52Y\">AL_Grupo_1_Tareas_junio_contar silabas<\/a><\/p>\n<p><a href=\"https:\/\/blogsaverroes.juntadeandalucia.es\/ceipmayorzaragoza\/files\/2020\/05\/AL_Grupo_1_Tareas_junio_Esquemas-para-armar-NIN\u0303O-y-NIN\u0303A.pdf\">AL_Grupo_1_Tareas_junio_Esquemas para armar NIN\u0303O y NIN\u0303A<\/a><\/p>\n<p><a href=\"https:\/\/www.youtube.com\/watch?v=n05jENW_-Ws\">AL_Grupo_1_Tareas_junio_Jose\u0301 est\u00e1 contento<\/a><\/p>\n<p><a href=\"https:\/\/www.youtube.com\/watch?v=5ZfOgjfedKA\">AL_Grupo_1_Tareas_junio_Jos\u00e9 est\u00e1 triste<\/a><\/p>\n<p><a href=\"https:\/\/www.youtube.com\/watch?v=hUmcjGvWaGc\">AL_Grupo_1_Tareas_junio_Las vocales para nin\u0303os &#8211; Aprender las vocales &#8211; a e i o u<\/a><\/td>\n<\/tr>\n<tr style=\"height: 43px\">\n<td style=\"width: 115px;height: 43px;text-align: left\">GRUPO 2<\/td>\n<td style=\"width: 591px;height: 43px;text-align: left\"><a href=\"https:\/\/blogsaverroes.juntadeandalucia.es\/ceipmayorzaragoza\/files\/2020\/05\/AL_Grupo_2_Tareas_junio_INSTRUCCIONES.pdf\">AL_Grupo_2_Tareas_junio_INSTRUCCIONES<\/a><\/p>\n<p><a href=\"https:\/\/blogsaverroes.juntadeandalucia.es\/ceipmayorzaragoza\/files\/2020\/05\/AL_Grupo_2_Tareas_junio_ANALOGI\u0301AS.pdf\">AL_Grupo_2_Tareas_junio_ANALOGI\u0301AS<\/a><\/p>\n<p><a href=\"https:\/\/www.youtube.com\/watch?v=Dr92P3eXvAM\">AL_Grupo_2_Tareas_junio_el pez arcoiris videocuento<\/a><\/td>\n<\/tr>\n<tr style=\"height: 54px\">\n<td style=\"width: 115px;height: 54px\">\n<p style=\"text-align: left\">GRUPO 3<\/p>\n<\/td>\n<td style=\"width: 591px;height: 54px;text-align: left\"><a href=\"https:\/\/blogsaverroes.juntadeandalucia.es\/ceipmayorzaragoza\/files\/2020\/05\/AL_Grupo_3_Tareas_junio_INSTRUCIONES.pdf\">AL_Grupo_3_Tareas_junio_INSTRUCIONES<\/a><\/p>\n<p><a href=\"https:\/\/blogsaverroes.juntadeandalucia.es\/ceipmayorzaragoza\/files\/2020\/05\/AL_Grupo_3_Tareas_junio_colorear-silabas.pdf\">AL_Grupo_3_Tareas_junio_colorear-silabas<\/a><\/p>\n<p><a href=\"https:\/\/blogsaverroes.juntadeandalucia.es\/ceipmayorzaragoza\/files\/2020\/05\/AL_Grupo_3_Tareas_junio_INTRODUCCION-Fonema-D-Monfort-PDF-grande.pdf\">AL_Grupo_3_Tareas_junio_INTRODUCCION Fonema D Monfort PDF grande<\/a><\/p>\n<p><a href=\"https:\/\/blogsaverroes.juntadeandalucia.es\/ceipmayorzaragoza\/files\/2020\/05\/AL_Grupo_3_Tareas_junio_INTRODUCCIO\u0301N-Fonema-G-Monfort-PDF-grande.pdf\">AL_Grupo_3_Tareas_junio_INTRODUCCIO\u0301N Fonema G Monfort PDF grande<\/a><\/p>\n<p><a href=\"https:\/\/blogsaverroes.juntadeandalucia.es\/ceipmayorzaragoza\/files\/2020\/05\/AL_Grupo_3_Tareas_junio_INTRODUCCION-Fonema-K-Monfort-PDF-grande.pdf\">AL_Grupo_3_Tareas_junio_INTRODUCCION Fonema K Monfort PDF grande<\/a><\/p>\n<p><a href=\"https:\/\/blogsaverroes.juntadeandalucia.es\/ceipmayorzaragoza\/files\/2020\/05\/AL_Grupo_3_Tareas_junio_INTRODUCCIO\u0301N-Fonema-RR-Monfort-PDF-grande.pdf\">AL_Grupo_3_Tareas_junio_INTRODUCCIO\u0301N Fonema RR Monfort PDF grande<\/a><\/p>\n<p><a href=\"https:\/\/blogsaverroes.juntadeandalucia.es\/ceipmayorzaragoza\/files\/2020\/05\/AL_Grupo_3_Tareas_junio_INTRODUCCION-Fonema-S-Monfort-PDF-grande.pdf\">AL_Grupo_3_Tareas_junio_INTRODUCCION Fonema S Monfort PDF grande<\/a><\/p>\n<p><a href=\"https:\/\/blogsaverroes.juntadeandalucia.es\/ceipmayorzaragoza\/files\/2020\/05\/AL_Grupo_3_Tareas_junio_INTRODUCCION-Fonema-T-Monfort-PDF-grande.pdf\">AL_Grupo_3_Tareas_junio_INTRODUCCION Fonema T Monfort PDF grande<\/a><\/p>\n<p><a href=\"https:\/\/www.youtube.com\/watch?v=wb216z5fBYc\">AL_Grupo_3_Tareas_junio_Aprende la letra &#8216;G&#8217; con el gorila Galileo &#8211; El abecedario<\/a><\/p>\n<p><a href=\"https:\/\/www.youtube.com\/watch?v=9QKAxSYi34M\">AL_Grupo_3_Tareas_junio_Aprender a leer con Grin letra S, sus si\u0301labas SA SE SI SO SU lectoescritura infantil<\/a><\/p>\n<p><a href=\"https:\/\/www.youtube.com\/watch?v=zJti6OisJqw\">AL_Grupo_3_Tareas_junio_Aprender a leer infantil sonido y si\u0301labas de la letra T TA TE TI TO TU cartilla interactiva<\/a><\/p>\n<p><a href=\"https:\/\/www.youtube.com\/watch?v=kTnciSCYaBM\">AL_Grupo_3_Tareas_junio_cuento planeta de los mimos<\/a><\/p>\n<p><a href=\"https:\/\/www.youtube.com\/watch?v=7RonNmMPLP4\">AL_Grupo_3_Tareas_junio_La Letra R Capitulo especial &#8211; El Mono Silabo<\/a><\/p>\n<p><a href=\"https:\/\/www.youtube.com\/watch?v=ibJFHBTWBDA&amp;t=10s\">AL_Grupo_3_Tareas_junio_Respira &#8211; videocuento<\/a><\/p>\n<p><a href=\"https:\/\/www.youtube.com\/watch?v=xxitaGjPJag\">AL_Grupo_3_Tareas_junio_Si\u0301labas sa se si so su &#8211; El Mono Si\u0301labo<\/a><\/td>\n<\/tr>\n<tr style=\"height: 24px\">\n<td style=\"width: 115px;height: 24px;text-align: left\">GRUPO 4<\/td>\n<td style=\"width: 591px;height: 24px;text-align: left\"><a href=\"https:\/\/blogsaverroes.juntadeandalucia.es\/ceipmayorzaragoza\/files\/2020\/05\/AL_Grupo_4_Tareas_junio_INSTRUCCIONES.pdf\">AL_Grupo_4_Tareas_junio_INSTRUCCIONES<\/a><\/p>\n<p><a href=\"https:\/\/blogsaverroes.juntadeandalucia.es\/ceipmayorzaragoza\/files\/2020\/05\/AL_Grupo_4_Tareas_junio_Discriminacio\u0301n-auditiva.pdf\">AL_Grupo_4_Tareas_junio_Discriminacio\u0301n auditiva<\/a><\/td>\n<\/tr>\n<\/tbody>\n<\/table>\n<p>&nbsp;<\/p>\n<p><strong>ACTIVIDADES PARA LA SEMANA DEL 25 AL 29 DE MAYO<\/strong><\/p>\n<p><a href=\"https:\/\/blogsaverroes.juntadeandalucia.es\/ceipmayorzaragoza\/files\/2020\/05\/AL_Tareas_25_29_mayo_ANTI\u0301DOTO-emociones.pdf\">AL_ANTI\u0301DOTO emociones<\/a><\/p>\n<p><a href=\"https:\/\/blogsaverroes.juntadeandalucia.es\/ceipmayorzaragoza\/files\/2020\/05\/AL_Tareas_25_29_mayo_ANTI\u0301DOTO-emociones-R.pdf\">AL_ANTI\u0301DOTO emociones R<\/a><\/p>\n<p><a href=\"https:\/\/blogsaverroes.juntadeandalucia.es\/ceipmayorzaragoza\/files\/2020\/05\/AL_Tareas_25_29_mayo_Que_siente_Identificar_emociones.pdf\">AL_Que_siente_Identificar_emociones<\/a><\/p>\n<p><a href=\"https:\/\/blogsaverroes.juntadeandalucia.es\/ceipmayorzaragoza\/files\/2020\/05\/AL_Tareas_25_29_mayo_CUENTO-EL-MONSTRUO-DE-COLORES.mp4\">AL_CUENTO-EL MONSTRUO DE COLORES<\/a><\/p>\n<p><a href=\"https:\/\/blogsaverroes.juntadeandalucia.es\/ceipmayorzaragoza\/files\/2020\/05\/AL_Tareas_25_29_mayo_Globos-de-las-emociones-Juegos-educativos-para-nin\u0303os.mp4\">AL_Globos de las emociones &#8211; Juegos educativos para nin\u0303os<\/a><\/p>\n<p><a href=\"https:\/\/blogsaverroes.juntadeandalucia.es\/ceipmayorzaragoza\/files\/2020\/05\/AL_Tareas_25_29_mayo_videoplayback.mp4\">AL_V\u00eddeo_playback<\/a><\/p>\n<p>&nbsp;<\/p>\n<p><strong>ACTIVIDADES PARA LA SEMANA DEL 18 AL 22 DE MAYO<\/strong><\/p>\n<p><a href=\"https:\/\/blogsaverroes.juntadeandalucia.es\/ceipmayorzaragoza\/files\/2020\/05\/AL_ANTI\u0301DOTO-ARTICULACIO\u0301N-m_p.pdf\">AL_ANTI\u0301DOTO ARTICULACIO\u0301N m_p<\/a><\/p>\n<p><a href=\"https:\/\/blogsaverroes.juntadeandalucia.es\/ceipmayorzaragoza\/files\/2020\/05\/AL_Anti\u0301doto_Articulacio\u0301n.pdf\">AL_Anti\u0301doto_Articulacio\u0301n<\/a><\/p>\n<p><a href=\"https:\/\/blogsaverroes.juntadeandalucia.es\/ceipmayorzaragoza\/files\/2020\/05\/AL_Fonema_D_L_ANTI\u0301DOTO-ARTICULACIO\u0301N-D-Y-L.pdf\">AL_Fonema_D_L_ANTI\u0301DOTO ARTICULACIO\u0301N D Y L<\/a><\/p>\n<p><a href=\"https:\/\/blogsaverroes.juntadeandalucia.es\/ceipmayorzaragoza\/files\/2020\/05\/AL_Fonema_D_L_Aprender-a-leer-letra-D-y-su-sonido-DA-DE-DI-DO-DU-conciencia-fonolo\u0301gica-palabras-infantil.mp4\">AL_Fonema_D_L_Aprender a leer letra D y su sonido DA DE DI DO DU conciencia fonolo\u0301gica palabras infantil<\/a><\/p>\n<p><a href=\"https:\/\/blogsaverroes.juntadeandalucia.es\/ceipmayorzaragoza\/files\/2020\/05\/AL_Fonema_D_L_Ejercicios-lectura-grafi\u0301a-y-conciencia-fonolo\u0301gica-letra-L-para-Infantil-y-Primaria.-Lectoescritura.mp4\">AL_Fonema_D_L_Ejercicios lectura, grafi\u0301a y conciencia fonolo\u0301gica letra L para Infantil y Primaria. Lectoescritura<\/a><\/p>\n<p><a href=\"https:\/\/blogsaverroes.juntadeandalucia.es\/ceipmayorzaragoza\/files\/2020\/05\/AL_Fonema_D_L_INTRODUCCION-Fonema-D-Monfort-PDF-grande.pdf\">AL_Fonema_D_L_INTRODUCCION Fonema D Monfort PDF grande<\/a><\/p>\n<p><a href=\"https:\/\/blogsaverroes.juntadeandalucia.es\/ceipmayorzaragoza\/files\/2020\/05\/AL_Fonema_D_L_INTRODUCCION-Fonema-L-MONFORT-PDF-grande.pdf\">AL_Fonema_D_L_INTRODUCCION Fonema L MONFORT PDF grande<\/a><\/p>\n<p><a href=\"https:\/\/blogsaverroes.juntadeandalucia.es\/ceipmayorzaragoza\/files\/2020\/05\/AL_Fonema_R_ANTI\u0301DOTO-ARTICULACI\u0301ON-R.pdf\">AL_Fonema_R_ANTI\u0301DOTO ARTICULACI\u0301ON R<\/a><\/p>\n<p><a href=\"https:\/\/blogsaverroes.juntadeandalucia.es\/ceipmayorzaragoza\/files\/2020\/05\/AL_Fonema_R_INTRODUCCIO\u0301N-Fonema-r-Monfort-PDF-grande.pdf\">AL_Fonema_R_INTRODUCCIO\u0301N Fonema r Monfort PDF grande<\/a><\/p>\n<p><a href=\"https:\/\/youtu.be\/LM-Fg_4EOhA\">AL_Fonema_R_La Letra R Capitulo especial &#8211; El Mono S\u00edlabo &#8211; Videos Infantiles &#8211; Educacio\u0301n para Nin\u0303os<\/a><\/p>\n<p><a href=\"https:\/\/blogsaverroes.juntadeandalucia.es\/ceipmayorzaragoza\/files\/2020\/05\/AL_INTRODUCCION-Fonema-M-MONFORT-PDF-grande.pdf\">AL_Fonema M INTRODUCCION MONFORT PDF grande<\/a><\/p>\n<p><a href=\"https:\/\/blogsaverroes.juntadeandalucia.es\/ceipmayorzaragoza\/files\/2020\/05\/AL_INTRODUCCION-Fonema-P-Monfort.pdf\">AL_Fonema P_INTRODUCCION-Monfort<\/a><\/p>\n<p><a href=\"https:\/\/blogsaverroes.juntadeandalucia.es\/ceipmayorzaragoza\/files\/2020\/05\/AL_Las_vocales.pdf\">AL_Las_vocales<\/a><\/p>\n<p><a href=\"https:\/\/blogsaverroes.juntadeandalucia.es\/ceipmayorzaragoza\/files\/2020\/05\/AL_Orienta_familias_COVID_19.pdf\">AL_Orienta_familias_COVID_19<\/a><\/p>\n<p><a href=\"https:\/\/blogsaverroes.juntadeandalucia.es\/ceipmayorzaragoza\/files\/2020\/05\/AL_Teori\u0301a_de_la_mente_Actividades_para_trabajar.pdf\">AL_Teori\u0301a_de_la_mente_Actividades_para_trabajar<\/a><\/p>\n<p><a href=\"https:\/\/blogsaverroes.juntadeandalucia.es\/ceipmayorzaragoza\/files\/2020\/05\/AL_Teori\u0301a_de_la_mente_ANTI\u0301DOTO.pdf\">AL_Teori\u0301a_de_la_mente_ANTI\u0301DOTO<\/a><\/p>\n<p><a href=\"https:\/\/blogsaverroes.juntadeandalucia.es\/ceipmayorzaragoza\/files\/2020\/05\/AL_TEORIA-DE-LA-MENTE.pdf\">AL_TEORIA-DE-LA-MENTE<\/a><\/p>\n<p><a href=\"https:\/\/blogsaverroes.juntadeandalucia.es\/ceipmayorzaragoza\/files\/2020\/05\/AL_Teoria_de_la_mente_Doble-sentido-1.pdf\">AL_Teoria_de_la_mente_Doble sentido<\/a><\/p>\n<p><a href=\"https:\/\/blogsaverroes.juntadeandalucia.es\/ceipmayorzaragoza\/files\/2020\/05\/AL_TEORIA-DE-LA-MENTE-1.pdf\">AL_TEORIA-DE-LA-MENTE<\/a><\/p>\n<p><a href=\"https:\/\/blogsaverroes.juntadeandalucia.es\/ceipmayorzaragoza\/files\/2020\/05\/AL_Vi\u0301deo_Aprender-a-leer-jugando-la-letra-P-sonido-letras-y-si\u0301labas-PA-PE-PI-PO-PU-conciencia-fonolo\u0301gica.mp4\">AL_Vi\u0301deo_Aprender a leer jugando la letra P sonido letras y si\u0301labas PA PE PI PO PU conciencia fonolo\u0301gica<\/a><\/p>\n<p><a href=\"https:\/\/blogsaverroes.juntadeandalucia.es\/ceipmayorzaragoza\/files\/2020\/05\/AL_Vi\u0301deo_Aprender-a-pronunciar-y-leer-las-vocales-es-espan\u0303ol-con-Grin-Conciencia-fonolo\u0301gica.mp4\">AL_Vi\u0301deo_Aprender_a_pronunciar_y_leer_las_vocales_es_espan\u0303ol_con_Grin_Conciencia_fonolo\u0301gica<\/a><\/p>\n<p><a href=\"https:\/\/blogsaverroes.juntadeandalucia.es\/ceipmayorzaragoza\/files\/2020\/05\/AL_Vi\u0301deo_Ejemplo_ficha_interactiva_P_2.mov\">AL_Vi\u0301deo_Ejemplo_ficha_interactiva_P_2<\/a><\/p>\n<p><a href=\"https:\/\/blogsaverroes.juntadeandalucia.es\/ceipmayorzaragoza\/files\/2020\/05\/AL_Vi\u0301deo_Si\u0301labas-ma-me-mi-mo-mu-Aprender-a-leer-letra-M-educacio\u0301n-infantil.mp4\">AL_Vi\u0301deo_Si\u0301labas ma me mi mo mu Aprender a leer letra M educacio\u0301n infantil<\/a><\/p>\n<p>&nbsp;<\/p>\n<p><strong>ACTIVIDADES PARA LA SEMANA DEL 11 AL 15 DE MAYO<\/strong><\/p>\n<p><a href=\"https:\/\/blogsaverroes.juntadeandalucia.es\/ceipmayorzaragoza\/files\/2020\/05\/AL_ANTI\u0301DOTO-CONCIENCIA-S.pdf\">AL_ANTI\u0301DOTO CONCIENCIA S<\/a><\/p>\n<p><a href=\"https:\/\/blogsaverroes.juntadeandalucia.es\/ceipmayorzaragoza\/files\/2020\/05\/AL_ANTI\u0301DOTO-CS.pdf\">AL_ANTI\u0301DOTO CS<\/a><\/p>\n<p><a href=\"https:\/\/blogsaverroes.juntadeandalucia.es\/ceipmayorzaragoza\/files\/2020\/05\/AL_8_M.pps\">AL_8_M<\/a><\/p>\n<p><a href=\"https:\/\/blogsaverroes.juntadeandalucia.es\/ceipmayorzaragoza\/files\/2020\/05\/AL_9_P.pps\">AL_9_P<\/a><\/p>\n<p><a href=\"https:\/\/blogsaverroes.juntadeandalucia.es\/ceipmayorzaragoza\/files\/2020\/05\/AL_actividad-del-viernes.pdf\">AL_actividad del viernes<\/a><\/p>\n<p><a href=\"https:\/\/blogsaverroes.juntadeandalucia.es\/ceipmayorzaragoza\/files\/2020\/05\/AL_video-ejemplo-actividad-contar-silabas.mov\">V\u00eddeo ejemplo actividad contar silabas<\/a><\/p>\n<p><a href=\"https:\/\/blogsaverroes.juntadeandalucia.es\/ceipmayorzaragoza\/files\/2020\/05\/AL_Video-ejemplo-actividad-empieza-por.mov\">V\u00eddeo ejemplo actividad empieza por<\/a><\/p>\n<p>&nbsp;<\/p>\n<p><strong>ACTIVIDADES PARA LA SEMANA DEL 5 AL 8 DE MAYO<\/strong><\/p>\n<p><a href=\"https:\/\/blogsaverroes.juntadeandalucia.es\/ceipmayorzaragoza\/files\/2020\/05\/AL_CONCIENCIA-LE\u0301XICA-1-EN-PPS-1.pps\">AL_CONCIENCIA LE\u0301XICA 1 EN PPS<\/a><\/p>\n<p><a href=\"https:\/\/blogsaverroes.juntadeandalucia.es\/ceipmayorzaragoza\/files\/2020\/05\/AL_CONCIENCIA-LE\u0301XICA-2-EN-PPS-1.pps\">AL_CONCIENCIA LE\u0301XICA 2 EN PPS<\/a><\/p>\n<p><a href=\"https:\/\/blogsaverroes.juntadeandalucia.es\/ceipmayorzaragoza\/files\/2020\/05\/AL_CONCIENCIA-LE\u0301XICA-3-EN-PPS-1.pps\">AL_CONCIENCIA LE\u0301XICA 3 EN PPS<\/a><\/p>\n<p><a href=\"https:\/\/blogsaverroes.juntadeandalucia.es\/ceipmayorzaragoza\/files\/2020\/05\/AL_ANTI\u0301DOTO-CL.pdf\">AL_ANTI\u0301DOTO CL<\/a><\/p>\n<p><a href=\"https:\/\/blogsaverroes.juntadeandalucia.es\/ceipmayorzaragoza\/files\/2020\/05\/AL_INSTRUCCIONES-ANTI\u0301DOTO-CL.pdf\">AL_INSTRUCCIONES ANTI\u0301DOTO CL<\/a><\/p>\n<p><a href=\"https:\/\/blogsaverroes.juntadeandalucia.es\/ceipmayorzaragoza\/files\/2020\/05\/AL_ejemplo-actividad.mov\">AL_ejemplo actividad<\/a><\/p>\n<p>&nbsp;<\/p>\n<p><strong>ACTIVIDADES PARA LA SEMANA DEL 27 AL 30 DE ABRIL<\/strong><\/p>\n<p><a href=\"https:\/\/blogsaverroes.juntadeandalucia.es\/ceipmayorzaragoza\/files\/2020\/04\/AL_ANTI\u0301DOTO_ONOMATOPEYAS_DA_Nivel_1.pdf\">AL_ANTI\u0301DOTO_ONOMATOPEYAS_DA_Nivel_1<\/a><\/p>\n<p><a href=\"https:\/\/blogsaverroes.juntadeandalucia.es\/ceipmayorzaragoza\/files\/2020\/04\/AL_ANTI\u0301DOTO_ONOMATOPEYAS_DA_Nivel_2.pdf\">AL_ANTI\u0301DOTO_ONOMATOPEYAS_DA_Nivel_2<\/a><\/p>\n<p>&nbsp;<\/p>\n<p><strong>ACTIVIDADES PARA LA SEMANA DEL 20 AL 24 DE ABRIL<\/strong><\/p>\n<p><a href=\"https:\/\/blogsaverroes.juntadeandalucia.es\/ceipmayorzaragoza\/files\/2020\/04\/AL_1_ANTI\u0300DOTO_RESPIRACIO\u0301N_Y_SOPLO.pdf\">AL_1_ANTI\u0300DOTO_RESPIRACIO\u0301N_Y_SOPLO<\/a><\/p>\n<p><a href=\"https:\/\/blogsaverroes.juntadeandalucia.es\/ceipmayorzaragoza\/files\/2020\/04\/AL_1_ANTIDOTOS_FRASCOS.pdf\">AL_1_ANTIDOTOS_FRASCOS<\/a><\/p>\n<p><a href=\"https:\/\/blogsaverroes.juntadeandalucia.es\/ceipmayorzaragoza\/files\/2020\/04\/AL_1_Ejercicios_de_respiracio\u0301n_03.pdf\">AL_1_Ejercicios_de_respiracio\u0301n_03<\/a><\/p>\n<p><a href=\"https:\/\/blogsaverroes.juntadeandalucia.es\/ceipmayorzaragoza\/files\/2020\/04\/AL_1_Ejercicios_de_respiracio\u0301n_08.pdf\">AL_1_Ejercicios_de_respiracio\u0301n_08<\/a><\/p>\n<p><a href=\"https:\/\/blogsaverroes.juntadeandalucia.es\/ceipmayorzaragoza\/files\/2020\/04\/AL_1_INSTRUCCIONES_JUEGO.pdf\">AL_1_INSTRUCCIONES_JUEGO<\/a><\/p>\n<p><a href=\"https:\/\/blogsaverroes.juntadeandalucia.es\/ceipmayorzaragoza\/files\/2020\/04\/AL_2_INSTRUCIONES_JUEGO.pdf\">AL_2_INSTRUCIONES_JUEGO<\/a><\/p>\n<p><a href=\"https:\/\/blogsaverroes.juntadeandalucia.es\/ceipmayorzaragoza\/files\/2020\/04\/AL_2_ANTI\u0301DOTO_COMPRENSION_LECTORA.pdf\">AL_2_ANTI\u0301DOTO_COMPRENSION_LECTORA<\/a><\/p>\n<p><a href=\"https:\/\/blogsaverroes.juntadeandalucia.es\/ceipmayorzaragoza\/files\/2020\/04\/AL_2_ANTIDOTOS_FRASCOS.pdf\">AL_2_ANTIDOTOS_FRASCOS<\/a><\/p>\n<p><a href=\"https:\/\/youtu.be\/VV7eXEt_OMQ\">AL_2_CUENTO_EL_MONSTRUO_DE_COLORES<\/a><\/p>\n<p>&nbsp;<\/p>\n<p><strong>ACTIVIDADES PARA LA SEMANA DEL 14 AL 17 DE ABRIL<\/strong><\/p>\n<p><a href=\"https:\/\/blogsaverroes.juntadeandalucia.es\/ceipmayorzaragoza\/files\/2020\/04\/AL_14_17_abril.pdf\">AL_Tareas_<\/a><a href=\"https:\/\/blogsaverroes.juntadeandalucia.es\/ceipmayorzaragoza\/files\/2020\/04\/AL_14_17_abril.pdf\">14_17_abril<\/a><\/p>\n<p>&nbsp;<\/p>\n<p><strong>ACTIVIDADES PARA LA SEMANA DEL 30 DE MARZO AL 3 DE ABRIL<\/strong><\/p>\n<p><a href=\"https:\/\/blogsaverroes.juntadeandalucia.es\/ceipmayorzaragoza\/files\/2020\/03\/AL-material-30-marzo-3-abril.pdf\">AL material 30 marzo 3 abril<\/a><\/p>\n<p><a href=\"https:\/\/blogsaverroes.juntadeandalucia.es\/ceipmayorzaragoza\/files\/2020\/03\/Comprensioi\u0300n-lectora-descripciones.pdf\">Comprensi\u00f3n lectora descripciones<\/a><\/p>\n<p><a href=\"https:\/\/blogsaverroes.juntadeandalucia.es\/ceipmayorzaragoza\/files\/2020\/03\/QUIEN-ES-QUIEN.pdf\">QUIEN ES QUIEN<\/a><\/p>\n<p><a href=\"https:\/\/blogsaverroes.juntadeandalucia.es\/ceipmayorzaragoza\/files\/2020\/03\/TEA-Teoria-de-la-Mente-INFERENCIAS-PRAGMAi\u0300TICAS-Sentimientos-y-Emociones.pdf\">TEA-Teoria-de-la-Mente-INFERENCIAS-PRAGMAi\u0300TICAS-Sentimientos-y-Emociones<\/a><\/p>\n<p>&nbsp;<\/p>\n<p><strong>ACTIVIDADES PARA LA SEMANA DEL 16 AL 27 DE MARZO<\/strong><\/p>\n<p><a href=\"https:\/\/blogsaverroes.juntadeandalucia.es\/ceipmayorzaragoza\/files\/2015\/03\/Actividades-para-articular-L-1.pdf\">Actividades para articular L<\/a><\/p>\n<p><a href=\"https:\/\/blogsaverroes.juntadeandalucia.es\/ceipmayorzaragoza\/files\/2015\/03\/Actividades-para-articular-N-1.pdf\">Actividades para articular N<\/a><\/p>\n<p><a href=\"https:\/\/blogsaverroes.juntadeandalucia.es\/ceipmayorzaragoza\/files\/2015\/03\/cuadernito-de-la-d-1.pdf\">Cuadernito de la D<\/a><\/p>\n<p><a href=\"https:\/\/blogsaverroes.juntadeandalucia.es\/ceipmayorzaragoza\/files\/2015\/03\/cuadernito-de-la-L-1.pdf\">Cuadernito de la L<\/a><\/p>\n<p><a href=\"https:\/\/blogsaverroes.juntadeandalucia.es\/ceipmayorzaragoza\/files\/2015\/03\/cuadernito-de-la-m-1.pdf\">Cuadernito de la M<\/a><\/p>\n<p><a href=\"https:\/\/blogsaverroes.juntadeandalucia.es\/ceipmayorzaragoza\/files\/2015\/03\/cuadernito-de-la-n-1.pdf\">cuadernito de la N<\/a><\/p>\n<p><a href=\"https:\/\/youtu.be\/-yjkKrUqeF8\">La vocal E: Aprende las vocales con Mon el drag\u00f3n<\/a><\/p>\n<p><a href=\"https:\/\/youtu.be\/-7BQ6-UQ0Zs\">Aprendemos los sonidos producidos por el cuerpo humano: Discriminaci\u00f3n auditiva<\/a><\/p>\n<p><a href=\"https:\/\/youtu.be\/WV0DIaOmmps\">El sonido de los animales<\/a><\/p>\n<p>&nbsp;<\/p>\n<p>&nbsp;<\/p>\n<p>&nbsp;<\/p>\n","protected":false},"excerpt":{"rendered":"<p>ACTIVIDADES PARA EL MES DE JUNIO GRUPO 1 AL_Grupo_1_Tareas_junio_INSTRUCCIONES AL_Grupo_1_Tareas_junio_ATENCIO\u0301N SOMBRAS AL_Grupo_1_Tareas_junio_contar silabas AL_Grupo_1_Tareas_junio_Esquemas para armar NIN\u0303O y NIN\u0303A AL_Grupo_1_Tareas_junio_Jose\u0301 est\u00e1 contento AL_Grupo_1_Tareas_junio_Jos\u00e9 est\u00e1 triste AL_Grupo_1_Tareas_junio_Las vocales para nin\u0303os &#8211; Aprender las vocales &#8211; a e i o u GRUPO 2 AL_Grupo_2_Tareas_junio_INSTRUCCIONES AL_Grupo_2_Tareas_junio_ANALOGI\u0301AS AL_Grupo_2_Tareas_junio_el pez arcoiris videocuento GRUPO 3&#46;&#46;&#46;<\/p>\n","protected":false},"author":2855,"featured_media":0,"parent":0,"menu_order":0,"comment_status":"closed","ping_status":"closed","template":"","meta":{"ngg_post_thumbnail":0,"footnotes":"","_mc_calendar":[]},"aioseo_notices":[],"_links":{"self":[{"href":"https:\/\/blogsaverroes.juntadeandalucia.es\/ceipmayorzaragoza\/wp-json\/wp\/v2\/pages\/2922"}],"collection":[{"href":"https:\/\/blogsaverroes.juntadeandalucia.es\/ceipmayorzaragoza\/wp-json\/wp\/v2\/pages"}],"about":[{"href":"https:\/\/blogsaverroes.juntadeandalucia.es\/ceipmayorzaragoza\/wp-json\/wp\/v2\/types\/page"}],"author":[{"embeddable":true,"href":"https:\/\/blogsaverroes.juntadeandalucia.es\/ceipmayorzaragoza\/wp-json\/wp\/v2\/users\/2855"}],"replies":[{"embeddable":true,"href":"https:\/\/blogsaverroes.juntadeandalucia.es\/ceipmayorzaragoza\/wp-json\/wp\/v2\/comments?post=2922"}],"version-history":[{"count":23,"href":"https:\/\/blogsaverroes.juntadeandalucia.es\/ceipmayorzaragoza\/wp-json\/wp\/v2\/pages\/2922\/revisions"}],"predecessor-version":[{"id":5442,"href":"https:\/\/blogsaverroes.juntadeandalucia.es\/ceipmayorzaragoza\/wp-json\/wp\/v2\/pages\/2922\/revisions\/5442"}],"wp:attachment":[{"href":"https:\/\/blogsaverroes.juntadeandalucia.es\/ceipmayorzaragoza\/wp-json\/wp\/v2\/media?parent=2922"}],"curies":[{"name":"wp","href":"https:\/\/api.w.org\/{rel}","templated":true}]}}