{"id":428,"date":"2015-03-20T07:06:21","date_gmt":"2015-03-20T07:06:21","guid":{"rendered":"http:\/\/blogsaverroes.juntadeandalucia.es\/pre\/ceip\/?page_id=428"},"modified":"2026-01-06T21:32:46","modified_gmt":"2026-01-06T21:32:46","slug":"ed-primaria-1o-ciclo","status":"publish","type":"page","link":"https:\/\/blogsaverroes.juntadeandalucia.es\/ceipmayorzaragoza\/ed-primaria-1o-ciclo\/","title":{"rendered":"Ed. Primaria. 1\u00ba ciclo"},"content":{"rendered":"<p>El Primer Ciclo de Educaci\u00f3n Primaria est\u00e1 organizado en dos niveles distribuidos de la siguiente forma:<\/p>\n<p>1\u00ba A &#8211; Aula n\u00ba 22 &#8211; Tutor: D\u00aa. Carmen Marina Vel\u00e1zquez Fern\u00e1ndez<\/p>\n<p>1\u00ba B &#8211; Aula n\u00ba 19 &#8211; Tutora: D\u00aa. Eva L\u00f3pez Gonz\u00e1lez<\/p>\n<p>2\u00ba A &#8211; Aula n\u00ba 20 &#8211; Tutora: D\u00aa. Eva Mar\u00eda Lirio D\u00edaz<\/p>\n<p>2\u00ba B &#8211; Aula n\u00ba 21 &#8211; Tutora: D\u00aa. Candela G\u00f3mez Fern\u00e1ndez<\/p>\n<p>&nbsp;<\/p>\n<p>Adem\u00e1s, imparten docencia los siguientes especialistas:<\/p>\n<p>\u00c1rea Biling\u00fce de Conocimiento del Medio: D\u00aa. Carmen Marina Vel\u00e1zquez Fern\u00e1ndez (1\u00ba) y D\u00aa Candela G\u00f3mez Fern\u00e1ndez (2\u00ba)<\/p>\n<p>Ingl\u00e9s: D\u00aa. Raquel Girela Navarro (2\u00baB) y D\u00aa M\u00aa Dolores L\u00f3pez Garc\u00eda (Resto de grupos)&nbsp;<\/p>\n<p>Ed. F\u00edsica: D\u00aa Candela G\u00f3mez Fern\u00e1ndez (2\u00baB) y D. Manuel Velasco Arag\u00f3n (Resto de grupos)<\/p>\n<p>M\u00fasica: D. Ignacio Pacheco Mart\u00ednez de Roda (Todos los grupos)<\/p>\n<p>Religi\u00f3n Cat\u00f3lica: D\u00aa. Carmen Molina Lozano (Todos los grupos)<\/p>\n<p>Tambi\u00e9n contamos con la ayuda de Personal T\u00e9cnico en Integraci\u00f3n Social: D.Carlos G\u00e1lvez Castelar, D. Jos\u00e9 Octavio Gonz\u00e1lez Lara y D\u00aa Irene P\u00e9rez Garc\u00eda<\/p>\n","protected":false},"excerpt":{"rendered":"<p>El Primer Ciclo de Educaci\u00f3n Primaria est\u00e1 organizado en dos niveles distribuidos de la siguiente forma: 1\u00ba A &#8211; Aula n\u00ba 22 &#8211; Tutor: D\u00aa. Carmen Marina Vel\u00e1zquez Fern\u00e1ndez 1\u00ba B &#8211; Aula n\u00ba 19 &#8211; Tutora: D\u00aa. Eva L\u00f3pez Gonz\u00e1lez 2\u00ba A &#8211; Aula n\u00ba 20 &#8211; Tutora:&#46;&#46;&#46;<\/p>\n","protected":false},"author":1,"featured_media":0,"parent":0,"menu_order":0,"comment_status":"open","ping_status":"open","template":"page-templates\/child-menu.php","meta":{"ngg_post_thumbnail":0,"footnotes":"","_mc_calendar":[]},"aioseo_notices":[],"_links":{"self":[{"href":"https:\/\/blogsaverroes.juntadeandalucia.es\/ceipmayorzaragoza\/wp-json\/wp\/v2\/pages\/428"}],"collection":[{"href":"https:\/\/blogsaverroes.juntadeandalucia.es\/ceipmayorzaragoza\/wp-json\/wp\/v2\/pages"}],"about":[{"href":"https:\/\/blogsaverroes.juntadeandalucia.es\/ceipmayorzaragoza\/wp-json\/wp\/v2\/types\/page"}],"author":[{"embeddable":true,"href":"https:\/\/blogsaverroes.juntadeandalucia.es\/ceipmayorzaragoza\/wp-json\/wp\/v2\/users\/1"}],"replies":[{"embeddable":true,"href":"https:\/\/blogsaverroes.juntadeandalucia.es\/ceipmayorzaragoza\/wp-json\/wp\/v2\/comments?post=428"}],"version-history":[{"count":22,"href":"https:\/\/blogsaverroes.juntadeandalucia.es\/ceipmayorzaragoza\/wp-json\/wp\/v2\/pages\/428\/revisions"}],"predecessor-version":[{"id":6594,"href":"https:\/\/blogsaverroes.juntadeandalucia.es\/ceipmayorzaragoza\/wp-json\/wp\/v2\/pages\/428\/revisions\/6594"}],"wp:attachment":[{"href":"https:\/\/blogsaverroes.juntadeandalucia.es\/ceipmayorzaragoza\/wp-json\/wp\/v2\/media?parent=428"}],"curies":[{"name":"wp","href":"https:\/\/api.w.org\/{rel}","templated":true}]}}