{"id":432,"date":"2015-03-20T07:07:25","date_gmt":"2015-03-20T07:07:25","guid":{"rendered":"http:\/\/blogsaverroes.juntadeandalucia.es\/pre\/ceip\/?page_id=432"},"modified":"2026-01-06T19:58:32","modified_gmt":"2026-01-06T19:58:32","slug":"ed-primaria-2o-ciclo","status":"publish","type":"page","link":"https:\/\/blogsaverroes.juntadeandalucia.es\/ceipmayorzaragoza\/ed-primaria-2o-ciclo\/","title":{"rendered":"Ed. Primaria. 2\u00ba ciclo"},"content":{"rendered":"<p>El Segundo Ciclo de Educaci\u00f3n Primaria est\u00e1 organizado en dos niveles (3\u00ba y 4\u00ba) distribuidos de la siguiente forma:<\/p>\n<p>3\u00ba A &#8211; Aula N\u00ba 42 &#8211; Tutora: D\u00aa In\u00e9s Santiago P\u00e9rez&nbsp;<\/p>\n<p>3\u00ba B &#8211; Aula n\u00ba 34 &#8211; Tutor: D. Aurora Fern\u00e1ndez L\u00f3pez<\/p>\n<p>4\u00ba A &#8211; Aula n\u00ba 23 &#8211; Tutora: D\u00aa. Raquel Girela Navarro<\/p>\n<p>4\u00ba B &#8211; Aula n\u00ba 33 &#8211; Tutora: D\u00aa. Rosa M\u00aa Fern\u00e1ndez Rold\u00e1n<\/p>\n<p>3\u00ba C &#8211; Aula N\u00ba 31 &#8211; Tutora: D\u00aa. M\u00aa Teresa Reyes Mart\u00edn<\/p>\n<p>&nbsp;<\/p>\n<p>Adem\u00e1s, imparten docencia los siguientes especialistas:<\/p>\n<p>\u00c1rea Biling\u00fce de Conocimiento del Medio: D\u00aa Carmen Marina Vel\u00e1zquez Fern\u00e1ndez (4\u00baC) y D\u00aa Aurora Fern\u00e1ndez L\u00f3pez (Resto de grupos)<\/p>\n<p>Ingl\u00e9s: D\u00aa. Raquel Girela Navarro (Todos los grupos)<\/p>\n<p>Ed. F\u00edsica: D. Pedro Pablo Baena Beas (Todos los grupos)<\/p>\n<p>M\u00fasica: D. Ignacio Pacheco Mart\u00ednez de Roda (Todos los grupos)<\/p>\n<p>Religi\u00f3n Cat\u00f3lica: D\u00aa. Carmen Molina Lozano (Todos los grupos)<\/p>\n<p>Tambi\u00e9n contamos con la ayuda de Personal T\u00e9cnico en Integraci\u00f3n Social: D. Carlos G\u00e1lvez Castelar, D. Jos\u00e9 Octavio Gonz\u00e1lez Lara y D\u00aa Irene P\u00e9rez Garc\u00eda<\/p>\n","protected":false},"excerpt":{"rendered":"<p>El Segundo Ciclo de Educaci\u00f3n Primaria est\u00e1 organizado en dos niveles (3\u00ba y 4\u00ba) distribuidos de la siguiente forma: 3\u00ba A &#8211; Aula N\u00ba 42 &#8211; Tutora: D\u00aa In\u00e9s Santiago P\u00e9rez&nbsp; 3\u00ba B &#8211; Aula n\u00ba 34 &#8211; Tutor: D. Aurora Fern\u00e1ndez L\u00f3pez 4\u00ba A &#8211; Aula n\u00ba 23&#46;&#46;&#46;<\/p>\n","protected":false},"author":1,"featured_media":0,"parent":0,"menu_order":0,"comment_status":"open","ping_status":"open","template":"page-templates\/child-menu.php","meta":{"ngg_post_thumbnail":0,"footnotes":"","_mc_calendar":[]},"aioseo_notices":[],"_links":{"self":[{"href":"https:\/\/blogsaverroes.juntadeandalucia.es\/ceipmayorzaragoza\/wp-json\/wp\/v2\/pages\/432"}],"collection":[{"href":"https:\/\/blogsaverroes.juntadeandalucia.es\/ceipmayorzaragoza\/wp-json\/wp\/v2\/pages"}],"about":[{"href":"https:\/\/blogsaverroes.juntadeandalucia.es\/ceipmayorzaragoza\/wp-json\/wp\/v2\/types\/page"}],"author":[{"embeddable":true,"href":"https:\/\/blogsaverroes.juntadeandalucia.es\/ceipmayorzaragoza\/wp-json\/wp\/v2\/users\/1"}],"replies":[{"embeddable":true,"href":"https:\/\/blogsaverroes.juntadeandalucia.es\/ceipmayorzaragoza\/wp-json\/wp\/v2\/comments?post=432"}],"version-history":[{"count":21,"href":"https:\/\/blogsaverroes.juntadeandalucia.es\/ceipmayorzaragoza\/wp-json\/wp\/v2\/pages\/432\/revisions"}],"predecessor-version":[{"id":6573,"href":"https:\/\/blogsaverroes.juntadeandalucia.es\/ceipmayorzaragoza\/wp-json\/wp\/v2\/pages\/432\/revisions\/6573"}],"wp:attachment":[{"href":"https:\/\/blogsaverroes.juntadeandalucia.es\/ceipmayorzaragoza\/wp-json\/wp\/v2\/media?parent=432"}],"curies":[{"name":"wp","href":"https:\/\/api.w.org\/{rel}","templated":true}]}}