{"id":44,"date":"2015-03-13T08:42:15","date_gmt":"2015-03-13T08:42:15","guid":{"rendered":"http:\/\/blogsaverroes.juntadeandalucia.es\/pre\/ceip\/?page_id=44"},"modified":"2026-01-06T21:31:30","modified_gmt":"2026-01-06T21:31:30","slug":"planes-y-proyectos","status":"publish","type":"page","link":"https:\/\/blogsaverroes.juntadeandalucia.es\/ceipmayorzaragoza\/planes-y-proyectos\/","title":{"rendered":"Planes y Programas"},"content":{"rendered":"<p><img loading=\"lazy\" decoding=\"async\" class=\"alignnone size-medium wp-image-1667\" src=\"http:\/\/blogsaverroes.juntadeandalucia.es\/ceipmayorzaragoza\/files\/2015\/03\/planes-300x150.png\" alt=\"planes\" width=\"300\" height=\"150\" srcset=\"https:\/\/blogsaverroes.juntadeandalucia.es\/ceipmayorzaragoza\/files\/2015\/03\/planes-300x150.png 300w, https:\/\/blogsaverroes.juntadeandalucia.es\/ceipmayorzaragoza\/files\/2015\/03\/planes.png 640w\" sizes=\"(max-width: 300px) 100vw, 300px\" \/><\/p>\n<p>En nuestro centro se desarrollan los siguientes<strong>&nbsp;Planes y Programas<\/strong>.<\/p>\n<ul>\n<li><strong>Plan de Apertura: <\/strong>Nuestro centro ofrece los servicios de Aula Matinal, Comedor Escolar, Transporte Escolar y Actividades Extraescolares.<\/li>\n<li><strong>Proyecto Biling\u00fce &#8211; Ingl\u00e9s: <\/strong>Son biling\u00fces en nuestro centro tanto los niveles del Segundo Ciclo de Educaci\u00f3n Infantil (3, 4 y 5 a\u00f1os) como los 6 niveles de Educaci\u00f3n Primaria. En Primaria las \u00e1reas que se imparten en modalidad biling\u00fce son Ciencias Naturales y Ciencias Sociales.<\/li>\n<li><strong>Programa de Acompa\u00f1amiento Escolar (PROA Andaluc\u00eda):<\/strong> Programa para atender al alumnado de los niveles de 3\u00ba a 6\u00ba e Educaci\u00f3n Primaria que requiere de apoyo y refuerzo para adquirir las competencias b\u00e1sicas. Se ofertan 5 grupos, uno para cada uno de los niveles educativos de 3\u00ba, 4\u00ba y 5\u00ba y dos para el nivel de 6\u00ba de primaria, con un m\u00e1ximo de 10 alumnos\/as en cada uno de los grupos.<\/li>\n<li><strong>Plan de Convivencia, Plan de Igualdad y <\/strong><strong>Escuela Espacio de Paz: <\/strong>Planes muy&nbsp;necesarios para promover una convivencia positiva entre todos los miembros de la numerosa Comunidad Educativa que integra nuestro Centro y lograr&nbsp;adecuado clima escolar que permita un \u00f3ptimo desarrollo del proceso de ense\u00f1anza-aprendizaje.<\/li>\n<li><strong>Proyecto Aldea<\/strong> con el desarrollo del Huerto Escolar<\/li>\n<li><strong>Programa <\/strong><strong>Creciendo en Salud<\/strong>&nbsp;y el \u00ab<strong>Plan de consumo de fruta en las escuelas<\/strong>\u00ab.<\/li>\n<li><strong>Practicum: <\/strong>Facilitamos al alumnado universitario de nuestra localidad, que realiza estudios de Grado Maestro, la posibilidad de realizar esta asignatura en nuestro centro, si as\u00ed lo solicita.<\/li>\n<\/ul>\n<p>&nbsp;<\/p>\n","protected":false},"excerpt":{"rendered":"<p>En nuestro centro se desarrollan los siguientes&nbsp;Planes y Programas. Plan de Apertura: Nuestro centro ofrece los servicios de Aula Matinal, Comedor Escolar, Transporte Escolar y Actividades Extraescolares. Proyecto Biling\u00fce &#8211; Ingl\u00e9s: Son biling\u00fces en nuestro centro tanto los niveles del Segundo Ciclo de Educaci\u00f3n Infantil (3, 4 y 5&#46;&#46;&#46;<\/p>\n","protected":false},"author":1,"featured_media":0,"parent":0,"menu_order":0,"comment_status":"open","ping_status":"closed","template":"page-templates\/child-menu.php","meta":{"ngg_post_thumbnail":0,"footnotes":"","_mc_calendar":[]},"aioseo_notices":[],"_links":{"self":[{"href":"https:\/\/blogsaverroes.juntadeandalucia.es\/ceipmayorzaragoza\/wp-json\/wp\/v2\/pages\/44"}],"collection":[{"href":"https:\/\/blogsaverroes.juntadeandalucia.es\/ceipmayorzaragoza\/wp-json\/wp\/v2\/pages"}],"about":[{"href":"https:\/\/blogsaverroes.juntadeandalucia.es\/ceipmayorzaragoza\/wp-json\/wp\/v2\/types\/page"}],"author":[{"embeddable":true,"href":"https:\/\/blogsaverroes.juntadeandalucia.es\/ceipmayorzaragoza\/wp-json\/wp\/v2\/users\/1"}],"replies":[{"embeddable":true,"href":"https:\/\/blogsaverroes.juntadeandalucia.es\/ceipmayorzaragoza\/wp-json\/wp\/v2\/comments?post=44"}],"version-history":[{"count":18,"href":"https:\/\/blogsaverroes.juntadeandalucia.es\/ceipmayorzaragoza\/wp-json\/wp\/v2\/pages\/44\/revisions"}],"predecessor-version":[{"id":6593,"href":"https:\/\/blogsaverroes.juntadeandalucia.es\/ceipmayorzaragoza\/wp-json\/wp\/v2\/pages\/44\/revisions\/6593"}],"wp:attachment":[{"href":"https:\/\/blogsaverroes.juntadeandalucia.es\/ceipmayorzaragoza\/wp-json\/wp\/v2\/media?parent=44"}],"curies":[{"name":"wp","href":"https:\/\/api.w.org\/{rel}","templated":true}]}}