{"id":6090,"date":"2021-02-21T22:19:36","date_gmt":"2021-02-21T22:19:36","guid":{"rendered":"http:\/\/blogsaverroes.juntadeandalucia.es\/ceipmayorzaragoza\/?page_id=6090"},"modified":"2026-01-06T21:29:44","modified_gmt":"2026-01-06T21:29:44","slug":"plan-de-centro-documentos","status":"publish","type":"page","link":"https:\/\/blogsaverroes.juntadeandalucia.es\/ceipmayorzaragoza\/plan-de-centro-documentos\/","title":{"rendered":"Plan de Centro: Documentos"},"content":{"rendered":"<p><strong>PLAN DE CENTRO<\/strong><\/p>\n<p><a href=\"https:\/\/blogsaverroes.juntadeandalucia.es\/ceipmayorzaragoza\/files\/2026\/01\/PlanCentro2526_02_documento.pdf\">Plan de Centro<\/a><\/p>\n<p><a href=\"https:\/\/blogsaverroes.juntadeandalucia.es\/ceipmayorzaragoza\/files\/2026\/01\/PlanCentro2526_03_A01curriculo.pdf\">Anexo I Concreci\u00f3n Curricular<\/a><\/p>\n<p><a href=\"https:\/\/blogsaverroes.juntadeandalucia.es\/ceipmayorzaragoza\/files\/2026\/01\/PlanCentro2526_04_A02evaluacion.pdf\">Anexo II Plan de Evaluacion<\/a><\/p>\n<p><a href=\"https:\/\/blogsaverroes.juntadeandalucia.es\/ceipmayorzaragoza\/files\/2026\/01\/PlanCentro2526_05_A03diversidad.pdf\">Anexo III Plan de Atenci\u00f3n a la Diversidad<\/a><\/p>\n<p><a href=\"https:\/\/blogsaverroes.juntadeandalucia.es\/ceipmayorzaragoza\/files\/2026\/01\/PlanCentro2526_06_A04poat.pdf\">Anexo IV Plan de Orientaci\u00f3n y Actuaci\u00f3n Tutorial<\/a><\/p>\n<p><a href=\"https:\/\/blogsaverroes.juntadeandalucia.es\/ceipmayorzaragoza\/files\/2026\/01\/PlanCentro2526_07_A05convivencia.pdf\">Anexo V Plan de Convivencia<\/a><\/p>\n<p><a href=\"https:\/\/blogsaverroes.juntadeandalucia.es\/ceipmayorzaragoza\/files\/2026\/01\/PlanCentro2526_08_A06digital.pdf\">Anexo VI Plan de Actuaci\u00f3n Digital<\/a><\/p>\n<p><a href=\"https:\/\/blogsaverroes.juntadeandalucia.es\/ceipmayorzaragoza\/files\/2026\/01\/PlanCentro2526_09_A07autoproteccion.pdf\">Anexo VII Plan de Autoproteccion<\/a><\/p>\n<p><a href=\"https:\/\/blogsaverroes.juntadeandalucia.es\/ceipmayorzaragoza\/files\/2026\/01\/PlanCentro2526_10_A08bilinguismo.pdf\">Anexo VIII Plan de Biling\u00fcismo<\/a><\/p>\n<p><a href=\"https:\/\/blogsaverroes.juntadeandalucia.es\/ceipmayorzaragoza\/files\/2026\/01\/PlanCentro2526_11_A09matematicas.pdf\">Anexo IX Plan de Fomento del Razonamiento Matem\u00e1tico<\/a><\/p>\n<p><a href=\"https:\/\/blogsaverroes.juntadeandalucia.es\/ceipmayorzaragoza\/files\/2026\/01\/PlanCentro2526_12_A10lectura.pdf\">Anexo X Plan de Lectura<\/a><\/p>\n<p><a href=\"https:\/\/blogsaverroes.juntadeandalucia.es\/ceipmayorzaragoza\/files\/2026\/01\/PlanCentro2526_13_A11stem.pdf\">Anexo XI Programa STEM<\/a><\/p>\n<p><a href=\"https:\/\/blogsaverroes.juntadeandalucia.es\/ceipmayorzaragoza\/files\/2026\/01\/PlanCentro2526_14_A12calor.pdf\">Anexo XII Protocolo de Actuaci\u00f3n ante Olas de Calor<\/a><\/p>\n<p><a href=\"https:\/\/blogsaverroes.juntadeandalucia.es\/ceipmayorzaragoza\/files\/2026\/01\/PlanCentro2526_15_A13rof.pdf\">Anexo XIII Reglamento de Organizaci\u00f3n y Funcionamiento<\/a><\/p>\n<p><a href=\"https:\/\/blogsaverroes.juntadeandalucia.es\/ceipmayorzaragoza\/files\/2026\/01\/PlanCentro2526_16_A14gestion.pdf\">Anexo XIV Proyecto de Gesti\u00f3n<\/a><\/p>\n<p>&nbsp;<\/p>\n<p>&nbsp;<\/p>\n","protected":false},"excerpt":{"rendered":"<p>PLAN DE CENTRO Plan de Centro Anexo I Concreci\u00f3n Curricular Anexo II Plan de Evaluacion Anexo III Plan de Atenci\u00f3n a la Diversidad Anexo IV Plan de Orientaci\u00f3n y Actuaci\u00f3n Tutorial Anexo V Plan de Convivencia Anexo VI Plan de Actuaci\u00f3n Digital Anexo VII Plan de Autoproteccion Anexo VIII&#46;&#46;&#46;<\/p>\n","protected":false},"author":2855,"featured_media":0,"parent":0,"menu_order":0,"comment_status":"closed","ping_status":"closed","template":"","meta":{"ngg_post_thumbnail":0,"footnotes":"","_mc_calendar":[]},"aioseo_notices":[],"_links":{"self":[{"href":"https:\/\/blogsaverroes.juntadeandalucia.es\/ceipmayorzaragoza\/wp-json\/wp\/v2\/pages\/6090"}],"collection":[{"href":"https:\/\/blogsaverroes.juntadeandalucia.es\/ceipmayorzaragoza\/wp-json\/wp\/v2\/pages"}],"about":[{"href":"https:\/\/blogsaverroes.juntadeandalucia.es\/ceipmayorzaragoza\/wp-json\/wp\/v2\/types\/page"}],"author":[{"embeddable":true,"href":"https:\/\/blogsaverroes.juntadeandalucia.es\/ceipmayorzaragoza\/wp-json\/wp\/v2\/users\/2855"}],"replies":[{"embeddable":true,"href":"https:\/\/blogsaverroes.juntadeandalucia.es\/ceipmayorzaragoza\/wp-json\/wp\/v2\/comments?post=6090"}],"version-history":[{"count":6,"href":"https:\/\/blogsaverroes.juntadeandalucia.es\/ceipmayorzaragoza\/wp-json\/wp\/v2\/pages\/6090\/revisions"}],"predecessor-version":[{"id":6592,"href":"https:\/\/blogsaverroes.juntadeandalucia.es\/ceipmayorzaragoza\/wp-json\/wp\/v2\/pages\/6090\/revisions\/6592"}],"wp:attachment":[{"href":"https:\/\/blogsaverroes.juntadeandalucia.es\/ceipmayorzaragoza\/wp-json\/wp\/v2\/media?parent=6090"}],"curies":[{"name":"wp","href":"https:\/\/api.w.org\/{rel}","templated":true}]}}