{"id":6264,"date":"2022-01-09T12:11:57","date_gmt":"2022-01-09T12:11:57","guid":{"rendered":"http:\/\/blogsaverroes.juntadeandalucia.es\/ceipmayorzaragoza\/?page_id=6264"},"modified":"2026-01-06T21:39:09","modified_gmt":"2026-01-06T21:39:09","slug":"consejo-escolar","status":"publish","type":"page","link":"https:\/\/blogsaverroes.juntadeandalucia.es\/ceipmayorzaragoza\/consejo-escolar\/","title":{"rendered":"Consejo Escolar"},"content":{"rendered":"<p><strong>COMPOSICI\u00d3N DEL CONSEJO ESCOLAR:<\/strong><\/p>\n<p><strong>SECTOR EQUIPO DIRECTIVO:<\/strong><\/p>\n<ul>\n<li>Director: Jos\u00e9 Manuel Armada Est\u00e9vez<\/li>\n<li>Jefa de Estudios: M\u00aa Rosa Fern\u00e1ndez Rold\u00e1n<\/li>\n<li>Secretario: Manuel Velasco Arag\u00f3n<\/li>\n<\/ul>\n<p><strong>SECTOR FAMILIAS:<\/strong><\/p>\n<ul>\n<li>Almudena Alabarce Romero<\/li>\n<li>M\u00aa Carmen Aranda Benito<\/li>\n<li>Sonia Carrascosa Garc\u00eda<\/li>\n<li>M\u00aa Bel\u00e9n Muro Alonso<\/li>\n<li>Guadalupe Parra Guirado<\/li>\n<li>Roc\u00edo Prados P\u00e9rez<\/li>\n<li>Celia M\u00aa Rold\u00e1n Lemos<\/li>\n<li>Ebru Uslu Escobar<\/li>\n<li>M\u00aa Carmen Padilla Padilla (en representaci\u00f3n de la AMPA Mart\u00edn Recuerda)<\/li>\n<\/ul>\n<p><strong>SECTOR PROFESORADO:<\/strong><\/p>\n<ul>\n<li>Pedro Pablo Baena Beas<\/li>\n<li>Jos\u00e9 Antonio Donaire Guerrero<\/li>\n<li>Francisca Garc\u00eda M\u00e1rquez<\/li>\n<li>Carmen Molina Lozano<\/li>\n<li>Ignacio Pacheco Mart\u00ednez de Roda<\/li>\n<li>M\u00aa Teresa Reyes Mart\u00edn<\/li>\n<li>In\u00e9s Santiago P\u00e9rez<\/li>\n<\/ul>\n<p><strong>SECTOR PAS (Personal de Administraci\u00f3n y Servicios):<\/strong> Raquel Padilla Conde<\/p>\n<p><strong>SECTOR PAE (Personal de Atenci\u00f3n Educativa):<\/strong> Jos\u00e9 Octavio Gonz\u00e1lez Lara<\/p>\n<p><strong>REPRESENTANTE DEL AYUNTAMIENTO:<\/strong> M\u00aa Carmen Rodr\u00edguez Callej\u00f3n<\/p>\n<p><strong>FOMENTO DE LA IGUALDAD:<\/strong> Ignacio Pacheco Mart\u00ednez de Roda<\/p>\n","protected":false},"excerpt":{"rendered":"<p>COMPOSICI\u00d3N DEL CONSEJO ESCOLAR: SECTOR EQUIPO DIRECTIVO: Director: Jos\u00e9 Manuel Armada Est\u00e9vez Jefa de Estudios: M\u00aa Rosa Fern\u00e1ndez Rold\u00e1n Secretario: Manuel Velasco Arag\u00f3n SECTOR FAMILIAS: Almudena Alabarce Romero M\u00aa Carmen Aranda Benito Sonia Carrascosa Garc\u00eda M\u00aa Bel\u00e9n Muro Alonso Guadalupe Parra Guirado Roc\u00edo Prados P\u00e9rez Celia M\u00aa Rold\u00e1n Lemos&#46;&#46;&#46;<\/p>\n","protected":false},"author":2855,"featured_media":0,"parent":0,"menu_order":0,"comment_status":"closed","ping_status":"closed","template":"","meta":{"ngg_post_thumbnail":0,"footnotes":"","_mc_calendar":[]},"aioseo_notices":[],"_links":{"self":[{"href":"https:\/\/blogsaverroes.juntadeandalucia.es\/ceipmayorzaragoza\/wp-json\/wp\/v2\/pages\/6264"}],"collection":[{"href":"https:\/\/blogsaverroes.juntadeandalucia.es\/ceipmayorzaragoza\/wp-json\/wp\/v2\/pages"}],"about":[{"href":"https:\/\/blogsaverroes.juntadeandalucia.es\/ceipmayorzaragoza\/wp-json\/wp\/v2\/types\/page"}],"author":[{"embeddable":true,"href":"https:\/\/blogsaverroes.juntadeandalucia.es\/ceipmayorzaragoza\/wp-json\/wp\/v2\/users\/2855"}],"replies":[{"embeddable":true,"href":"https:\/\/blogsaverroes.juntadeandalucia.es\/ceipmayorzaragoza\/wp-json\/wp\/v2\/comments?post=6264"}],"version-history":[{"count":7,"href":"https:\/\/blogsaverroes.juntadeandalucia.es\/ceipmayorzaragoza\/wp-json\/wp\/v2\/pages\/6264\/revisions"}],"predecessor-version":[{"id":6595,"href":"https:\/\/blogsaverroes.juntadeandalucia.es\/ceipmayorzaragoza\/wp-json\/wp\/v2\/pages\/6264\/revisions\/6595"}],"wp:attachment":[{"href":"https:\/\/blogsaverroes.juntadeandalucia.es\/ceipmayorzaragoza\/wp-json\/wp\/v2\/media?parent=6264"}],"curies":[{"name":"wp","href":"https:\/\/api.w.org\/{rel}","templated":true}]}}