{"id":870,"date":"2015-03-16T07:24:27","date_gmt":"2015-03-16T07:24:27","guid":{"rendered":"http:\/\/blogsaverroes.juntadeandalucia.es\/pre\/ceip\/?page_id=103"},"modified":"2026-01-06T21:45:03","modified_gmt":"2026-01-06T21:45:03","slug":"aula-matinal","status":"publish","type":"page","link":"https:\/\/blogsaverroes.juntadeandalucia.es\/ceipmayorzaragoza\/aula-matinal\/","title":{"rendered":"Aula Matinal"},"content":{"rendered":"<p>AULA MATINAL<\/p>\n<p>El <strong>Aula Matinal<\/strong> abre sus puertas a las 7.30 horas de lunes a viernes, ofreciendo actividades diversas al &nbsp;alumnado de nuestro centro hasta el comienzo del horario lectivo.<\/p>\n<p>Puede utilizarse cualquier d\u00eda previa inscripci\u00f3n.<\/p>\n<p>Para este curso escolar, el Aula Matinal cuenta con 90 plazas.<\/p>\n<p>El Aula Matinal est\u00e1 gestionada por la empresa Gesti\u00f3n Profesional S.L., y de ella se encargan tres monitores\/as.<\/p>\n<p>Para solicitar inscripci\u00f3n en al Aula Matinal, pueden descargar el ANEXO II, cumplimentarlo &nbsp;y entregarlo en la Secretar\u00eda del Centro. Asimismo, pueden descargar la solicitud de bonificaci\u00f3n del precio de este servicio mediante el ANEXO V y presentar en la Secretar\u00eda del Centro.<\/p>\n<p><a href=\"https:\/\/blogsaverroes.juntadeandalucia.es\/ceipmayorzaragoza\/files\/2019\/12\/Anexo_II_Inscripcion_en_los_Servicios_de_AM_CE_y_AAEX.pdf\">Anexo_II_Inscripcion_en_los_Servicios_de_AM_CE_y_AAEX<\/a><\/p>\n<p><a href=\"https:\/\/blogsaverroes.juntadeandalucia.es\/ceipmayorzaragoza\/files\/2019\/12\/Anexo_V_Solicitud_de_bonificacion_AM_CE_y_AAEX.pdf\">Anexo_V_Solicitud_de_bonificacion_AM_CE_y_AAEX<\/a><\/p>\n","protected":false},"excerpt":{"rendered":"<p>AULA MATINAL El Aula Matinal abre sus puertas a las 7.30 horas de lunes a viernes, ofreciendo actividades diversas al &nbsp;alumnado de nuestro centro hasta el comienzo del horario lectivo. Puede utilizarse cualquier d\u00eda previa inscripci\u00f3n. Para este curso escolar, el Aula Matinal cuenta con 90 plazas. El Aula&#46;&#46;&#46;<\/p>\n","protected":false},"author":1,"featured_media":0,"parent":0,"menu_order":0,"comment_status":"open","ping_status":"open","template":"page-templates\/child-menu.php","meta":{"ngg_post_thumbnail":0,"footnotes":"","_mc_calendar":[]},"aioseo_notices":[],"_links":{"self":[{"href":"https:\/\/blogsaverroes.juntadeandalucia.es\/ceipmayorzaragoza\/wp-json\/wp\/v2\/pages\/870"}],"collection":[{"href":"https:\/\/blogsaverroes.juntadeandalucia.es\/ceipmayorzaragoza\/wp-json\/wp\/v2\/pages"}],"about":[{"href":"https:\/\/blogsaverroes.juntadeandalucia.es\/ceipmayorzaragoza\/wp-json\/wp\/v2\/types\/page"}],"author":[{"embeddable":true,"href":"https:\/\/blogsaverroes.juntadeandalucia.es\/ceipmayorzaragoza\/wp-json\/wp\/v2\/users\/1"}],"replies":[{"embeddable":true,"href":"https:\/\/blogsaverroes.juntadeandalucia.es\/ceipmayorzaragoza\/wp-json\/wp\/v2\/comments?post=870"}],"version-history":[{"count":12,"href":"https:\/\/blogsaverroes.juntadeandalucia.es\/ceipmayorzaragoza\/wp-json\/wp\/v2\/pages\/870\/revisions"}],"predecessor-version":[{"id":6598,"href":"https:\/\/blogsaverroes.juntadeandalucia.es\/ceipmayorzaragoza\/wp-json\/wp\/v2\/pages\/870\/revisions\/6598"}],"wp:attachment":[{"href":"https:\/\/blogsaverroes.juntadeandalucia.es\/ceipmayorzaragoza\/wp-json\/wp\/v2\/media?parent=870"}],"curies":[{"name":"wp","href":"https:\/\/api.w.org\/{rel}","templated":true}]}}