{"id":1009,"date":"2023-05-14T10:49:54","date_gmt":"2023-05-14T09:49:54","guid":{"rendered":"https:\/\/blogsaverroes.juntadeandalucia.es\/ceipmdoloresvelasco\/?page_id=1009"},"modified":"2024-03-09T19:22:21","modified_gmt":"2024-03-09T18:22:21","slug":"autoproteccion","status":"publish","type":"page","link":"https:\/\/blogsaverroes.juntadeandalucia.es\/ceipmdoloresvelasco\/autoproteccion\/","title":{"rendered":"Autoprotecci\u00f3n"},"content":{"rendered":"<p>[et_pb_section fb_built=&#8221;1&#8243; _builder_version=&#8221;4.14.5&#8243; _module_preset=&#8221;default&#8221; global_colors_info=&#8221;{}&#8221;][et_pb_row _builder_version=&#8221;4.14.5&#8243; _module_preset=&#8221;default&#8221; global_colors_info=&#8221;{}&#8221;][et_pb_column type=&#8221;4_4&#8243; _builder_version=&#8221;4.14.5&#8243; _module_preset=&#8221;default&#8221; global_colors_info=&#8221;{}&#8221;][et_pb_image src=&#8221;https:\/\/blogsaverroes.juntadeandalucia.es\/ceipmdoloresvelasco\/files\/2023\/06\/foto-autoproteccion.jpg&#8221; title_text=&#8221;foto-autoproteccion&#8221; _builder_version=&#8221;4.14.5&#8243; _module_preset=&#8221;default&#8221; global_colors_info=&#8221;{}&#8221;][\/et_pb_image][\/et_pb_column][\/et_pb_row][et_pb_row _builder_version=&#8221;4.14.5&#8243; _module_preset=&#8221;default&#8221; global_colors_info=&#8221;{}&#8221;][et_pb_column type=&#8221;4_4&#8243; _builder_version=&#8221;4.14.5&#8243; _module_preset=&#8221;default&#8221; global_colors_info=&#8221;{}&#8221;][et_pb_text _builder_version=&#8221;4.14.5&#8243; _module_preset=&#8221;default&#8221; global_colors_info=&#8221;{}&#8221;]<\/p>\n<h2><strong>PLAN DE AUTOPROTECCI\u00d3N<\/strong><\/h2>\n<p>Este Plan es uno de los m\u00e1s relevantes de cualquier Centro pues salvaguarda la integridad f\u00edsica del alumnado, profesorado y personal no docente que se encuentre en el Centro, previene situaciones de emergencia, haciendo uso de los medios materiales y humanos disponibles, dentro de un l\u00edmite de tiempo razonable, para que no existan consecuencias negativas o mitigarlas al m\u00e1ximo y act\u00faa ante la emergencia cuando \u00e9sta aparezca, usando para ellos los medios de que nos hemos dotado anteriormente para su neutralizaci\u00f3n.<\/p>\n<p>Contamos con un estudio hecho por una empresa externa en diciembre de 2020 que nos actualiz\u00f3 el mismo y nos digitaliz\u00f3 la planimetr\u00eda del Centro con las direcciones a seguir en caso de evacuaci\u00f3n y\/o confinamiento.<\/p>\n<p>\u00a0Es conocido por todo el personal y alumnado del Centro para poder actuar en caso de emergencia. Se revisa peri\u00f3dicamente.<\/p>\n<p>Dentro de este Plan se encuentra tambi\u00e9n el <strong>protocolo Covid 19<\/strong> que hemos estado realizando estos a\u00f1os.<\/p>\n<p>&nbsp;<\/p>\n<p>Coordina<strong> D\u00f1a Dolores Vaquero Alonso.<\/strong><\/p>\n<p>[\/et_pb_text][\/et_pb_column][\/et_pb_row][\/et_pb_section]<\/p>\n","protected":false},"excerpt":{"rendered":"<p>PLAN DE AUTOPROTECCI\u00d3N Este Plan es uno de los m\u00e1s relevantes de cualquier Centro pues salvaguarda la integridad f\u00edsica del alumnado, profesorado y personal no docente que se encuentre en el Centro, previene situaciones de emergencia, haciendo uso de los medios materiales y humanos disponibles, dentro de un l\u00edmite de tiempo razonable, para que no [&hellip;]<\/p>\n","protected":false},"author":17866,"featured_media":0,"parent":0,"menu_order":0,"comment_status":"closed","ping_status":"closed","template":"","meta":{"_et_pb_use_builder":"on","_et_pb_old_content":"","_et_gb_content_width":"","ngg_post_thumbnail":0,"footnotes":""},"aioseo_notices":[],"_links":{"self":[{"href":"https:\/\/blogsaverroes.juntadeandalucia.es\/ceipmdoloresvelasco\/wp-json\/wp\/v2\/pages\/1009"}],"collection":[{"href":"https:\/\/blogsaverroes.juntadeandalucia.es\/ceipmdoloresvelasco\/wp-json\/wp\/v2\/pages"}],"about":[{"href":"https:\/\/blogsaverroes.juntadeandalucia.es\/ceipmdoloresvelasco\/wp-json\/wp\/v2\/types\/page"}],"author":[{"embeddable":true,"href":"https:\/\/blogsaverroes.juntadeandalucia.es\/ceipmdoloresvelasco\/wp-json\/wp\/v2\/users\/17866"}],"replies":[{"embeddable":true,"href":"https:\/\/blogsaverroes.juntadeandalucia.es\/ceipmdoloresvelasco\/wp-json\/wp\/v2\/comments?post=1009"}],"version-history":[{"count":6,"href":"https:\/\/blogsaverroes.juntadeandalucia.es\/ceipmdoloresvelasco\/wp-json\/wp\/v2\/pages\/1009\/revisions"}],"predecessor-version":[{"id":1410,"href":"https:\/\/blogsaverroes.juntadeandalucia.es\/ceipmdoloresvelasco\/wp-json\/wp\/v2\/pages\/1009\/revisions\/1410"}],"wp:attachment":[{"href":"https:\/\/blogsaverroes.juntadeandalucia.es\/ceipmdoloresvelasco\/wp-json\/wp\/v2\/media?parent=1009"}],"curies":[{"name":"wp","href":"https:\/\/api.w.org\/{rel}","templated":true}]}}