{"id":141,"date":"2015-03-17T07:13:24","date_gmt":"2015-03-17T07:13:24","guid":{"rendered":"http:\/\/blogsaverroes.juntadeandalucia.es\/pre\/ceip\/?page_id=141"},"modified":"2021-05-29T10:14:48","modified_gmt":"2021-05-29T10:14:48","slug":"escolarizacion","status":"publish","type":"page","link":"https:\/\/blogsaverroes.juntadeandalucia.es\/ceipmedinaolmos\/escolarizacion\/","title":{"rendered":"Escolarizaci\u00f3n"},"content":{"rendered":"<p>Esta secci\u00f3n puedes&nbsp; encontrar toda la informaci\u00f3n de utilidad para las familias a la hora de de iniciar el proceso de escolarizaci\u00f3n: plazos, documentos, normativa, enlaces, etc.<\/p>\n<ul>\n<li><a title=\"Lista baremada de solicitudes recibidas\" href=\"http:\/\/blogsaverroes.juntadeandalucia.es\/ceipmedinaolmos\/2021\/04\/11\/lista-baremada-de-solicitudes-recibidas\/\">Lista baremada de solicitudes recibidas<\/a><\/li>\n<li><span style=\"font-size: 12pt\"><strong><a title=\"Matriculaci\u00f3n y lista de alumnos admitidos y reubicados en el proceso de escolarizaci\u00f3n\" href=\"http:\/\/blogsaverroes.juntadeandalucia.es\/ceipmedinaolmos\/2021\/05\/26\/lista-de-alumnos-admitidos-y-reubicados-en-el-proceso-de-escolarizacion\/\">Matriculaci\u00f3n y lista de alumnos admitidos y reubicados en el proceso de escolarizaci\u00f3n<\/a><\/strong><\/span><\/li>\n<\/ul>\n<p><a href=\"https:\/\/blogsaverroes.juntadeandalucia.es\/ceipmedinaolmos\/files\/2015\/03\/Captura-de-pantalla-2018-03-04-a-las-20.11.28.png\"><img loading=\"lazy\" decoding=\"async\" class=\"wp-image-2303 size-medium aligncenter\" src=\"https:\/\/blogsaverroes.juntadeandalucia.es\/ceipmedinaolmos\/files\/2015\/03\/Captura-de-pantalla-2018-03-04-a-las-20.11.28-300x155.png\" alt=\"\" width=\"300\" height=\"155\" srcset=\"https:\/\/blogsaverroes.juntadeandalucia.es\/ceipmedinaolmos\/files\/2015\/03\/Captura-de-pantalla-2018-03-04-a-las-20.11.28-300x155.png 300w, https:\/\/blogsaverroes.juntadeandalucia.es\/ceipmedinaolmos\/files\/2015\/03\/Captura-de-pantalla-2018-03-04-a-las-20.11.28-768x398.png 768w, https:\/\/blogsaverroes.juntadeandalucia.es\/ceipmedinaolmos\/files\/2015\/03\/Captura-de-pantalla-2018-03-04-a-las-20.11.28-1024x530.png 1024w, https:\/\/blogsaverroes.juntadeandalucia.es\/ceipmedinaolmos\/files\/2015\/03\/Captura-de-pantalla-2018-03-04-a-las-20.11.28-700x363.png 700w, https:\/\/blogsaverroes.juntadeandalucia.es\/ceipmedinaolmos\/files\/2015\/03\/Captura-de-pantalla-2018-03-04-a-las-20.11.28-24x12.png 24w, https:\/\/blogsaverroes.juntadeandalucia.es\/ceipmedinaolmos\/files\/2015\/03\/Captura-de-pantalla-2018-03-04-a-las-20.11.28-36x19.png 36w, https:\/\/blogsaverroes.juntadeandalucia.es\/ceipmedinaolmos\/files\/2015\/03\/Captura-de-pantalla-2018-03-04-a-las-20.11.28-48x25.png 48w, https:\/\/blogsaverroes.juntadeandalucia.es\/ceipmedinaolmos\/files\/2015\/03\/Captura-de-pantalla-2018-03-04-a-las-20.11.28.png 1058w\" sizes=\"(max-width: 300px) 100vw, 300px\" \/><\/a><\/p>\n<p><a title=\"Portal escolarizaci\u00f3n\" href=\"http:\/\/www.juntadeandalucia.es\/educacion\/portals\/web\/escolarizacion\" target=\"_blank\" rel=\"noopener noreferrer\">Enlace al portal de escolarizaci\u00f3n.<\/a><\/p>\n<p><a title=\"Procedimiento\" href=\"http:\/\/www.juntadeandalucia.es\/educacion\/portals\/web\/escolarizacion\/infantil-a-bachillerato\/normativa\/-\/normativas\/detalle\/decreto-9-2017-de-31-de-enero-por-el-que-se-modifica-el-decreto-40-2011-de-22-de-febrero-por-el-que-se-regulan-los\" target=\"_blank\" rel=\"noopener noreferrer\">Normativa<\/a>&nbsp;sobre el proceso de escolarizaci\u00f3n.<\/p>\n","protected":false},"excerpt":{"rendered":"<p>Esta secci\u00f3n puedes&nbsp; encontrar toda la informaci\u00f3n de utilidad para las familias a la hora de de iniciar el proceso de escolarizaci\u00f3n: plazos, documentos, normativa, enlaces, etc. Lista baremada de solicitudes recibidas Matriculaci\u00f3n y&#46;&#46;&#46;<\/p>\n","protected":false},"author":1,"featured_media":0,"parent":0,"menu_order":0,"comment_status":"closed","ping_status":"open","template":"","meta":{"ngg_post_thumbnail":0,"footnotes":"","_mc_calendar":[]},"aioseo_notices":[],"_links":{"self":[{"href":"https:\/\/blogsaverroes.juntadeandalucia.es\/ceipmedinaolmos\/wp-json\/wp\/v2\/pages\/141"}],"collection":[{"href":"https:\/\/blogsaverroes.juntadeandalucia.es\/ceipmedinaolmos\/wp-json\/wp\/v2\/pages"}],"about":[{"href":"https:\/\/blogsaverroes.juntadeandalucia.es\/ceipmedinaolmos\/wp-json\/wp\/v2\/types\/page"}],"author":[{"embeddable":true,"href":"https:\/\/blogsaverroes.juntadeandalucia.es\/ceipmedinaolmos\/wp-json\/wp\/v2\/users\/1"}],"replies":[{"embeddable":true,"href":"https:\/\/blogsaverroes.juntadeandalucia.es\/ceipmedinaolmos\/wp-json\/wp\/v2\/comments?post=141"}],"version-history":[{"count":10,"href":"https:\/\/blogsaverroes.juntadeandalucia.es\/ceipmedinaolmos\/wp-json\/wp\/v2\/pages\/141\/revisions"}],"predecessor-version":[{"id":2552,"href":"https:\/\/blogsaverroes.juntadeandalucia.es\/ceipmedinaolmos\/wp-json\/wp\/v2\/pages\/141\/revisions\/2552"}],"wp:attachment":[{"href":"https:\/\/blogsaverroes.juntadeandalucia.es\/ceipmedinaolmos\/wp-json\/wp\/v2\/media?parent=141"}],"curies":[{"name":"wp","href":"https:\/\/api.w.org\/{rel}","templated":true}]}}