{"id":2264,"date":"2016-11-21T22:33:13","date_gmt":"2016-11-21T22:33:13","guid":{"rendered":"http:\/\/blogsaverroes.juntadeandalucia.es\/ceipmedinaolmos\/?page_id=2264"},"modified":"2016-11-21T22:50:15","modified_gmt":"2016-11-21T22:50:15","slug":"galerias-fotograficas","status":"publish","type":"page","link":"https:\/\/blogsaverroes.juntadeandalucia.es\/ceipmedinaolmos\/galerias-fotograficas\/","title":{"rendered":"Galerias Fotogr\u00e1ficas"},"content":{"rendered":"<p>En esta secci\u00f3n puedes ver las galer\u00edas fotogr\u00e1ficas de los diferentes eventos en los que participa \u00a0el CEIP Medina Olmos.<\/p>\n","protected":false},"excerpt":{"rendered":"<p>En esta secci\u00f3n puedes ver las galer\u00edas fotogr\u00e1ficas de los diferentes eventos en los que participa \u00a0el CEIP Medina Olmos.<\/p>\n","protected":false},"author":3816,"featured_media":0,"parent":0,"menu_order":0,"comment_status":"open","ping_status":"open","template":"","meta":{"ngg_post_thumbnail":0,"footnotes":"","_mc_calendar":[]},"aioseo_notices":[],"_links":{"self":[{"href":"https:\/\/blogsaverroes.juntadeandalucia.es\/ceipmedinaolmos\/wp-json\/wp\/v2\/pages\/2264"}],"collection":[{"href":"https:\/\/blogsaverroes.juntadeandalucia.es\/ceipmedinaolmos\/wp-json\/wp\/v2\/pages"}],"about":[{"href":"https:\/\/blogsaverroes.juntadeandalucia.es\/ceipmedinaolmos\/wp-json\/wp\/v2\/types\/page"}],"author":[{"embeddable":true,"href":"https:\/\/blogsaverroes.juntadeandalucia.es\/ceipmedinaolmos\/wp-json\/wp\/v2\/users\/3816"}],"replies":[{"embeddable":true,"href":"https:\/\/blogsaverroes.juntadeandalucia.es\/ceipmedinaolmos\/wp-json\/wp\/v2\/comments?post=2264"}],"version-history":[{"count":3,"href":"https:\/\/blogsaverroes.juntadeandalucia.es\/ceipmedinaolmos\/wp-json\/wp\/v2\/pages\/2264\/revisions"}],"predecessor-version":[{"id":2274,"href":"https:\/\/blogsaverroes.juntadeandalucia.es\/ceipmedinaolmos\/wp-json\/wp\/v2\/pages\/2264\/revisions\/2274"}],"wp:attachment":[{"href":"https:\/\/blogsaverroes.juntadeandalucia.es\/ceipmedinaolmos\/wp-json\/wp\/v2\/media?parent=2264"}],"curies":[{"name":"wp","href":"https:\/\/api.w.org\/{rel}","templated":true}]}}