{"id":2474,"date":"2020-11-30T18:30:39","date_gmt":"2020-11-30T18:30:39","guid":{"rendered":"http:\/\/blogsaverroes.juntadeandalucia.es\/ceipmedinaolmos\/?page_id=2474"},"modified":"2020-11-30T18:31:08","modified_gmt":"2020-11-30T18:31:08","slug":"herranientas-telematicas","status":"publish","type":"page","link":"https:\/\/blogsaverroes.juntadeandalucia.es\/ceipmedinaolmos\/herranientas-telematicas\/","title":{"rendered":"HERRANIENTAS TELEM\u00c1TICAS"},"content":{"rendered":"<p>En esta p\u00e1gina pod\u00e9is encontrar ayuda con las herramientas telem\u00e1ticas.<\/p>\n<p style=\"text-align: center\"><strong>Iniciar sesi\u00f3n en la cuenta de correo del colegio y Classroom<\/strong><\/p>\n<p style=\"text-align: center\"><iframe loading=\"lazy\" src=\"https:\/\/www.youtube.com\/embed\/tf2fux4E4TU\" width=\"560\" height=\"315\" frameborder=\"0\"><\/iframe><\/p>\n<p style=\"text-align: center\"><iframe loading=\"lazy\" src=\"https:\/\/www.youtube.com\/embed\/A1Q7RyCwtCk\" width=\"560\" height=\"315\" frameborder=\"0\"><\/iframe><br \/>\n&nbsp;<\/p>\n<p style=\"text-align: center\"><strong>Registrarse en EdebeOn y registrar las licencias de los libros para acceder a ellos digitalmete.<\/strong><\/p>\n<p style=\"text-align: center\"><iframe loading=\"lazy\" src=\"https:\/\/www.youtube.com\/embed\/CnAM1j475g0\" width=\"560\" height=\"315\" frameborder=\"0\"><\/iframe><br \/>\n&nbsp;<\/p>\n<p style=\"text-align: center\"><strong>Firmar autorizaciones desde el \u00e1rea Pasen<\/strong><\/p>\n<p style=\"text-align: center\"><iframe loading=\"lazy\" src=\"https:\/\/www.youtube.com\/embed\/KTe2jEcAvRw\" width=\"560\" height=\"315\" frameborder=\"0\"><\/iframe>&nbsp;<\/p>\n","protected":false},"excerpt":{"rendered":"<p>En esta p\u00e1gina pod\u00e9is encontrar ayuda con las herramientas telem\u00e1ticas. Iniciar sesi\u00f3n en la cuenta de correo del colegio y Classroom &nbsp; Registrarse en EdebeOn y registrar las licencias de los libros para acceder&#46;&#46;&#46;<\/p>\n","protected":false},"author":3816,"featured_media":0,"parent":0,"menu_order":0,"comment_status":"closed","ping_status":"closed","template":"","meta":{"ngg_post_thumbnail":0,"footnotes":"","_mc_calendar":[]},"aioseo_notices":[],"_links":{"self":[{"href":"https:\/\/blogsaverroes.juntadeandalucia.es\/ceipmedinaolmos\/wp-json\/wp\/v2\/pages\/2474"}],"collection":[{"href":"https:\/\/blogsaverroes.juntadeandalucia.es\/ceipmedinaolmos\/wp-json\/wp\/v2\/pages"}],"about":[{"href":"https:\/\/blogsaverroes.juntadeandalucia.es\/ceipmedinaolmos\/wp-json\/wp\/v2\/types\/page"}],"author":[{"embeddable":true,"href":"https:\/\/blogsaverroes.juntadeandalucia.es\/ceipmedinaolmos\/wp-json\/wp\/v2\/users\/3816"}],"replies":[{"embeddable":true,"href":"https:\/\/blogsaverroes.juntadeandalucia.es\/ceipmedinaolmos\/wp-json\/wp\/v2\/comments?post=2474"}],"version-history":[{"count":2,"href":"https:\/\/blogsaverroes.juntadeandalucia.es\/ceipmedinaolmos\/wp-json\/wp\/v2\/pages\/2474\/revisions"}],"predecessor-version":[{"id":2501,"href":"https:\/\/blogsaverroes.juntadeandalucia.es\/ceipmedinaolmos\/wp-json\/wp\/v2\/pages\/2474\/revisions\/2501"}],"wp:attachment":[{"href":"https:\/\/blogsaverroes.juntadeandalucia.es\/ceipmedinaolmos\/wp-json\/wp\/v2\/media?parent=2474"}],"curies":[{"name":"wp","href":"https:\/\/api.w.org\/{rel}","templated":true}]}}