{"id":2754,"date":"2025-03-07T09:21:56","date_gmt":"2025-03-07T09:21:56","guid":{"rendered":"https:\/\/blogsaverroes.juntadeandalucia.es\/ceipmedinaolmos\/?page_id=2754"},"modified":"2025-03-07T13:00:30","modified_gmt":"2025-03-07T13:00:30","slug":"bilinguismo","status":"publish","type":"page","link":"https:\/\/blogsaverroes.juntadeandalucia.es\/ceipmedinaolmos\/bilinguismo\/","title":{"rendered":"BILING\u00dcISMO"},"content":{"rendered":"<p align=\"center\"><span style=\"color: #21211e\"><span style=\"font-family: Source Sans Pro, sans-serif\"><span style=\"font-size: small\"><b>INFORMATION SHEET FOR LANGUAGE ASSISTANTS<\/b><\/span><\/span><\/span><\/p>\n<p align=\"center\"><span style=\"color: #21211e\"><span style=\"font-family: Source Sans Pro, sans-serif\"><span style=\"font-size: small\"><b>SCHOOL YEAR 2025-2026<\/b><\/span><\/span><\/span><\/p>\n<p align=\"justify\"><span style=\"font-family: Liberation Serif, serif\"><span style=\"font-size: small\"><span style=\"font-family: Source Sans Pro, serif\"><i>* Esta ficha pretende facilitar informaci\u00f3n al auxiliar que desconoce nuestro sistema educativo y cultura. Se evitar\u00e1n acr\u00f3nimos y se har\u00e1 lo m\u00e1s comprensible posible. Es recomendable que los<\/i><\/span><span style=\"font-family: Source Sans Pro, serif\"><i>\/las actuales auxiliares contribuyan a cumplimentar esta ficha<\/i><\/span><span style=\"font-family: Source Sans Pro, serif\"><i> (borrar est<\/i><\/span><span style=\"font-family: Source Sans Pro, serif\"><i>a<\/i><\/span><span style=\"font-family: Source Sans Pro, serif\"><i> informaci\u00f3n).<\/i><\/span><\/span><\/span><\/p>\n<table width=\"100%\" cellspacing=\"0\" cellpadding=\"4\">\n<colgroup>\n<col width=\"98*\">\n<col width=\"158*\"><\/colgroup>\n<tbody>\n<tr valign=\"top\">\n<td width=\"38%\">\n<p align=\"justify\"><span style=\"font-family: Source Sans Pro, sans-serif\"><span style=\"font-size: small\"><b>SCHOOL DATA<\/b><\/span><\/span><\/p>\n<\/td>\n<td width=\"62%\">\n<p align=\"justify\"><span style=\"font-family: Source Sans Pro, sans-serif\"><span style=\"font-size: small\">&#8211; CEIP Medina Olmos<\/span><\/span><\/p>\n<p align=\"justify\"><span style=\"font-family: Source Sans Pro, sans-serif\"><span style=\"font-size: small\">&#8211; Calle San Miguel, 48&nbsp;<\/span><\/span><\/p>\n<p align=\"justify\"><span style=\"font-family: Source Sans Pro, sans-serif\"><span style=\"font-size: small\">&#8211; Telephone number +34 600149183<\/span><\/span><\/p>\n<p align=\"justify\"><span style=\"font-family: Source Sans Pro, sans-serif\"><span style=\"font-size: small\">&#8211; Email 18004744.edu@juntadeandalucia.es<\/span><\/span><\/p>\n<p align=\"justify\"><span style=\"font-family: Source Sans Pro, sans-serif\"><span style=\"font-size: small\">&#8211; <a href=\"https:\/\/maps.app.goo.gl\/whAmZeMBY3m5cotz6\">Location link on Google Maps<\/a>.<\/span><\/span><\/p>\n<\/td>\n<\/tr>\n<tr valign=\"top\">\n<td width=\"38%\">\n<p align=\"justify\"><span style=\"font-family: Source Sans Pro, sans-serif\"><span style=\"font-size: small\"><b>Contact of the reference person(s)<\/b><\/span><\/span><\/p>\n<\/td>\n<td width=\"62%\">\n<p align=\"justify\"><span style=\"font-family: Source Sans Pro, sans-serif\"><span style=\"font-size: small\">&#8211; Email of a member of the management team<\/span><\/span><\/p>\n<p align=\"justify\"><span style=\"font-family: Source Sans Pro, sans-serif\"><span style=\"font-size: small\">cbalnav239@g.educaand.es<\/span><\/span><\/p>\n<p align=\"justify\"><span style=\"font-family: Source Sans Pro, sans-serif\"><span style=\"font-size: small\">&#8211; Email of the teacher coordinating the program<\/span><\/span><\/p>\n<p align=\"justify\"><span style=\"font-family: Source Sans Pro, sans-serif\"><span style=\"font-size: small\">cbalnav239@g.educaand.es<\/span><\/span><\/p>\n<\/td>\n<\/tr>\n<tr valign=\"top\">\n<td width=\"38%\">\n<p align=\"justify\"><span style=\"font-family: Source Sans Pro, sans-serif\"><span style=\"font-size: small\"><b>Education level<\/b><\/span><\/span><\/p>\n<\/td>\n<td width=\"62%\">\n<p align=\"justify\"><span style=\"font-family: Source Sans Pro, sans-serif\"><span style=\"font-size: small\">&#8211; Early Childhood Education (specify the age of the students)<\/span><\/span><\/p>\n<p align=\"justify\"><span style=\"font-family: Source Sans Pro, sans-serif\"><span style=\"font-size: small\">&#8211; Elementary School (specify the age of the students)<\/span><\/span><\/p>\n<p align=\"justify\"><span style=\"font-family: Source Sans Pro, sans-serif\"><span style=\"font-size: small\">&#8211; Middle\/High School (specify the age of the students)<\/span><\/span><\/p>\n<p align=\"justify\"><span style=\"font-family: Source Sans Pro, sans-serif\"><span style=\"font-size: small\">&#8211; Vocational Training (specify the age of the students)<\/span><\/span><\/p>\n<p align=\"justify\"><span style=\"font-family: Source Sans Pro, sans-serif\"><span style=\"font-size: small\">&#8211; Official Language School (specify the age of the students)<\/span><\/span><\/p>\n<\/td>\n<\/tr>\n<tr valign=\"top\">\n<td width=\"38%\">\n<p align=\"justify\"><span style=\"font-family: Source Sans Pro, sans-serif\"><span style=\"font-size: small\"><b>Accessibility<\/b><\/span><\/span><\/p>\n<\/td>\n<td width=\"62%\">\n<p align=\"justify\"><span style=\"font-family: Source Sans Pro, sans-serif\"><span style=\"font-size: small\">&#8211; There are no architectural barriers.<\/span><\/span><\/p>\n<\/td>\n<\/tr>\n<tr valign=\"top\">\n<td width=\"38%\">\n<p align=\"justify\"><span style=\"font-family: Source Sans Pro, sans-serif\"><span style=\"font-size: small\"><b>Collaboration subjects\/modules of the Language Assistant<\/b><\/span><\/span><\/p>\n<\/td>\n<td width=\"62%\">\n<p align=\"justify\"><span style=\"font-family: Source Sans Pro, serif\"><span style=\"font-size: small\">&#8211; Conocimiento del Medio.<\/span><\/span><\/p>\n<\/td>\n<\/tr>\n<tr valign=\"top\">\n<td width=\"38%\">\n<p align=\"justify\"><span style=\"font-family: Source Sans Pro, sans-serif\"><span style=\"font-size: small\"><b>Guidelines, resources and materials for the Language Assistant<\/b><\/span><\/span><\/p>\n<\/td>\n<td width=\"62%\">\n<ul>\n<li>\n<p align=\"justify\"><span style=\"font-family: Source Sans Pro, serif\"><span style=\"font-size: small\"><a href=\"https:\/\/drive.google.com\/drive\/folders\/1qvOc1jwUZL6n-w5tUgxBnmB0HBU3pdMd?usp=drive_link\">Recursos realizados por los auxiliares de conversaci\u00f3n<\/a><\/span><\/span><span style=\"font-family: Source Sans Pro, serif\"><span style=\"font-size: small\">.<\/span><\/span><\/p>\n<\/li>\n<\/ul>\n<p align=\"justify\"><span style=\"font-family: Source Sans Pro, serif\"><span style=\"font-size: small\">&#8211; Normas del centro (convivencia, horarios, fotocopias\u2026)<\/span><\/span><\/p>\n<\/td>\n<\/tr>\n<tr valign=\"top\">\n<td width=\"38%\">\n<p align=\"justify\"><span style=\"font-family: Source Sans Pro, sans-serif\"><span style=\"font-size: small\"><b>Information about the town and\/or neighborhood<\/b><\/span><\/span><\/p>\n<\/td>\n<td width=\"62%\">\n<p align=\"justify\"><span style=\"font-family: Source Sans Pro, sans-serif\"><span style=\"font-size: small\">&#8211; Brief information about the town. It can be linked to a promotional tourist video.<\/span><\/span><\/p>\n<p align=\"justify\"><span style=\"font-family: Source Sans Pro, sans-serif\"><span style=\"font-size: small\">&#8211; What can the town\/neighborhood offer a Language Assistant? Leisure, reading clubs, cinema clubs, language exchange, council\/district courses, sports clubs, hiking trails, nature, culture, gastronomy&#8230; It would be good to offer the local networks to the language assistant and facilitate his\/her integration into them. <\/span><\/span><\/p>\n<p align=\"justify\"><span style=\"font-family: Source Sans Pro, sans-serif\"><span style=\"font-size: small\">&#8211; Local opportunities to learn Spanish and socialise with locals. <\/span><\/span><\/p>\n<p align=\"justify\"><span style=\"font-family: Source Sans Pro, sans-serif\"><span style=\"font-size: small\">You can put a link to a page on the school\u2019s website so that this table does not become very extensive.<\/span><\/span><\/p>\n<p align=\"left\"><span style=\"font-family: Source Sans Pro, serif\"><span style=\"font-size: small\">&#8211; Posibilidades de la localidad para aprender espa\u00f1ol y socializar con locales. <\/span><\/span><\/p>\n<\/td>\n<\/tr>\n<tr valign=\"top\">\n<td width=\"38%\">\n<p align=\"justify\"><span style=\"font-family: Source Sans Pro, sans-serif\"><span style=\"font-size: small\"><b>Getting to school<\/b><\/span><\/span><\/p>\n<\/td>\n<td width=\"62%\">\n<p align=\"justify\"><span style=\"font-family: Source Sans Pro, sans-serif\"><span style=\"font-size: small\">&#8211; Public transport schedules. Link to the website of public transport companies.<\/span><\/span><\/p>\n<p align=\"justify\"><span style=\"font-family: Source Sans Pro, sans-serif\"><span style=\"font-size: small\">&#8211; Possibility of car-pooling with other teachers.<\/span><\/span><\/p>\n<p align=\"justify\"><span style=\"font-family: Source Sans Pro, sans-serif\"><span style=\"font-size: small\"><b>Important<\/b>: Specify cost (if any).<\/span><\/span><\/p>\n<\/td>\n<\/tr>\n<tr valign=\"top\">\n<td width=\"38%\">\n<p align=\"justify\"><span style=\"font-family: Source Sans Pro, sans-serif\"><span style=\"font-size: small\"><b>Accommodation<\/b><\/span><\/span><\/p>\n<p align=\"justify\"><span style=\"font-family: Source Sans Pro, sans-serif\"><span style=\"font-size: small\">&#8211; Where to live in town?<\/span><\/span><\/p>\n<p align=\"justify\"><span style=\"font-family: Source Sans Pro, sans-serif\"><span style=\"font-size: small\">&#8211; Possibility of staying with a family?<\/span><\/span><\/p>\n<p align=\"justify\"><span style=\"font-family: Source Sans Pro, sans-serif\"><span style=\"font-size: small\">&#8211; Possibility of sharing a flat with teachers?<\/span><\/span><\/p>\n<\/td>\n<td width=\"62%\">\n<p align=\"justify\"><span style=\"font-family: Source Sans Pro, sans-serif\"><span style=\"font-size: small\">&#8211; Provide links to shared rental websites, forums or the most effective way in the town.<\/span><\/span><\/p>\n<p align=\"justify\"><span style=\"font-family: Source Sans Pro, sans-serif\"><span style=\"font-size: small\">&#8211; It would be good to give the school community the opportunity to welcome the assistant into the family in convenient conditions for both the assistant and the family.<\/span><\/span><\/p>\n<p align=\"justify\"><span style=\"font-family: Source Sans Pro, sans-serif\"><span style=\"font-size: small\">&#8211; Contact of teachers interested in sharing a flat.<\/span><\/span><\/p>\n<p align=\"justify\"><span style=\"font-family: Source Sans Pro, sans-serif\"><span style=\"font-size: small\"><b>Important<\/b>: Specify cost of each option.<\/span><\/span><\/p>\n<\/td>\n<\/tr>\n<tr valign=\"top\">\n<td width=\"38%\">\n<p align=\"justify\"><span style=\"font-family: Source Sans Pro, sans-serif\"><span style=\"font-size: small\"><b>Contact with other Language Assistants<\/b><\/span><\/span><\/p>\n<\/td>\n<td width=\"62%\">\n<p align=\"justify\"><span style=\"font-family: Source Sans Pro, sans-serif\"><span style=\"font-size: small\">&#8211; It would be advisable to provide the contact of assistants who have previously been collaborating in the town\/area: link to the Facebook group, Telegram\/Whatsapp group..<\/span><\/span><\/p>\n<p align=\"justify\"><span style=\"color: #000000\"><span style=\"font-family: Source Sans Pro, serif\"><span style=\"font-size: small\">&#8211; Indicate if any previous assistants offer to tutor, assist or accompany their successors.<br \/>\n(On the form, only the initials of the assistant(s) should be indicated, as well as the country of origin and the school year in which the assistant(s) participated. The contact address will be provided privately, with the consent of the assistant(s)).<\/span><\/span><\/span><\/p>\n<\/td>\n<\/tr>\n<tr valign=\"top\">\n<td width=\"38%\">\n<p align=\"justify\"><span style=\"font-family: Source Sans Pro, sans-serif\"><span style=\"font-size: small\"><b>Previous Experiences with Language Assistants<\/b><\/span><\/span><\/p>\n<\/td>\n<td width=\"62%\">\n<p align=\"justify\"><span style=\"font-family: Source Sans Pro, sans-serif\"><span style=\"font-size: small\">Link to websites, assistants\u2019 blogs, school\u2019s blogs Youtube channels where former Language Assistants are shown. It is interesting to provide videos or promotional projects of the school. <\/span><\/span><\/p>\n<p align=\"justify\"><span style=\"font-family: Source Sans Pro, sans-serif\"><span style=\"font-size: small\">Ex.:<\/span><\/span><\/p>\n<p align=\"left\"><span style=\"font-family: Liberation Serif, serif\"><span style=\"font-size: medium\"><span style=\"color: #000000\"><span style=\"font-family: Source Sans Pro, serif\"><span style=\"font-size: small\">&#8211; <\/span><\/span><\/span><a href=\"http:\/\/alinguistico.blogspot.com\/2021\/05\/despedida-de-nuestro-auxiliar-alex.html\"><span style=\"color: #1155cc\"><span style=\"font-family: Source Sans Pro, serif\"><span style=\"font-size: small\"><u>Blog de Pilar Torres<\/u><\/span><\/span><\/span><\/a><\/span><\/span><\/p>\n<p align=\"left\"><span style=\"font-family: Liberation Serif, serif\"><span style=\"font-size: medium\"><a href=\"https:\/\/sites.google.com\/g.educaand.es\/iesaltoconquero2223\/inicio\"><span style=\"font-family: Source Sans Pro, serif\"><span style=\"font-size: small\">&#8211; <\/span><\/span><span style=\"font-family: Source Sans Pro, serif\"><span style=\"font-size: small\">IES Alto Conquero<\/span><\/span><\/a><\/span><\/span><\/p>\n<p align=\"justify\"><span style=\"font-family: Liberation Serif, serif\"><span style=\"font-size: medium\"><span style=\"font-family: Source Sans Pro, serif\"><span style=\"font-size: small\"><span lang=\"en-US\">&#8211; <\/span><\/span><\/span><a href=\"https:\/\/www.youtube.com\/watch?v=IEuAiJcQKzI\"><span style=\"color: #1155cc\"><span style=\"font-family: Source Sans Pro, serif\"><span style=\"font-size: small\"><span lang=\"en-US\"><u>V\u00eddeo del auxiliar Benjam\u00edn Burton \u201cLate for work\u201d<\/u><\/span><\/span><\/span><\/span><\/a><\/span><\/span><\/p>\n<\/td>\n<\/tr>\n<\/tbody>\n<\/table>\n<p align=\"left\">&nbsp;<\/p>\n","protected":false},"excerpt":{"rendered":"<p>INFORMATION SHEET FOR LANGUAGE ASSISTANTS SCHOOL YEAR 2025-2026 * Esta ficha pretende facilitar informaci\u00f3n al auxiliar que desconoce nuestro sistema educativo y cultura. Se evitar\u00e1n acr\u00f3nimos y se har\u00e1 lo m\u00e1s comprensible posible. Es&#46;&#46;&#46;<\/p>\n","protected":false},"author":3816,"featured_media":0,"parent":0,"menu_order":0,"comment_status":"closed","ping_status":"closed","template":"","meta":{"ngg_post_thumbnail":0,"footnotes":"","_mc_calendar":[]},"aioseo_notices":[],"_links":{"self":[{"href":"https:\/\/blogsaverroes.juntadeandalucia.es\/ceipmedinaolmos\/wp-json\/wp\/v2\/pages\/2754"}],"collection":[{"href":"https:\/\/blogsaverroes.juntadeandalucia.es\/ceipmedinaolmos\/wp-json\/wp\/v2\/pages"}],"about":[{"href":"https:\/\/blogsaverroes.juntadeandalucia.es\/ceipmedinaolmos\/wp-json\/wp\/v2\/types\/page"}],"author":[{"embeddable":true,"href":"https:\/\/blogsaverroes.juntadeandalucia.es\/ceipmedinaolmos\/wp-json\/wp\/v2\/users\/3816"}],"replies":[{"embeddable":true,"href":"https:\/\/blogsaverroes.juntadeandalucia.es\/ceipmedinaolmos\/wp-json\/wp\/v2\/comments?post=2754"}],"version-history":[{"count":5,"href":"https:\/\/blogsaverroes.juntadeandalucia.es\/ceipmedinaolmos\/wp-json\/wp\/v2\/pages\/2754\/revisions"}],"predecessor-version":[{"id":2760,"href":"https:\/\/blogsaverroes.juntadeandalucia.es\/ceipmedinaolmos\/wp-json\/wp\/v2\/pages\/2754\/revisions\/2760"}],"wp:attachment":[{"href":"https:\/\/blogsaverroes.juntadeandalucia.es\/ceipmedinaolmos\/wp-json\/wp\/v2\/media?parent=2754"}],"curies":[{"name":"wp","href":"https:\/\/api.w.org\/{rel}","templated":true}]}}