{"id":35,"date":"2015-03-13T08:21:43","date_gmt":"2015-03-13T08:21:43","guid":{"rendered":"http:\/\/blogsaverroes.juntadeandalucia.es\/pre\/ceip\/?page_id=35"},"modified":"2018-02-21T10:09:26","modified_gmt":"2018-02-21T10:09:26","slug":"el-centro-2","status":"publish","type":"page","link":"https:\/\/blogsaverroes.juntadeandalucia.es\/ceipmedinaolmos\/el-centro-2\/","title":{"rendered":"Datos del centro"},"content":{"rendered":"<h4><strong>Datos de contacto<\/strong><\/h4>\n<p>CEIP Medina Olmos<\/p>\n<p><strong>Direcci\u00f3n:<\/strong> &nbsp;Calle San Miguel, 48. Guadix&nbsp;18500 Granada.<\/p>\n<p><strong>Tel\u00e9fonos:&nbsp;600149183 &#8211; 958699929&nbsp; FAX: 958699927<\/strong><br \/>\n<strong>Email:<\/strong>&nbsp;18004744.edu@juntadeandalucia.es<\/p>\n<h4><strong>Horarios<\/strong><\/h4>\n<p>El horario de apertura del centro: aula matinal de 7:00 a 9:00, actividades lectivas de 9:00 a 14:00, Plan de Acompa\u00f1amiento martes y jueves de 16:00 a 18:00, talleres extraescolares organizados desde el AMPA, etc. de lunes a jueves de de 16:00 a 18:00<\/p>\n<h4><strong>Oferta educativa<\/strong><\/h4>\n<p>En el centro disponemos de la siguiente oferta educativa:<\/p>\n<ul>\n<li>2\u00ba Ciclo de Educaci\u00f3n Infantil 3 a\u00f1os, 4 a\u00f1os y 5 a\u00f1os<\/li>\n<li>Educaci\u00f3n Primaria de 1\u00ba a 6\u00ba<\/li>\n<li>Educaci\u00f3n Especial<\/li>\n<li>Aula TEA<\/li>\n<\/ul>\n<h4>Instalaciones<\/h4>\n<p><!-- default-view.php -->\n<div\n\tclass=\"ngg-galleryoverview default-view\n\t ngg-ajax-pagination-none\t\"\n\tid=\"ngg-gallery-7bd57b0a1e84a07a972d91eb4118437e-1\">\n\n\t\t<!-- Thumbnails -->\n\t\t\t\t<div id=\"ngg-image-0\" class=\"ngg-gallery-thumbnail-box\n\t\t\t\t\t\t\t\t\t\t\t\"\n\t\t\t>\n\t\t\t\t\t\t<div class=\"ngg-gallery-thumbnail\">\n\t\t\t<a href=\"https:\/\/blogsaverroes.juntadeandalucia.es\/ceipmedinaolmos\/wp-content\/uploads\/sites\/792\/nggallery\/instalaciones\/instalacion01.jpg\"\n\t\t\t\ttitle=\"Aula\"\n\t\t\t\tdata-src=\"https:\/\/blogsaverroes.juntadeandalucia.es\/ceipmedinaolmos\/wp-content\/uploads\/sites\/792\/nggallery\/instalaciones\/instalacion01.jpg\"\n\t\t\t\tdata-thumbnail=\"https:\/\/blogsaverroes.juntadeandalucia.es\/ceipmedinaolmos\/wp-content\/uploads\/sites\/792\/nggallery\/instalaciones\/thumbs\/thumbs_instalacion01.jpg\"\n\t\t\t\tdata-image-id=\"12\"\n\t\t\t\tdata-title=\"instalacion01\"\n\t\t\t\tdata-description=\"Aula\"\n\t\t\t\tdata-image-slug=\"instalacion01\"\n\t\t\t\tclass=\"ngg-fancybox\" rel=\"7bd57b0a1e84a07a972d91eb4118437e\">\n\t\t\t\t<img\n\t\t\t\t\ttitle=\"instalacion01\"\n\t\t\t\t\talt=\"instalacion01\"\n\t\t\t\t\tsrc=\"https:\/\/blogsaverroes.juntadeandalucia.es\/ceipmedinaolmos\/wp-content\/uploads\/sites\/792\/nggallery\/instalaciones\/thumbs\/thumbs_instalacion01.jpg\"\n\t\t\t\t\twidth=\"120\"\n\t\t\t\t\theight=\"90\"\n\t\t\t\t\tstyle=\"max-width:100%;\"\n\t\t\t\t\/>\n\t\t\t<\/a>\n\t\t<\/div>\n\t\t\t\t\t\t\t<\/div>\n\t\t\t\n\t\t\t\t<div id=\"ngg-image-1\" class=\"ngg-gallery-thumbnail-box\n\t\t\t\t\t\t\t\t\t\t\t\"\n\t\t\t>\n\t\t\t\t\t\t<div class=\"ngg-gallery-thumbnail\">\n\t\t\t<a href=\"https:\/\/blogsaverroes.juntadeandalucia.es\/ceipmedinaolmos\/wp-content\/uploads\/sites\/792\/nggallery\/instalaciones\/instalacion02.jpg\"\n\t\t\t\ttitle=\"Gimnasio\"\n\t\t\t\tdata-src=\"https:\/\/blogsaverroes.juntadeandalucia.es\/ceipmedinaolmos\/wp-content\/uploads\/sites\/792\/nggallery\/instalaciones\/instalacion02.jpg\"\n\t\t\t\tdata-thumbnail=\"https:\/\/blogsaverroes.juntadeandalucia.es\/ceipmedinaolmos\/wp-content\/uploads\/sites\/792\/nggallery\/instalaciones\/thumbs\/thumbs_instalacion02.jpg\"\n\t\t\t\tdata-image-id=\"13\"\n\t\t\t\tdata-title=\"instalacion02\"\n\t\t\t\tdata-description=\"Gimnasio\"\n\t\t\t\tdata-image-slug=\"instalacion02\"\n\t\t\t\tclass=\"ngg-fancybox\" rel=\"7bd57b0a1e84a07a972d91eb4118437e\">\n\t\t\t\t<img\n\t\t\t\t\ttitle=\"instalacion02\"\n\t\t\t\t\talt=\"instalacion02\"\n\t\t\t\t\tsrc=\"https:\/\/blogsaverroes.juntadeandalucia.es\/ceipmedinaolmos\/wp-content\/uploads\/sites\/792\/nggallery\/instalaciones\/thumbs\/thumbs_instalacion02.jpg\"\n\t\t\t\t\twidth=\"120\"\n\t\t\t\t\theight=\"90\"\n\t\t\t\t\tstyle=\"max-width:100%;\"\n\t\t\t\t\/>\n\t\t\t<\/a>\n\t\t<\/div>\n\t\t\t\t\t\t\t<\/div>\n\t\t\t\n\t\t\t\t<div id=\"ngg-image-2\" class=\"ngg-gallery-thumbnail-box\n\t\t\t\t\t\t\t\t\t\t\t\"\n\t\t\t>\n\t\t\t\t\t\t<div class=\"ngg-gallery-thumbnail\">\n\t\t\t<a href=\"https:\/\/blogsaverroes.juntadeandalucia.es\/ceipmedinaolmos\/wp-content\/uploads\/sites\/792\/nggallery\/instalaciones\/instalacion03.jpg\"\n\t\t\t\ttitle=\"Sala de presentaciones\"\n\t\t\t\tdata-src=\"https:\/\/blogsaverroes.juntadeandalucia.es\/ceipmedinaolmos\/wp-content\/uploads\/sites\/792\/nggallery\/instalaciones\/instalacion03.jpg\"\n\t\t\t\tdata-thumbnail=\"https:\/\/blogsaverroes.juntadeandalucia.es\/ceipmedinaolmos\/wp-content\/uploads\/sites\/792\/nggallery\/instalaciones\/thumbs\/thumbs_instalacion03.jpg\"\n\t\t\t\tdata-image-id=\"14\"\n\t\t\t\tdata-title=\"instalacion03\"\n\t\t\t\tdata-description=\"Sala de presentaciones\"\n\t\t\t\tdata-image-slug=\"instalacion03\"\n\t\t\t\tclass=\"ngg-fancybox\" rel=\"7bd57b0a1e84a07a972d91eb4118437e\">\n\t\t\t\t<img\n\t\t\t\t\ttitle=\"instalacion03\"\n\t\t\t\t\talt=\"instalacion03\"\n\t\t\t\t\tsrc=\"https:\/\/blogsaverroes.juntadeandalucia.es\/ceipmedinaolmos\/wp-content\/uploads\/sites\/792\/nggallery\/instalaciones\/thumbs\/thumbs_instalacion03.jpg\"\n\t\t\t\t\twidth=\"120\"\n\t\t\t\t\theight=\"90\"\n\t\t\t\t\tstyle=\"max-width:100%;\"\n\t\t\t\t\/>\n\t\t\t<\/a>\n\t\t<\/div>\n\t\t\t\t\t\t\t<\/div>\n\t\t\t\n\t\t\t\t<div id=\"ngg-image-3\" class=\"ngg-gallery-thumbnail-box\n\t\t\t\t\t\t\t\t\t\t\t\"\n\t\t\t>\n\t\t\t\t\t\t<div class=\"ngg-gallery-thumbnail\">\n\t\t\t<a href=\"https:\/\/blogsaverroes.juntadeandalucia.es\/ceipmedinaolmos\/wp-content\/uploads\/sites\/792\/nggallery\/instalaciones\/instalacion04.jpg\"\n\t\t\t\ttitle=\"Taquillas\"\n\t\t\t\tdata-src=\"https:\/\/blogsaverroes.juntadeandalucia.es\/ceipmedinaolmos\/wp-content\/uploads\/sites\/792\/nggallery\/instalaciones\/instalacion04.jpg\"\n\t\t\t\tdata-thumbnail=\"https:\/\/blogsaverroes.juntadeandalucia.es\/ceipmedinaolmos\/wp-content\/uploads\/sites\/792\/nggallery\/instalaciones\/thumbs\/thumbs_instalacion04.jpg\"\n\t\t\t\tdata-image-id=\"15\"\n\t\t\t\tdata-title=\"instalacion04\"\n\t\t\t\tdata-description=\"Taquillas\"\n\t\t\t\tdata-image-slug=\"instalacion04\"\n\t\t\t\tclass=\"ngg-fancybox\" rel=\"7bd57b0a1e84a07a972d91eb4118437e\">\n\t\t\t\t<img\n\t\t\t\t\ttitle=\"instalacion04\"\n\t\t\t\t\talt=\"instalacion04\"\n\t\t\t\t\tsrc=\"https:\/\/blogsaverroes.juntadeandalucia.es\/ceipmedinaolmos\/wp-content\/uploads\/sites\/792\/nggallery\/instalaciones\/thumbs\/thumbs_instalacion04.jpg\"\n\t\t\t\t\twidth=\"120\"\n\t\t\t\t\theight=\"90\"\n\t\t\t\t\tstyle=\"max-width:100%;\"\n\t\t\t\t\/>\n\t\t\t<\/a>\n\t\t<\/div>\n\t\t\t\t\t\t\t<\/div>\n\t\t\t\n\t\n\t<br style=\"clear: both\" \/>\n\n\t\t<div class=\"slideshowlink\">\n\t\t<a href='https:\/\/blogsaverroes.juntadeandalucia.es\/ceipmedinaolmos\/el-centro-2\/nggallery\/slideshow'>[Mostrar presentaci\u00f3n de diapositivas]<\/a>\n\n\t<\/div>\n\t\n\t\t<!-- Pagination -->\n\t\t<div class='ngg-clear'><\/div>\t<\/div>\n<\/p>\n","protected":false},"excerpt":{"rendered":"<p>Datos de contacto CEIP Medina Olmos Direcci\u00f3n: &nbsp;Calle San Miguel, 48. Guadix&nbsp;18500 Granada. Tel\u00e9fonos:&nbsp;600149183 &#8211; 958699929&nbsp; FAX: 958699927 Email:&nbsp;18004744.edu@juntadeandalucia.es Horarios El horario de apertura del centro: aula matinal de 7:00 a 9:00, actividades lectivas&#46;&#46;&#46;<\/p>\n","protected":false},"author":1,"featured_media":0,"parent":0,"menu_order":0,"comment_status":"closed","ping_status":"open","template":"","meta":{"ngg_post_thumbnail":0,"footnotes":"","_mc_calendar":[]},"aioseo_notices":[],"_links":{"self":[{"href":"https:\/\/blogsaverroes.juntadeandalucia.es\/ceipmedinaolmos\/wp-json\/wp\/v2\/pages\/35"}],"collection":[{"href":"https:\/\/blogsaverroes.juntadeandalucia.es\/ceipmedinaolmos\/wp-json\/wp\/v2\/pages"}],"about":[{"href":"https:\/\/blogsaverroes.juntadeandalucia.es\/ceipmedinaolmos\/wp-json\/wp\/v2\/types\/page"}],"author":[{"embeddable":true,"href":"https:\/\/blogsaverroes.juntadeandalucia.es\/ceipmedinaolmos\/wp-json\/wp\/v2\/users\/1"}],"replies":[{"embeddable":true,"href":"https:\/\/blogsaverroes.juntadeandalucia.es\/ceipmedinaolmos\/wp-json\/wp\/v2\/comments?post=35"}],"version-history":[{"count":9,"href":"https:\/\/blogsaverroes.juntadeandalucia.es\/ceipmedinaolmos\/wp-json\/wp\/v2\/pages\/35\/revisions"}],"predecessor-version":[{"id":2289,"href":"https:\/\/blogsaverroes.juntadeandalucia.es\/ceipmedinaolmos\/wp-json\/wp\/v2\/pages\/35\/revisions\/2289"}],"wp:attachment":[{"href":"https:\/\/blogsaverroes.juntadeandalucia.es\/ceipmedinaolmos\/wp-json\/wp\/v2\/media?parent=35"}],"curies":[{"name":"wp","href":"https:\/\/api.w.org\/{rel}","templated":true}]}}