{"id":42,"date":"2015-03-13T08:40:47","date_gmt":"2015-03-13T08:40:47","guid":{"rendered":"http:\/\/blogsaverroes.juntadeandalucia.es\/pre\/ceip\/?page_id=42"},"modified":"2018-02-21T12:15:57","modified_gmt":"2018-02-21T12:15:57","slug":"equipo-directivo","status":"publish","type":"page","link":"https:\/\/blogsaverroes.juntadeandalucia.es\/ceipmedinaolmos\/equipo-directivo\/","title":{"rendered":"Equipo directivo"},"content":{"rendered":"<p>&nbsp;<\/p>\n<p><strong>Direcci\u00f3n: D. Jos\u00e9 Alejandro Cambil Dom\u00ednguez.<\/strong><\/p>\n<p><strong>Jefatura de estudios: D\u00aa. Francisca Avil\u00e9s Belmonte.<\/strong><\/p>\n<p><strong>Secretar\u00eda: D\u00aa. M\u00aa Ang\u00fastias Contreras del R\u00edo.<\/strong><\/p>\n","protected":false},"excerpt":{"rendered":"<p>&nbsp; Direcci\u00f3n: D. Jos\u00e9 Alejandro Cambil Dom\u00ednguez. Jefatura de estudios: D\u00aa. Francisca Avil\u00e9s Belmonte. Secretar\u00eda: D\u00aa. M\u00aa Ang\u00fastias Contreras del R\u00edo.<\/p>\n","protected":false},"author":1,"featured_media":0,"parent":0,"menu_order":0,"comment_status":"closed","ping_status":"open","template":"","meta":{"ngg_post_thumbnail":0,"footnotes":"","_mc_calendar":[]},"aioseo_notices":[],"_links":{"self":[{"href":"https:\/\/blogsaverroes.juntadeandalucia.es\/ceipmedinaolmos\/wp-json\/wp\/v2\/pages\/42"}],"collection":[{"href":"https:\/\/blogsaverroes.juntadeandalucia.es\/ceipmedinaolmos\/wp-json\/wp\/v2\/pages"}],"about":[{"href":"https:\/\/blogsaverroes.juntadeandalucia.es\/ceipmedinaolmos\/wp-json\/wp\/v2\/types\/page"}],"author":[{"embeddable":true,"href":"https:\/\/blogsaverroes.juntadeandalucia.es\/ceipmedinaolmos\/wp-json\/wp\/v2\/users\/1"}],"replies":[{"embeddable":true,"href":"https:\/\/blogsaverroes.juntadeandalucia.es\/ceipmedinaolmos\/wp-json\/wp\/v2\/comments?post=42"}],"version-history":[{"count":3,"href":"https:\/\/blogsaverroes.juntadeandalucia.es\/ceipmedinaolmos\/wp-json\/wp\/v2\/pages\/42\/revisions"}],"predecessor-version":[{"id":2294,"href":"https:\/\/blogsaverroes.juntadeandalucia.es\/ceipmedinaolmos\/wp-json\/wp\/v2\/pages\/42\/revisions\/2294"}],"wp:attachment":[{"href":"https:\/\/blogsaverroes.juntadeandalucia.es\/ceipmedinaolmos\/wp-json\/wp\/v2\/media?parent=42"}],"curies":[{"name":"wp","href":"https:\/\/api.w.org\/{rel}","templated":true}]}}