{"id":44,"date":"2015-03-13T08:42:15","date_gmt":"2015-03-13T08:42:15","guid":{"rendered":"http:\/\/blogsaverroes.juntadeandalucia.es\/pre\/ceip\/?page_id=44"},"modified":"2025-03-07T08:48:19","modified_gmt":"2025-03-07T08:48:19","slug":"planes-y-proyectos","status":"publish","type":"page","link":"https:\/\/blogsaverroes.juntadeandalucia.es\/ceipmedinaolmos\/planes-y-proyectos\/","title":{"rendered":"Planes y Programas"},"content":{"rendered":"<p>En el CEIP Medina Olmos se desarrollan los siguientes Planes y Programas de la Consejer\u00eda de Educaci\u00f3n, Formaci\u00f3n Profesional y Desarrollo Educativo y Programas propios:<\/p>\n<ul>\n<li><strong>Plan de igualdad de g\u00e9nero en educaci\u00f3n.<\/strong><\/li>\n<li><strong>Plan de apertura de centros docentes.<\/strong><\/li>\n<li><strong>Plan de Salud Laboral y P.R.L.<\/strong><\/li>\n<li><strong>Organizaci\u00f3n y Funcionamiento de las Bibliotecas Escolares.<\/strong><\/li>\n<li><strong>Programa de centro biling\u00fce &#8211; Ingl\u00e9s<\/strong><\/li>\n<li><strong>M\u00e1s Equidad \u00abInclusi\u00f3n.<\/strong><\/li>\n<li><strong>Pr\u00e1cticum Grado Maestro. <\/strong><\/li>\n<li><strong>PROA+ \u00abTRANSF\u00d3RMATE\u00bb. <\/strong><\/li>\n<li><strong>Transformaci\u00f3n Digital Educativa. <\/strong><\/li>\n<li><strong>Aulas verdes. <\/strong><\/li>\n<li><strong>Programa CIMA<\/strong>\n<ul>\n<li><em>\u00c1MBITO DE CONOCIMIENTO PROMOCI\u00d3N DE H\u00c1BITOS DE VIDA SALUDABLE<\/em><br \/>\nL\u00edneas de actuaci\u00f3n<br \/>\nEducaci\u00f3n emocional<br \/>\nAlimentaci\u00f3n saludable<br \/>\nPLANES Y PROYECTOS<br \/>\nSolicitud de renovaci\u00f3n en el Plan Escolar de Consumo de Frutas, Hortalizas y Leche.<\/li>\n<li><em>\u00c1MBITO DE CONOCIMIENTO EDUCACI\u00d3N AMBIENTAL PARA LA SOSTENIBILIDAD, ALDEA<\/em><br \/>\nL\u00cdNEAS DE ACTUACI\u00d3N<br \/>\nEcosistemas forestales y flora silvestre.<br \/>\nHuertos escolares.<br \/>\nPROYECTOS Y ACTIVIDADES<br \/>\nProyecto Sierra de las Nieves. Acotado a los centros educativos de gerencia del Parque<br \/>\nActividad La Naturaleza y T\u00fa.<\/li>\n<li><em>\u00c1MBITO DE CONOCIMIENTO STEAM:<\/em><br \/>\nL\u00cdNEAS DE ACTUACI\u00d3N<br \/>\nPensamiento computacional.<br \/>\nProgramaci\u00f3n y rob\u00f3tica.<br \/>\nPROYECTOS Y RETOS.<br \/>\nProyecto RetoTech.<br \/>\nDigiCraft.<\/li>\n<li>\u00c1MBITO DE CONOCIMIENTO INN, SOCIAL Y ED. DESARROLLO<\/li>\n<\/ul>\n<\/li>\n<\/ul>\n<p style=\"padding-left: 80px\">L\u00cdNEAS DE ACTUACI\u00d3N<br \/>\nDesarrollo sostenible<br \/>\nPROYECTOS Y ACTUACIONES<br \/>\nVisitas a Empresas: El emprendedor a tu lado<\/p>\n<ul>\n<li style=\"list-style-type: none\">\n<ul>\n<li>\u00c1MBITO DE CONOCIMIENTO EDUCOMUNICACI\u00d3N<br \/>\nL\u00cdNEAS DE ACTUACI\u00d3N<br \/>\nComunicaci\u00f3n oral y debate<br \/>\nComunicaci\u00f3n social de la ciencia<\/li>\n<\/ul>\n<\/li>\n<li><strong>PROGRAMAS DEL PROPIO CENTRO<\/strong>\n<ul>\n<li>Plan de resoluci\u00f3n de problemas y c\u00e1lculo mental.<\/li>\n<li>Plan de lectura.<\/li>\n<li>Plan de Composici\u00f3n escrita.<\/li>\n<\/ul>\n<\/li>\n<\/ul>\n","protected":false},"excerpt":{"rendered":"<p>En el CEIP Medina Olmos se desarrollan los siguientes Planes y Programas de la Consejer\u00eda de Educaci\u00f3n, Formaci\u00f3n Profesional y Desarrollo Educativo y Programas propios: Plan de igualdad de g\u00e9nero en educaci\u00f3n. Plan de&#46;&#46;&#46;<\/p>\n","protected":false},"author":1,"featured_media":0,"parent":0,"menu_order":0,"comment_status":"closed","ping_status":"closed","template":"","meta":{"ngg_post_thumbnail":0,"footnotes":"","_mc_calendar":[]},"aioseo_notices":[],"_links":{"self":[{"href":"https:\/\/blogsaverroes.juntadeandalucia.es\/ceipmedinaolmos\/wp-json\/wp\/v2\/pages\/44"}],"collection":[{"href":"https:\/\/blogsaverroes.juntadeandalucia.es\/ceipmedinaolmos\/wp-json\/wp\/v2\/pages"}],"about":[{"href":"https:\/\/blogsaverroes.juntadeandalucia.es\/ceipmedinaolmos\/wp-json\/wp\/v2\/types\/page"}],"author":[{"embeddable":true,"href":"https:\/\/blogsaverroes.juntadeandalucia.es\/ceipmedinaolmos\/wp-json\/wp\/v2\/users\/1"}],"replies":[{"embeddable":true,"href":"https:\/\/blogsaverroes.juntadeandalucia.es\/ceipmedinaolmos\/wp-json\/wp\/v2\/comments?post=44"}],"version-history":[{"count":3,"href":"https:\/\/blogsaverroes.juntadeandalucia.es\/ceipmedinaolmos\/wp-json\/wp\/v2\/pages\/44\/revisions"}],"predecessor-version":[{"id":2751,"href":"https:\/\/blogsaverroes.juntadeandalucia.es\/ceipmedinaolmos\/wp-json\/wp\/v2\/pages\/44\/revisions\/2751"}],"wp:attachment":[{"href":"https:\/\/blogsaverroes.juntadeandalucia.es\/ceipmedinaolmos\/wp-json\/wp\/v2\/media?parent=44"}],"curies":[{"name":"wp","href":"https:\/\/api.w.org\/{rel}","templated":true}]}}