{"id":869,"date":"2015-03-16T07:03:52","date_gmt":"2015-03-16T07:03:52","guid":{"rendered":"http:\/\/blogsaverroes.juntadeandalucia.es\/pre\/ceip\/?page_id=84"},"modified":"2020-06-30T22:39:08","modified_gmt":"2020-06-30T22:39:08","slug":"calendario-escolar","status":"publish","type":"page","link":"https:\/\/blogsaverroes.juntadeandalucia.es\/ceipmedinaolmos\/calendario-escolar\/","title":{"rendered":"Calendario escolar"},"content":{"rendered":"<p style=\"text-align: left\"><strong>Calendario escolar del&nbsp;pr\u00f3ximo curso a falta de fijar los&nbsp;dos d\u00edas no lectivos a elegir por el Consejo Escolar Municipal.<\/strong><\/p>\n<h4 style=\"text-align: center\"><strong>D\u00edas lectivos y festivos de la localidad.<\/strong><\/h4>\n<p><a href=\"https:\/\/blogsaverroes.juntadeandalucia.es\/ceipmedinaolmos\/files\/2020\/06\/Calendario-curso-20-21.png\"><img loading=\"lazy\" decoding=\"async\" class=\"wp-image-2422 size-large aligncenter\" src=\"https:\/\/blogsaverroes.juntadeandalucia.es\/ceipmedinaolmos\/files\/2020\/06\/Calendario-curso-20-21-724x1024.png\" alt=\"\" width=\"660\" height=\"933\" srcset=\"https:\/\/blogsaverroes.juntadeandalucia.es\/ceipmedinaolmos\/files\/2020\/06\/Calendario-curso-20-21-724x1024.png 724w, https:\/\/blogsaverroes.juntadeandalucia.es\/ceipmedinaolmos\/files\/2020\/06\/Calendario-curso-20-21-212x300.png 212w, https:\/\/blogsaverroes.juntadeandalucia.es\/ceipmedinaolmos\/files\/2020\/06\/Calendario-curso-20-21-768x1086.png 768w, https:\/\/blogsaverroes.juntadeandalucia.es\/ceipmedinaolmos\/files\/2020\/06\/Calendario-curso-20-21-700x990.png 700w, https:\/\/blogsaverroes.juntadeandalucia.es\/ceipmedinaolmos\/files\/2020\/06\/Calendario-curso-20-21-17x24.png 17w, https:\/\/blogsaverroes.juntadeandalucia.es\/ceipmedinaolmos\/files\/2020\/06\/Calendario-curso-20-21-25x36.png 25w, https:\/\/blogsaverroes.juntadeandalucia.es\/ceipmedinaolmos\/files\/2020\/06\/Calendario-curso-20-21-34x48.png 34w, https:\/\/blogsaverroes.juntadeandalucia.es\/ceipmedinaolmos\/files\/2020\/06\/Calendario-curso-20-21.png 1131w\" sizes=\"(max-width: 660px) 100vw, 660px\" \/><\/a><\/p>\n","protected":false},"excerpt":{"rendered":"<p>Calendario escolar del&nbsp;pr\u00f3ximo curso a falta de fijar los&nbsp;dos d\u00edas no lectivos a elegir por el Consejo Escolar Municipal. D\u00edas lectivos y festivos de la localidad.<\/p>\n","protected":false},"author":1,"featured_media":0,"parent":0,"menu_order":0,"comment_status":"closed","ping_status":"open","template":"","meta":{"ngg_post_thumbnail":0,"footnotes":"","_mc_calendar":[]},"aioseo_notices":[],"_links":{"self":[{"href":"https:\/\/blogsaverroes.juntadeandalucia.es\/ceipmedinaolmos\/wp-json\/wp\/v2\/pages\/869"}],"collection":[{"href":"https:\/\/blogsaverroes.juntadeandalucia.es\/ceipmedinaolmos\/wp-json\/wp\/v2\/pages"}],"about":[{"href":"https:\/\/blogsaverroes.juntadeandalucia.es\/ceipmedinaolmos\/wp-json\/wp\/v2\/types\/page"}],"author":[{"embeddable":true,"href":"https:\/\/blogsaverroes.juntadeandalucia.es\/ceipmedinaolmos\/wp-json\/wp\/v2\/users\/1"}],"replies":[{"embeddable":true,"href":"https:\/\/blogsaverroes.juntadeandalucia.es\/ceipmedinaolmos\/wp-json\/wp\/v2\/comments?post=869"}],"version-history":[{"count":6,"href":"https:\/\/blogsaverroes.juntadeandalucia.es\/ceipmedinaolmos\/wp-json\/wp\/v2\/pages\/869\/revisions"}],"predecessor-version":[{"id":2424,"href":"https:\/\/blogsaverroes.juntadeandalucia.es\/ceipmedinaolmos\/wp-json\/wp\/v2\/pages\/869\/revisions\/2424"}],"wp:attachment":[{"href":"https:\/\/blogsaverroes.juntadeandalucia.es\/ceipmedinaolmos\/wp-json\/wp\/v2\/media?parent=869"}],"curies":[{"name":"wp","href":"https:\/\/api.w.org\/{rel}","templated":true}]}}