{"id":42,"date":"2015-03-13T08:40:47","date_gmt":"2015-03-13T08:40:47","guid":{"rendered":"http:\/\/blogsaverroes.juntadeandalucia.es\/pre\/ceip\/?page_id=42"},"modified":"2023-04-14T09:36:57","modified_gmt":"2023-04-14T09:36:57","slug":"equipo-directivo","status":"publish","type":"page","link":"https:\/\/blogsaverroes.juntadeandalucia.es\/ceipmenendezpidal\/equipo-directivo\/","title":{"rendered":"Equipo directivo"},"content":{"rendered":"<p><em>&#8211; Direcci\u00f3n:<\/em><a href=\"https:\/\/5bceipmenendezpidal.blogspot.com\/?m=1\"><strong><span style=\"color: #000000\"><span style=\"color: #0000ff\"> Alicia \u00c1lvarez Cordero<\/span><\/span><\/strong><\/a><\/p>\n<p><em>&#8211; Jefatura de estudios: <\/em><a href=\"https:\/\/5bceipmenendezpidal.blogspot.com\/?m=1\"><strong><span style=\"color: #000000\"><span style=\"color: #0000ff\">Francisca Chamorro Hern\u00e1ndez<\/span><\/span><\/strong><\/a><\/p>\n<p><em>&#8211; Secretar\u00eda:<\/em><strong><span style=\"color: #0000ff\"> Mar\u00eda del Mar de Tena Romero&nbsp;<\/span><br \/>\n<\/strong><\/p>\n<p><a href=\"https:\/\/blogsaverroes.juntadeandalucia.es\/ceipmenendezpidal\/files\/2019\/09\/horario-de-direccio\u0301n.png\"><img loading=\"lazy\" decoding=\"async\" class=\"wp-image-2198 size-full aligncenter\" src=\"https:\/\/blogsaverroes.juntadeandalucia.es\/ceipmenendezpidal\/files\/2019\/09\/horario-de-direccio\u0301n.png\" alt=\"\" width=\"689\" height=\"315\"><\/a><\/p>\n","protected":false},"excerpt":{"rendered":"<p>&#8211; Direcci\u00f3n: Alicia \u00c1lvarez Cordero &#8211; Jefatura de estudios: Francisca Chamorro Hern\u00e1ndez &#8211; Secretar\u00eda: Mar\u00eda del Mar de Tena Romero&nbsp;<\/p>\n","protected":false},"author":1,"featured_media":0,"parent":0,"menu_order":0,"comment_status":"open","ping_status":"open","template":"page-templates\/child-menu.php","meta":{"ngg_post_thumbnail":0,"footnotes":"","_mc_calendar":[]},"aioseo_notices":[],"_links":{"self":[{"href":"https:\/\/blogsaverroes.juntadeandalucia.es\/ceipmenendezpidal\/wp-json\/wp\/v2\/pages\/42"}],"collection":[{"href":"https:\/\/blogsaverroes.juntadeandalucia.es\/ceipmenendezpidal\/wp-json\/wp\/v2\/pages"}],"about":[{"href":"https:\/\/blogsaverroes.juntadeandalucia.es\/ceipmenendezpidal\/wp-json\/wp\/v2\/types\/page"}],"author":[{"embeddable":true,"href":"https:\/\/blogsaverroes.juntadeandalucia.es\/ceipmenendezpidal\/wp-json\/wp\/v2\/users\/1"}],"replies":[{"embeddable":true,"href":"https:\/\/blogsaverroes.juntadeandalucia.es\/ceipmenendezpidal\/wp-json\/wp\/v2\/comments?post=42"}],"version-history":[{"count":15,"href":"https:\/\/blogsaverroes.juntadeandalucia.es\/ceipmenendezpidal\/wp-json\/wp\/v2\/pages\/42\/revisions"}],"predecessor-version":[{"id":2784,"href":"https:\/\/blogsaverroes.juntadeandalucia.es\/ceipmenendezpidal\/wp-json\/wp\/v2\/pages\/42\/revisions\/2784"}],"wp:attachment":[{"href":"https:\/\/blogsaverroes.juntadeandalucia.es\/ceipmenendezpidal\/wp-json\/wp\/v2\/media?parent=42"}],"curies":[{"name":"wp","href":"https:\/\/api.w.org\/{rel}","templated":true}]}}