{"id":44,"date":"2015-03-13T08:42:15","date_gmt":"2015-03-13T08:42:15","guid":{"rendered":"http:\/\/blogsaverroes.juntadeandalucia.es\/pre\/ceip\/?page_id=44"},"modified":"2023-04-19T10:46:51","modified_gmt":"2023-04-19T10:46:51","slug":"planes-y-proyectos","status":"publish","type":"page","link":"https:\/\/blogsaverroes.juntadeandalucia.es\/ceipmenendezpidal\/planes-y-proyectos\/","title":{"rendered":"Planes y Programas"},"content":{"rendered":"<p>Cada centro personaliza y adapta su Proyecto Educativo adheriendose a diferentes <strong>Planes y Programas<\/strong> promovidos desde la Consejer\u00eda de Educaci\u00f3n y Deporte.<\/p>\n<p>A continuaci\u00f3n se muestran aquellos a los que nuestro centro se encuentra adherido <em>(pulsa sobre la imagen para tener m\u00e1s informaci\u00f3n)<\/em><\/p>\n<h5>&nbsp;<\/h5>\n<p style=\"text-align: center\"><a href=\"https:\/\/www.juntadeandalucia.es\/educacion\/portals\/web\/convivencia-escolar\"><img loading=\"lazy\" decoding=\"async\" class=\"wp-image-2239 aligncenter\" src=\"https:\/\/blogsaverroes.juntadeandalucia.es\/ceipmenendezpidal\/files\/2015\/05\/Red-Andaluza-Escuela-espacio-de-Paz.jpg\" alt=\"\" width=\"269\" height=\"111\" srcset=\"https:\/\/blogsaverroes.juntadeandalucia.es\/ceipmenendezpidal\/files\/2015\/05\/Red-Andaluza-Escuela-espacio-de-Paz.jpg 350w, https:\/\/blogsaverroes.juntadeandalucia.es\/ceipmenendezpidal\/files\/2015\/05\/Red-Andaluza-Escuela-espacio-de-Paz-300x123.jpg 300w, https:\/\/blogsaverroes.juntadeandalucia.es\/ceipmenendezpidal\/files\/2015\/05\/Red-Andaluza-Escuela-espacio-de-Paz-24x10.jpg 24w, https:\/\/blogsaverroes.juntadeandalucia.es\/ceipmenendezpidal\/files\/2015\/05\/Red-Andaluza-Escuela-espacio-de-Paz-36x15.jpg 36w, https:\/\/blogsaverroes.juntadeandalucia.es\/ceipmenendezpidal\/files\/2015\/05\/Red-Andaluza-Escuela-espacio-de-Paz-48x20.jpg 48w\" sizes=\"(max-width: 269px) 100vw, 269px\" \/><\/a> Coordinador\/a: M\u00aa Antonia Vergara Hern\u00e1ndez&nbsp; &nbsp; &nbsp; &nbsp; &nbsp; &nbsp;&nbsp;<\/p>\n<p style=\"text-align: center\"><a href=\"https:\/\/blogsaverroes.juntadeandalucia.es\/ceipmenendezpidal\/files\/2023\/04\/Conv-Escolar.png\"><img loading=\"lazy\" decoding=\"async\" class=\"aligncenter wp-image-2809\" src=\"https:\/\/blogsaverroes.juntadeandalucia.es\/ceipmenendezpidal\/files\/2023\/04\/Conv-Escolar.png\" alt=\"\" width=\"204\" height=\"198\"><\/a><\/p>\n<p style=\"text-align: center\"><strong>&nbsp; &nbsp; &nbsp; &nbsp; &nbsp; &nbsp; &nbsp; &nbsp; &nbsp; &nbsp; &nbsp;Coordinador\/a: M\u00aa Antonia Vergara Hern\u00e1ndez&nbsp; &nbsp; &nbsp; &nbsp; &nbsp; &nbsp;&nbsp;<\/strong><\/p>\n<p><a href=\"https:\/\/blogsaverroes.juntadeandalucia.es\/ceipmenendezpidal\/files\/2023\/04\/PRL.jpg\"><img loading=\"lazy\" decoding=\"async\" class=\"aligncenter wp-image-2810\" src=\"https:\/\/blogsaverroes.juntadeandalucia.es\/ceipmenendezpidal\/files\/2023\/04\/PRL.jpg\" alt=\"\" width=\"272\" height=\"136\" srcset=\"https:\/\/blogsaverroes.juntadeandalucia.es\/ceipmenendezpidal\/files\/2023\/04\/PRL.jpg 318w, https:\/\/blogsaverroes.juntadeandalucia.es\/ceipmenendezpidal\/files\/2023\/04\/PRL-300x150.jpg 300w\" sizes=\"(max-width: 272px) 100vw, 272px\" \/><\/a><\/p>\n<p style=\"text-align: center\"><strong>Coordinador\/a: Gema Garc\u00eda Roca<\/strong><\/p>\n<p>&nbsp;<\/p>\n<h5 style=\"text-align: center\"><a href=\"https:\/\/blogsaverroes.juntadeandalucia.es\/ceipmenendezpidal\/files\/2023\/04\/plan-igualdad.jpg\"><img loading=\"lazy\" decoding=\"async\" class=\"aligncenter wp-image-2811\" src=\"https:\/\/blogsaverroes.juntadeandalucia.es\/ceipmenendezpidal\/files\/2023\/04\/plan-igualdad.jpg\" alt=\"\" width=\"361\" height=\"120\" srcset=\"https:\/\/blogsaverroes.juntadeandalucia.es\/ceipmenendezpidal\/files\/2023\/04\/plan-igualdad.jpg 900w, https:\/\/blogsaverroes.juntadeandalucia.es\/ceipmenendezpidal\/files\/2023\/04\/plan-igualdad-300x100.jpg 300w, https:\/\/blogsaverroes.juntadeandalucia.es\/ceipmenendezpidal\/files\/2023\/04\/plan-igualdad-768x256.jpg 768w\" sizes=\"(max-width: 361px) 100vw, 361px\" \/><\/a>&nbsp; &nbsp; &nbsp;&nbsp;<\/h5>\n<p style=\"text-align: center\"><strong>Coordinador\/a: Noem\u00ed Ojeda Garc\u00eda<\/strong><\/p>\n<p>&nbsp;<\/p>\n<h5 style=\"text-align: center\"><a href=\"https:\/\/blogsaverroes.juntadeandalucia.es\/ceipmenendezpidal\/files\/2023\/04\/Impulsa.jpg\"><img loading=\"lazy\" decoding=\"async\" class=\"aligncenter wp-image-2812\" src=\"https:\/\/blogsaverroes.juntadeandalucia.es\/ceipmenendezpidal\/files\/2023\/04\/Impulsa.jpg\" alt=\"\" width=\"365\" height=\"190\" srcset=\"https:\/\/blogsaverroes.juntadeandalucia.es\/ceipmenendezpidal\/files\/2023\/04\/Impulsa.jpg 311w, https:\/\/blogsaverroes.juntadeandalucia.es\/ceipmenendezpidal\/files\/2023\/04\/Impulsa-300x156.jpg 300w\" sizes=\"(max-width: 365px) 100vw, 365px\" \/><\/a><\/h5>\n<p style=\"text-align: center\"><strong>&nbsp; &nbsp;Coordinador\/a: Rosa Rodr\u00edguez Garc\u00eda&nbsp; &nbsp; &nbsp; &nbsp; &nbsp;&nbsp;<\/strong><\/p>\n<p><a href=\"https:\/\/blogsaverroes.juntadeandalucia.es\/ceipmenendezpidal\/files\/2023\/04\/Resoluci\u00f3n-Programas-para-la-Innovaci\u00f3n.jpg\"><img loading=\"lazy\" decoding=\"async\" class=\"aligncenter wp-image-2813\" src=\"https:\/\/blogsaverroes.juntadeandalucia.es\/ceipmenendezpidal\/files\/2023\/04\/Resoluci\u00f3n-Programas-para-la-Innovaci\u00f3n.jpg\" alt=\"\" width=\"337\" height=\"337\" srcset=\"https:\/\/blogsaverroes.juntadeandalucia.es\/ceipmenendezpidal\/files\/2023\/04\/Resoluci\u00f3n-Programas-para-la-Innovaci\u00f3n.jpg 500w, https:\/\/blogsaverroes.juntadeandalucia.es\/ceipmenendezpidal\/files\/2023\/04\/Resoluci\u00f3n-Programas-para-la-Innovaci\u00f3n-300x300.jpg 300w, https:\/\/blogsaverroes.juntadeandalucia.es\/ceipmenendezpidal\/files\/2023\/04\/Resoluci\u00f3n-Programas-para-la-Innovaci\u00f3n-150x150.jpg 150w, https:\/\/blogsaverroes.juntadeandalucia.es\/ceipmenendezpidal\/files\/2023\/04\/Resoluci\u00f3n-Programas-para-la-Innovaci\u00f3n-80x80.jpg 80w, https:\/\/blogsaverroes.juntadeandalucia.es\/ceipmenendezpidal\/files\/2023\/04\/Resoluci\u00f3n-Programas-para-la-Innovaci\u00f3n-320x320.jpg 320w\" sizes=\"(max-width: 337px) 100vw, 337px\" \/><\/a><\/p>\n<p>&nbsp;<\/p>\n<h5><a href=\"https:\/\/blogsaverroes.juntadeandalucia.es\/ceipmenendezpidal\/files\/2023\/04\/creciendo-en-salud.png\"><img loading=\"lazy\" decoding=\"async\" class=\"aligncenter wp-image-2814\" src=\"https:\/\/blogsaverroes.juntadeandalucia.es\/ceipmenendezpidal\/files\/2023\/04\/creciendo-en-salud.png\" alt=\"\" width=\"377\" height=\"267\"><\/a><\/h5>\n<p style=\"text-align: center\"><strong>Coordinador\/a: Mar\u00eda Laura Corral Cano&nbsp; &nbsp; &nbsp; &nbsp;&nbsp;<\/strong><\/p>\n<h5><a href=\"https:\/\/blogsaverroes.juntadeandalucia.es\/ceipmenendezpidal\/files\/2023\/04\/Aldea.jpg\"><img loading=\"lazy\" decoding=\"async\" class=\"aligncenter wp-image-2815\" src=\"https:\/\/blogsaverroes.juntadeandalucia.es\/ceipmenendezpidal\/files\/2023\/04\/Aldea.jpg\" alt=\"\" width=\"367\" height=\"251\"><\/a><\/h5>\n<p style=\"text-align: center\"><strong>Coordinador\/a: Rosa Rodr\u00edguez Garc\u00eda<\/strong><\/p>\n<h5 style=\"text-align: center\">&nbsp; &nbsp; <a href=\"https:\/\/blogsaverroes.juntadeandalucia.es\/ceipmenendezpidal\/files\/2023\/04\/tde.png\"><img loading=\"lazy\" decoding=\"async\" class=\"aligncenter wp-image-2816\" src=\"https:\/\/blogsaverroes.juntadeandalucia.es\/ceipmenendezpidal\/files\/2023\/04\/tde.png\" alt=\"\" width=\"517\" height=\"193\" srcset=\"https:\/\/blogsaverroes.juntadeandalucia.es\/ceipmenendezpidal\/files\/2023\/04\/tde.png 367w, https:\/\/blogsaverroes.juntadeandalucia.es\/ceipmenendezpidal\/files\/2023\/04\/tde-300x112.png 300w\" sizes=\"(max-width: 517px) 100vw, 517px\" \/><\/a><\/h5>\n<p style=\"text-align: center\"><strong>Coordinador\/a: Juan Antonio Contreras Andrada<\/strong><\/p>\n<h5>&nbsp; &nbsp; &nbsp; &nbsp;&nbsp;<\/h5>\n<h5>&nbsp;<\/h5>\n<h5>&nbsp;<\/h5>\n<p>&nbsp;<\/p>\n<h5>&nbsp;<\/h5>\n<h5>&nbsp;<\/h5>\n<h5>&nbsp;<\/h5>\n<h5>&nbsp;<\/h5>\n<p>&nbsp;<\/p>\n<h5>&nbsp;<\/h5>\n<p>&nbsp;<\/p>\n<h5>&nbsp;<\/h5>\n<h5>&nbsp;<\/h5>\n","protected":false},"excerpt":{"rendered":"<p>Cada centro personaliza y adapta su Proyecto Educativo adheriendose a diferentes Planes y Programas promovidos desde la Consejer\u00eda de Educaci\u00f3n y Deporte. A continuaci\u00f3n se muestran aquellos a los que nuestro centro se encuentra&#46;&#46;&#46;<\/p>\n","protected":false},"author":1,"featured_media":0,"parent":0,"menu_order":0,"comment_status":"open","ping_status":"closed","template":"page-templates\/child-menu.php","meta":{"ngg_post_thumbnail":0,"footnotes":"","_mc_calendar":[]},"aioseo_notices":[],"_links":{"self":[{"href":"https:\/\/blogsaverroes.juntadeandalucia.es\/ceipmenendezpidal\/wp-json\/wp\/v2\/pages\/44"}],"collection":[{"href":"https:\/\/blogsaverroes.juntadeandalucia.es\/ceipmenendezpidal\/wp-json\/wp\/v2\/pages"}],"about":[{"href":"https:\/\/blogsaverroes.juntadeandalucia.es\/ceipmenendezpidal\/wp-json\/wp\/v2\/types\/page"}],"author":[{"embeddable":true,"href":"https:\/\/blogsaverroes.juntadeandalucia.es\/ceipmenendezpidal\/wp-json\/wp\/v2\/users\/1"}],"replies":[{"embeddable":true,"href":"https:\/\/blogsaverroes.juntadeandalucia.es\/ceipmenendezpidal\/wp-json\/wp\/v2\/comments?post=44"}],"version-history":[{"count":10,"href":"https:\/\/blogsaverroes.juntadeandalucia.es\/ceipmenendezpidal\/wp-json\/wp\/v2\/pages\/44\/revisions"}],"predecessor-version":[{"id":2818,"href":"https:\/\/blogsaverroes.juntadeandalucia.es\/ceipmenendezpidal\/wp-json\/wp\/v2\/pages\/44\/revisions\/2818"}],"wp:attachment":[{"href":"https:\/\/blogsaverroes.juntadeandalucia.es\/ceipmenendezpidal\/wp-json\/wp\/v2\/media?parent=44"}],"curies":[{"name":"wp","href":"https:\/\/api.w.org\/{rel}","templated":true}]}}