{"id":49,"date":"2015-03-13T08:47:05","date_gmt":"2015-03-13T08:47:05","guid":{"rendered":"http:\/\/blogsaverroes.juntadeandalucia.es\/pre\/ceip\/?page_id=49"},"modified":"2021-01-15T11:25:03","modified_gmt":"2021-01-15T11:25:03","slug":"proyecto-educativo","status":"publish","type":"page","link":"https:\/\/blogsaverroes.juntadeandalucia.es\/ceipmenendezpidal\/proyecto-educativo\/","title":{"rendered":"Proyecto Educativo"},"content":{"rendered":"<p>&nbsp;<\/p>\n<p><a href=\"https:\/\/blogsaverroes.juntadeandalucia.es\/ceipmenendezpidal\/files\/2020\/12\/PLan-de-Centro-M.Pidal_.png\"><img loading=\"lazy\" decoding=\"async\" class=\"wp-image-2517 aligncenter\" src=\"https:\/\/blogsaverroes.juntadeandalucia.es\/ceipmenendezpidal\/files\/2020\/12\/PLan-de-Centro-M.Pidal_.png\" alt=\"\" width=\"149\" height=\"191\" srcset=\"https:\/\/blogsaverroes.juntadeandalucia.es\/ceipmenendezpidal\/files\/2020\/12\/PLan-de-Centro-M.Pidal_.png 473w, https:\/\/blogsaverroes.juntadeandalucia.es\/ceipmenendezpidal\/files\/2020\/12\/PLan-de-Centro-M.Pidal_-234x300.png 234w, https:\/\/blogsaverroes.juntadeandalucia.es\/ceipmenendezpidal\/files\/2020\/12\/PLan-de-Centro-M.Pidal_-19x24.png 19w, https:\/\/blogsaverroes.juntadeandalucia.es\/ceipmenendezpidal\/files\/2020\/12\/PLan-de-Centro-M.Pidal_-28x36.png 28w, https:\/\/blogsaverroes.juntadeandalucia.es\/ceipmenendezpidal\/files\/2020\/12\/PLan-de-Centro-M.Pidal_-37x48.png 37w\" sizes=\"(max-width: 149px) 100vw, 149px\" \/><\/a><\/p>\n<p><a href=\"https:\/\/blogsaverroes.juntadeandalucia.es\/ceipmenendezpidal\/files\/2020\/12\/PLAN-DE-CENTRO-SENECA.pdf\">PLAN DE CENTRO SENECA<\/a><\/p>\n<p>&nbsp;<\/p>\n<p>Un centro se define en gran medida por su <strong>Proyecto Educativo<\/strong>. En \u00e9l se plasma el modelo educativo y la concreci\u00f3n de la normativa que un centro realiza respecto a las ense\u00f1anzas que imparte. Aspectos tales como las finales educativas, objetivos, atenci\u00f3n a la diversidad, etc.<\/p>\n<p>Que la web de un centro informe de su Proyecto Educativo es una apuesta clara por la <strong>transparencia<\/strong>.<\/p>\n<p>Este espacio puede mostrar tanto los aspectos esenciales del Proyecto como enlazar a otros documentos o secciones con informaci\u00f3n m\u00e1s detallada.<\/p>\n","protected":false},"excerpt":{"rendered":"<p>&nbsp; PLAN DE CENTRO SENECA &nbsp; Un centro se define en gran medida por su Proyecto Educativo. En \u00e9l se plasma el modelo educativo y la concreci\u00f3n de la normativa que un centro realiza&#46;&#46;&#46;<\/p>\n","protected":false},"author":1,"featured_media":0,"parent":0,"menu_order":0,"comment_status":"open","ping_status":"open","template":"page-templates\/child-menu.php","meta":{"ngg_post_thumbnail":0,"footnotes":"","_mc_calendar":[]},"aioseo_notices":[],"_links":{"self":[{"href":"https:\/\/blogsaverroes.juntadeandalucia.es\/ceipmenendezpidal\/wp-json\/wp\/v2\/pages\/49"}],"collection":[{"href":"https:\/\/blogsaverroes.juntadeandalucia.es\/ceipmenendezpidal\/wp-json\/wp\/v2\/pages"}],"about":[{"href":"https:\/\/blogsaverroes.juntadeandalucia.es\/ceipmenendezpidal\/wp-json\/wp\/v2\/types\/page"}],"author":[{"embeddable":true,"href":"https:\/\/blogsaverroes.juntadeandalucia.es\/ceipmenendezpidal\/wp-json\/wp\/v2\/users\/1"}],"replies":[{"embeddable":true,"href":"https:\/\/blogsaverroes.juntadeandalucia.es\/ceipmenendezpidal\/wp-json\/wp\/v2\/comments?post=49"}],"version-history":[{"count":8,"href":"https:\/\/blogsaverroes.juntadeandalucia.es\/ceipmenendezpidal\/wp-json\/wp\/v2\/pages\/49\/revisions"}],"predecessor-version":[{"id":2560,"href":"https:\/\/blogsaverroes.juntadeandalucia.es\/ceipmenendezpidal\/wp-json\/wp\/v2\/pages\/49\/revisions\/2560"}],"wp:attachment":[{"href":"https:\/\/blogsaverroes.juntadeandalucia.es\/ceipmenendezpidal\/wp-json\/wp\/v2\/media?parent=49"}],"curies":[{"name":"wp","href":"https:\/\/api.w.org\/{rel}","templated":true}]}}