{"id":2281,"date":"2020-08-25T12:16:25","date_gmt":"2020-08-25T12:16:25","guid":{"rendered":"https:\/\/blogsaverroes.juntadeandalucia.es\/ceipmiguelhernandez\/?page_id=2281"},"modified":"2020-09-14T11:33:57","modified_gmt":"2020-09-14T11:33:57","slug":"protocolo-covid-19","status":"publish","type":"page","link":"https:\/\/blogsaverroes.juntadeandalucia.es\/ceipmiguelhernandez\/protocolo-covid-19\/","title":{"rendered":"Protocolo COVID-19"},"content":{"rendered":"<p style=\"text-align: left\"><strong>PROTOCOLO COVID-19.<\/strong><\/p>\n<p><strong>En el siguiente enlace podr\u00e9is consultar el PROTOCOLO COVID-19&nbsp; que nuestro centro llevar\u00e1 a cabo:<\/strong><\/p>\n<p><a href=\"https:\/\/blogsaverroes.juntadeandalucia.es\/ceipmiguelhernandez\/files\/2020\/09\/PROTOCOLO-COVID-19-CEIP-MIGUEL-HERN\u00c1NDEZ-1.0.pdf\">PROTOCOLO COVID-19 CEIP MIGUEL HERN\u00c1NDEZ 1.0<\/a><\/p>\n<p>Aqu\u00ed pod\u00e9is ver una presentaci\u00f3n en la que encontrar\u00e9is informaci\u00f3n sobre nuestro <strong>PROTOCOLO COVID.<\/strong><\/p>\n<p><a href=\"https:\/\/blogsaverroes.juntadeandalucia.es\/ceipmiguelhernandez\/files\/2020\/09\/PROTOCOLO-COVID-19-PADRES-1.pptx\">PROTOCOLO COVID-19 PADRES<\/a><\/p>\n<p><strong>MEDIDAS DE PREVENCI\u00d3N COVID-19.<\/strong><\/p>\n<p><a href=\"https:\/\/blogsaverroes.juntadeandalucia.es\/ceipmiguelhernandez\/files\/2020\/09\/MEDIDAS-DE-PREVENCI\u00d3N-COVID-19.pdf\">MEDIDAS DE PREVENCI\u00d3N COVID-19<\/a><\/p>\n<p><strong>COMO UTILIZAR UNA MASCARILLA CORRECTAMENTE<\/strong>.<\/p>\n<p><a href=\"https:\/\/m.youtube.com\/watch?feature=emb_title&amp;time_continue=91&amp;v=aCPY6ROpAuI\">https:\/\/m.youtube.com\/watch?feature=emb_title&amp;time_continue=91&amp;v=aCPY6ROpAuI<\/a><\/p>\n","protected":false},"excerpt":{"rendered":"<p>PROTOCOLO COVID-19. En el siguiente enlace podr\u00e9is consultar el PROTOCOLO COVID-19&nbsp; que nuestro centro llevar\u00e1 a cabo: PROTOCOLO COVID-19 CEIP MIGUEL HERN\u00c1NDEZ 1.0 Aqu\u00ed pod\u00e9is ver una presentaci\u00f3n en la que encontrar\u00e9is informaci\u00f3n sobre nuestro PROTOCOLO COVID. PROTOCOLO COVID-19 PADRES MEDIDAS DE PREVENCI\u00d3N COVID-19. MEDIDAS DE PREVENCI\u00d3N COVID-19 COMO UTILIZAR UNA MASCARILLA CORRECTAMENTE. https:\/\/m.youtube.com\/watch?feature=emb_title&amp;time_continue=91&amp;v=aCPY6ROpAuI<\/p>\n","protected":false},"author":10403,"featured_media":0,"parent":0,"menu_order":0,"comment_status":"closed","ping_status":"closed","template":"","meta":{"ngg_post_thumbnail":0,"footnotes":"","_mc_calendar":[]},"aioseo_notices":[],"_links":{"self":[{"href":"https:\/\/blogsaverroes.juntadeandalucia.es\/ceipmiguelhernandez\/wp-json\/wp\/v2\/pages\/2281"}],"collection":[{"href":"https:\/\/blogsaverroes.juntadeandalucia.es\/ceipmiguelhernandez\/wp-json\/wp\/v2\/pages"}],"about":[{"href":"https:\/\/blogsaverroes.juntadeandalucia.es\/ceipmiguelhernandez\/wp-json\/wp\/v2\/types\/page"}],"author":[{"embeddable":true,"href":"https:\/\/blogsaverroes.juntadeandalucia.es\/ceipmiguelhernandez\/wp-json\/wp\/v2\/users\/10403"}],"replies":[{"embeddable":true,"href":"https:\/\/blogsaverroes.juntadeandalucia.es\/ceipmiguelhernandez\/wp-json\/wp\/v2\/comments?post=2281"}],"version-history":[{"count":7,"href":"https:\/\/blogsaverroes.juntadeandalucia.es\/ceipmiguelhernandez\/wp-json\/wp\/v2\/pages\/2281\/revisions"}],"predecessor-version":[{"id":2529,"href":"https:\/\/blogsaverroes.juntadeandalucia.es\/ceipmiguelhernandez\/wp-json\/wp\/v2\/pages\/2281\/revisions\/2529"}],"wp:attachment":[{"href":"https:\/\/blogsaverroes.juntadeandalucia.es\/ceipmiguelhernandez\/wp-json\/wp\/v2\/media?parent=2281"}],"curies":[{"name":"wp","href":"https:\/\/api.w.org\/{rel}","templated":true}]}}