{"id":77,"date":"2015-03-16T06:54:56","date_gmt":"2015-03-16T06:54:56","guid":{"rendered":"http:\/\/blogsaverroes.juntadeandalucia.es\/pre\/ceip\/?page_id=77"},"modified":"2022-09-26T11:41:06","modified_gmt":"2022-09-26T11:41:06","slug":"secretaria","status":"publish","type":"page","link":"https:\/\/blogsaverroes.juntadeandalucia.es\/ceipmiguelhernandez\/secretaria\/","title":{"rendered":"Secretar\u00eda"},"content":{"rendered":"<p>La <strong>Secretar\u00eda<\/strong> desarrolla muchas funciones importantes en la vida de un centro, especialmente en la relaci\u00f3n que mantiene con las familias en los diferentes tr\u00e1mites administrativos a lo largo de la escolarizaci\u00f3n: admisi\u00f3n, matr\u00edculaci\u00f3n, comedor escolar, aula matinal, becas, etc&#8230;<\/p>\n<ul>\n<li><strong>Horario de secretar\u00eda:<\/strong> de <strong>9:30 horas a 11:30 horas.<\/strong><\/li>\n<\/ul>\n<p><span style=\"color: #ff0000\"><strong>A partir del d\u00eda 14 de Septiembre s\u00f3lo se atender\u00e1 presencialmente a trav\u00e9s de cita previa.&nbsp;<\/strong><\/span><\/p>\n<ul>\n<li><strong>Tel\u00e9fono:&nbsp; 951 270 551<\/strong><\/li>\n<li><strong>M\u00f3vil: 671<\/strong><strong>593439<\/strong><\/li>\n<li><strong>Fax: 951 270 552<\/strong><\/li>\n<li><strong>Correos electr\u00f3nicos:&nbsp; &nbsp;<\/strong><span style=\"color: #0000ff\">&nbsp; &nbsp;<\/span><span style=\"color: #0000ff\"><em>miguelhernandez.29009533@gmail.com<\/em><\/span><\/li>\n<\/ul>\n<p>&nbsp;<\/p>\n","protected":false},"excerpt":{"rendered":"<p>La Secretar\u00eda desarrolla muchas funciones importantes en la vida de un centro, especialmente en la relaci\u00f3n que mantiene con las familias en los diferentes tr\u00e1mites administrativos a lo largo de la escolarizaci\u00f3n: admisi\u00f3n, matr\u00edculaci\u00f3n, comedor escolar, aula matinal, becas, etc&#8230; Horario de secretar\u00eda: de 9:30 horas a 11:30 horas. A partir del d\u00eda 14 de &hellip; <\/p>\n<p class=\"link-more\"><a href=\"https:\/\/blogsaverroes.juntadeandalucia.es\/ceipmiguelhernandez\/secretaria\/\" class=\"more-link\">Continuar leyendo<span class=\"screen-reader-text\"> \u00abSecretar\u00eda\u00bb<\/span><\/a><\/p>\n","protected":false},"author":1,"featured_media":0,"parent":0,"menu_order":0,"comment_status":"closed","ping_status":"open","template":"","meta":{"ngg_post_thumbnail":0,"footnotes":"","_mc_calendar":[]},"aioseo_notices":[],"_links":{"self":[{"href":"https:\/\/blogsaverroes.juntadeandalucia.es\/ceipmiguelhernandez\/wp-json\/wp\/v2\/pages\/77"}],"collection":[{"href":"https:\/\/blogsaverroes.juntadeandalucia.es\/ceipmiguelhernandez\/wp-json\/wp\/v2\/pages"}],"about":[{"href":"https:\/\/blogsaverroes.juntadeandalucia.es\/ceipmiguelhernandez\/wp-json\/wp\/v2\/types\/page"}],"author":[{"embeddable":true,"href":"https:\/\/blogsaverroes.juntadeandalucia.es\/ceipmiguelhernandez\/wp-json\/wp\/v2\/users\/1"}],"replies":[{"embeddable":true,"href":"https:\/\/blogsaverroes.juntadeandalucia.es\/ceipmiguelhernandez\/wp-json\/wp\/v2\/comments?post=77"}],"version-history":[{"count":9,"href":"https:\/\/blogsaverroes.juntadeandalucia.es\/ceipmiguelhernandez\/wp-json\/wp\/v2\/pages\/77\/revisions"}],"predecessor-version":[{"id":4327,"href":"https:\/\/blogsaverroes.juntadeandalucia.es\/ceipmiguelhernandez\/wp-json\/wp\/v2\/pages\/77\/revisions\/4327"}],"wp:attachment":[{"href":"https:\/\/blogsaverroes.juntadeandalucia.es\/ceipmiguelhernandez\/wp-json\/wp\/v2\/media?parent=77"}],"curies":[{"name":"wp","href":"https:\/\/api.w.org\/{rel}","templated":true}]}}