{"id":870,"date":"2015-03-16T07:24:27","date_gmt":"2015-03-16T07:24:27","guid":{"rendered":"http:\/\/blogsaverroes.juntadeandalucia.es\/pre\/ceip\/?page_id=103"},"modified":"2022-11-18T10:26:09","modified_gmt":"2022-11-18T10:26:09","slug":"aula-matinal","status":"publish","type":"page","link":"https:\/\/blogsaverroes.juntadeandalucia.es\/ceipmiguelhernandez\/aula-matinal\/","title":{"rendered":"Aula Matinal"},"content":{"rendered":"<p><img loading=\"lazy\" decoding=\"async\" class=\" size-medium wp-image-226 alignleft\" src=\"http:\/\/blogsaverroes.juntadeandalucia.es\/pre\/ceip\/files\/2015\/03\/aula_matinal-300x186.jpg\" alt=\"aula_matinal\" width=\"300\" height=\"186\"><\/p>\n<h4>Informaci\u00f3n sobre Aula Matinal<\/h4>\n<p>El <strong>Aula Matinal<\/strong> abre a las<strong> 7.30 horas&nbsp;<\/strong> de lunes a viernes, ofreciendo actividades diversas a los estudiantes hasta el comienzo del horario lectivo.<\/p>\n<p>Puede utilizarse cualquier d\u00eda previa inscripci\u00f3n y domiciliaci\u00f3n bancaria.<\/p>\n<ul>\n<li><strong>Empresa responsable del aula Matinal<\/strong>:<strong><span style=\"color: #0000ff\"> LUDOCIENCIA<\/span><\/strong><\/li>\n<\/ul>\n<ul>\n<li><strong>Enlace web para hiperv\u00edculo&nbsp; del aula matinal<\/strong>:&nbsp; <span style=\"color: #0000ff\"><strong><a style=\"color: #0000ff\" href=\"https:\/\/ludocienciaconcilia.es\/\">https:\/\/ludocienciaconcilia.es\/<\/a><\/strong><\/span><\/li>\n<li><strong>Tel\u00e9fono de contacto:&nbsp; 954151096<\/strong><\/li>\n<li><strong>Email:&nbsp; info@ludocienciaconcilia.es<\/strong><\/li>\n<li><strong>Reclamaciones y pagos:&nbsp; recibos@ludociencia.es<\/strong><\/li>\n<\/ul>\n<p>&nbsp;<\/p>\n<p>&nbsp;<\/p>\n<p>&nbsp;<\/p>\n<p>&nbsp;<\/p>\n","protected":false},"excerpt":{"rendered":"<p>Informaci\u00f3n sobre Aula Matinal El Aula Matinal abre a las 7.30 horas&nbsp; de lunes a viernes, ofreciendo actividades diversas a los estudiantes hasta el comienzo del horario lectivo. Puede utilizarse cualquier d\u00eda previa inscripci\u00f3n y domiciliaci\u00f3n bancaria. Empresa responsable del aula Matinal: LUDOCIENCIA Enlace web para hiperv\u00edculo&nbsp; del aula matinal:&nbsp; https:\/\/ludocienciaconcilia.es\/ Tel\u00e9fono de contacto:&nbsp; 954151096 &hellip; <\/p>\n<p class=\"link-more\"><a href=\"https:\/\/blogsaverroes.juntadeandalucia.es\/ceipmiguelhernandez\/aula-matinal\/\" class=\"more-link\">Continuar leyendo<span class=\"screen-reader-text\"> \u00abAula Matinal\u00bb<\/span><\/a><\/p>\n","protected":false},"author":1,"featured_media":0,"parent":0,"menu_order":0,"comment_status":"closed","ping_status":"open","template":"","meta":{"ngg_post_thumbnail":0,"footnotes":"","_mc_calendar":[]},"aioseo_notices":[],"_links":{"self":[{"href":"https:\/\/blogsaverroes.juntadeandalucia.es\/ceipmiguelhernandez\/wp-json\/wp\/v2\/pages\/870"}],"collection":[{"href":"https:\/\/blogsaverroes.juntadeandalucia.es\/ceipmiguelhernandez\/wp-json\/wp\/v2\/pages"}],"about":[{"href":"https:\/\/blogsaverroes.juntadeandalucia.es\/ceipmiguelhernandez\/wp-json\/wp\/v2\/types\/page"}],"author":[{"embeddable":true,"href":"https:\/\/blogsaverroes.juntadeandalucia.es\/ceipmiguelhernandez\/wp-json\/wp\/v2\/users\/1"}],"replies":[{"embeddable":true,"href":"https:\/\/blogsaverroes.juntadeandalucia.es\/ceipmiguelhernandez\/wp-json\/wp\/v2\/comments?post=870"}],"version-history":[{"count":10,"href":"https:\/\/blogsaverroes.juntadeandalucia.es\/ceipmiguelhernandez\/wp-json\/wp\/v2\/pages\/870\/revisions"}],"predecessor-version":[{"id":4396,"href":"https:\/\/blogsaverroes.juntadeandalucia.es\/ceipmiguelhernandez\/wp-json\/wp\/v2\/pages\/870\/revisions\/4396"}],"wp:attachment":[{"href":"https:\/\/blogsaverroes.juntadeandalucia.es\/ceipmiguelhernandez\/wp-json\/wp\/v2\/media?parent=870"}],"curies":[{"name":"wp","href":"https:\/\/api.w.org\/{rel}","templated":true}]}}