{"id":871,"date":"2015-03-16T07:25:46","date_gmt":"2015-03-16T07:25:46","guid":{"rendered":"http:\/\/blogsaverroes.juntadeandalucia.es\/pre\/ceip\/?page_id=106"},"modified":"2023-05-17T11:28:20","modified_gmt":"2023-05-17T11:28:20","slug":"actividades-extraescolares","status":"publish","type":"page","link":"https:\/\/blogsaverroes.juntadeandalucia.es\/ceipmiguelhernandez\/actividades-extraescolares\/","title":{"rendered":"Actividades extraescolares"},"content":{"rendered":"<h4>ACTIVIDADES EXTRAESCOLARES.&nbsp;<\/h4>\n<p style=\"text-align: left\"><a href=\"https:\/\/blogsaverroes.juntadeandalucia.es\/ceipmiguelhernandez\/files\/2015\/03\/talleres.jpg\"><img loading=\"lazy\" decoding=\"async\" class=\" alignnone wp-image-228 size-medium alignleft\" src=\"https:\/\/blogsaverroes.juntadeandalucia.es\/ceipmiguelhernandez\/files\/2015\/03\/talleres-300x199.jpg\" alt=\"\" width=\"300\" height=\"199\" srcset=\"https:\/\/blogsaverroes.juntadeandalucia.es\/ceipmiguelhernandez\/files\/2015\/03\/talleres-300x199.jpg 300w, https:\/\/blogsaverroes.juntadeandalucia.es\/ceipmiguelhernandez\/files\/2015\/03\/talleres-1024x682.jpg 1024w, https:\/\/blogsaverroes.juntadeandalucia.es\/ceipmiguelhernandez\/files\/2015\/03\/talleres.jpg 1280w\" sizes=\"(max-width: 300px) 100vw, 300px\" \/><\/a>Las actividades extraescolares tienen lugar en horario de tarde, desde las 16:00 horas hasta las 18.00, y abarcan aspectos como el apoyo , el deporte, la m\u00fasica,&nbsp; los idiomas, el arte&#8230;entre otras actividades l\u00fadicas y formativas.<\/p>\n<p>&nbsp;<\/p>\n<p>Queda abierto el plazo de matriculaci\u00f3n de las actividades extraescolares para el curso 2022\/2023desde el <strong>15 al 30 de septiembre <\/strong>(Ambos incluidos).<\/p>\n<p>La matr\u00edcula se formalizar\u00e1 a trav\u00e9s del siguiente correo electr\u00f3nico: miguelhernandez.29009533@gmail.com<\/p>\n<p>En el correo se debe detallar el <strong>nombre y apellidos del alumno\/a, el curso, la actividad <\/strong>en la que desean inscribirlo y <strong>adjuntar un documento bancario <\/strong>donde aparezca el IBAN y el titular de la cuenta.<\/p>\n<p>El precio mensual sin bonificaci\u00f3n ser\u00e1 de <strong>15,40\u20ac\/actividad <\/strong><\/p>\n<p><strong>Las actividades comienzan el pr\u00f3ximo 1 de Octubre (jueves)<\/strong><\/p>\n<p>&nbsp;<\/p>\n<p style=\"text-align: center\"><strong>OFERTA DE ACTIVIDADES EXTRAESCOLARES PARA EL CURSO 2022\/2023.<\/strong><\/p>\n<table style=\"height: 345px;width: 130.793%\">\n<tbody>\n<tr>\n<td style=\"width: 13.4211%\">&nbsp;<\/td>\n<td style=\"width: 24.7368%\"><strong>LUNES<\/strong><\/td>\n<td style=\"width: 23.5526%\"><strong>MARTES<\/strong><\/td>\n<td style=\"width: 17.2368%\"><strong>MI\u00c9RCOLES<\/strong><\/td>\n<td style=\"width: 20.9211%\"><strong>JUEVES<\/strong><\/td>\n<\/tr>\n<tr>\n<td style=\"width: 13.4211%\"><strong>16:00 -17:00<\/strong><\/td>\n<td style=\"width: 24.7368%\">-PREDEPORTE<\/p>\n<p>-BAILE<\/p>\n<p>-BALONCESTO<\/td>\n<td style=\"width: 23.5526%\">-INGL\u00c9S PRIMARIA<\/p>\n<p>-APOYO ESCOLAR<\/p>\n<p>-INGL\u00c9S INFANTIL<\/td>\n<td style=\"width: 17.2368%\">-PREDEPORTE<\/p>\n<p>-BAILE<\/p>\n<p>-BALONCESTO<\/td>\n<td style=\"width: 20.9211%\">-INGL\u00c9S PRIMARIA<\/p>\n<p>-APOYO ESCOLAR<\/p>\n<p>-INGL\u00c9S INFANTIL<\/td>\n<\/tr>\n<\/tbody>\n<\/table>\n","protected":false},"excerpt":{"rendered":"<p>ACTIVIDADES EXTRAESCOLARES.&nbsp; Las actividades extraescolares tienen lugar en horario de tarde, desde las 16:00 horas hasta las 18.00, y abarcan aspectos como el apoyo , el deporte, la m\u00fasica,&nbsp; los idiomas, el arte&#8230;entre otras actividades l\u00fadicas y formativas. &nbsp; Queda abierto el plazo de matriculaci\u00f3n de las actividades extraescolares para el curso 2022\/2023desde el 15 &hellip; <\/p>\n<p class=\"link-more\"><a href=\"https:\/\/blogsaverroes.juntadeandalucia.es\/ceipmiguelhernandez\/actividades-extraescolares\/\" class=\"more-link\">Continuar leyendo<span class=\"screen-reader-text\"> \u00abActividades extraescolares\u00bb<\/span><\/a><\/p>\n","protected":false},"author":1,"featured_media":0,"parent":0,"menu_order":0,"comment_status":"closed","ping_status":"open","template":"","meta":{"ngg_post_thumbnail":0,"footnotes":"","_mc_calendar":[]},"aioseo_notices":[],"_links":{"self":[{"href":"https:\/\/blogsaverroes.juntadeandalucia.es\/ceipmiguelhernandez\/wp-json\/wp\/v2\/pages\/871"}],"collection":[{"href":"https:\/\/blogsaverroes.juntadeandalucia.es\/ceipmiguelhernandez\/wp-json\/wp\/v2\/pages"}],"about":[{"href":"https:\/\/blogsaverroes.juntadeandalucia.es\/ceipmiguelhernandez\/wp-json\/wp\/v2\/types\/page"}],"author":[{"embeddable":true,"href":"https:\/\/blogsaverroes.juntadeandalucia.es\/ceipmiguelhernandez\/wp-json\/wp\/v2\/users\/1"}],"replies":[{"embeddable":true,"href":"https:\/\/blogsaverroes.juntadeandalucia.es\/ceipmiguelhernandez\/wp-json\/wp\/v2\/comments?post=871"}],"version-history":[{"count":10,"href":"https:\/\/blogsaverroes.juntadeandalucia.es\/ceipmiguelhernandez\/wp-json\/wp\/v2\/pages\/871\/revisions"}],"predecessor-version":[{"id":4671,"href":"https:\/\/blogsaverroes.juntadeandalucia.es\/ceipmiguelhernandez\/wp-json\/wp\/v2\/pages\/871\/revisions\/4671"}],"wp:attachment":[{"href":"https:\/\/blogsaverroes.juntadeandalucia.es\/ceipmiguelhernandez\/wp-json\/wp\/v2\/media?parent=871"}],"curies":[{"name":"wp","href":"https:\/\/api.w.org\/{rel}","templated":true}]}}