{"id":99,"date":"2015-03-16T07:22:54","date_gmt":"2015-03-16T07:22:54","guid":{"rendered":"http:\/\/blogsaverroes.juntadeandalucia.es\/pre\/ceip\/?page_id=99"},"modified":"2022-11-18T10:21:26","modified_gmt":"2022-11-18T10:21:26","slug":"comedor-escolar","status":"publish","type":"page","link":"https:\/\/blogsaverroes.juntadeandalucia.es\/ceipmiguelhernandez\/comedor-escolar\/","title":{"rendered":"Comedor escolar"},"content":{"rendered":"<p>&nbsp;<\/p>\n<p><strong>Empresa catering: Mediterr\u00e1nea Andaluc\u00eda.&nbsp;<\/strong><\/p>\n<p><strong>Enlace web para hiperv\u00ednculo<\/strong>:&nbsp;<strong><span style=\"color: #3366ff\"><a style=\"color: #3366ff\" href=\"http:\/\/andalucia.mediterranea-group.com\/\">http:\/\/andalucia.mediterranea-group.com\/<\/a><\/span><\/strong><\/p>\n<p><strong>Datos de contacto:<\/strong><\/p>\n<p><strong><span style=\"color: #00ccff\">MEDITERR\u00c1NEA DE CATERING SL.<\/span><\/strong><\/p>\n<p><strong>Tel\u00e9fono: 952038248<\/strong><\/p>\n<p><strong>Correo electr\u00f3nico: administracion.malaga@mediterranea-group.com<\/strong><\/p>\n<p><strong>P\u00e1gina web:<\/strong>&nbsp;<span style=\"color: #3366ff\"><strong><a style=\"color: #3366ff\" href=\"http:\/\/www.mediterranea-servicios.com\/\">http:\/\/www.mediterranea-servicios.com\/<\/a><\/strong><\/span><\/p>\n<p><strong>Email encargada del comedor:<\/strong><\/p>\n<p><strong>comedormiguelhernandezspa@gmail.com<\/strong><\/p>\n<p>&nbsp;<\/p>\n<p><strong>Men\u00fas:&nbsp;<\/strong><\/p>\n<p><strong>Men\u00fa mes de Noviembre:<\/strong><\/p>\n<p><a href=\"https:\/\/blogsaverroes.juntadeandalucia.es\/ceipmiguelhernandez\/files\/2021\/11\/BASAL-NOVIEMBRE-2021.pdf\">BASAL NOVIEMBRE 2021<\/a><\/p>\n<p><strong>Men\u00fa mes de Diciembre:<\/strong><\/p>\n<p><a href=\"https:\/\/blogsaverroes.juntadeandalucia.es\/ceipmiguelhernandez\/files\/2021\/12\/BASAL-DICIEMBRE-2021.pdf\">BASAL DICIEMBRE 2021<\/a><\/p>\n<p>&nbsp;<\/p>\n","protected":false},"excerpt":{"rendered":"<p>&nbsp; Empresa catering: Mediterr\u00e1nea Andaluc\u00eda.&nbsp; Enlace web para hiperv\u00ednculo:&nbsp;http:\/\/andalucia.mediterranea-group.com\/ Datos de contacto: MEDITERR\u00c1NEA DE CATERING SL. Tel\u00e9fono: 952038248 Correo electr\u00f3nico: administracion.malaga@mediterranea-group.com P\u00e1gina web:&nbsp;http:\/\/www.mediterranea-servicios.com\/ Email encargada del comedor: comedormiguelhernandezspa@gmail.com &nbsp; Men\u00fas:&nbsp; Men\u00fa mes de Noviembre: BASAL NOVIEMBRE 2021 Men\u00fa mes de Diciembre: BASAL DICIEMBRE 2021 &nbsp;<\/p>\n","protected":false},"author":1,"featured_media":0,"parent":0,"menu_order":0,"comment_status":"closed","ping_status":"open","template":"","meta":{"ngg_post_thumbnail":0,"footnotes":"","_mc_calendar":[]},"aioseo_notices":[],"_links":{"self":[{"href":"https:\/\/blogsaverroes.juntadeandalucia.es\/ceipmiguelhernandez\/wp-json\/wp\/v2\/pages\/99"}],"collection":[{"href":"https:\/\/blogsaverroes.juntadeandalucia.es\/ceipmiguelhernandez\/wp-json\/wp\/v2\/pages"}],"about":[{"href":"https:\/\/blogsaverroes.juntadeandalucia.es\/ceipmiguelhernandez\/wp-json\/wp\/v2\/types\/page"}],"author":[{"embeddable":true,"href":"https:\/\/blogsaverroes.juntadeandalucia.es\/ceipmiguelhernandez\/wp-json\/wp\/v2\/users\/1"}],"replies":[{"embeddable":true,"href":"https:\/\/blogsaverroes.juntadeandalucia.es\/ceipmiguelhernandez\/wp-json\/wp\/v2\/comments?post=99"}],"version-history":[{"count":17,"href":"https:\/\/blogsaverroes.juntadeandalucia.es\/ceipmiguelhernandez\/wp-json\/wp\/v2\/pages\/99\/revisions"}],"predecessor-version":[{"id":4394,"href":"https:\/\/blogsaverroes.juntadeandalucia.es\/ceipmiguelhernandez\/wp-json\/wp\/v2\/pages\/99\/revisions\/4394"}],"wp:attachment":[{"href":"https:\/\/blogsaverroes.juntadeandalucia.es\/ceipmiguelhernandez\/wp-json\/wp\/v2\/media?parent=99"}],"curies":[{"name":"wp","href":"https:\/\/api.w.org\/{rel}","templated":true}]}}