{"id":113,"date":"2015-03-16T08:06:00","date_gmt":"2015-03-16T08:06:00","guid":{"rendered":"http:\/\/blogsaverroes.juntadeandalucia.es\/pre\/ceip\/?page_id=113"},"modified":"2020-01-13T12:34:51","modified_gmt":"2020-01-13T12:34:51","slug":"biblioteca","status":"publish","type":"page","link":"https:\/\/blogsaverroes.juntadeandalucia.es\/ceipmiguelhernandezdemanzanilla\/biblioteca\/","title":{"rendered":"Biblioteca"},"content":{"rendered":"<p style=\"text-align: justify\"><a href=\"http:\/\/blogsaverroes.juntadeandalucia.es\/ceipmiguelhernandezdemanzanilla\/files\/2014\/12\/libros1.png\"><img loading=\"lazy\" decoding=\"async\" class=\" size-medium wp-image-551 aligncenter\" src=\"http:\/\/blogsaverroes.juntadeandalucia.es\/ceipmiguelhernandezdemanzanilla\/files\/2014\/12\/libros1-300x246.png\" alt=\"libros1\" height=\"246\" width=\"300\" srcset=\"https:\/\/blogsaverroes.juntadeandalucia.es\/ceipmiguelhernandezdemanzanilla\/files\/2014\/12\/libros1-300x246.png 300w, https:\/\/blogsaverroes.juntadeandalucia.es\/ceipmiguelhernandezdemanzanilla\/files\/2014\/12\/libros1.png 640w\" sizes=\"(max-width: 300px) 100vw, 300px\" \/><\/a><\/p>\n<p style=\"text-align: justify\">La biblioteca escolar es un recurso imprescindible para formar a nuestro alumnado en la consulta y en la selecci\u00f3n de las diversas informaciones, as\u00ed como en la formaci\u00f3n del auto-conocimiento. Pretendemos que sea un espacio para el acercamiento de la lectura de textos literarios e informativos, en formato impreso, audiovisual o multimedia, para que adquieran el h\u00e1bito lector y formar una comunidad lectora.<\/p>\n<p style=\"text-align: justify\">Queremos conseguir que este espacio se convierta en un lugar de usos m\u00faltiples con una organizaci\u00f3n adecuada para todos los ciclos.<\/p>\n<p style=\"text-align: justify\">El proyecto lector se inserta en las <strong>finalidades educativas<\/strong> de nuestro centro:<\/p>\n<ul style=\"text-align: justify\">\n<li>Atenci\u00f3n a la igualdad de derechos y deberes entre los sexos desarrollando la cooperaci\u00f3n y colaboraci\u00f3n en trabajos de grupo (familiar, vecinal, escolar\u2026).<\/li>\n<\/ul>\n<ul style=\"text-align: justify\">\n<li>Ejercicios de tolerancia y respeto a los derechos individuales y colectivos, evitando cualquier tipo de discriminaci\u00f3n negativa ante la raza, religi\u00f3n y sectores deprimidos de la poblaci\u00f3n y educando en la solidaridad y cooperaci\u00f3n.<\/li>\n<\/ul>\n<ul style=\"text-align: justify\">\n<li>Atenci\u00f3n al desarrollo equilibrado de la personalidad del alumnado mediante la adquisici\u00f3n de h\u00e1bitos y t\u00e9cnicas de trabajo cr\u00edtico y creativo y comportamiento democr\u00e1tico, fomentando la integraci\u00f3n de los miembros de la comunidad con necesidades educativas especiales.<\/li>\n<\/ul>\n<ul style=\"text-align: justify\">\n<li>Favorecer y establecer un clima de convivencia y comunicaci\u00f3n entre los diversos sectores de la Comunidad Educativa, potenciando la participaci\u00f3n de los padres y madres en la vida escolar y en la consecuci\u00f3n de las finalidades educativas.<\/li>\n<\/ul>\n<ul>\n<li style=\"text-align: justify\">Fomentar la capacidad de esfuerzo llegando al convencimiento de su necesidad para la superaci\u00f3n de dificultades y consecuci\u00f3n de logros.<\/li>\n<\/ul>\n<p>En este enlace pod\u00e9is descargar el plan de biblioteca del centro.<\/p>\n<p><a href=\"http:\/\/blogsaverroes.juntadeandalucia.es\/ceipmiguelhernandezdemanzanilla\/files\/2015\/03\/PLAN-DE-BIBLIOTECA-1.doc\">PLAN DE BIBLIOTECA<\/a><\/p>\n<p><a href=\"https:\/\/blogsaverroes.juntadeandalucia.es\/ceipmiguelhernandezdemanzanilla\/files\/2020\/01\/PLAN-DE-TRABAJO-CEIP-MIGUEL-HERN\u00c1NDEZ-MANZANILLA-CURSO-2019-2020.doc\">PLAN DE TRABAJO DE LA BIBLIOTECA.<\/a><\/p>\n<p>&nbsp;<\/p>\n<p>&nbsp;<\/p>\n<p><iframe loading=\"lazy\" title=\"Bibliotecas escolares de Andaluc\u00eda al servicio de la comunidad educativa\" width=\"500\" height=\"281\" src=\"https:\/\/www.youtube.com\/embed\/N_rrGePF_zM?feature=oembed&#038;wmode=opaque\" frameborder=\"0\" allow=\"accelerometer; autoplay; clipboard-write; encrypted-media; gyroscope; picture-in-picture; web-share\" referrerpolicy=\"strict-origin-when-cross-origin\" allowfullscreen><\/iframe><\/p>\n<p><a title=\"Bibliotecas escolares\" href=\"http:\/\/www.juntadeandalucia.es\/educacion\/webportal\/web\/lecturas-y-bibliotecas-escolares\/bibliotecas-escolares\" target=\"_blank\" rel=\"noopener noreferrer\">Enlace al portal sobre las Bibliotecas Escolares.<\/a><\/p>\n","protected":false},"excerpt":{"rendered":"<p>La biblioteca escolar es un recurso imprescindible para formar a nuestro alumnado en la consulta y en la selecci\u00f3n de las diversas informaciones, as\u00ed como en la formaci\u00f3n del auto-conocimiento. Pretendemos que sea un&#46;&#46;&#46;<\/p>\n","protected":false},"author":1,"featured_media":0,"parent":0,"menu_order":0,"comment_status":"closed","ping_status":"open","template":"page-cs.php","meta":{"ngg_post_thumbnail":0,"footnotes":"","_mc_calendar":[]},"aioseo_notices":[],"_links":{"self":[{"href":"https:\/\/blogsaverroes.juntadeandalucia.es\/ceipmiguelhernandezdemanzanilla\/wp-json\/wp\/v2\/pages\/113"}],"collection":[{"href":"https:\/\/blogsaverroes.juntadeandalucia.es\/ceipmiguelhernandezdemanzanilla\/wp-json\/wp\/v2\/pages"}],"about":[{"href":"https:\/\/blogsaverroes.juntadeandalucia.es\/ceipmiguelhernandezdemanzanilla\/wp-json\/wp\/v2\/types\/page"}],"author":[{"embeddable":true,"href":"https:\/\/blogsaverroes.juntadeandalucia.es\/ceipmiguelhernandezdemanzanilla\/wp-json\/wp\/v2\/users\/1"}],"replies":[{"embeddable":true,"href":"https:\/\/blogsaverroes.juntadeandalucia.es\/ceipmiguelhernandezdemanzanilla\/wp-json\/wp\/v2\/comments?post=113"}],"version-history":[{"count":10,"href":"https:\/\/blogsaverroes.juntadeandalucia.es\/ceipmiguelhernandezdemanzanilla\/wp-json\/wp\/v2\/pages\/113\/revisions"}],"predecessor-version":[{"id":3030,"href":"https:\/\/blogsaverroes.juntadeandalucia.es\/ceipmiguelhernandezdemanzanilla\/wp-json\/wp\/v2\/pages\/113\/revisions\/3030"}],"wp:attachment":[{"href":"https:\/\/blogsaverroes.juntadeandalucia.es\/ceipmiguelhernandezdemanzanilla\/wp-json\/wp\/v2\/media?parent=113"}],"curies":[{"name":"wp","href":"https:\/\/api.w.org\/{rel}","templated":true}]}}