{"id":2324,"date":"2015-10-21T19:05:17","date_gmt":"2015-10-21T19:05:17","guid":{"rendered":"http:\/\/blogsaverroes.juntadeandalucia.es\/ceipmiguelhernandezdemanzanilla\/?page_id=2324"},"modified":"2016-04-04T08:46:58","modified_gmt":"2016-04-04T08:46:58","slug":"nuestro-pueblo","status":"publish","type":"page","link":"https:\/\/blogsaverroes.juntadeandalucia.es\/ceipmiguelhernandezdemanzanilla\/nuestro-pueblo\/","title":{"rendered":"Nuestro Pueblo"},"content":{"rendered":"<p><strong>NUESTRO PUEBLO.<\/strong><\/p>\n<p style=\"text-align: justify\">Manzanilla es un municipio de 40 kms2 de extensi\u00f3n, que cuenta con unos 2500 habitantes. Los vinos hicieron de \u00e9ste un pueblo rico y pr\u00f3spero en el pasado, pero la crisis del sector, causada, entre otros factores, por las plagas de la vid, hicieron que entrase en decadencia a principios del siglo XX. Sin embargo, la gente de estas tierras ha sabido diversificar las actividades econ\u00f3micas y encarar el futuro con gran optimismo.<\/p>\n<p style=\"text-align: justify\">La Maxilua romana, heredera de la antigua Ostur, que vio convertir su nombre en Manzanilla tras la dominaci\u00f3n \u00e1rabe, cuenta con un bello patrimonio arquitect\u00f3nico. Es digna de menci\u00f3n su Casa Rectoral, del s. XVIII. O la Iglesia de la Purificaci\u00f3n, obra del arquitecto Lucas Cintora. La Capilla del Ni\u00f1o Jes\u00fas del s. XIX y las Ermitas de San Roque y de la Victoria. En el paraje conocido como \u201cEl Valle\u201d se encuentra el Santuario de la Virgen del Valle, que data de los siglos XVI y XVII.<\/p>\n<p style=\"text-align: justify\">En el apartado gastron\u00f3mico, los aceites puros de oliva y su exquisita miel son de una calidad excelente. No se puede pasar por Manzanilla sin degustar los dulces caseros como los pi\u00f1onates, las calderetas y los guisos de cordero.<\/p>\n<p style=\"text-align: justify\">En lo relacionado con la cultura y el ocio, hay que se\u00f1alar que en mayo Manzanilla festeja sus Cruces. En junio celebra la Real Feria de Ganado y Fiestas de la Virgen del Valle, patrona de este municipio, y, a mediados de agosto, las fiestas en honor al patr\u00f3n San Roque.<\/p>\n<p style=\"text-align: justify\"><a href=\"http:\/\/blogsaverroes.juntadeandalucia.es\/ceipmiguelhernandezdemanzanilla\/files\/2016\/03\/vista-lejos-iglesia.gif\"><img loading=\"lazy\" decoding=\"async\" class=\"alignnone size-full wp-image-2271\" src=\"http:\/\/blogsaverroes.juntadeandalucia.es\/ceipmiguelhernandezdemanzanilla\/files\/2016\/03\/vista-lejos-iglesia.gif\" alt=\"vista lejos iglesia\" width=\"150\" height=\"70\" \/><\/a>\u00a0<a href=\"http:\/\/blogsaverroes.juntadeandalucia.es\/ceipmiguelhernandezdemanzanilla\/files\/2016\/03\/vista-pueblo1.gif\"><img loading=\"lazy\" decoding=\"async\" class=\"alignnone size-full wp-image-2270\" src=\"http:\/\/blogsaverroes.juntadeandalucia.es\/ceipmiguelhernandezdemanzanilla\/files\/2016\/03\/vista-pueblo1.gif\" alt=\"vista pueblo\" width=\"150\" height=\"70\" \/><\/a>\u00a0<a href=\"http:\/\/blogsaverroes.juntadeandalucia.es\/ceipmiguelhernandezdemanzanilla\/files\/2016\/03\/mercado-de-abastos1.gif\"><img loading=\"lazy\" decoding=\"async\" class=\"alignnone size-full wp-image-2269\" src=\"http:\/\/blogsaverroes.juntadeandalucia.es\/ceipmiguelhernandezdemanzanilla\/files\/2016\/03\/mercado-de-abastos1.gif\" alt=\"mercado de abastos\" width=\"150\" height=\"70\" \/><\/a>\u00a0<img loading=\"lazy\" decoding=\"async\" class=\"alignnone  wp-image-2268\" src=\"http:\/\/blogsaverroes.juntadeandalucia.es\/ceipmiguelhernandezdemanzanilla\/files\/2016\/03\/vista-lejos-iglesia.jpg\" alt=\"vista lejos iglesia\" width=\"105\" height=\"104\" srcset=\"https:\/\/blogsaverroes.juntadeandalucia.es\/ceipmiguelhernandezdemanzanilla\/files\/2016\/03\/vista-lejos-iglesia.jpg 150w, https:\/\/blogsaverroes.juntadeandalucia.es\/ceipmiguelhernandezdemanzanilla\/files\/2016\/03\/vista-lejos-iglesia-100x100.jpg 100w\" sizes=\"(max-width: 105px) 100vw, 105px\" \/>\u00a0<img loading=\"lazy\" decoding=\"async\" class=\"alignnone  wp-image-2265\" src=\"http:\/\/blogsaverroes.juntadeandalucia.es\/ceipmiguelhernandezdemanzanilla\/files\/2016\/03\/iglesia-de-nuestra-se\u00f1ora-de-la-purificacion.jpg\" alt=\"iglesia de nuestra se\u00f1ora de la purificacion\" width=\"81\" height=\"123\" \/><\/p>\n<p style=\"text-align: justify\"><strong>HISTORIA,<\/strong><\/p>\n<p style=\"text-align: justify\">La historia de Manzanilla tiene un origen impreciso, pues no hay constancia ni testimonios claros de su asentamiento primigenio. Cercana a lo que hoy es el municipio se encontraba la villa romana de Ostur, en el Cerro del Castillo. En este lugar se han encontrado gran cantidad de monedas con la leyenda de Ostur. Adem\u00e1s, en dicho cerro, se pueden ver restos de pavimentos y sillares pertenecientes a este periodo hist\u00f3rico. Cuando m\u00e1s importancia cobra este municipio es en la \u00e9poca de esplendor de Tejada, que coincide con la formaci\u00f3n del n\u00facleo de Benafique, al que tambi\u00e9n perteneci\u00f3.<\/p>\n<p style=\"text-align: justify\">Una vez que Alfonso X conquista Manzanilla en 1253, \u00e9sta acaba siendo parte del concejo de Sevilla como tierra de realengo. Posteriormente, una parte muy importante de su territorio se convierte en parte del donad\u00edo de Hu\u00e9gar, actual Valle de Manzanilla, que perteneci\u00f3 al Marquesado de Alcal\u00e1 de la Alameda. Durante varios siglos, Chucena, Hinojos, Manzanilla, Paterna del Campo, Escacena del Campo y Almonte fueron dependientes, de forma plena o parcial, del mismo se\u00f1or. Hu\u00e9gar experiment\u00f3 un notable progreso y pujanza econ\u00f3mica gracias a sus vi\u00f1as, que el Marqu\u00e9s de Alcal\u00e1 Alameda arrendaba a sus vecinos de Manzanilla, Escacena, Chucena y Alcal\u00e1. Se desconoce hasta cu\u00e1ndo fue marquesado Hu\u00e9gar, aunque s\u00ed se sabe que \u00e9sta fue una \u00e9poca de auge econ\u00f3mico para Manzanilla, que increment\u00f3 de forma importante su producci\u00f3n de vinos. Finalmente, en 1833 se incorpora a la provincia de Huelva y pasa a depender del partido judicial de la Palma del Condado.<\/p>\n<p style=\"text-align: justify\">Manzanilla, como el resto de los municipios vinateros, sufre en el siglo XX un importante rev\u00e9s, que quiebra sus bases productivas, a causa de la filoxera y otros problemas relacionados con el vi\u00f1edo. Los cambios en los h\u00e1bitos alimentarios, la mecanizaci\u00f3n del campo, el \u00e9xodo rural&#8230;, han jugado en contra de una cultura mediterr\u00e1nea, eje de la vida en Manzanilla, que ten\u00eda en la tortuosa cepa un punto de mira y de cohesi\u00f3n social. A\u00fan as\u00ed, hoy se intenta explotar otros campos para el buen desarrollo de esta localidad.<\/p>\n<p>&nbsp;<\/p>\n<p>&nbsp;<\/p>\n","protected":false},"excerpt":{"rendered":"<p>NUESTRO PUEBLO. Manzanilla es un municipio de 40 kms2 de extensi\u00f3n, que cuenta con unos 2500 habitantes. Los vinos hicieron de \u00e9ste un pueblo rico y pr\u00f3spero en el pasado, pero la crisis del&#46;&#46;&#46;<\/p>\n","protected":false},"author":3204,"featured_media":0,"parent":0,"menu_order":0,"comment_status":"closed","ping_status":"closed","template":"","meta":{"ngg_post_thumbnail":0,"footnotes":"","_mc_calendar":[]},"aioseo_notices":[],"_links":{"self":[{"href":"https:\/\/blogsaverroes.juntadeandalucia.es\/ceipmiguelhernandezdemanzanilla\/wp-json\/wp\/v2\/pages\/2324"}],"collection":[{"href":"https:\/\/blogsaverroes.juntadeandalucia.es\/ceipmiguelhernandezdemanzanilla\/wp-json\/wp\/v2\/pages"}],"about":[{"href":"https:\/\/blogsaverroes.juntadeandalucia.es\/ceipmiguelhernandezdemanzanilla\/wp-json\/wp\/v2\/types\/page"}],"author":[{"embeddable":true,"href":"https:\/\/blogsaverroes.juntadeandalucia.es\/ceipmiguelhernandezdemanzanilla\/wp-json\/wp\/v2\/users\/3204"}],"replies":[{"embeddable":true,"href":"https:\/\/blogsaverroes.juntadeandalucia.es\/ceipmiguelhernandezdemanzanilla\/wp-json\/wp\/v2\/comments?post=2324"}],"version-history":[{"count":4,"href":"https:\/\/blogsaverroes.juntadeandalucia.es\/ceipmiguelhernandezdemanzanilla\/wp-json\/wp\/v2\/pages\/2324\/revisions"}],"predecessor-version":[{"id":2359,"href":"https:\/\/blogsaverroes.juntadeandalucia.es\/ceipmiguelhernandezdemanzanilla\/wp-json\/wp\/v2\/pages\/2324\/revisions\/2359"}],"wp:attachment":[{"href":"https:\/\/blogsaverroes.juntadeandalucia.es\/ceipmiguelhernandezdemanzanilla\/wp-json\/wp\/v2\/media?parent=2324"}],"curies":[{"name":"wp","href":"https:\/\/api.w.org\/{rel}","templated":true}]}}