{"id":42,"date":"2023-10-07T08:40:47","date_gmt":"2023-10-07T08:40:47","guid":{"rendered":"http:\/\/blogsaverroes.juntadeandalucia.es\/pre\/ceip\/?page_id=42"},"modified":"2023-10-23T11:22:38","modified_gmt":"2023-10-23T11:22:38","slug":"equipo-directivo","status":"publish","type":"page","link":"https:\/\/blogsaverroes.juntadeandalucia.es\/ceipmiguelhernandezdemanzanilla\/equipo-directivo\/","title":{"rendered":"Equipo directivo"},"content":{"rendered":"<p>&nbsp;<\/p>\n<p><strong>Direcci\u00f3n: <\/strong>D. Diego Recio Castizo.<strong><br \/>\n<\/strong><\/p>\n<p><strong>Jefatura de estudios: <\/strong>D\u00f1a. Isidori Cabez\u00f3n Cruz.<strong><br \/>\n<\/strong><\/p>\n<p><strong>Secretar\u00eda: <\/strong>D\u00f1a. Raquel Blanco Alc\u00e1ntara.<\/p>\n<p style=\"text-align: justify;text-indent: 70.9pt\">&nbsp;<\/p>\n<p style=\"text-align: justify;text-indent: 70.9pt\"><a href=\"https:\/\/blogsaverroes.juntadeandalucia.es\/ceipmiguelhernandezdemanzanilla\/files\/2016\/03\/20160304_131128.jpg\"><img loading=\"lazy\" decoding=\"async\" class=\"wp-image-2149 aligncenter\" src=\"https:\/\/blogsaverroes.juntadeandalucia.es\/ceipmiguelhernandezdemanzanilla\/files\/2016\/03\/20160304_131128-300x225.jpg\" alt=\"\" width=\"145\" height=\"109\" srcset=\"https:\/\/blogsaverroes.juntadeandalucia.es\/ceipmiguelhernandezdemanzanilla\/files\/2016\/03\/20160304_131128-300x225.jpg 300w, https:\/\/blogsaverroes.juntadeandalucia.es\/ceipmiguelhernandezdemanzanilla\/files\/2016\/03\/20160304_131128-1024x768.jpg 1024w, https:\/\/blogsaverroes.juntadeandalucia.es\/ceipmiguelhernandezdemanzanilla\/files\/2016\/03\/20160304_131128.jpg 1600w\" sizes=\"(max-width: 145px) 100vw, 145px\" \/><\/a><\/p>\n<p style=\"text-align: justify;text-indent: 70.9pt\">&nbsp;<\/p>\n<p style=\"text-align: justify;text-indent: 70.9pt\"><strong>Saludo del Director:<\/strong><\/p>\n<p style=\"text-align: justify;text-indent: 70.9pt\">&nbsp;<\/p>\n<p style=\"text-align: justify;text-indent: 70.9pt\"><span style=\"font-size: 14.0pt;font-family: 'Candara','sans-serif'\">Estimados alumnos y alumnas, amigos y amigas internautas. Es un honor para m\u00ed, como director de este centro, dirigirme a todos ustedes y dar&nbsp;la bienvenida&nbsp;a todos. Si est\u00e1is leyendo estas palabras es porque hab\u00e9is accedido a nuestra renovada p\u00e1gina web, esperando que esta iniciativa sea de utilidad y facilite la comunicaci\u00f3n entre toda la comunidad educativa.<\/span><\/p>\n<p style=\"text-align: justify;text-indent: 70.9pt\"><span style=\"font-size: 14.0pt;font-family: 'Candara','sans-serif'\">El centro se est\u00e1 preocupando por seguir una l\u00ednea innovadora en la mejora de la calidad, de acuerdo con las directrices de la normativa vigente.<\/span><\/p>\n<p style=\"text-align: justify;text-indent: 70.9pt\"><span style=\"font-size: 14.0pt;font-family: 'Candara','sans-serif'\">Para nosotros es importante al igual que el aspecto acad\u00e9mico, la educaci\u00f3n en valores, el biling\u00fcismo y las tecnolog\u00edas de la informaci\u00f3n y la comunicaci\u00f3n.<\/span><\/p>\n<p style=\"text-align: justify;text-indent: 70.9pt\"><span style=\"font-size: 14.0pt;font-family: 'Candara','sans-serif'\">Tratamos de reflejar esto en el Proyecto Educativo que se lleva a cabo en el centro y en el que participa de forma activa el Claustro de Profesores y el Consejo Escolar del centro.<\/span><\/p>\n<p style=\"text-align: justify;text-indent: 70.9pt\"><span style=\"font-size: 14.0pt;font-family: 'Candara','sans-serif'\">Aprovecho la oportunidad para agradecer a todas las personas que, directa o indirectamente, hacen posible nuestra labor educativa, as\u00ed como el funcionamiento diario del centro.<br \/>\nGracias a todos.<\/span><\/p>\n<p style=\"text-align: justify;text-indent: 70.9pt\"><span style=\"font-size: 14.0pt;font-family: 'Candara','sans-serif'\">\u00a1Un saludo!<\/span><\/p>\n<p style=\"text-align: justify;text-indent: 70.9pt\"><span style=\"font-size: 14.0pt;font-family: 'Candara','sans-serif'\">Diego Recio Castizo<\/span><\/p>\n","protected":false},"excerpt":{"rendered":"<p>&nbsp; Direcci\u00f3n: D. Diego Recio Castizo. Jefatura de estudios: D\u00f1a. Isidori Cabez\u00f3n Cruz. Secretar\u00eda: D\u00f1a. Raquel Blanco Alc\u00e1ntara. &nbsp; &nbsp; Saludo del Director: &nbsp; Estimados alumnos y alumnas, amigos y amigas internautas. Es un&#46;&#46;&#46;<\/p>\n","protected":false},"author":1,"featured_media":0,"parent":0,"menu_order":0,"comment_status":"closed","ping_status":"open","template":"","meta":{"ngg_post_thumbnail":0,"footnotes":"","_mc_calendar":[]},"aioseo_notices":[],"_links":{"self":[{"href":"https:\/\/blogsaverroes.juntadeandalucia.es\/ceipmiguelhernandezdemanzanilla\/wp-json\/wp\/v2\/pages\/42"}],"collection":[{"href":"https:\/\/blogsaverroes.juntadeandalucia.es\/ceipmiguelhernandezdemanzanilla\/wp-json\/wp\/v2\/pages"}],"about":[{"href":"https:\/\/blogsaverroes.juntadeandalucia.es\/ceipmiguelhernandezdemanzanilla\/wp-json\/wp\/v2\/types\/page"}],"author":[{"embeddable":true,"href":"https:\/\/blogsaverroes.juntadeandalucia.es\/ceipmiguelhernandezdemanzanilla\/wp-json\/wp\/v2\/users\/1"}],"replies":[{"embeddable":true,"href":"https:\/\/blogsaverroes.juntadeandalucia.es\/ceipmiguelhernandezdemanzanilla\/wp-json\/wp\/v2\/comments?post=42"}],"version-history":[{"count":10,"href":"https:\/\/blogsaverroes.juntadeandalucia.es\/ceipmiguelhernandezdemanzanilla\/wp-json\/wp\/v2\/pages\/42\/revisions"}],"predecessor-version":[{"id":2989,"href":"https:\/\/blogsaverroes.juntadeandalucia.es\/ceipmiguelhernandezdemanzanilla\/wp-json\/wp\/v2\/pages\/42\/revisions\/2989"}],"wp:attachment":[{"href":"https:\/\/blogsaverroes.juntadeandalucia.es\/ceipmiguelhernandezdemanzanilla\/wp-json\/wp\/v2\/media?parent=42"}],"curies":[{"name":"wp","href":"https:\/\/api.w.org\/{rel}","templated":true}]}}