{"id":2,"date":"2014-08-25T11:09:05","date_gmt":"2014-08-25T11:09:05","guid":{"rendered":"http:\/\/blogsaverroes.juntadeandalucia.es\/igge\/?page_id=2"},"modified":"2025-05-20T10:46:26","modified_gmt":"2025-05-20T10:46:26","slug":"pagina-ejemplo","status":"publish","type":"page","link":"https:\/\/blogsaverroes.juntadeandalucia.es\/ceipmiguelhernandezlaciguena\/pagina-ejemplo\/","title":{"rendered":"Men\u00fas"},"content":{"rendered":"<p>Todos los men\u00fas, y m\u00e1s informaci\u00f3n al respecto, estar\u00e1n disponibles para las familias en &nbsp;la App M\u00f3vil \u201cEl Gusto de Crecer\u201d<br \/>\ny\/o en la P\u00e1gina Web www.elgustodecrecer.es.<\/p>\n<p><a href=\"https:\/\/blogsaverroes.juntadeandalucia.es\/ceipmiguelhernandezlaciguena\/files\/2025\/05\/MENU-mayo.pdf\">MENU mayo<\/a><\/p>\n<p><a href=\"https:\/\/blogsaverroes.juntadeandalucia.es\/ceipmiguelhernandezlaciguena\/files\/2024\/03\/MEN\u00da-DE-MARZO-COMPLETO.pdf\">MEN\u00da DE MARZO COMPLETO<\/a><\/p>\n<p><a href=\"https:\/\/blogsaverroes.juntadeandalucia.es\/ceipmiguelhernandezlaciguena\/files\/2024\/02\/MEN\u00da-DE-FEBRERO-COMPLETO.pdf\">MEN\u00da DE FEBRERO COMPLETO<\/a><\/p>\n<p><a href=\"https:\/\/blogsaverroes.juntadeandalucia.es\/ceipmiguelhernandezlaciguena\/files\/2024\/01\/MEN\u00da-DE-FEBRERO-2024-HASTA-16.pdf\">MEN\u00da DE FEBRERO 2024-HASTA 16<\/a><\/p>\n<p><a href=\"https:\/\/blogsaverroes.juntadeandalucia.es\/ceipmiguelhernandezlaciguena\/files\/2024\/01\/MEN\u00da-DE-ENERO-2024.pdf\">MEN\u00da DE ENERO 2024<\/a><\/p>\n<p><a href=\"https:\/\/blogsaverroes.juntadeandalucia.es\/ceipmiguelhernandezlaciguena\/files\/2023\/11\/MEN\u00da-DE-DICIEMBRE-2023.pdf\">MEN\u00da DE DICIEMBRE 2023<\/a><\/p>\n<p><a href=\"https:\/\/blogsaverroes.juntadeandalucia.es\/ceipmiguelhernandezlaciguena\/files\/2023\/11\/MEN\u00da-DE-NOVIEMBRE-2023.pdf\">MEN\u00da DE NOVIEMBRE 2023<\/a><\/p>\n<p><a href=\"https:\/\/blogsaverroes.juntadeandalucia.es\/ceipmiguelhernandezlaciguena\/files\/2023\/11\/MEN\u00da-DE-OCTUBRE-2023.pdf\">MEN\u00da DE OCTUBRE 2023<\/a><\/p>\n<p><a href=\"https:\/\/blogsaverroes.juntadeandalucia.es\/ceipmiguelhernandezlaciguena\/files\/2023\/11\/MEN\u00da-DE-SEPTIEMBRE-2023.pdf\">MEN\u00da DE SEPTIEMBRE 2023<\/a>&nbsp;<\/p>\n","protected":false},"excerpt":{"rendered":"<p>Todos los men\u00fas, y m\u00e1s informaci\u00f3n al respecto, estar\u00e1n disponibles para las familias en &nbsp;la App M\u00f3vil \u201cEl Gusto de Crecer\u201d y\/o en la P\u00e1gina Web www.elgustodecrecer.es. MENU mayo MEN\u00da DE MARZO COMPLETO MEN\u00da&#46;&#46;&#46;<\/p>\n","protected":false},"author":1,"featured_media":0,"parent":0,"menu_order":0,"comment_status":"closed","ping_status":"open","template":"","meta":{"ngg_post_thumbnail":0,"footnotes":"","_mc_calendar":[]},"aioseo_notices":[],"_links":{"self":[{"href":"https:\/\/blogsaverroes.juntadeandalucia.es\/ceipmiguelhernandezlaciguena\/wp-json\/wp\/v2\/pages\/2"}],"collection":[{"href":"https:\/\/blogsaverroes.juntadeandalucia.es\/ceipmiguelhernandezlaciguena\/wp-json\/wp\/v2\/pages"}],"about":[{"href":"https:\/\/blogsaverroes.juntadeandalucia.es\/ceipmiguelhernandezlaciguena\/wp-json\/wp\/v2\/types\/page"}],"author":[{"embeddable":true,"href":"https:\/\/blogsaverroes.juntadeandalucia.es\/ceipmiguelhernandezlaciguena\/wp-json\/wp\/v2\/users\/1"}],"replies":[{"embeddable":true,"href":"https:\/\/blogsaverroes.juntadeandalucia.es\/ceipmiguelhernandezlaciguena\/wp-json\/wp\/v2\/comments?post=2"}],"version-history":[{"count":45,"href":"https:\/\/blogsaverroes.juntadeandalucia.es\/ceipmiguelhernandezlaciguena\/wp-json\/wp\/v2\/pages\/2\/revisions"}],"predecessor-version":[{"id":5282,"href":"https:\/\/blogsaverroes.juntadeandalucia.es\/ceipmiguelhernandezlaciguena\/wp-json\/wp\/v2\/pages\/2\/revisions\/5282"}],"wp:attachment":[{"href":"https:\/\/blogsaverroes.juntadeandalucia.es\/ceipmiguelhernandezlaciguena\/wp-json\/wp\/v2\/media?parent=2"}],"curies":[{"name":"wp","href":"https:\/\/api.w.org\/{rel}","templated":true}]}}