{"id":35,"date":"2015-03-13T08:21:43","date_gmt":"2015-03-13T08:21:43","guid":{"rendered":"http:\/\/blogsaverroes.juntadeandalucia.es\/pre\/ceip\/?page_id=35"},"modified":"2024-01-19T13:33:49","modified_gmt":"2024-01-19T13:33:49","slug":"el-centro-2","status":"publish","type":"page","link":"https:\/\/blogsaverroes.juntadeandalucia.es\/ceipmiguelhernandezlaciguena\/el-centro-2\/","title":{"rendered":"Datos del centro"},"content":{"rendered":"<h1 style=\"text-align: justify\"><strong>CEIP Miguel Hern\u00e1ndez \u00abLa Cig\u00fce\u00f1a\u00bb<\/strong><\/h1>\n<p style=\"text-align: justify\"><strong>Direcci\u00f3n:<\/strong> &nbsp;Calle Paseo de C\u00f3rdoba, 26. 41310 Brenes (Sevilla)<\/p>\n<p style=\"text-align: justify\"><strong>Tel\u00e9fono : 955622669<\/strong><br \/>\n<strong>Email:<\/strong> 41602508.edu@juntadeandalucia.es<\/p>\n<h4 style=\"text-align: justify\"><strong>Horarios<\/strong><\/h4>\n<p style=\"text-align: justify\">Lunes a Viernes de 9:00 a 14:00<\/p>\n<h1 style=\"text-align: justify\"><span class=\"diyfeDecoration\"><strong>Localizaci\u00f3n<\/strong>.<\/span><\/h1>\n<div class=\"n module-type-text diyfeLiveArea \" style=\"text-align: justify\">Nuestro centro se encuentra en la calle Paseo de C\u00f3rdoba n\u00famero 26. Est\u00e1 situado al Suroeste de la localidad, en la periferia de Brenes&nbsp;(ver plano adjunto). En veh\u00edculo se puede acceder desde la carretera que atraviesa Brenes, girando hacia la izquierda en la calle Paseo de C\u00f3rdoba, si se viene desde San Jos\u00e9 de la Rinconada, o girando a la derecha en esta misma calle si vamos en direcci\u00f3n a San Jos\u00e9 de la Rinconada desde el centro del pueblo.<\/div>\n<div class=\"n module-type-text diyfeLiveArea \" style=\"text-align: justify\">No tenemos p\u00e9rdida, s\u00f3lo tenemos que buscar la torre de la Cig\u00fce\u00f1a, antigua chimenea de una f\u00e1brica de ladrillos. En su cima encontramos durante casi todo el a\u00f1o cig\u00fce\u00f1as. Ellas son las que nos dan nuestro segundo nombre CEIP Miguel Hern\u00e1ndez \u00abLa Cig\u00fce\u00f1a\u00bb. La barriada en la que nos encontramos se llama tambi\u00e9n \u00abLa Cig\u00fce\u00f1a\u00bb. Junto al centro se encuentra el arroyo \u00abSiete Culebras\u00bb.<\/div>\n<div class=\"n module-type-header diyfeLiveArea \" style=\"text-align: justify\">\n<h1><span class=\"diyfeDecoration\">Edificios<\/span><\/h1>\n<\/div>\n<div class=\"n module-type-text diyfeLiveArea \" style=\"text-align: justify\">El centro consta de dos edificios, el principal situado al Este y el secundario al Oeste. Ambos son rectangulares y&nbsp;se disponen orientados al Suroeste.<\/div>\n<div class=\"n module-type-text diyfeLiveArea \" style=\"text-align: justify\">\n<p>Esperamos contar con comedor escolar y aula matinal en septiembre de 2017.<\/p>\n<p>El centro lo componen 20 aulas, 1 sal\u00f3n de usos m\u00faltiples, un aula de m\u00fasica, dos de pedagog\u00eda terap\u00e9utica, varias aulas para peque\u00f1os grupos, una peque\u00f1a aula de audici\u00f3n y lenguaje, un aula de m\u00fasica, una biblioteca, y varias dependencias de administraci\u00f3n.<\/p>\n<p><strong><u>Edificio Principal<\/u><\/strong><\/p>\n<\/div>\n<div class=\"n module-type-text diyfeLiveArea \" style=\"text-align: justify\">En la planta baja se encuentran la Direcci\u00f3n, la Jefatura de Estudios, la Secretar\u00eda y la Sala de Profesores. Adem\u00e1s contamos con aulas de infantil, primaria, comedor y cocina. Al fondo del pasillo encontraremos la tutor\u00eda de Infantil.<\/div>\n<div class=\"n module-type-text diyfeLiveArea \" style=\"text-align: justify\">En la planta alta hay aulas y tutor\u00edas de primaria.<\/div>\n<div>&nbsp;<\/div>\n<div class=\"n module-type-text diyfeLiveArea \" style=\"text-align: justify\"><strong><u>Edificio Secundario<\/u><\/strong><\/div>\n<div class=\"n module-type-text diyfeLiveArea \" style=\"text-align: justify\">En la planta baja contamos con la Biblioteca, la Sala de Material de Educaci\u00f3n F\u00edsica, el Aula Espec\u00edfica, tutor\u00edas, el Sal\u00f3n de Usos M\u00faltiples (Gimnasio), aulas de Infantil, Primaria y aulas multiusos.<\/div>\n<div class=\"n module-type-text diyfeLiveArea \" style=\"text-align: justify\">En la planta alta hay tutor\u00edas de primaria, aulas de primaria, y de AL y PT.<\/div>\n<div class=\"n module-type-text diyfeLiveArea \" style=\"text-align: justify\">\n<p><strong><u>Patio<\/u><\/strong><\/p>\n<\/div>\n<div class=\"n module-type-text diyfeLiveArea \" style=\"text-align: justify\">Contamos con dos patios. Uno para infantil, que se encuentra situado entre los dos edificios del centro, y que cuenta con un&nbsp;huerto y parque infantil, y otro de primaria, que se encuentra al Oeste, y que contiene una&nbsp;pista polideportiva.<\/div>\n<div class=\"n module-type-text diyfeLiveArea \" style=\"text-align: justify\">&nbsp;<\/div>\n<h4 style=\"text-align: justify\"><strong>Oferta educativa<\/strong><\/h4>\n<p style=\"text-align: justify\">Somos un centro de educaci\u00f3n infantil y primaria, con dos unidades en cada nivel, y en algunos niveles 3 unidades.<\/p>\n<p>Desde el curso 2015\/2016 somos centro biling\u00fce de ingl\u00e9s.<\/p>\n<p style=\"text-align: justify\">Contamos con dos aulas de pedagog\u00eda terap\u00e9utica y un aula a tiempo parcial de audici\u00f3n y lenguaje, as\u00ed como la presencia semanal del equipo de orientaci\u00f3n educativa.<\/p>\n","protected":false},"excerpt":{"rendered":"<p>CEIP Miguel Hern\u00e1ndez \u00abLa Cig\u00fce\u00f1a\u00bb Direcci\u00f3n: &nbsp;Calle Paseo de C\u00f3rdoba, 26. 41310 Brenes (Sevilla) Tel\u00e9fono : 955622669 Email: 41602508.edu@juntadeandalucia.es Horarios Lunes a Viernes de 9:00 a 14:00 Localizaci\u00f3n. Nuestro centro se encuentra en la&#46;&#46;&#46;<\/p>\n","protected":false},"author":1,"featured_media":0,"parent":0,"menu_order":0,"comment_status":"closed","ping_status":"open","template":"page-cs.php","meta":{"ngg_post_thumbnail":0,"footnotes":"","_mc_calendar":[]},"aioseo_notices":[],"_links":{"self":[{"href":"https:\/\/blogsaverroes.juntadeandalucia.es\/ceipmiguelhernandezlaciguena\/wp-json\/wp\/v2\/pages\/35"}],"collection":[{"href":"https:\/\/blogsaverroes.juntadeandalucia.es\/ceipmiguelhernandezlaciguena\/wp-json\/wp\/v2\/pages"}],"about":[{"href":"https:\/\/blogsaverroes.juntadeandalucia.es\/ceipmiguelhernandezlaciguena\/wp-json\/wp\/v2\/types\/page"}],"author":[{"embeddable":true,"href":"https:\/\/blogsaverroes.juntadeandalucia.es\/ceipmiguelhernandezlaciguena\/wp-json\/wp\/v2\/users\/1"}],"replies":[{"embeddable":true,"href":"https:\/\/blogsaverroes.juntadeandalucia.es\/ceipmiguelhernandezlaciguena\/wp-json\/wp\/v2\/comments?post=35"}],"version-history":[{"count":27,"href":"https:\/\/blogsaverroes.juntadeandalucia.es\/ceipmiguelhernandezlaciguena\/wp-json\/wp\/v2\/pages\/35\/revisions"}],"predecessor-version":[{"id":5179,"href":"https:\/\/blogsaverroes.juntadeandalucia.es\/ceipmiguelhernandezlaciguena\/wp-json\/wp\/v2\/pages\/35\/revisions\/5179"}],"wp:attachment":[{"href":"https:\/\/blogsaverroes.juntadeandalucia.es\/ceipmiguelhernandezlaciguena\/wp-json\/wp\/v2\/media?parent=35"}],"curies":[{"name":"wp","href":"https:\/\/api.w.org\/{rel}","templated":true}]}}