{"id":2136,"date":"2019-05-14T13:57:40","date_gmt":"2019-05-14T13:57:40","guid":{"rendered":"https:\/\/blogsaverroes.juntadeandalucia.es\/ceipmiguelzubeldia\/?page_id=2136"},"modified":"2023-11-23T08:47:06","modified_gmt":"2023-11-23T08:47:06","slug":"plan-de-biblioteca","status":"publish","type":"page","link":"https:\/\/blogsaverroes.juntadeandalucia.es\/ceipmiguelzubeldia\/plan-de-biblioteca\/","title":{"rendered":"Plan de biblioteca"},"content":{"rendered":"<h2 style=\"text-align: center\"><span style=\"color: #000080\"><strong>Plan de Organizaci\u00f3n y Funcionamiento de la Biblioteca Escolar.<\/strong><\/span><\/h2>\n<div>\n<div id=\"cc-m-textwithimage-11261633895\" class=\"cc-m-textwithimage-inline-rte\">\n<p style=\"text-align: justify\"><img loading=\"lazy\" decoding=\"async\" class=\"wp-image-2494 alignleft\" src=\"https:\/\/blogsaverroes.juntadeandalucia.es\/ceipmiguelzubeldia\/files\/2019\/05\/Biblioteca-300x200.jpg\" alt=\"\" width=\"437\" height=\"291\" srcset=\"https:\/\/blogsaverroes.juntadeandalucia.es\/ceipmiguelzubeldia\/files\/2019\/05\/Biblioteca-300x200.jpg 300w, https:\/\/blogsaverroes.juntadeandalucia.es\/ceipmiguelzubeldia\/files\/2019\/05\/Biblioteca-24x16.jpg 24w, https:\/\/blogsaverroes.juntadeandalucia.es\/ceipmiguelzubeldia\/files\/2019\/05\/Biblioteca-36x24.jpg 36w, https:\/\/blogsaverroes.juntadeandalucia.es\/ceipmiguelzubeldia\/files\/2019\/05\/Biblioteca-48x32.jpg 48w, https:\/\/blogsaverroes.juntadeandalucia.es\/ceipmiguelzubeldia\/files\/2019\/05\/Biblioteca.jpg 520w\" sizes=\"(max-width: 437px) 100vw, 437px\" \/>La instituci\u00f3n escolar dispone de un espacio dedicado a biblioteca, de un imprescindible recurso para el apoyo al aprendizaje. La biblioteca no es una instituci\u00f3n, ni un servicio complementario, ni un departamento, ni trabaja al margen del centro escolar; es un recurso educativo del que todos los centros han de disponer para poder desarrollar el curr\u00edculo y el proyecto educativo.<\/p>\n<p style=\"text-align: justify\">Todos los servicios y programas que la biblioteca ofrece y articula est\u00e1n vinculados al desarrollo curricular y al plan de trabajo del centro.<\/p>\n<p style=\"text-align: justify\">La naturaleza de la biblioteca es fundamentalmente de \u00edndole pedag\u00f3gica ya que su uso ha de hacerse en el tiempo lectivo para beneficio de todos y como consecuencia de una actividad y una necesidad que emana del proceso de ense\u00f1anza\/aprendizaje.<\/p>\n<p style=\"text-align: justify\">Toda la acci\u00f3n de la Biblioteca Escolar como Centro de Recursos para la Ense\u00f1anza y el Aprendizaje (BE\/CREA) est\u00e1 encaminada a apoyar, favorecer y enriquecer el desarrollo de la programaci\u00f3n docente.<\/p>\n<p style=\"text-align: justify\"><strong><u>Objetivos de la Biblioteca del CEIP \u00abMiguel Zubeldia\u00bb para el curso 2023 &#8211; 2024<\/u><\/strong><\/p>\n<p style=\"text-align: justify\"><img loading=\"lazy\" decoding=\"async\" class=\"alignleft wp-image-2496\" src=\"https:\/\/blogsaverroes.juntadeandalucia.es\/ceipmiguelzubeldia\/files\/2019\/05\/Biblioteca2-300x166.jpg\" alt=\"\" width=\"426\" height=\"236\" srcset=\"https:\/\/blogsaverroes.juntadeandalucia.es\/ceipmiguelzubeldia\/files\/2019\/05\/Biblioteca2-300x166.jpg 300w, https:\/\/blogsaverroes.juntadeandalucia.es\/ceipmiguelzubeldia\/files\/2019\/05\/Biblioteca2-24x13.jpg 24w, https:\/\/blogsaverroes.juntadeandalucia.es\/ceipmiguelzubeldia\/files\/2019\/05\/Biblioteca2-36x20.jpg 36w, https:\/\/blogsaverroes.juntadeandalucia.es\/ceipmiguelzubeldia\/files\/2019\/05\/Biblioteca2-48x27.jpg 48w, https:\/\/blogsaverroes.juntadeandalucia.es\/ceipmiguelzubeldia\/files\/2019\/05\/Biblioteca2.jpg 520w\" sizes=\"(max-width: 426px) 100vw, 426px\" \/><\/p>\n<p style=\"text-align: justify\">Se pretende integrar a la Biblioteca, como un fondo documental y de recursos, en el trabajo diario del aula, descubriendo las m\u00faltiples posibilidades que nos puede ofrecer.<\/p>\n<p style=\"text-align: justify\">Los objetivos que nos proponemos llevar a cabo con nuestro Plan de Trabajo durante el presente curso escolar son los siguientes:<\/p>\n<ul style=\"text-align: justify\">\n<li>Continuar con la informatizaci\u00f3n de los fondos de la biblioteca escolar del Centro en el Programa BIBLIOWEB.<\/li>\n<li>Colocaci\u00f3n de tejuelos y colores a todos los ejemplares y ordenaci\u00f3n siguiendo criterios de la CDU.<\/li>\n<li>Poner a disposici\u00f3n de los usuarios el cat\u00e1logo de la biblioteca a trav\u00e9s de Biblioweb.<\/li>\n<\/ul>\n<div style=\"text-align: justify\">\n<div id=\"cc-m-textwithimage-11261636295\" class=\"cc-m-textwithimage-inline-rte\">\n<ul>\n<li>Incorporar Google Calendar, para informar de horarios, actividades, reuniones\u2026<\/li>\n<li>Realizar formularios con Google Drive para conocer la opini\u00f3n y valoraciones sobre diversos temas de los usuarios de la biblioteca.<\/li>\n<li>Potenciar la utilizaci\u00f3n de la biblioteca como centro de recursos para la ense\u00f1anza y el aprendizaje, formando a los usuarios para tal fin.<\/li>\n<li>Actualizar permanentemente el blog de la biblioteca para la difusi\u00f3n de las actividades, exposici\u00f3n de trabajos del alumnado, fomento de la lectura, etc, haciendo visible a toda la comunidad educativa, la actividad de la biblioteca escolar.<\/li>\n<\/ul>\n<\/div>\n<\/div>\n<\/div>\n<\/div>\n<p style=\"text-align: justify\"><img loading=\"lazy\" decoding=\"async\" class=\"alignright wp-image-2499\" src=\"https:\/\/blogsaverroes.juntadeandalucia.es\/ceipmiguelzubeldia\/files\/2019\/05\/Biblioteca-4-300x225.jpg\" alt=\"\" width=\"454\" height=\"341\" srcset=\"https:\/\/blogsaverroes.juntadeandalucia.es\/ceipmiguelzubeldia\/files\/2019\/05\/Biblioteca-4-300x225.jpg 300w, https:\/\/blogsaverroes.juntadeandalucia.es\/ceipmiguelzubeldia\/files\/2019\/05\/Biblioteca-4-24x18.jpg 24w, https:\/\/blogsaverroes.juntadeandalucia.es\/ceipmiguelzubeldia\/files\/2019\/05\/Biblioteca-4-36x27.jpg 36w, https:\/\/blogsaverroes.juntadeandalucia.es\/ceipmiguelzubeldia\/files\/2019\/05\/Biblioteca-4-48x36.jpg 48w, https:\/\/blogsaverroes.juntadeandalucia.es\/ceipmiguelzubeldia\/files\/2019\/05\/Biblioteca-4.jpg 520w\" sizes=\"(max-width: 454px) 100vw, 454px\" \/><\/p>\n<div>\n<div id=\"cc-m-textwithimage-11261633895\" class=\"cc-m-textwithimage-inline-rte\">\n<div>\n<div id=\"cc-m-textwithimage-11261636295\" class=\"cc-m-textwithimage-inline-rte\">\n<ul>\n<li style=\"text-align: justify\">Potenciar el uso de herramientas digitales para la comunicaci\u00f3n, difusi\u00f3n e investigaci\u00f3n para toda la comunidad educativa del Centro, difundiendo actividades de lectura, recomendaciones de libros, producciones literarias del alumnado, res\u00famenes, comentarios, realizar investigaciones y trabajos digitales, establecer comunicaciones entre los miembros, etc.<\/li>\n<li style=\"text-align: justify\">Realizar presentaciones con PhotoPeach o Prezi para exponerlas a los grupos sobre c\u00f3mo mejorar la competencia informacional, para conocer el funcionamiento de la biblioteca, la colocaci\u00f3n de los libros, tejuelos, CDU, etc<\/li>\n<li>\n<div>\n<div id=\"cc-m-textwithimage-11261636495\" class=\"cc-m-textwithimage-inline-rte\">\n<p style=\"text-align: justify\">Crear repositorios de materiales y sitios web para el trabajo diario en clase, para realizar eventos, etc. Para esta tarea disponemos de estupendas herramientas como:<\/p>\n<ul style=\"text-align: justify\">\n<li>a. Marcadores sociales con Diigo<\/li>\n<li>b. Escritorios virtuales con Netvibes o Symbaloo, en los que recoger todas las herramientas anteriores de la biblioteca.<\/li>\n<li>c. Selecci\u00f3n de contenidos de lectura, recomendaciones, itinerarios lectores, etc, con Pinterest.<\/li>\n<\/ul>\n<p style=\"text-align: justify\">Desarrollar actividades que potencien el proyecto lector y el fomento de la lectura, as\u00ed como las relacionadas con celebraciones y efem\u00e9rides.<\/p>\n<p style=\"text-align: justify\">Apoyar los programas en los que el centro participa: Escuela: Espacio de Paz, Coeducaci\u00f3n, Ecoescuela, Erasmus, TIC, etc.<\/p>\n<p style=\"text-align: justify\">Difundir las normas de uso y funcionamiento de la Biblioteca.<\/p>\n<p>&nbsp;<\/p>\n<p><a href=\"https:\/\/blogsaverroes.juntadeandalucia.es\/ceipmiguelzubeldia\/files\/2023\/11\/PLAN-DE-TRABAJO-DE-LA-BILIOTECA-CEIP-MIGUEL-ZUBELDIA-2023_2024.pdf\">PLAN DE TRABAJO DE LA BILIOTECA CEIP MIGUEL ZUBELDIA 2023_2024<\/a><\/p>\n<\/div>\n<\/div>\n<\/li>\n<\/ul>\n<\/div>\n<\/div>\n<\/div>\n<\/div>\n","protected":false},"excerpt":{"rendered":"<p>Plan de Organizaci\u00f3n y Funcionamiento de la Biblioteca Escolar. La instituci\u00f3n escolar dispone de un espacio dedicado a biblioteca, de un imprescindible recurso para el apoyo al aprendizaje. La biblioteca no es una instituci\u00f3n,&#46;&#46;&#46;<\/p>\n","protected":false},"author":7539,"featured_media":0,"parent":0,"menu_order":0,"comment_status":"closed","ping_status":"closed","template":"","meta":{"ngg_post_thumbnail":0,"footnotes":"","_mc_calendar":[]},"aioseo_notices":[],"_links":{"self":[{"href":"https:\/\/blogsaverroes.juntadeandalucia.es\/ceipmiguelzubeldia\/wp-json\/wp\/v2\/pages\/2136"}],"collection":[{"href":"https:\/\/blogsaverroes.juntadeandalucia.es\/ceipmiguelzubeldia\/wp-json\/wp\/v2\/pages"}],"about":[{"href":"https:\/\/blogsaverroes.juntadeandalucia.es\/ceipmiguelzubeldia\/wp-json\/wp\/v2\/types\/page"}],"author":[{"embeddable":true,"href":"https:\/\/blogsaverroes.juntadeandalucia.es\/ceipmiguelzubeldia\/wp-json\/wp\/v2\/users\/7539"}],"replies":[{"embeddable":true,"href":"https:\/\/blogsaverroes.juntadeandalucia.es\/ceipmiguelzubeldia\/wp-json\/wp\/v2\/comments?post=2136"}],"version-history":[{"count":18,"href":"https:\/\/blogsaverroes.juntadeandalucia.es\/ceipmiguelzubeldia\/wp-json\/wp\/v2\/pages\/2136\/revisions"}],"predecessor-version":[{"id":4332,"href":"https:\/\/blogsaverroes.juntadeandalucia.es\/ceipmiguelzubeldia\/wp-json\/wp\/v2\/pages\/2136\/revisions\/4332"}],"wp:attachment":[{"href":"https:\/\/blogsaverroes.juntadeandalucia.es\/ceipmiguelzubeldia\/wp-json\/wp\/v2\/media?parent=2136"}],"curies":[{"name":"wp","href":"https:\/\/api.w.org\/{rel}","templated":true}]}}