{"id":4289,"date":"2020-09-11T15:37:54","date_gmt":"2020-09-11T14:37:54","guid":{"rendered":"https:\/\/blogsaverroes.juntadeandalucia.es\/ceipmirafloresmonachil\/?page_id=4289"},"modified":"2022-03-04T10:21:44","modified_gmt":"2022-03-04T09:21:44","slug":"protocolo-covid-19","status":"publish","type":"page","link":"https:\/\/blogsaverroes.juntadeandalucia.es\/ceipmirafloresmonachil\/protocolo-covid-19\/","title":{"rendered":"Plan de Centro"},"content":{"rendered":"<p>Un centro se define en gran medida por su <strong>PLAN DE CENTRO<\/strong>. En \u00e9l se plasma el modelo educativo y la concreci\u00f3n de la normativa que un centro realiza respecto a las ense\u00f1anzas que imparte.<\/p>\n<p>Que la web de un centro informe de su Plan de Centro es una apuesta clara por la <strong>transparencia<\/strong>.<\/p>\n<p>&nbsp;<\/p>\n<h2>&nbsp;<\/h2>\n<h2 style=\"text-align: center\">&nbsp;<\/h2>\n","protected":false},"excerpt":{"rendered":"<p>Un centro se define en gran medida por su PLAN DE CENTRO. En \u00e9l se plasma el modelo educativo y la concreci\u00f3n de la normativa que un centro realiza respecto a las ense\u00f1anzas que&#46;&#46;&#46;<\/p>\n","protected":false},"author":3288,"featured_media":0,"parent":0,"menu_order":0,"comment_status":"closed","ping_status":"closed","template":"","meta":{"ngg_post_thumbnail":0,"footnotes":"","_mc_calendar":[]},"aioseo_notices":[],"_links":{"self":[{"href":"https:\/\/blogsaverroes.juntadeandalucia.es\/ceipmirafloresmonachil\/wp-json\/wp\/v2\/pages\/4289"}],"collection":[{"href":"https:\/\/blogsaverroes.juntadeandalucia.es\/ceipmirafloresmonachil\/wp-json\/wp\/v2\/pages"}],"about":[{"href":"https:\/\/blogsaverroes.juntadeandalucia.es\/ceipmirafloresmonachil\/wp-json\/wp\/v2\/types\/page"}],"author":[{"embeddable":true,"href":"https:\/\/blogsaverroes.juntadeandalucia.es\/ceipmirafloresmonachil\/wp-json\/wp\/v2\/users\/3288"}],"replies":[{"embeddable":true,"href":"https:\/\/blogsaverroes.juntadeandalucia.es\/ceipmirafloresmonachil\/wp-json\/wp\/v2\/comments?post=4289"}],"version-history":[{"count":7,"href":"https:\/\/blogsaverroes.juntadeandalucia.es\/ceipmirafloresmonachil\/wp-json\/wp\/v2\/pages\/4289\/revisions"}],"predecessor-version":[{"id":5078,"href":"https:\/\/blogsaverroes.juntadeandalucia.es\/ceipmirafloresmonachil\/wp-json\/wp\/v2\/pages\/4289\/revisions\/5078"}],"wp:attachment":[{"href":"https:\/\/blogsaverroes.juntadeandalucia.es\/ceipmirafloresmonachil\/wp-json\/wp\/v2\/media?parent=4289"}],"curies":[{"name":"wp","href":"https:\/\/api.w.org\/{rel}","templated":true}]}}