{"id":4426,"date":"2020-12-01T09:29:40","date_gmt":"2020-12-01T08:29:40","guid":{"rendered":"https:\/\/blogsaverroes.juntadeandalucia.es\/ceipmirafloresmonachil\/?page_id=4426"},"modified":"2020-12-01T15:22:05","modified_gmt":"2020-12-01T14:22:05","slug":"orientadora","status":"publish","type":"page","link":"https:\/\/blogsaverroes.juntadeandalucia.es\/ceipmirafloresmonachil\/orientadora\/","title":{"rendered":"Orientadora"},"content":{"rendered":"<p style=\"text-align: justify\"><span style=\"color: #000000\">Los profesionales de los equipos de orientaci\u00f3n educativa realizan aquellas funciones, que encomendadas en la normativa vigente y de acuerdo a estas funciones espec\u00edficas, desarrollan actuaciones seg\u00fan se establece en el Plan Actuaci\u00f3n en el Centro.&nbsp;<\/span><\/p>\n<p><span style=\"color: #000000\">Nuestra orientadora podr\u00e1 atender a las familia con cita previa. <\/span><span style=\"color: #ff6600\"><em>SE SOLICITAR\u00c1 AL JEFE DE ESTUDIOS DEL CENTRO (JUAN CARLOS).<\/em><\/span><\/p>\n<p><span style=\"color: #000000\">El horario de<\/span><span style=\"color: #000000\"> dichas tutor\u00edas es el siguiente:&nbsp;<\/span><\/p>\n<p><span style=\"color: #ff6600\">1<\/span><span style=\"color: #ff6600\">\u00ba, 2\u00ba y 3\u00ba Martes de cada mes de 9:00h a 14:00h<\/span><\/p>\n<p><span style=\"color: #ff6600\">4\u00ba Lunes del mes de 16:30h a 17:30h.<\/span><\/p>\n<p><span style=\"color: #0000ff\">Dicho horario podr\u00e1 verse afectado por cambios de planificaci\u00f3n.<\/span><\/p>\n<p style=\"text-align: justify\"><span style=\"color: #000000\">Debido a la situaci\u00f3n sanitaria actual, las tutor\u00edas se realizar\u00e1n, preferentemente, telem\u00e1ticamente.<\/span><\/p>\n","protected":false},"excerpt":{"rendered":"<p>Los profesionales de los equipos de orientaci\u00f3n educativa realizan aquellas funciones, que encomendadas en la normativa vigente y de acuerdo a estas funciones espec\u00edficas, desarrollan actuaciones seg\u00fan se establece en el Plan Actuaci\u00f3n en&#46;&#46;&#46;<\/p>\n","protected":false},"author":3288,"featured_media":0,"parent":0,"menu_order":0,"comment_status":"closed","ping_status":"closed","template":"","meta":{"ngg_post_thumbnail":0,"footnotes":"","_mc_calendar":[]},"aioseo_notices":[],"_links":{"self":[{"href":"https:\/\/blogsaverroes.juntadeandalucia.es\/ceipmirafloresmonachil\/wp-json\/wp\/v2\/pages\/4426"}],"collection":[{"href":"https:\/\/blogsaverroes.juntadeandalucia.es\/ceipmirafloresmonachil\/wp-json\/wp\/v2\/pages"}],"about":[{"href":"https:\/\/blogsaverroes.juntadeandalucia.es\/ceipmirafloresmonachil\/wp-json\/wp\/v2\/types\/page"}],"author":[{"embeddable":true,"href":"https:\/\/blogsaverroes.juntadeandalucia.es\/ceipmirafloresmonachil\/wp-json\/wp\/v2\/users\/3288"}],"replies":[{"embeddable":true,"href":"https:\/\/blogsaverroes.juntadeandalucia.es\/ceipmirafloresmonachil\/wp-json\/wp\/v2\/comments?post=4426"}],"version-history":[{"count":5,"href":"https:\/\/blogsaverroes.juntadeandalucia.es\/ceipmirafloresmonachil\/wp-json\/wp\/v2\/pages\/4426\/revisions"}],"predecessor-version":[{"id":4445,"href":"https:\/\/blogsaverroes.juntadeandalucia.es\/ceipmirafloresmonachil\/wp-json\/wp\/v2\/pages\/4426\/revisions\/4445"}],"wp:attachment":[{"href":"https:\/\/blogsaverroes.juntadeandalucia.es\/ceipmirafloresmonachil\/wp-json\/wp\/v2\/media?parent=4426"}],"curies":[{"name":"wp","href":"https:\/\/api.w.org\/{rel}","templated":true}]}}