{"id":6143,"date":"2024-04-19T10:17:11","date_gmt":"2024-04-19T09:17:11","guid":{"rendered":"https:\/\/blogsaverroes.juntadeandalucia.es\/ceipmirafloresmonachil\/?page_id=6143"},"modified":"2024-05-06T12:35:59","modified_gmt":"2024-05-06T11:35:59","slug":"novedades-erasmus","status":"publish","type":"page","link":"https:\/\/blogsaverroes.juntadeandalucia.es\/ceipmirafloresmonachil\/novedades-erasmus\/","title":{"rendered":"EVALUACI\u00d3N ERASMUS+ 2024"},"content":{"rendered":"<h3><span style=\"color: #0000ff\"><strong>Es una enorme satisfacci\u00f3n comunicar que;<\/strong><\/span><\/h3>\n<h3><span style=\"color: #0000ff\"><strong>Tras el env\u00edo del informe final relativo al Proyecto Erasmus + 2021-1-ES01-KA121-SCH000007453 presentado al Servicio Espa\u00f1ol para la Internacionalizaci\u00f3n Educativa (SEPIE), nuestro centro ha sido evaluado por el personal del mismo, otorg\u00e1ndonos una puntuaci\u00f3n de 80 sobre 100. En este sentido, el CEIP Miraflores, ha superado con creces la valoraci\u00f3n promovida por la Agencia Espa\u00f1ola. Nos sentimos muy orgullos de contribuir a una educaci\u00f3n que pone el punto de mira en Europa y en todo lo que ello implica (sostenibilidad, ciudadan\u00eda activa, solidaridad, diversidad etc.). No obstante, existen algunos aspectos que pueden ser mejorados y por ello, ya nos hemos puesto manos a la obra para sucesivos proyectos.&nbsp;<\/strong><\/span><\/h3>\n<h3><span style=\"color: #0000ff\"><strong>Caminamos juntos hacia el futuro.&nbsp;<\/strong><\/span><\/h3>\n<p><img decoding=\"async\" class=\"CToWUd\" src=\"https:\/\/mail.google.com\/mail\/u\/1?ui=2&amp;ik=0a2a5ea9c8&amp;attid=0.1.1&amp;permmsgid=msg-f:1796582624794678054&amp;th=18eebe60e8869326&amp;view=fimg&amp;fur=ip&amp;sz=s0-l75-ft&amp;attbid=ANGjdJ8YFOO14-MyYm9iX2q1mfBqeSxDuLy3T1RElTnfsDdRt2QUUQ7nY0Rg51TEPgqmF0sweOo5nk_czE4NHCX33MgmpspF_s7qagSSL3eorFtiOE2Bq25iEnfawuQ&amp;disp=emb\" alt=\"Escuela T\u00e9cnica Superior de Ingenier\u00eda y Dise\u00f1o Industrial\" data-image-whitelisted=\"\" data-bit=\"iit\"><\/p>\n","protected":false},"excerpt":{"rendered":"<p>Es una enorme satisfacci\u00f3n comunicar que; Tras el env\u00edo del informe final relativo al Proyecto Erasmus + 2021-1-ES01-KA121-SCH000007453 presentado al Servicio Espa\u00f1ol para la Internacionalizaci\u00f3n Educativa (SEPIE), nuestro centro ha sido evaluado por el&#46;&#46;&#46;<\/p>\n","protected":false},"author":3288,"featured_media":5680,"parent":0,"menu_order":0,"comment_status":"closed","ping_status":"closed","template":"","meta":{"ngg_post_thumbnail":0,"footnotes":"","_mc_calendar":[]},"aioseo_notices":[],"_links":{"self":[{"href":"https:\/\/blogsaverroes.juntadeandalucia.es\/ceipmirafloresmonachil\/wp-json\/wp\/v2\/pages\/6143"}],"collection":[{"href":"https:\/\/blogsaverroes.juntadeandalucia.es\/ceipmirafloresmonachil\/wp-json\/wp\/v2\/pages"}],"about":[{"href":"https:\/\/blogsaverroes.juntadeandalucia.es\/ceipmirafloresmonachil\/wp-json\/wp\/v2\/types\/page"}],"author":[{"embeddable":true,"href":"https:\/\/blogsaverroes.juntadeandalucia.es\/ceipmirafloresmonachil\/wp-json\/wp\/v2\/users\/3288"}],"replies":[{"embeddable":true,"href":"https:\/\/blogsaverroes.juntadeandalucia.es\/ceipmirafloresmonachil\/wp-json\/wp\/v2\/comments?post=6143"}],"version-history":[{"count":2,"href":"https:\/\/blogsaverroes.juntadeandalucia.es\/ceipmirafloresmonachil\/wp-json\/wp\/v2\/pages\/6143\/revisions"}],"predecessor-version":[{"id":6210,"href":"https:\/\/blogsaverroes.juntadeandalucia.es\/ceipmirafloresmonachil\/wp-json\/wp\/v2\/pages\/6143\/revisions\/6210"}],"wp:featuredmedia":[{"embeddable":true,"href":"https:\/\/blogsaverroes.juntadeandalucia.es\/ceipmirafloresmonachil\/wp-json\/wp\/v2\/media\/5680"}],"wp:attachment":[{"href":"https:\/\/blogsaverroes.juntadeandalucia.es\/ceipmirafloresmonachil\/wp-json\/wp\/v2\/media?parent=6143"}],"curies":[{"name":"wp","href":"https:\/\/api.w.org\/{rel}","templated":true}]}}