{"id":77,"date":"2015-03-16T06:54:56","date_gmt":"2015-03-16T06:54:56","guid":{"rendered":"http:\/\/blogsaverroes.juntadeandalucia.es\/pre\/ceip\/?page_id=77"},"modified":"2020-12-02T10:54:30","modified_gmt":"2020-12-02T09:54:30","slug":"secretaria","status":"publish","type":"page","link":"https:\/\/blogsaverroes.juntadeandalucia.es\/ceipmirafloresmonachil\/secretaria\/","title":{"rendered":"Secretar\u00eda"},"content":{"rendered":"<p style=\"text-align: justify\">La <strong>Secretar\u00eda<\/strong> desarrolla muchas funciones importantes en la vida de un centro, especialmente en la relaci\u00f3n que mantiene con las familias en los diferentes tr\u00e1mites administrativos a lo largo de la escolarizaci\u00f3n: admisi\u00f3n, matr\u00edcula, &nbsp;becas, etc.<\/p>\n<p><em><strong>El horario de secretar\u00eda:&nbsp;<\/strong><\/em><\/p>\n<ul>\n<li>Martes y jueves de 9:30 a 12:00<\/li>\n<\/ul>\n<p style=\"text-align: justify\"><span style=\"color: #ff6600\">Debido a la situaci\u00f3n sanitaria actual, la atenci\u00f3n a las familias se realizar\u00e1, preferentemente, telem\u00e1ticamente.<\/span><\/p>\n<p>&nbsp;<\/p>\n<p>&nbsp;<\/p>\n","protected":false},"excerpt":{"rendered":"<p>La Secretar\u00eda desarrolla muchas funciones importantes en la vida de un centro, especialmente en la relaci\u00f3n que mantiene con las familias en los diferentes tr\u00e1mites administrativos a lo largo de la escolarizaci\u00f3n: admisi\u00f3n, matr\u00edcula,&#46;&#46;&#46;<\/p>\n","protected":false},"author":1,"featured_media":0,"parent":0,"menu_order":0,"comment_status":"open","ping_status":"open","template":"","meta":{"ngg_post_thumbnail":0,"footnotes":"","_mc_calendar":[]},"aioseo_notices":[],"_links":{"self":[{"href":"https:\/\/blogsaverroes.juntadeandalucia.es\/ceipmirafloresmonachil\/wp-json\/wp\/v2\/pages\/77"}],"collection":[{"href":"https:\/\/blogsaverroes.juntadeandalucia.es\/ceipmirafloresmonachil\/wp-json\/wp\/v2\/pages"}],"about":[{"href":"https:\/\/blogsaverroes.juntadeandalucia.es\/ceipmirafloresmonachil\/wp-json\/wp\/v2\/types\/page"}],"author":[{"embeddable":true,"href":"https:\/\/blogsaverroes.juntadeandalucia.es\/ceipmirafloresmonachil\/wp-json\/wp\/v2\/users\/1"}],"replies":[{"embeddable":true,"href":"https:\/\/blogsaverroes.juntadeandalucia.es\/ceipmirafloresmonachil\/wp-json\/wp\/v2\/comments?post=77"}],"version-history":[{"count":27,"href":"https:\/\/blogsaverroes.juntadeandalucia.es\/ceipmirafloresmonachil\/wp-json\/wp\/v2\/pages\/77\/revisions"}],"predecessor-version":[{"id":4449,"href":"https:\/\/blogsaverroes.juntadeandalucia.es\/ceipmirafloresmonachil\/wp-json\/wp\/v2\/pages\/77\/revisions\/4449"}],"wp:attachment":[{"href":"https:\/\/blogsaverroes.juntadeandalucia.es\/ceipmirafloresmonachil\/wp-json\/wp\/v2\/media?parent=77"}],"curies":[{"name":"wp","href":"https:\/\/api.w.org\/{rel}","templated":true}]}}