{"id":1725,"date":"2025-09-21T19:52:41","date_gmt":"2025-09-21T19:52:41","guid":{"rendered":"https:\/\/blogsaverroes.juntadeandalucia.es\/ceipmiragenil\/?page_id=1725"},"modified":"2025-10-01T08:46:37","modified_gmt":"2025-10-01T08:46:37","slug":"informacion","status":"publish","type":"page","link":"https:\/\/blogsaverroes.juntadeandalucia.es\/ceipmiragenil\/informacion\/","title":{"rendered":"Profesorado Curso 2025\/2026"},"content":{"rendered":"<p style=\"text-align: center\"><strong>&nbsp;&nbsp; &nbsp; &nbsp; &nbsp; <\/strong><span style=\"text-decoration: underline\"><strong>Claustro de maestros y maestras para el&nbsp; curso 2025\/2026<\/strong><\/span><\/p>\n<p><strong>TUTOR\u00cdAS<\/strong><\/p>\n<p>Infantil 3-4-5 a\u00f1os: M\u00aa Isabel Ruiz Cabello<\/p>\n<p>1\u00ba-2\u00ba-3\u00ba E. Primaria: Rosario Carmona Gil<\/p>\n<p>4\u00ba-5\u00ba-6\u00ba E. Primaria: Antonio J. P\u00e9rez Moreno<\/p>\n<p>&nbsp;<\/p>\n<p>&nbsp;<\/p>\n<p><strong>ESPECIALISTAS<\/strong><\/p>\n<p>Ingl\u00e9s: Natalia Cielos Feli\u00fa<\/p>\n<p>Educaci\u00f3n F\u00edsica: Antonio J. P\u00e9rez Moreno<\/p>\n<p>Primaria Biling\u00fce: Araceli Mar\u00eda Agraz Fern\u00e1ndez<\/p>\n<p>Audici\u00f3n y Lenguaje: Irene Mar\u00eda Alcaide Salamanca<\/p>\n<p>Pedagog\u00eda Terape\u00fatica: Manuel Arroyo P\u00e9rez<\/p>\n<p>Pedagog\u00eda Terape\u00fatica: Rosario Carmona Gil<\/p>\n<p>M\u00fasica: Rosario Carmona Gil , Antonio J. P\u00e9rez Moreno&nbsp;<\/p>\n<p>Franc\u00e9s: Ana Mar\u00eda G\u00f3mez Jim\u00e9nez<\/p>\n<p>Religi\u00f3n Cat\u00f3lica: Encarnaci\u00f3n Romero Cejas<\/p>\n<p><strong>AUXILIAR ADMINISTRATIVA<\/strong><\/p>\n<p>Teresa Mej\u00edas L\u00f3pez<\/p>\n","protected":false},"excerpt":{"rendered":"<p>&nbsp;&nbsp; &nbsp; &nbsp; &nbsp; Claustro de maestros y maestras para el&nbsp; curso 2025\/2026 TUTOR\u00cdAS Infantil 3-4-5 a\u00f1os: M\u00aa Isabel Ruiz Cabello 1\u00ba-2\u00ba-3\u00ba E. Primaria: Rosario Carmona Gil 4\u00ba-5\u00ba-6\u00ba E. Primaria: Antonio J. P\u00e9rez Moreno&#46;&#46;&#46;<\/p>\n","protected":false},"author":1,"featured_media":0,"parent":0,"menu_order":0,"comment_status":"closed","ping_status":"closed","template":"","meta":{"ngg_post_thumbnail":0,"footnotes":"","_mc_calendar":[]},"aioseo_notices":[],"_links":{"self":[{"href":"https:\/\/blogsaverroes.juntadeandalucia.es\/ceipmiragenil\/wp-json\/wp\/v2\/pages\/1725"}],"collection":[{"href":"https:\/\/blogsaverroes.juntadeandalucia.es\/ceipmiragenil\/wp-json\/wp\/v2\/pages"}],"about":[{"href":"https:\/\/blogsaverroes.juntadeandalucia.es\/ceipmiragenil\/wp-json\/wp\/v2\/types\/page"}],"author":[{"embeddable":true,"href":"https:\/\/blogsaverroes.juntadeandalucia.es\/ceipmiragenil\/wp-json\/wp\/v2\/users\/1"}],"replies":[{"embeddable":true,"href":"https:\/\/blogsaverroes.juntadeandalucia.es\/ceipmiragenil\/wp-json\/wp\/v2\/comments?post=1725"}],"version-history":[{"count":15,"href":"https:\/\/blogsaverroes.juntadeandalucia.es\/ceipmiragenil\/wp-json\/wp\/v2\/pages\/1725\/revisions"}],"predecessor-version":[{"id":4129,"href":"https:\/\/blogsaverroes.juntadeandalucia.es\/ceipmiragenil\/wp-json\/wp\/v2\/pages\/1725\/revisions\/4129"}],"wp:attachment":[{"href":"https:\/\/blogsaverroes.juntadeandalucia.es\/ceipmiragenil\/wp-json\/wp\/v2\/media?parent=1725"}],"curies":[{"name":"wp","href":"https:\/\/api.w.org\/{rel}","templated":true}]}}