{"id":2317,"date":"2021-01-23T18:48:51","date_gmt":"2021-01-23T18:48:51","guid":{"rendered":"https:\/\/blogsaverroes.juntadeandalucia.es\/ceipmiragenil\/?page_id=2317"},"modified":"2021-01-23T19:35:52","modified_gmt":"2021-01-23T19:35:52","slug":"autorregistro","status":"publish","type":"page","link":"https:\/\/blogsaverroes.juntadeandalucia.es\/ceipmiragenil\/autorregistro\/","title":{"rendered":"Autorregistro"},"content":{"rendered":"<p>\u00abAutologin\u00bb<\/p>\n<p>Est\u00e1 disponible un nuevo procedimiento de \u00abautologin\u00bb para usuarios con perfiles tutor\/a legal y alumnado (tanto emancipado como no), mediante el cual cualquier padre\/madre o alumno\/a podr\u00e1 realizar un proceso de \u00abautologin\u00bb para obtener las credenciales de acceso a PASEN.<\/p>\n<p>Para realizar el \u00abautologin\u00bb a trav\u00e9s de la aplicaci\u00f3n web o de la app iPasen, las familias deber\u00e1n pinchar en el enlace &#8216;No tengo acceso&#8217; de la pantalla de login.<\/p>\n<p>&nbsp;<\/p>\n<p><a href=\"https:\/\/blogsaverroes.juntadeandalucia.es\/ceipmiragenil\/files\/2021\/01\/PASEN-Consejer\u00eda-de-Educaci\u00f3n.png\"><img loading=\"lazy\" decoding=\"async\" class=\"wp-image-2342 alignright\" src=\"https:\/\/blogsaverroes.juntadeandalucia.es\/ceipmiragenil\/files\/2021\/01\/PASEN-Consejer\u00eda-de-Educaci\u00f3n-300x265.png\" alt=\"\" width=\"272\" height=\"242\" srcset=\"https:\/\/blogsaverroes.juntadeandalucia.es\/ceipmiragenil\/files\/2021\/01\/PASEN-Consejer\u00eda-de-Educaci\u00f3n-24x21.png 24w, https:\/\/blogsaverroes.juntadeandalucia.es\/ceipmiragenil\/files\/2021\/01\/PASEN-Consejer\u00eda-de-Educaci\u00f3n-36x32.png 36w, https:\/\/blogsaverroes.juntadeandalucia.es\/ceipmiragenil\/files\/2021\/01\/PASEN-Consejer\u00eda-de-Educaci\u00f3n-48x42.png 48w\" sizes=\"(max-width: 272px) 100vw, 272px\" \/><\/a><\/p>\n<p>Se requerir\u00e1n tres datos:<\/p>\n<p>1\u00ba El NIF<\/p>\n<p>2\u00ba Una fecha de nacimiento (de algunos de sus hijos\/as o la suya propia)<\/p>\n<p>3\u00ba Y un n\u00famero de tel\u00e9fono m\u00f3vil donde recibir\u00e1 por SMS las credenciales. Este \u00faltimo deber\u00e1 coincidir con el que consta en S\u00e9neca para los tutores legales o para el alumnado.<\/p>\n<p>&nbsp;<\/p>\n<p><iframe loading=\"lazy\" src=\"\/\/www.youtube.com\/embed\/cHLova48ULE?feature=youtu\" width=\"560\" height=\"314\"><\/iframe><\/p>\n","protected":false},"excerpt":{"rendered":"<p>\u00abAutologin\u00bb Est\u00e1 disponible un nuevo procedimiento de \u00abautologin\u00bb para usuarios con perfiles tutor\/a legal y alumnado (tanto emancipado como no), mediante el cual cualquier padre\/madre o alumno\/a podr\u00e1 realizar un proceso de \u00abautologin\u00bb para&#46;&#46;&#46;<\/p>\n","protected":false},"author":10455,"featured_media":0,"parent":0,"menu_order":0,"comment_status":"closed","ping_status":"closed","template":"","meta":{"ngg_post_thumbnail":0,"footnotes":"","_mc_calendar":[]},"aioseo_notices":[],"_links":{"self":[{"href":"https:\/\/blogsaverroes.juntadeandalucia.es\/ceipmiragenil\/wp-json\/wp\/v2\/pages\/2317"}],"collection":[{"href":"https:\/\/blogsaverroes.juntadeandalucia.es\/ceipmiragenil\/wp-json\/wp\/v2\/pages"}],"about":[{"href":"https:\/\/blogsaverroes.juntadeandalucia.es\/ceipmiragenil\/wp-json\/wp\/v2\/types\/page"}],"author":[{"embeddable":true,"href":"https:\/\/blogsaverroes.juntadeandalucia.es\/ceipmiragenil\/wp-json\/wp\/v2\/users\/10455"}],"replies":[{"embeddable":true,"href":"https:\/\/blogsaverroes.juntadeandalucia.es\/ceipmiragenil\/wp-json\/wp\/v2\/comments?post=2317"}],"version-history":[{"count":5,"href":"https:\/\/blogsaverroes.juntadeandalucia.es\/ceipmiragenil\/wp-json\/wp\/v2\/pages\/2317\/revisions"}],"predecessor-version":[{"id":2345,"href":"https:\/\/blogsaverroes.juntadeandalucia.es\/ceipmiragenil\/wp-json\/wp\/v2\/pages\/2317\/revisions\/2345"}],"wp:attachment":[{"href":"https:\/\/blogsaverroes.juntadeandalucia.es\/ceipmiragenil\/wp-json\/wp\/v2\/media?parent=2317"}],"curies":[{"name":"wp","href":"https:\/\/api.w.org\/{rel}","templated":true}]}}