{"id":2813,"date":"2022-10-19T09:32:12","date_gmt":"2022-10-19T09:32:12","guid":{"rendered":"https:\/\/blogsaverroes.juntadeandalucia.es\/ceipmiragenil\/?page_id=2813"},"modified":"2025-03-09T12:26:42","modified_gmt":"2025-03-09T12:26:42","slug":"bilinguismo","status":"publish","type":"page","link":"https:\/\/blogsaverroes.juntadeandalucia.es\/ceipmiragenil\/bilinguismo\/","title":{"rendered":"Biling\u00fcismo"},"content":{"rendered":"<p style=\"text-align: center\"><em><strong>Curso 2024\/2025<\/strong><\/em><\/p>\n<p style=\"text-align: center\">Informaci\u00f3n relativa al <strong>auxiliar de conversaci\u00f3n en ingl\u00e9s<\/strong>.&nbsp;<\/p>\n<p>&nbsp;<\/p>\n<p style=\"text-align: center\"><a href=\"https:\/\/blogsaverroes.juntadeandalucia.es\/ceipmiragenil\/files\/2025\/03\/1741350690881.jpg\"><img loading=\"lazy\" decoding=\"async\" class=\"alignnone size-medium wp-image-4011\" src=\"https:\/\/blogsaverroes.juntadeandalucia.es\/ceipmiragenil\/files\/2025\/03\/1741350690881-226x300.jpg\" alt=\"\" width=\"226\" height=\"300\" srcset=\"https:\/\/blogsaverroes.juntadeandalucia.es\/ceipmiragenil\/files\/2025\/03\/1741350690881-226x300.jpg 226w, https:\/\/blogsaverroes.juntadeandalucia.es\/ceipmiragenil\/files\/2025\/03\/1741350690881-771x1024.jpg 771w, https:\/\/blogsaverroes.juntadeandalucia.es\/ceipmiragenil\/files\/2025\/03\/1741350690881-768x1020.jpg 768w, https:\/\/blogsaverroes.juntadeandalucia.es\/ceipmiragenil\/files\/2025\/03\/1741350690881.jpg 1080w\" sizes=\"(max-width: 226px) 100vw, 226px\" \/><\/a> <a href=\"https:\/\/blogsaverroes.juntadeandalucia.es\/ceipmiragenil\/files\/2025\/03\/1741351902386.jpg\"><img loading=\"lazy\" decoding=\"async\" class=\"alignnone size-medium wp-image-4015\" src=\"https:\/\/blogsaverroes.juntadeandalucia.es\/ceipmiragenil\/files\/2025\/03\/1741351902386-240x300.jpg\" alt=\"\" width=\"240\" height=\"300\" srcset=\"https:\/\/blogsaverroes.juntadeandalucia.es\/ceipmiragenil\/files\/2025\/03\/1741351902386-240x300.jpg 240w, https:\/\/blogsaverroes.juntadeandalucia.es\/ceipmiragenil\/files\/2025\/03\/1741351902386-819x1024.jpg 819w, https:\/\/blogsaverroes.juntadeandalucia.es\/ceipmiragenil\/files\/2025\/03\/1741351902386-768x960.jpg 768w, https:\/\/blogsaverroes.juntadeandalucia.es\/ceipmiragenil\/files\/2025\/03\/1741351902386.jpg 1080w\" sizes=\"(max-width: 240px) 100vw, 240px\" \/><\/a><\/p>\n<p style=\"text-align: center\">&nbsp; &nbsp; &nbsp; &nbsp; &nbsp; &nbsp; &nbsp; &nbsp; &nbsp; &nbsp; <a href=\"https:\/\/blogsaverroes.juntadeandalucia.es\/ceipmiragenil\/files\/2025\/03\/Ficha-de-Informacion-para-Auxiliares-de-Conversacion-English-2024-2025.pdf\">More information<\/a>&nbsp; &nbsp; &nbsp; &nbsp; &nbsp; &nbsp; &nbsp; &nbsp; &nbsp; &nbsp;&nbsp;<a href=\"https:\/\/blogsaverroes.juntadeandalucia.es\/ceipmiragenil\/files\/2025\/03\/Ficha-de-Informacion-para-Auxiliares-de-Conversacion-English-1-espanol-2024-2025.pdf\">M\u00e1s informaci\u00f3n<\/a>&nbsp; &nbsp; &nbsp; &nbsp; &nbsp; &nbsp; &nbsp; &nbsp; &nbsp; &nbsp;&nbsp;<\/p>\n<p>&nbsp; &nbsp; &nbsp; &nbsp; &nbsp; &nbsp; &nbsp; &nbsp; &nbsp;<\/p>\n<p>&nbsp;<\/p>\n<p>&nbsp;<\/p>\n<p>&nbsp;<\/p>\n<p>&nbsp;<\/p>\n<p><a href=\"https:\/\/blogsaverroes.juntadeandalucia.es\/ceipmiragenil\/files\/2023\/03\/im.png\"><img loading=\"lazy\" decoding=\"async\" class=\"alignnone wp-image-3221\" src=\"https:\/\/blogsaverroes.juntadeandalucia.es\/ceipmiragenil\/files\/2023\/03\/im-280x300.png\" alt=\"\" width=\"137\" height=\"147\" srcset=\"https:\/\/blogsaverroes.juntadeandalucia.es\/ceipmiragenil\/files\/2023\/03\/im-280x300.png 280w, https:\/\/blogsaverroes.juntadeandalucia.es\/ceipmiragenil\/files\/2023\/03\/im.png 715w\" sizes=\"(max-width: 137px) 100vw, 137px\" \/><\/a><\/p>\n<p><a href=\"https:\/\/blogsaverroes.juntadeandalucia.es\/ceipmiragenil\/files\/2023\/01\/Ficha-de-Informaci\u00f3n-para-Auxiliares-de-Conversaci\u00f3n-English-1.pdf\">Ficha de Informaci\u00f3n para Auxiliares de Conversaci\u00f3n &#8211; English<\/a><\/p>\n<p>&nbsp;<\/p>\n<p>Damos la bienvenida a Ruby, nuestra auxiliar de conversaci\u00f3n procedente de Reino Unido, estar\u00e1 con nosotros durante el curso 2022\/2023.<\/p>\n<p><a href=\"https:\/\/blogsaverroes.juntadeandalucia.es\/ceipmiragenil\/files\/2022\/10\/IMG-20221020-WA0021.jpg\"><img loading=\"lazy\" decoding=\"async\" class=\"alignnone size-medium wp-image-2818\" src=\"https:\/\/blogsaverroes.juntadeandalucia.es\/ceipmiragenil\/files\/2022\/10\/IMG-20221020-WA0021-300x225.jpg\" alt=\"\" width=\"300\" height=\"225\" srcset=\"https:\/\/blogsaverroes.juntadeandalucia.es\/ceipmiragenil\/files\/2022\/10\/IMG-20221020-WA0021-300x225.jpg 300w, https:\/\/blogsaverroes.juntadeandalucia.es\/ceipmiragenil\/files\/2022\/10\/IMG-20221020-WA0021-1024x768.jpg 1024w, https:\/\/blogsaverroes.juntadeandalucia.es\/ceipmiragenil\/files\/2022\/10\/IMG-20221020-WA0021-768x576.jpg 768w, https:\/\/blogsaverroes.juntadeandalucia.es\/ceipmiragenil\/files\/2022\/10\/IMG-20221020-WA0021-1536x1152.jpg 1536w, https:\/\/blogsaverroes.juntadeandalucia.es\/ceipmiragenil\/files\/2022\/10\/IMG-20221020-WA0021.jpg 1600w\" sizes=\"(max-width: 300px) 100vw, 300px\" \/><\/a><\/p>\n<p>&nbsp;<\/p>\n<p>&nbsp;<\/p>\n<p><span style=\"color: #800080\"><strong>&nbsp; &nbsp; &nbsp; Hoy, jueves 27 de octubre de 2022, Ruby, presenta a nuestros alumnos su pa\u00eds, su familia, sus costumbres&#8230; nos conocemos un poco m\u00e1s.<\/strong><\/span><\/p>\n<p><a href=\"https:\/\/blogsaverroes.juntadeandalucia.es\/ceipmiragenil\/files\/2022\/10\/1666861547226.jpg\"><img loading=\"lazy\" decoding=\"async\" class=\"alignnone size-medium wp-image-2823\" src=\"https:\/\/blogsaverroes.juntadeandalucia.es\/ceipmiragenil\/files\/2022\/10\/1666861547226-300x225.jpg\" alt=\"\" width=\"300\" height=\"225\" srcset=\"https:\/\/blogsaverroes.juntadeandalucia.es\/ceipmiragenil\/files\/2022\/10\/1666861547226-300x225.jpg 300w, https:\/\/blogsaverroes.juntadeandalucia.es\/ceipmiragenil\/files\/2022\/10\/1666861547226-768x576.jpg 768w, https:\/\/blogsaverroes.juntadeandalucia.es\/ceipmiragenil\/files\/2022\/10\/1666861547226.jpg 960w\" sizes=\"(max-width: 300px) 100vw, 300px\" \/><\/a> <a href=\"https:\/\/blogsaverroes.juntadeandalucia.es\/ceipmiragenil\/files\/2022\/10\/1666861547233.jpg\"><img loading=\"lazy\" decoding=\"async\" class=\"alignnone size-medium wp-image-2824\" src=\"https:\/\/blogsaverroes.juntadeandalucia.es\/ceipmiragenil\/files\/2022\/10\/1666861547233-300x225.jpg\" alt=\"\" width=\"300\" height=\"225\" srcset=\"https:\/\/blogsaverroes.juntadeandalucia.es\/ceipmiragenil\/files\/2022\/10\/1666861547233-300x225.jpg 300w, https:\/\/blogsaverroes.juntadeandalucia.es\/ceipmiragenil\/files\/2022\/10\/1666861547233-768x576.jpg 768w, https:\/\/blogsaverroes.juntadeandalucia.es\/ceipmiragenil\/files\/2022\/10\/1666861547233.jpg 960w\" sizes=\"(max-width: 300px) 100vw, 300px\" \/><\/a> <a href=\"https:\/\/blogsaverroes.juntadeandalucia.es\/ceipmiragenil\/files\/2022\/10\/1666861547240.jpg\"><img loading=\"lazy\" decoding=\"async\" class=\"alignnone size-medium wp-image-2825\" src=\"https:\/\/blogsaverroes.juntadeandalucia.es\/ceipmiragenil\/files\/2022\/10\/1666861547240-300x225.jpg\" alt=\"\" width=\"300\" height=\"225\" srcset=\"https:\/\/blogsaverroes.juntadeandalucia.es\/ceipmiragenil\/files\/2022\/10\/1666861547240-300x225.jpg 300w, https:\/\/blogsaverroes.juntadeandalucia.es\/ceipmiragenil\/files\/2022\/10\/1666861547240-768x576.jpg 768w, https:\/\/blogsaverroes.juntadeandalucia.es\/ceipmiragenil\/files\/2022\/10\/1666861547240.jpg 960w\" sizes=\"(max-width: 300px) 100vw, 300px\" \/><\/a> <a href=\"https:\/\/blogsaverroes.juntadeandalucia.es\/ceipmiragenil\/files\/2022\/10\/1666861547247.jpg\"><img loading=\"lazy\" decoding=\"async\" class=\"alignnone size-medium wp-image-2826\" src=\"https:\/\/blogsaverroes.juntadeandalucia.es\/ceipmiragenil\/files\/2022\/10\/1666861547247-300x225.jpg\" alt=\"\" width=\"300\" height=\"225\" srcset=\"https:\/\/blogsaverroes.juntadeandalucia.es\/ceipmiragenil\/files\/2022\/10\/1666861547247-300x225.jpg 300w, https:\/\/blogsaverroes.juntadeandalucia.es\/ceipmiragenil\/files\/2022\/10\/1666861547247-768x576.jpg 768w, https:\/\/blogsaverroes.juntadeandalucia.es\/ceipmiragenil\/files\/2022\/10\/1666861547247.jpg 960w\" sizes=\"(max-width: 300px) 100vw, 300px\" \/><\/a> <a href=\"https:\/\/blogsaverroes.juntadeandalucia.es\/ceipmiragenil\/files\/2022\/10\/1666861547253.jpg\"><img loading=\"lazy\" decoding=\"async\" class=\"alignnone size-medium wp-image-2827\" src=\"https:\/\/blogsaverroes.juntadeandalucia.es\/ceipmiragenil\/files\/2022\/10\/1666861547253-300x225.jpg\" alt=\"\" width=\"300\" height=\"225\" srcset=\"https:\/\/blogsaverroes.juntadeandalucia.es\/ceipmiragenil\/files\/2022\/10\/1666861547253-300x225.jpg 300w, https:\/\/blogsaverroes.juntadeandalucia.es\/ceipmiragenil\/files\/2022\/10\/1666861547253-768x576.jpg 768w, https:\/\/blogsaverroes.juntadeandalucia.es\/ceipmiragenil\/files\/2022\/10\/1666861547253.jpg 960w\" sizes=\"(max-width: 300px) 100vw, 300px\" \/><\/a><\/p>\n<p>&nbsp;<\/p>\n<p><strong>HALLLOWEEN<\/strong><\/p>\n<p>El lunes 31 de octubre celebramos Halloween en nuestro Centro. Hubo concurso de disfraces, calabazas decoradas y postres terror\u00edficos que trajeron nuestros alumnos. Ruby, nuestra auxiliar de conversaci\u00f3n, ense\u00f1\u00f3 a los alumnos y alumnas vocabulario sobre esta festividad. \u00a1Qu\u00e9 bien lo pasamos!<\/p>\n<p><a href=\"https:\/\/blogsaverroes.juntadeandalucia.es\/ceipmiragenil\/files\/2022\/11\/1667470762546.jpg\"><img loading=\"lazy\" decoding=\"async\" class=\"alignnone size-medium wp-image-2842\" src=\"https:\/\/blogsaverroes.juntadeandalucia.es\/ceipmiragenil\/files\/2022\/11\/1667470762546-300x225.jpg\" alt=\"\" width=\"300\" height=\"225\" srcset=\"https:\/\/blogsaverroes.juntadeandalucia.es\/ceipmiragenil\/files\/2022\/11\/1667470762546-300x225.jpg 300w, https:\/\/blogsaverroes.juntadeandalucia.es\/ceipmiragenil\/files\/2022\/11\/1667470762546-768x576.jpg 768w, https:\/\/blogsaverroes.juntadeandalucia.es\/ceipmiragenil\/files\/2022\/11\/1667470762546.jpg 1024w\" sizes=\"(max-width: 300px) 100vw, 300px\" \/><\/a> <a href=\"https:\/\/blogsaverroes.juntadeandalucia.es\/ceipmiragenil\/files\/2022\/11\/1667470762553.jpg\"><img loading=\"lazy\" decoding=\"async\" class=\"alignnone size-medium wp-image-2843\" src=\"https:\/\/blogsaverroes.juntadeandalucia.es\/ceipmiragenil\/files\/2022\/11\/1667470762553-300x225.jpg\" alt=\"\" width=\"300\" height=\"225\" srcset=\"https:\/\/blogsaverroes.juntadeandalucia.es\/ceipmiragenil\/files\/2022\/11\/1667470762553-300x225.jpg 300w, https:\/\/blogsaverroes.juntadeandalucia.es\/ceipmiragenil\/files\/2022\/11\/1667470762553-768x576.jpg 768w, https:\/\/blogsaverroes.juntadeandalucia.es\/ceipmiragenil\/files\/2022\/11\/1667470762553.jpg 1024w\" sizes=\"(max-width: 300px) 100vw, 300px\" \/><\/a> <a href=\"https:\/\/blogsaverroes.juntadeandalucia.es\/ceipmiragenil\/files\/2022\/11\/1667470762559.jpg\"><img loading=\"lazy\" decoding=\"async\" class=\"alignnone size-medium wp-image-2844\" src=\"https:\/\/blogsaverroes.juntadeandalucia.es\/ceipmiragenil\/files\/2022\/11\/1667470762559-300x225.jpg\" alt=\"\" width=\"300\" height=\"225\" srcset=\"https:\/\/blogsaverroes.juntadeandalucia.es\/ceipmiragenil\/files\/2022\/11\/1667470762559-300x225.jpg 300w, https:\/\/blogsaverroes.juntadeandalucia.es\/ceipmiragenil\/files\/2022\/11\/1667470762559-768x576.jpg 768w, https:\/\/blogsaverroes.juntadeandalucia.es\/ceipmiragenil\/files\/2022\/11\/1667470762559.jpg 1024w\" sizes=\"(max-width: 300px) 100vw, 300px\" \/><\/a> <a href=\"https:\/\/blogsaverroes.juntadeandalucia.es\/ceipmiragenil\/files\/2022\/11\/1667470762565.jpg\"><img loading=\"lazy\" decoding=\"async\" class=\"alignnone size-medium wp-image-2845\" src=\"https:\/\/blogsaverroes.juntadeandalucia.es\/ceipmiragenil\/files\/2022\/11\/1667470762565-300x225.jpg\" alt=\"\" width=\"300\" height=\"225\" srcset=\"https:\/\/blogsaverroes.juntadeandalucia.es\/ceipmiragenil\/files\/2022\/11\/1667470762565-300x225.jpg 300w, https:\/\/blogsaverroes.juntadeandalucia.es\/ceipmiragenil\/files\/2022\/11\/1667470762565-768x576.jpg 768w, https:\/\/blogsaverroes.juntadeandalucia.es\/ceipmiragenil\/files\/2022\/11\/1667470762565.jpg 1024w\" sizes=\"(max-width: 300px) 100vw, 300px\" \/><\/a> <a href=\"https:\/\/blogsaverroes.juntadeandalucia.es\/ceipmiragenil\/files\/2022\/11\/1667470762579.jpg\"><img loading=\"lazy\" decoding=\"async\" class=\"alignnone size-medium wp-image-2846\" src=\"https:\/\/blogsaverroes.juntadeandalucia.es\/ceipmiragenil\/files\/2022\/11\/1667470762579-300x225.jpg\" alt=\"\" width=\"300\" height=\"225\" srcset=\"https:\/\/blogsaverroes.juntadeandalucia.es\/ceipmiragenil\/files\/2022\/11\/1667470762579-300x225.jpg 300w, https:\/\/blogsaverroes.juntadeandalucia.es\/ceipmiragenil\/files\/2022\/11\/1667470762579-768x576.jpg 768w, https:\/\/blogsaverroes.juntadeandalucia.es\/ceipmiragenil\/files\/2022\/11\/1667470762579.jpg 1024w\" sizes=\"(max-width: 300px) 100vw, 300px\" \/><\/a> <a href=\"https:\/\/blogsaverroes.juntadeandalucia.es\/ceipmiragenil\/files\/2022\/11\/1667470762540.jpg\"><img loading=\"lazy\" decoding=\"async\" class=\"alignnone size-medium wp-image-2841\" src=\"https:\/\/blogsaverroes.juntadeandalucia.es\/ceipmiragenil\/files\/2022\/11\/1667470762540-300x225.jpg\" alt=\"\" width=\"300\" height=\"225\" srcset=\"https:\/\/blogsaverroes.juntadeandalucia.es\/ceipmiragenil\/files\/2022\/11\/1667470762540-300x225.jpg 300w, https:\/\/blogsaverroes.juntadeandalucia.es\/ceipmiragenil\/files\/2022\/11\/1667470762540-768x576.jpg 768w, https:\/\/blogsaverroes.juntadeandalucia.es\/ceipmiragenil\/files\/2022\/11\/1667470762540.jpg 1024w\" sizes=\"(max-width: 300px) 100vw, 300px\" \/><\/a> <a href=\"https:\/\/blogsaverroes.juntadeandalucia.es\/ceipmiragenil\/files\/2022\/11\/IMG-20221103-WA0008.jpg\"><img loading=\"lazy\" decoding=\"async\" class=\"alignnone size-medium wp-image-2840\" src=\"https:\/\/blogsaverroes.juntadeandalucia.es\/ceipmiragenil\/files\/2022\/11\/IMG-20221103-WA0008-300x225.jpg\" alt=\"\" width=\"300\" height=\"225\" srcset=\"https:\/\/blogsaverroes.juntadeandalucia.es\/ceipmiragenil\/files\/2022\/11\/IMG-20221103-WA0008-300x225.jpg 300w, https:\/\/blogsaverroes.juntadeandalucia.es\/ceipmiragenil\/files\/2022\/11\/IMG-20221103-WA0008-768x576.jpg 768w, https:\/\/blogsaverroes.juntadeandalucia.es\/ceipmiragenil\/files\/2022\/11\/IMG-20221103-WA0008.jpg 1024w\" sizes=\"(max-width: 300px) 100vw, 300px\" \/><\/a><\/p>\n<p>&nbsp;<\/p>\n<p><span style=\"color: #003300\"><strong>Esta semana hemos estudiado \u00abour body\u00bb con el segundo ciclo de primaria, ha sido una clase muy divertida.<\/strong><\/span><\/p>\n<p>En clase de Sciencie, el alumnado de 3\u00ba y 4\u00ba de primaria ha descubierto su cuerpo. Los alumnos y alumnas han elaborado murales de algunas partes del cuerpo, el funcionamiento de algunos de nuestros \u00f3rganos&#8230;y han ido explicando al resto de sus compa\u00f1eros y compa\u00f1eras algunos de los conceptos aprendidos, como os principales \u00f3rganos en ingl\u00e9s. Good job!<\/p>\n<p><a href=\"https:\/\/blogsaverroes.juntadeandalucia.es\/ceipmiragenil\/files\/2022\/11\/1668609983935-1.jpg\"><img loading=\"lazy\" decoding=\"async\" class=\"alignnone size-medium wp-image-2874\" src=\"https:\/\/blogsaverroes.juntadeandalucia.es\/ceipmiragenil\/files\/2022\/11\/1668609983935-1-225x300.jpg\" alt=\"\" width=\"225\" height=\"300\" srcset=\"https:\/\/blogsaverroes.juntadeandalucia.es\/ceipmiragenil\/files\/2022\/11\/1668609983935-1-225x300.jpg 225w, https:\/\/blogsaverroes.juntadeandalucia.es\/ceipmiragenil\/files\/2022\/11\/1668609983935-1-768x1024.jpg 768w, https:\/\/blogsaverroes.juntadeandalucia.es\/ceipmiragenil\/files\/2022\/11\/1668609983935-1-1152x1536.jpg 1152w, https:\/\/blogsaverroes.juntadeandalucia.es\/ceipmiragenil\/files\/2022\/11\/1668609983935-1.jpg 1200w\" sizes=\"(max-width: 225px) 100vw, 225px\" \/><\/a> <a href=\"https:\/\/blogsaverroes.juntadeandalucia.es\/ceipmiragenil\/files\/2022\/11\/1668609983945-1.jpg\"><img loading=\"lazy\" decoding=\"async\" class=\"alignnone size-medium wp-image-2875\" src=\"https:\/\/blogsaverroes.juntadeandalucia.es\/ceipmiragenil\/files\/2022\/11\/1668609983945-1-225x300.jpg\" alt=\"\" width=\"225\" height=\"300\" srcset=\"https:\/\/blogsaverroes.juntadeandalucia.es\/ceipmiragenil\/files\/2022\/11\/1668609983945-1-225x300.jpg 225w, https:\/\/blogsaverroes.juntadeandalucia.es\/ceipmiragenil\/files\/2022\/11\/1668609983945-1-768x1024.jpg 768w, https:\/\/blogsaverroes.juntadeandalucia.es\/ceipmiragenil\/files\/2022\/11\/1668609983945-1-1152x1536.jpg 1152w, https:\/\/blogsaverroes.juntadeandalucia.es\/ceipmiragenil\/files\/2022\/11\/1668609983945-1.jpg 1200w\" sizes=\"(max-width: 225px) 100vw, 225px\" \/><\/a> <a href=\"https:\/\/blogsaverroes.juntadeandalucia.es\/ceipmiragenil\/files\/2022\/11\/1668609983956-1.jpg\"><img loading=\"lazy\" decoding=\"async\" class=\"alignnone size-medium wp-image-2876\" src=\"https:\/\/blogsaverroes.juntadeandalucia.es\/ceipmiragenil\/files\/2022\/11\/1668609983956-1-225x300.jpg\" alt=\"\" width=\"225\" height=\"300\" srcset=\"https:\/\/blogsaverroes.juntadeandalucia.es\/ceipmiragenil\/files\/2022\/11\/1668609983956-1-225x300.jpg 225w, https:\/\/blogsaverroes.juntadeandalucia.es\/ceipmiragenil\/files\/2022\/11\/1668609983956-1-768x1024.jpg 768w, https:\/\/blogsaverroes.juntadeandalucia.es\/ceipmiragenil\/files\/2022\/11\/1668609983956-1-1152x1536.jpg 1152w, https:\/\/blogsaverroes.juntadeandalucia.es\/ceipmiragenil\/files\/2022\/11\/1668609983956-1.jpg 1200w\" sizes=\"(max-width: 225px) 100vw, 225px\" \/><\/a> <a href=\"https:\/\/blogsaverroes.juntadeandalucia.es\/ceipmiragenil\/files\/2022\/11\/1668609983966-1.jpg\"><img loading=\"lazy\" decoding=\"async\" class=\"alignnone size-medium wp-image-2877\" src=\"https:\/\/blogsaverroes.juntadeandalucia.es\/ceipmiragenil\/files\/2022\/11\/1668609983966-1-225x300.jpg\" alt=\"\" width=\"225\" height=\"300\" srcset=\"https:\/\/blogsaverroes.juntadeandalucia.es\/ceipmiragenil\/files\/2022\/11\/1668609983966-1-225x300.jpg 225w, https:\/\/blogsaverroes.juntadeandalucia.es\/ceipmiragenil\/files\/2022\/11\/1668609983966-1-768x1024.jpg 768w, https:\/\/blogsaverroes.juntadeandalucia.es\/ceipmiragenil\/files\/2022\/11\/1668609983966-1-1152x1536.jpg 1152w, https:\/\/blogsaverroes.juntadeandalucia.es\/ceipmiragenil\/files\/2022\/11\/1668609983966-1.jpg 1200w\" sizes=\"(max-width: 225px) 100vw, 225px\" \/><\/a> <a href=\"https:\/\/blogsaverroes.juntadeandalucia.es\/ceipmiragenil\/files\/2022\/11\/1668609983976-1.jpg\"><img loading=\"lazy\" decoding=\"async\" class=\"alignnone size-medium wp-image-2878\" src=\"https:\/\/blogsaverroes.juntadeandalucia.es\/ceipmiragenil\/files\/2022\/11\/1668609983976-1-225x300.jpg\" alt=\"\" width=\"225\" height=\"300\" srcset=\"https:\/\/blogsaverroes.juntadeandalucia.es\/ceipmiragenil\/files\/2022\/11\/1668609983976-1-225x300.jpg 225w, https:\/\/blogsaverroes.juntadeandalucia.es\/ceipmiragenil\/files\/2022\/11\/1668609983976-1-768x1024.jpg 768w, https:\/\/blogsaverroes.juntadeandalucia.es\/ceipmiragenil\/files\/2022\/11\/1668609983976-1-1152x1536.jpg 1152w, https:\/\/blogsaverroes.juntadeandalucia.es\/ceipmiragenil\/files\/2022\/11\/1668609983976-1.jpg 1200w\" sizes=\"(max-width: 225px) 100vw, 225px\" \/><\/a> <a href=\"https:\/\/blogsaverroes.juntadeandalucia.es\/ceipmiragenil\/files\/2022\/11\/1668609983987-1.jpg\"><img loading=\"lazy\" decoding=\"async\" class=\"alignnone size-medium wp-image-2879\" src=\"https:\/\/blogsaverroes.juntadeandalucia.es\/ceipmiragenil\/files\/2022\/11\/1668609983987-1-225x300.jpg\" alt=\"\" width=\"225\" height=\"300\" srcset=\"https:\/\/blogsaverroes.juntadeandalucia.es\/ceipmiragenil\/files\/2022\/11\/1668609983987-1-225x300.jpg 225w, https:\/\/blogsaverroes.juntadeandalucia.es\/ceipmiragenil\/files\/2022\/11\/1668609983987-1-768x1024.jpg 768w, https:\/\/blogsaverroes.juntadeandalucia.es\/ceipmiragenil\/files\/2022\/11\/1668609983987-1-1152x1536.jpg 1152w, https:\/\/blogsaverroes.juntadeandalucia.es\/ceipmiragenil\/files\/2022\/11\/1668609983987-1.jpg 1200w\" sizes=\"(max-width: 225px) 100vw, 225px\" \/><\/a> <a href=\"https:\/\/blogsaverroes.juntadeandalucia.es\/ceipmiragenil\/files\/2022\/11\/1668609983994-1.jpg\"><img loading=\"lazy\" decoding=\"async\" class=\"alignnone size-medium wp-image-2880\" src=\"https:\/\/blogsaverroes.juntadeandalucia.es\/ceipmiragenil\/files\/2022\/11\/1668609983994-1-225x300.jpg\" alt=\"\" width=\"225\" height=\"300\" srcset=\"https:\/\/blogsaverroes.juntadeandalucia.es\/ceipmiragenil\/files\/2022\/11\/1668609983994-1-225x300.jpg 225w, https:\/\/blogsaverroes.juntadeandalucia.es\/ceipmiragenil\/files\/2022\/11\/1668609983994-1-768x1024.jpg 768w, https:\/\/blogsaverroes.juntadeandalucia.es\/ceipmiragenil\/files\/2022\/11\/1668609983994-1-1152x1536.jpg 1152w, https:\/\/blogsaverroes.juntadeandalucia.es\/ceipmiragenil\/files\/2022\/11\/1668609983994-1.jpg 1200w\" sizes=\"(max-width: 225px) 100vw, 225px\" \/><\/a> <a href=\"https:\/\/blogsaverroes.juntadeandalucia.es\/ceipmiragenil\/files\/2022\/11\/1668609984003-1.jpg\"><img loading=\"lazy\" decoding=\"async\" class=\"alignnone size-medium wp-image-2881\" src=\"https:\/\/blogsaverroes.juntadeandalucia.es\/ceipmiragenil\/files\/2022\/11\/1668609984003-1-225x300.jpg\" alt=\"\" width=\"225\" height=\"300\" srcset=\"https:\/\/blogsaverroes.juntadeandalucia.es\/ceipmiragenil\/files\/2022\/11\/1668609984003-1-225x300.jpg 225w, https:\/\/blogsaverroes.juntadeandalucia.es\/ceipmiragenil\/files\/2022\/11\/1668609984003-1-768x1024.jpg 768w, https:\/\/blogsaverroes.juntadeandalucia.es\/ceipmiragenil\/files\/2022\/11\/1668609984003-1-1152x1536.jpg 1152w, https:\/\/blogsaverroes.juntadeandalucia.es\/ceipmiragenil\/files\/2022\/11\/1668609984003-1.jpg 1200w\" sizes=\"(max-width: 225px) 100vw, 225px\" \/><\/a> <a href=\"https:\/\/blogsaverroes.juntadeandalucia.es\/ceipmiragenil\/files\/2022\/11\/1668609984009-1.jpg\"><img loading=\"lazy\" decoding=\"async\" class=\"alignnone size-medium wp-image-2882\" src=\"https:\/\/blogsaverroes.juntadeandalucia.es\/ceipmiragenil\/files\/2022\/11\/1668609984009-1-225x300.jpg\" alt=\"\" width=\"225\" height=\"300\" srcset=\"https:\/\/blogsaverroes.juntadeandalucia.es\/ceipmiragenil\/files\/2022\/11\/1668609984009-1-225x300.jpg 225w, https:\/\/blogsaverroes.juntadeandalucia.es\/ceipmiragenil\/files\/2022\/11\/1668609984009-1-768x1024.jpg 768w, https:\/\/blogsaverroes.juntadeandalucia.es\/ceipmiragenil\/files\/2022\/11\/1668609984009-1-1152x1536.jpg 1152w, https:\/\/blogsaverroes.juntadeandalucia.es\/ceipmiragenil\/files\/2022\/11\/1668609984009-1.jpg 1200w\" sizes=\"(max-width: 225px) 100vw, 225px\" \/><\/a><\/p>\n<p>&nbsp;<\/p>\n<p><strong>INFORMATION SHEET FOR CONVERSATION ASSISTANTS<\/strong><\/p>\n<p><a href=\"https:\/\/blogsaverroes.juntadeandalucia.es\/ceipmiragenil\/files\/2023\/01\/Ficha-de-Informaci\u00f3n-para-Auxiliares-de-Conversaci\u00f3n-English-1.pdf\">Ficha de Informaci\u00f3n para Auxiliares de Conversaci\u00f3n &#8211; English<\/a><\/p>\n","protected":false},"excerpt":{"rendered":"<p>Curso 2024\/2025 Informaci\u00f3n relativa al auxiliar de conversaci\u00f3n en ingl\u00e9s.&nbsp; &nbsp; &nbsp; &nbsp; &nbsp; &nbsp; &nbsp; &nbsp; &nbsp; &nbsp; &nbsp; &nbsp; More information&nbsp; &nbsp; &nbsp; &nbsp; &nbsp; &nbsp; &nbsp; &nbsp; &nbsp; &nbsp;&nbsp;M\u00e1s informaci\u00f3n&nbsp; &nbsp;&#46;&#46;&#46;<\/p>\n","protected":false},"author":10455,"featured_media":2879,"parent":0,"menu_order":0,"comment_status":"closed","ping_status":"closed","template":"","meta":{"ngg_post_thumbnail":0,"footnotes":"","_mc_calendar":[]},"aioseo_notices":[],"_links":{"self":[{"href":"https:\/\/blogsaverroes.juntadeandalucia.es\/ceipmiragenil\/wp-json\/wp\/v2\/pages\/2813"}],"collection":[{"href":"https:\/\/blogsaverroes.juntadeandalucia.es\/ceipmiragenil\/wp-json\/wp\/v2\/pages"}],"about":[{"href":"https:\/\/blogsaverroes.juntadeandalucia.es\/ceipmiragenil\/wp-json\/wp\/v2\/types\/page"}],"author":[{"embeddable":true,"href":"https:\/\/blogsaverroes.juntadeandalucia.es\/ceipmiragenil\/wp-json\/wp\/v2\/users\/10455"}],"replies":[{"embeddable":true,"href":"https:\/\/blogsaverroes.juntadeandalucia.es\/ceipmiragenil\/wp-json\/wp\/v2\/comments?post=2813"}],"version-history":[{"count":15,"href":"https:\/\/blogsaverroes.juntadeandalucia.es\/ceipmiragenil\/wp-json\/wp\/v2\/pages\/2813\/revisions"}],"predecessor-version":[{"id":4020,"href":"https:\/\/blogsaverroes.juntadeandalucia.es\/ceipmiragenil\/wp-json\/wp\/v2\/pages\/2813\/revisions\/4020"}],"wp:featuredmedia":[{"embeddable":true,"href":"https:\/\/blogsaverroes.juntadeandalucia.es\/ceipmiragenil\/wp-json\/wp\/v2\/media\/2879"}],"wp:attachment":[{"href":"https:\/\/blogsaverroes.juntadeandalucia.es\/ceipmiragenil\/wp-json\/wp\/v2\/media?parent=2813"}],"curies":[{"name":"wp","href":"https:\/\/api.w.org\/{rel}","templated":true}]}}