{"id":869,"date":"2025-09-25T11:03:52","date_gmt":"2025-09-25T11:03:52","guid":{"rendered":"http:\/\/blogsaverroes.juntadeandalucia.es\/pre\/ceip\/?page_id=84"},"modified":"2025-10-01T08:25:10","modified_gmt":"2025-10-01T08:25:10","slug":"calendario-escolar","status":"publish","type":"page","link":"https:\/\/blogsaverroes.juntadeandalucia.es\/ceipmiragenil\/calendario-escolar\/","title":{"rendered":"Calendario escolar"},"content":{"rendered":"<h4 style=\"text-align: center\"><strong>D\u00edas lectivos y festivos de la localidad<\/strong><\/h4>\n<p><a href=\"https:\/\/blogsaverroes.juntadeandalucia.es\/ceipmiragenil\/files\/2025\/10\/CALENDARIO-ESCOLAR-2025-2026_page-0001.jpg\"><img loading=\"lazy\" decoding=\"async\" class=\"size-medium wp-image-4122 aligncenter\" src=\"https:\/\/blogsaverroes.juntadeandalucia.es\/ceipmiragenil\/files\/2025\/10\/CALENDARIO-ESCOLAR-2025-2026_page-0001-212x300.jpg\" alt=\"\" width=\"212\" height=\"300\" srcset=\"https:\/\/blogsaverroes.juntadeandalucia.es\/ceipmiragenil\/files\/2025\/10\/CALENDARIO-ESCOLAR-2025-2026_page-0001-212x300.jpg 212w, https:\/\/blogsaverroes.juntadeandalucia.es\/ceipmiragenil\/files\/2025\/10\/CALENDARIO-ESCOLAR-2025-2026_page-0001-725x1024.jpg 725w, https:\/\/blogsaverroes.juntadeandalucia.es\/ceipmiragenil\/files\/2025\/10\/CALENDARIO-ESCOLAR-2025-2026_page-0001-768x1085.jpg 768w, https:\/\/blogsaverroes.juntadeandalucia.es\/ceipmiragenil\/files\/2025\/10\/CALENDARIO-ESCOLAR-2025-2026_page-0001-1087x1536.jpg 1087w, https:\/\/blogsaverroes.juntadeandalucia.es\/ceipmiragenil\/files\/2025\/10\/CALENDARIO-ESCOLAR-2025-2026_page-0001.jpg 1132w\" sizes=\"(max-width: 212px) 100vw, 212px\" \/><\/a><\/p>\n<p>&nbsp;<\/p>\n<p><a href=\"https:\/\/blogsaverroes.juntadeandalucia.es\/ceipmiragenil\/files\/2025\/10\/CALENDARIO-ESCOLAR-2025-2026.pdf\">CALENDARIO-ESCOLAR-2025-2026<\/a><\/p>\n<p>Resoluci\u00f3n y Calendario Escolar C\u00f3rdoba 2025-2026<\/p>\n<p>Este es el calendario escolar para el curso acad\u00e9mico&nbsp; 2025-2026 aprobado por la Consejer\u00eda de Educaci\u00f3n.<\/p>\n<p>Las&nbsp;actividades lectivas de&nbsp;<strong>Infantil y Primaria<\/strong> ser\u00e1n 181 d\u00edas lectivos en total quedando repartidos por trimestres de la siguiente manera:<\/p>\n<ul>\n<li>Primer Trimestre_________ 70 d\u00edas lectivos<\/li>\n<li>Segundo Trimestre_______ 56 d\u00edas lectivos<\/li>\n<li>Tercer Trimestre__________55 d\u00edas lectivos<\/li>\n<\/ul>\n<p>&nbsp;<\/p>\n<p><strong>Vacaciones de Navidad y Semana Santa<\/strong><\/p>\n<p>En cuanto al per\u00edodo de&nbsp;<strong>vacaciones<\/strong>, se ha establecido que en&nbsp;<strong>Navidad<\/strong> habr\u00e1 vacaciones del 22<strong> de diciembre del 2025 al 6 de enero del 2026<\/strong>, ambos inclusive, y en&nbsp;<strong>Semana Santa del 30 de marzo al 5 de abril de 2026<\/strong>, tambi\u00e9n los dos incluidos.<\/p>\n<p>Se establecen como d\u00edas festivos <strong>\u00abD\u00eda de la Comunidad Educativa\u00bb<\/strong> para todos los niveles y miembros de la Comunidad Educativa el 3 de noviembre<strong> de 2025; <\/strong>y el <strong>7 de enero<\/strong><strong>, 2 de marzo de 2026 <\/strong>d\u00edas no lectivos provinciales.<\/p>\n<p>&nbsp;<\/p>\n<p>Los <strong>d\u00edas festivos locales <\/strong>aprobados en el Consejo Municipal Local en Puente Genil son:&nbsp;<\/p>\n<ul>\n<li>4 de mayo de 2026<strong><br \/>\n<\/strong><\/li>\n<li>5 de mayo 2026<strong><br \/>\n<\/strong><\/li>\n<\/ul>\n","protected":false},"excerpt":{"rendered":"<p>D\u00edas lectivos y festivos de la localidad &nbsp; CALENDARIO-ESCOLAR-2025-2026 Resoluci\u00f3n y Calendario Escolar C\u00f3rdoba 2025-2026 Este es el calendario escolar para el curso acad\u00e9mico&nbsp; 2025-2026 aprobado por la Consejer\u00eda de Educaci\u00f3n. Las&nbsp;actividades lectivas de&nbsp;Infantil&#46;&#46;&#46;<\/p>\n","protected":false},"author":1,"featured_media":0,"parent":0,"menu_order":0,"comment_status":"closed","ping_status":"open","template":"","meta":{"ngg_post_thumbnail":0,"footnotes":"","_mc_calendar":{"weekends":"true","shortcode":"[my_calendar weekends=&quot;true&quot;]","append":""}},"aioseo_notices":[],"_links":{"self":[{"href":"https:\/\/blogsaverroes.juntadeandalucia.es\/ceipmiragenil\/wp-json\/wp\/v2\/pages\/869"}],"collection":[{"href":"https:\/\/blogsaverroes.juntadeandalucia.es\/ceipmiragenil\/wp-json\/wp\/v2\/pages"}],"about":[{"href":"https:\/\/blogsaverroes.juntadeandalucia.es\/ceipmiragenil\/wp-json\/wp\/v2\/types\/page"}],"author":[{"embeddable":true,"href":"https:\/\/blogsaverroes.juntadeandalucia.es\/ceipmiragenil\/wp-json\/wp\/v2\/users\/1"}],"replies":[{"embeddable":true,"href":"https:\/\/blogsaverroes.juntadeandalucia.es\/ceipmiragenil\/wp-json\/wp\/v2\/comments?post=869"}],"version-history":[{"count":16,"href":"https:\/\/blogsaverroes.juntadeandalucia.es\/ceipmiragenil\/wp-json\/wp\/v2\/pages\/869\/revisions"}],"predecessor-version":[{"id":4126,"href":"https:\/\/blogsaverroes.juntadeandalucia.es\/ceipmiragenil\/wp-json\/wp\/v2\/pages\/869\/revisions\/4126"}],"wp:attachment":[{"href":"https:\/\/blogsaverroes.juntadeandalucia.es\/ceipmiragenil\/wp-json\/wp\/v2\/media?parent=869"}],"curies":[{"name":"wp","href":"https:\/\/api.w.org\/{rel}","templated":true}]}}