{"id":1677,"date":"2023-07-14T18:55:33","date_gmt":"2023-07-14T16:55:33","guid":{"rendered":"https:\/\/blogsaverroes.juntadeandalucia.es\/ceipmjav\/?page_id=1677"},"modified":"2023-08-25T17:58:58","modified_gmt":"2023-08-25T15:58:58","slug":"programa-de-refuerzo-estival","status":"publish","type":"page","link":"https:\/\/blogsaverroes.juntadeandalucia.es\/ceipmjav\/programa-de-refuerzo-estival\/","title":{"rendered":"Programa de Refuerzo estival"},"content":{"rendered":"<p>[et_pb_section fb_built=&#8221;1&#8243; _builder_version=&#8221;4.14.5&#8243; _module_preset=&#8221;default&#8221; background_color=&#8221;#d6d6d6&#8243; global_colors_info=&#8221;{}&#8221;][et_pb_row column_structure=&#8221;1_2,1_2&#8243; _builder_version=&#8221;4.14.5&#8243; _module_preset=&#8221;default&#8221; background_color=&#8221;#b9d89c&#8221; border_radii=&#8221;on|10px|10px|10px|10px&#8221; border_width_all=&#8221;4px&#8221; border_color_all=&#8221;#E02B20&#8243; global_colors_info=&#8221;{}&#8221;][et_pb_column type=&#8221;1_2&#8243; _builder_version=&#8221;4.14.5&#8243; _module_preset=&#8221;default&#8221; global_colors_info=&#8221;{}&#8221;][et_pb_text admin_label=&#8221;refuerzo estival&#8221; _builder_version=&#8221;4.14.5&#8243; _module_preset=&#8221;default&#8221; custom_margin=&#8221;|17px||17px|false|false&#8221; hover_enabled=&#8221;0&#8243; inline_fonts=&#8221;ABeeZee&#8221; global_colors_info=&#8221;{}&#8221; sticky_enabled=&#8221;0&#8243;]<\/p>\n<p><span style=\"font-family: ABeeZee;font-weight: normal\">El <strong>PROGRAMA de REFUERZO EDUCATIVO en PERIODO ESTIVAL<\/strong> tiene las siguientes caracter\u00edsticas:\u00a0<\/span><\/p>\n<ul>\n<li><span style=\"color: #000000;font-size: 12pt;font-family: ABeeZee\">Podr\u00e1n participar en el Programa el alumnado de 1\u00ba a 6\u00ba de Educaci\u00f3n Primaria de centros p\u00fablicos, as\u00ed como de centros privados sostenidos con fondos p\u00fablicos.<\/span><span style=\"color: #000000;font-size: 12pt;font-family: ABeeZee\"><\/span><\/li>\n<li><span style=\"color: #000000;font-size: 12pt;font-family: ABeeZee\">El programa se desarrolla durante el mes de julio dividido en dos quincenas.<\/span><span style=\"color: #000000;font-size: 12pt;font-family: ABeeZee\"><\/span><\/li>\n<li><span style=\"color: #000000;font-size: 12pt;font-family: ABeeZee\">El\u00a0 horario es de 9:00 a 14:00, de lunes a viernes.<\/span><\/li>\n<li><span style=\"color: #000000;font-size: 12pt;font-family: ABeeZee\">El tiempo en el que se distribuyan los talleres deber\u00e1 contemplar: <\/span>\n<ul>\n<li><span style=\"color: #000000;font-size: 12pt;font-family: ABeeZee\">Una hora para actividad f\u00edsico-deportiva, h\u00e1bitos saludables y fomento de actividades cooperativas y grupales.<\/span><\/li>\n<li><span style=\"color: #000000;font-size: 12pt;font-family: ABeeZee\">Una hora para el trabajo de las competencias matem\u00e1ticas.<\/span><\/li>\n<li><span style=\"color: #000000;font-size: 12pt;font-family: ABeeZee\">Una hora para el trabajo de las competencias ling\u00fc\u00edsticas.<\/span><\/li>\n<li><span style=\"color: #000000;font-size: 12pt;font-family: ABeeZee\">Una hora para el trabajo de las competencias de lengua extranjera (ingl\u00e9s).<\/span><\/li>\n<li><span style=\"color: #000000;font-size: 12pt;font-family: ABeeZee\">Adem\u00e1s habr\u00e1 media hora inicial de asamblea en la que se fomente el contacto personalizado y el di\u00e1logo y media hora de descanso activo.<\/span><\/li>\n<\/ul>\n<\/li>\n<li><span style=\"color: #000000;font-size: 12pt;font-family: ABeeZee\">Est\u00e1 sujeto a convocatoria anual.<\/span><\/li>\n<li><span style=\"color: #000000;font-size: 12pt;font-family: ABeeZee\">Las solicitudes se pueden presentar por la Secretar\u00eda Virtual o en la secretar\u00eda del Centro<\/span><\/li>\n<\/ul>\n<p>[\/et_pb_text][\/et_pb_column][et_pb_column type=&#8221;1_2&#8243; _builder_version=&#8221;4.14.5&#8243; _module_preset=&#8221;default&#8221; global_colors_info=&#8221;{}&#8221;][et_pb_image src=&#8221;https:\/\/blogsaverroes.juntadeandalucia.es\/ceipmjav\/files\/2023\/07\/Captura-de-pantalla-de-2023-07-14-18-41-00-e1689353317422.png&#8221; title_text=&#8221;Cartel Refuerzo Estival&#8221; admin_label=&#8221;cartel refuerzo estival&#8221; _builder_version=&#8221;4.14.5&#8243; _module_preset=&#8221;default&#8221; custom_margin=&#8221;|30px||30px|false|false&#8221; custom_padding=&#8221;|0px|0px||false|false&#8221; border_radii=&#8221;on|10px|10px|10px|10px&#8221; border_width_all=&#8221;4px&#8221; border_color_all=&#8221;#0C71C3&#8243; global_colors_info=&#8221;{}&#8221;][\/et_pb_image][\/et_pb_column][\/et_pb_row][\/et_pb_section]<\/p>\n","protected":false},"excerpt":{"rendered":"<p>El PROGRAMA de REFUERZO EDUCATIVO en PERIODO ESTIVAL tiene las siguientes caracter\u00edsticas:\u00a0 Podr\u00e1n participar en el Programa el alumnado de 1\u00ba a 6\u00ba de Educaci\u00f3n Primaria de centros p\u00fablicos, as\u00ed como de centros privados sostenidos con fondos p\u00fablicos. El programa se desarrolla durante el mes de julio dividido en dos quincenas. El\u00a0 horario es de [&hellip;]<\/p>\n","protected":false},"author":16393,"featured_media":0,"parent":0,"menu_order":0,"comment_status":"closed","ping_status":"closed","template":"","meta":{"_et_pb_use_builder":"on","_et_pb_old_content":"","_et_gb_content_width":"","ngg_post_thumbnail":0,"footnotes":""},"aioseo_notices":[],"_links":{"self":[{"href":"https:\/\/blogsaverroes.juntadeandalucia.es\/ceipmjav\/wp-json\/wp\/v2\/pages\/1677"}],"collection":[{"href":"https:\/\/blogsaverroes.juntadeandalucia.es\/ceipmjav\/wp-json\/wp\/v2\/pages"}],"about":[{"href":"https:\/\/blogsaverroes.juntadeandalucia.es\/ceipmjav\/wp-json\/wp\/v2\/types\/page"}],"author":[{"embeddable":true,"href":"https:\/\/blogsaverroes.juntadeandalucia.es\/ceipmjav\/wp-json\/wp\/v2\/users\/16393"}],"replies":[{"embeddable":true,"href":"https:\/\/blogsaverroes.juntadeandalucia.es\/ceipmjav\/wp-json\/wp\/v2\/comments?post=1677"}],"version-history":[{"count":19,"href":"https:\/\/blogsaverroes.juntadeandalucia.es\/ceipmjav\/wp-json\/wp\/v2\/pages\/1677\/revisions"}],"predecessor-version":[{"id":3299,"href":"https:\/\/blogsaverroes.juntadeandalucia.es\/ceipmjav\/wp-json\/wp\/v2\/pages\/1677\/revisions\/3299"}],"wp:attachment":[{"href":"https:\/\/blogsaverroes.juntadeandalucia.es\/ceipmjav\/wp-json\/wp\/v2\/media?parent=1677"}],"curies":[{"name":"wp","href":"https:\/\/api.w.org\/{rel}","templated":true}]}}