{"id":3488,"date":"2023-09-17T11:49:28","date_gmt":"2023-09-17T09:49:28","guid":{"rendered":"https:\/\/blogsaverroes.juntadeandalucia.es\/ceipmjav\/?page_id=3488"},"modified":"2025-11-15T14:43:00","modified_gmt":"2025-11-15T13:43:00","slug":"normativa-de-referencia","status":"publish","type":"page","link":"https:\/\/blogsaverroes.juntadeandalucia.es\/ceipmjav\/normativa-de-referencia\/","title":{"rendered":"Normativa"},"content":{"rendered":"<p>[et_pb_section fb_built=&#8221;1&#8243; _builder_version=&#8221;4.24.2&#8243; _module_preset=&#8221;default&#8221; background_color=&#8221;#d6d6d6&#8243; hover_enabled=&#8221;0&#8243; global_colors_info=&#8221;{}&#8221; sticky_enabled=&#8221;0&#8243;][et_pb_row admin_label=&#8221;NORMATIVA&#8221; _builder_version=&#8221;4.16&#8243; _module_preset=&#8221;default&#8221; global_colors_info=&#8221;{}&#8221;][et_pb_column type=&#8221;4_4&#8243; _builder_version=&#8221;4.16&#8243; _module_preset=&#8221;default&#8221; global_colors_info=&#8221;{}&#8221;][et_pb_image src=&#8221;https:\/\/blogsaverroes.juntadeandalucia.es\/ceipmjav\/files\/2023\/09\/Normativa.png&#8221; title_text=&#8221;Normativa&#8221; _builder_version=&#8221;4.16&#8243; _module_preset=&#8221;default&#8221; border_radii=&#8221;on|10px|10px|10px|10px&#8221; border_width_all=&#8221;4px&#8221; border_color_all=&#8221;#000000&#8243; global_colors_info=&#8221;{}&#8221;][\/et_pb_image][\/et_pb_column][\/et_pb_row][et_pb_row column_structure=&#8221;1_2,1_2&#8243; _builder_version=&#8221;4.24.2&#8243; _module_preset=&#8221;default&#8221; background_color=&#8221;#b9d89c&#8221; custom_margin=&#8221;0px||||false|false&#8221; hover_enabled=&#8221;0&#8243; border_radii=&#8221;on|10px|10px|10px|10px&#8221; border_width_all=&#8221;4px&#8221; border_color_all=&#8221;#E02B20&#8243; global_colors_info=&#8221;{}&#8221; sticky_enabled=&#8221;0&#8243;][et_pb_column type=&#8221;1_2&#8243; _builder_version=&#8221;4.16&#8243; _module_preset=&#8221;default&#8221; global_colors_info=&#8221;{}&#8221;][et_pb_text admin_label=&#8221;NORMATIVA INFANTIL&#8221; _builder_version=&#8221;4.24.2&#8243; _module_preset=&#8221;default&#8221; text_font=&#8221;ABeeZee|700|||||||&#8221; text_line_height=&#8221;2em&#8221; custom_margin=&#8221;|10px||10px|false|false&#8221; inline_fonts=&#8221;ABeeZee,Abel,Abhaya Libre&#8221; global_colors_info=&#8221;{}&#8221;]<\/p>\n<div style=\"text-align: center\"><span style=\"color: #000000;font-family: ABeeZee;font-weight: normal\"><strong>&nbsp;NORMATIVA ED. INFANTIL<\/strong><\/span><\/div>\n<ul>\n<li style=\"text-align: left\"><span style=\"color: #000000\"><strong><span style=\"font-family: ABeeZee\">Real Decreto 95\/2022, de 1 de febrero, <\/span><span style=\"font-family: ABeeZee;font-weight: normal\">por el que se establece la <\/span><span style=\"font-family: ABeeZee\">ordenaci\u00f3n y las ense\u00f1anzas m\u00ednimas de la Educaci\u00f3n Infanti<\/span>l<\/strong><\/span><\/li>\n<li style=\"text-align: left\"><span style=\"color: #000000;font-family: ABeeZee;font-weight: normal\"><strong>Decreto 100\/2023, de 9 de mayo, <\/strong>por el que se establece la<strong> ordenaci\u00f3n y&nbsp; el curr\u00edculo <\/strong>de la etapa<strong> de Educaci\u00f3n Infantil en la Comunidad Aut\u00f3noma de Andaluc\u00eda<\/strong><\/span><\/li>\n<li style=\"text-align: left\"><span style=\"font-family: ABeeZee;font-weight: normal\"><span style=\"color: #000000\"><strong>Orden de 30 de mayo de 2023<\/strong>, por la que se desarrolla el <strong>curr\u00edculo <\/strong><\/span><span style=\"color: #000000\"><strong>correspondiente a la etapa de Educaci\u00f3n Infantil en la Comunidad Aut\u00f3noma <\/strong><strong>de Andaluc\u00eda,<\/strong> se regulan determinados aspectos de la<strong> atenci\u00f3n a la diversidad <\/strong><\/span><span style=\"color: #000000\"><strong>y a las diferencias individuales, se establece la ordenaci\u00f3n de la evaluaci\u00f3n del <\/strong><strong>proceso de aprendizaje del alumnado y se determinan los procesos de tr\u00e1nsito<\/strong> <strong>entre ciclos y con Educaci\u00f3n Primaria<\/strong><\/span><\/span><\/li>\n<\/ul>\n<p>[\/et_pb_text][et_pb_code admin_label=&#8221;LOMLOE&#8221; _builder_version=&#8221;4.24.2&#8243; _module_preset=&#8221;default&#8221; custom_margin=&#8221;|5px||5px|false|false&#8221; border_radii=&#8221;on|10px|10px|10px|10px&#8221; border_color_all=&#8221;#E02B20&#8243; global_colors_info=&#8221;{}&#8221;]<iframe loading=\"lazy\" src=\"https:\/\/drive.google.com\/file\/d\/1kkIN0fIXs7eux2qKVw2vZlB1UBEq9soy\/preview\" width=\"640\" height=\"320\"><\/iframe>[\/et_pb_code][et_pb_code admin_label=&#8221;Decreto Andaluc\u00eda 100\/23 de 9\/05\/23 &#8221; _builder_version=&#8221;4.16&#8243; _module_preset=&#8221;default&#8221; custom_margin=&#8221;|5px||5px|false|false&#8221; border_radii=&#8221;on|10px|10px|10px|10px&#8221; border_color_all=&#8221;#E02B20&#8243; global_colors_info=&#8221;{}&#8221;]<iframe loading=\"lazy\" src=\"https:\/\/drive.google.com\/file\/d\/1k7UYHHHwn3jgJVRKx_0kKOUhQT1qiXPu\/preview\" width=\"640\" height=\"320\"><\/iframe>[\/et_pb_code][et_pb_code admin_label=&#8221;Orden Andaluc\u00eda 30\/05\/23&#8243; _builder_version=&#8221;4.16&#8243; _module_preset=&#8221;default&#8221; custom_margin=&#8221;|5px||5px|false|false&#8221; border_radii=&#8221;on|10px|10px|10px|10px&#8221; border_color_all=&#8221;#E02B20&#8243; global_colors_info=&#8221;{}&#8221;]<iframe loading=\"lazy\" src=\"https:\/\/drive.google.com\/file\/d\/1Xd4Ryn79DhHG5r-1X9aUEoSj4-hAmYPC\/preview\" width=\"640\" height=\"320\"><\/iframe>[\/et_pb_code][\/et_pb_column][et_pb_column type=&#8221;1_2&#8243; _builder_version=&#8221;4.16&#8243; _module_preset=&#8221;default&#8221; global_colors_info=&#8221;{}&#8221;][et_pb_text admin_label=&#8221;NORMATIVA PRIMARIA&#8221; _builder_version=&#8221;4.16&#8243; _module_preset=&#8221;default&#8221; text_font=&#8221;ABeeZee|700|||||||&#8221; text_line_height=&#8221;2em&#8221; custom_margin=&#8221;|10px||10px|false|false&#8221; inline_fonts=&#8221;ABeeZee,Abel,Abhaya Libre&#8221; global_colors_info=&#8221;{}&#8221;]<\/p>\n<div style=\"text-align: center\"><span style=\"color: #000000;font-family: ABeeZee;font-weight: normal\"><strong>\u00a0NORMATIVA ED. PRIMARIA<br \/><\/strong><\/span><\/div>\n<ul>\n<li style=\"text-align: left\"><span style=\"color: #000000\"><strong><span style=\"font-family: ABeeZee\">Real Decreto 157\/2022, de 1 de MARZO, <\/span><span style=\"font-family: ABeeZee;font-weight: normal\">por el que se establece la <\/span><span style=\"font-family: ABeeZee\">ordenaci\u00f3n y las ense\u00f1anzas m\u00ednimas de la Educaci\u00f3n Primaria<\/span><\/strong><\/span><\/li>\n<li style=\"text-align: left\"><span style=\"color: #000000;font-family: ABeeZee;font-weight: normal\"><strong>Decreto 101\/2023, de 9 de mayo, <\/strong>por el que se establece la<strong> ordenaci\u00f3n y\u00a0 el curr\u00edculo <\/strong>de la etapa<strong> de Educaci\u00f3n Primaria en la Comunidad Aut\u00f3noma de Andaluc\u00eda<\/strong><\/span><\/li>\n<li style=\"text-align: left\"><span style=\"font-family: ABeeZee;font-weight: normal\"><span style=\"color: #000000\"><strong>Orden de 30 de mayo de 2023<\/strong>, por la que se desarrolla el <strong>curr\u00edculo <\/strong><\/span><span style=\"color: #000000\"><strong>correspondiente a la etapa de Educaci\u00f3n Primaria en la Comunidad Aut\u00f3noma <\/strong><strong>de Andaluc\u00eda,<\/strong> se regulan determinados aspectos de la<strong> atenci\u00f3n a la diversidad <\/strong><\/span><span style=\"color: #000000\"><strong>y a las diferencias individuales, se establece la ordenaci\u00f3n de la evaluaci\u00f3n del <\/strong><strong>proceso de aprendizaje del alumnado y se determinan los procesos de tr\u00e1nsito<\/strong> <strong>entre las diferentes etapas educativas<\/strong><\/span><\/span><\/li>\n<\/ul>\n<p>[\/et_pb_text][et_pb_code admin_label=&#8221;LOMLOE&#8221; _builder_version=&#8221;4.16&#8243; _module_preset=&#8221;default&#8221; custom_margin=&#8221;|5px||5px|false|false&#8221; border_radii=&#8221;on|10px|10px|10px|10px&#8221; border_color_all=&#8221;#E02B20&#8243; global_colors_info=&#8221;{}&#8221;]<iframe loading=\"lazy\" src=\"https:\/\/drive.google.com\/file\/d\/1sIu8NWJOUCXM6O3Y135wdh1F8Q1PRNJw\/preview\" width=\"640\" height=\"320\"><\/iframe>[\/et_pb_code][et_pb_code admin_label=&#8221;Decreto Andaluc\u00eda 101\/23 de 9\/05\/23 &#8221; _builder_version=&#8221;4.16&#8243; _module_preset=&#8221;default&#8221; custom_margin=&#8221;|5px||5px|false|false&#8221; border_radii=&#8221;on|10px|10px|10px|10px&#8221; border_color_all=&#8221;#E02B20&#8243; global_colors_info=&#8221;{}&#8221;]<iframe loading=\"lazy\" src=\"https:\/\/drive.google.com\/file\/d\/1MTH0XUxmpR-VN31izr4XANxikstgDktz\/preview\" width=\"640\" height=\"320\"><\/iframe>[\/et_pb_code][et_pb_code admin_label=&#8221;Orden Andaluc\u00eda 30\/05\/23&#8243; _builder_version=&#8221;4.16&#8243; _module_preset=&#8221;default&#8221; custom_margin=&#8221;|5px||5px|false|false&#8221; border_radii=&#8221;on|10px|10px|10px|10px&#8221; border_color_all=&#8221;#E02B20&#8243; global_colors_info=&#8221;{}&#8221;]<iframe loading=\"lazy\" src=\"https:\/\/drive.google.com\/file\/d\/1RgRO7wKtgxUyVQHrb8nh6Srul8iPD7mp\/preview\" width=\"640\" height=\"320\"><\/iframe>[\/et_pb_code][\/et_pb_column][\/et_pb_row][\/et_pb_section]<\/p>\n","protected":false},"excerpt":{"rendered":"<p>&nbsp;NORMATIVA ED. INFANTIL Real Decreto 95\/2022, de 1 de febrero, por el que se establece la ordenaci\u00f3n y las ense\u00f1anzas m\u00ednimas de la Educaci\u00f3n Infantil Decreto 100\/2023, de 9 de mayo, por el que se establece la ordenaci\u00f3n y&nbsp; el curr\u00edculo de la etapa de Educaci\u00f3n Infantil en la Comunidad Aut\u00f3noma de Andaluc\u00eda Orden de [&hellip;]<\/p>\n","protected":false},"author":16393,"featured_media":0,"parent":0,"menu_order":0,"comment_status":"closed","ping_status":"closed","template":"","meta":{"_et_pb_use_builder":"on","_et_pb_old_content":"","_et_gb_content_width":"","ngg_post_thumbnail":0,"footnotes":""},"aioseo_notices":[],"_links":{"self":[{"href":"https:\/\/blogsaverroes.juntadeandalucia.es\/ceipmjav\/wp-json\/wp\/v2\/pages\/3488"}],"collection":[{"href":"https:\/\/blogsaverroes.juntadeandalucia.es\/ceipmjav\/wp-json\/wp\/v2\/pages"}],"about":[{"href":"https:\/\/blogsaverroes.juntadeandalucia.es\/ceipmjav\/wp-json\/wp\/v2\/types\/page"}],"author":[{"embeddable":true,"href":"https:\/\/blogsaverroes.juntadeandalucia.es\/ceipmjav\/wp-json\/wp\/v2\/users\/16393"}],"replies":[{"embeddable":true,"href":"https:\/\/blogsaverroes.juntadeandalucia.es\/ceipmjav\/wp-json\/wp\/v2\/comments?post=3488"}],"version-history":[{"count":19,"href":"https:\/\/blogsaverroes.juntadeandalucia.es\/ceipmjav\/wp-json\/wp\/v2\/pages\/3488\/revisions"}],"predecessor-version":[{"id":8361,"href":"https:\/\/blogsaverroes.juntadeandalucia.es\/ceipmjav\/wp-json\/wp\/v2\/pages\/3488\/revisions\/8361"}],"wp:attachment":[{"href":"https:\/\/blogsaverroes.juntadeandalucia.es\/ceipmjav\/wp-json\/wp\/v2\/media?parent=3488"}],"curies":[{"name":"wp","href":"https:\/\/api.w.org\/{rel}","templated":true}]}}