{"id":3523,"date":"2023-09-24T18:29:34","date_gmt":"2023-09-24T16:29:34","guid":{"rendered":"https:\/\/blogsaverroes.juntadeandalucia.es\/ceipmjav\/?page_id=3523"},"modified":"2025-09-25T17:41:55","modified_gmt":"2025-09-25T15:41:55","slug":"actividades-extraescolares","status":"publish","type":"page","link":"https:\/\/blogsaverroes.juntadeandalucia.es\/ceipmjav\/actividades-extraescolares\/","title":{"rendered":"Actividades Extraescolares"},"content":{"rendered":"<p>[et_pb_section fb_built=&#8221;1&#8243; _builder_version=&#8221;4.16&#8243; _module_preset=&#8221;default&#8221; background_color=&#8221;#d6d6d6&#8243; global_colors_info=&#8221;{}&#8221;][et_pb_row column_structure=&#8221;1_2,1_2&#8243; _builder_version=&#8221;4.16&#8243; _module_preset=&#8221;default&#8221; background_color=&#8221;#b9d89c&#8221; custom_padding=&#8221;|7px||10px|false|false&#8221; border_radii=&#8221;on|10px|10px|10px|10px&#8221; border_width_all=&#8221;4px&#8221; border_color_all=&#8221;#E02B20&#8243; global_colors_info=&#8221;{}&#8221;][et_pb_column type=&#8221;1_2&#8243; _builder_version=&#8221;4.16&#8243; _module_preset=&#8221;default&#8221; global_colors_info=&#8221;{}&#8221;][et_pb_text admin_label=&#8221;TEXTO DESCRIPTIVO&#8221; _builder_version=&#8221;4.16&#8243; _module_preset=&#8221;default&#8221; text_font=&#8221;ABeeZee||||||||&#8221; global_colors_info=&#8221;{}&#8221;]<\/p>\n<p><span style=\"color: #000000\">Las <strong>actividades extraescolares<\/strong> tienen un car\u00e1cter voluntario para el alumnado y en ning\u00fan caso forman parte del proceso de evaluaci\u00f3n del alumnado.<\/span><\/p>\n<p><span style=\"color: #000000\"> La atenci\u00f3n a este tipo de alumnado se realiza con personal que cuenta con la formaci\u00f3n y cualificaci\u00f3n adecuada a las actividades a desarrollar.<\/span><\/p>\n<p><span style=\"color: #000000\">Las actividades extraescolares <strong>se desarrollan en el CEIP RODRIGO CARO<\/strong><\/span><\/p>\n<p>[\/et_pb_text][\/et_pb_column][et_pb_column type=&#8221;1_2&#8243; _builder_version=&#8221;4.16&#8243; _module_preset=&#8221;default&#8221; global_colors_info=&#8221;{}&#8221;][et_pb_code _builder_version=&#8221;4.24.2&#8243; _module_preset=&#8221;default&#8221; hover_enabled=&#8221;0&#8243; global_colors_info=&#8221;{}&#8221; sticky_enabled=&#8221;0&#8243;]<iframe loading=\"lazy\" src=\"https:\/\/drive.google.com\/file\/d\/1wSPvOYycCuEgCjJt9kCZWzjDpNrrisbO\/preview\" width=\"640\" height=\"480\"><\/iframe>[\/et_pb_code][\/et_pb_column][\/et_pb_row][\/et_pb_section]<\/p>\n","protected":false},"excerpt":{"rendered":"<p>Las actividades extraescolares tienen un car\u00e1cter voluntario para el alumnado y en ning\u00fan caso forman parte del proceso de evaluaci\u00f3n del alumnado. La atenci\u00f3n a este tipo de alumnado se realiza con personal que cuenta con la formaci\u00f3n y cualificaci\u00f3n adecuada a las actividades a desarrollar. Las actividades extraescolares se desarrollan en el CEIP RODRIGO [&hellip;]<\/p>\n","protected":false},"author":16393,"featured_media":0,"parent":0,"menu_order":0,"comment_status":"closed","ping_status":"closed","template":"","meta":{"_et_pb_use_builder":"on","_et_pb_old_content":"","_et_gb_content_width":"","ngg_post_thumbnail":0,"footnotes":""},"aioseo_notices":[],"_links":{"self":[{"href":"https:\/\/blogsaverroes.juntadeandalucia.es\/ceipmjav\/wp-json\/wp\/v2\/pages\/3523"}],"collection":[{"href":"https:\/\/blogsaverroes.juntadeandalucia.es\/ceipmjav\/wp-json\/wp\/v2\/pages"}],"about":[{"href":"https:\/\/blogsaverroes.juntadeandalucia.es\/ceipmjav\/wp-json\/wp\/v2\/types\/page"}],"author":[{"embeddable":true,"href":"https:\/\/blogsaverroes.juntadeandalucia.es\/ceipmjav\/wp-json\/wp\/v2\/users\/16393"}],"replies":[{"embeddable":true,"href":"https:\/\/blogsaverroes.juntadeandalucia.es\/ceipmjav\/wp-json\/wp\/v2\/comments?post=3523"}],"version-history":[{"count":13,"href":"https:\/\/blogsaverroes.juntadeandalucia.es\/ceipmjav\/wp-json\/wp\/v2\/pages\/3523\/revisions"}],"predecessor-version":[{"id":8115,"href":"https:\/\/blogsaverroes.juntadeandalucia.es\/ceipmjav\/wp-json\/wp\/v2\/pages\/3523\/revisions\/8115"}],"wp:attachment":[{"href":"https:\/\/blogsaverroes.juntadeandalucia.es\/ceipmjav\/wp-json\/wp\/v2\/media?parent=3523"}],"curies":[{"name":"wp","href":"https:\/\/api.w.org\/{rel}","templated":true}]}}