{"id":1559,"date":"2022-03-03T20:58:43","date_gmt":"2022-03-03T19:58:43","guid":{"rendered":"https:\/\/blogsaverroes.juntadeandalucia.es\/ceipmures\/?page_id=1559"},"modified":"2022-03-03T21:52:48","modified_gmt":"2022-03-03T20:52:48","slug":"plan-de-igualdad","status":"publish","type":"page","link":"https:\/\/blogsaverroes.juntadeandalucia.es\/ceipmures\/plan-de-igualdad\/","title":{"rendered":"Plan de Igualdad"},"content":{"rendered":"<p style=\"text-align: justify\"><span style=\"font-size: 14pt\">El<strong>&nbsp;II Plan Estrat\u00e9gico de Igualdad de G\u00e9nero en Educaci\u00f3n<\/strong>&nbsp;propone actuaciones en este mismo sentido a favor de los derechos de las mujeres y adem\u00e1s, incorpora actuaciones que incidan en la cultura real que sustenta la desigualdad, con actuaciones a favor de los hombres y de las mujeres en aquellas desigualdades espec\u00edficas que produce la tradicional socializaci\u00f3n diferenciada.<\/span><\/p>\n<p style=\"text-align: justify\"><span style=\"font-size: 14pt\">Se sustenta en una estructura de avance sobre la ya existente desde el Decreto 19\/2007, de 23 de enero, por el que se adoptan medidas para la promoci\u00f3n de la cultura de paz y la mejora de la convivencia en los centros docentes sostenidos con fondos p\u00fablicos, asign\u00e1ndoles nuevas funciones en materia de coeducaci\u00f3n, igualdad y prevenci\u00f3n de la violencia de g\u00e9nero.<\/span><\/p>\n<p><img loading=\"lazy\" decoding=\"async\" class=\"aligncenter wp-image-1562 size-full\" src=\"https:\/\/blogsaverroes.juntadeandalucia.es\/ceipmures\/files\/2022\/03\/pacto-300x240-1.jpg\" alt=\"\" width=\"828\" height=\"646\" srcset=\"https:\/\/blogsaverroes.juntadeandalucia.es\/ceipmures\/files\/2022\/03\/pacto-300x240-1.jpg 828w, https:\/\/blogsaverroes.juntadeandalucia.es\/ceipmures\/files\/2022\/03\/pacto-300x240-1-480x374.jpg 480w\" sizes=\"(min-width: 0px) and (max-width: 480px) 480px, (min-width: 481px) 828px, 100vw\" \/><\/p>\n<p>&nbsp;<\/p>\n<p>&nbsp;<\/p>\n<p>&nbsp;<\/p>\n<p>&nbsp;<\/p>\n","protected":false},"excerpt":{"rendered":"<p>El&nbsp;II Plan Estrat\u00e9gico de Igualdad de G\u00e9nero en Educaci\u00f3n&nbsp;propone actuaciones en este mismo sentido a favor de los derechos de las mujeres y adem\u00e1s, incorpora actuaciones que incidan en la cultura real que sustenta la desigualdad, con actuaciones a favor de los hombres y de las mujeres en aquellas desigualdades espec\u00edficas que produce la tradicional [&hellip;]<\/p>\n","protected":false},"author":13449,"featured_media":0,"parent":0,"menu_order":0,"comment_status":"closed","ping_status":"closed","template":"","meta":{"_et_pb_use_builder":"","_et_pb_old_content":"","_et_gb_content_width":"","ngg_post_thumbnail":0,"footnotes":""},"aioseo_notices":[],"_links":{"self":[{"href":"https:\/\/blogsaverroes.juntadeandalucia.es\/ceipmures\/wp-json\/wp\/v2\/pages\/1559"}],"collection":[{"href":"https:\/\/blogsaverroes.juntadeandalucia.es\/ceipmures\/wp-json\/wp\/v2\/pages"}],"about":[{"href":"https:\/\/blogsaverroes.juntadeandalucia.es\/ceipmures\/wp-json\/wp\/v2\/types\/page"}],"author":[{"embeddable":true,"href":"https:\/\/blogsaverroes.juntadeandalucia.es\/ceipmures\/wp-json\/wp\/v2\/users\/13449"}],"replies":[{"embeddable":true,"href":"https:\/\/blogsaverroes.juntadeandalucia.es\/ceipmures\/wp-json\/wp\/v2\/comments?post=1559"}],"version-history":[{"count":2,"href":"https:\/\/blogsaverroes.juntadeandalucia.es\/ceipmures\/wp-json\/wp\/v2\/pages\/1559\/revisions"}],"predecessor-version":[{"id":1565,"href":"https:\/\/blogsaverroes.juntadeandalucia.es\/ceipmures\/wp-json\/wp\/v2\/pages\/1559\/revisions\/1565"}],"wp:attachment":[{"href":"https:\/\/blogsaverroes.juntadeandalucia.es\/ceipmures\/wp-json\/wp\/v2\/media?parent=1559"}],"curies":[{"name":"wp","href":"https:\/\/api.w.org\/{rel}","templated":true}]}}