{"id":2975,"date":"2025-02-14T12:53:08","date_gmt":"2025-02-14T12:53:08","guid":{"rendered":"https:\/\/blogsaverroes.juntadeandalucia.es\/ceipmurtasturon\/?page_id=2975"},"modified":"2025-02-14T12:55:55","modified_gmt":"2025-02-14T12:55:55","slug":"educacion-infantil-2","status":"publish","type":"page","link":"https:\/\/blogsaverroes.juntadeandalucia.es\/ceipmurtasturon\/educacion-infantil-2\/","title":{"rendered":"Educaci\u00f3n Infantil"},"content":{"rendered":"<p>En nuestro centro se imparte el segundo ciclo de Educaci\u00f3n Infantil.<\/p>\n<p>El segundo ciclo de Educaci\u00f3n Infantil abarca de los 3 a los 6 a\u00f1os. Es de car\u00e1cter voluntario, por lo que los alumnos y las alumnas pueden incorporarse a esta etapa en cualquiera de los cursos.<\/p>\n<p>La Educaci\u00f3n Infantil tiene como principal finalidad contribuir al desarrollo f\u00edsico, afectivo, social e intelectual de los ni\u00f1os y las ni\u00f1as, respetando los derechos de la infancia y atendiendo a su bienestar.<\/p>\n<p>En esta etapa se atender\u00e1 progresivamente al desarrollo afectivo, al movimiento y a los h\u00e1bitos de control corporal, a las manifestaciones de la comunicaci\u00f3n y del lenguaje, a las pautas elementales de convivencia y relaci\u00f3n social, as\u00ed como al descubrimiento de las caracter\u00edsticas f\u00edsicas y sociales del medio. Adem\u00e1s se facilitar\u00e1 que ni\u00f1os y ni\u00f1as elaboren una imagen de s\u00ed mismos positiva y equilibrada y adquieran autonom\u00eda personal.<\/p>\n<p>La Educaci\u00f3n Infantil es la etapa en la que se sientan las bases para el desarrollo futuro de las ni\u00f1as y los ni\u00f1os tanto en su dimensi\u00f3n personal como social. En ella se cimientan los valores que hacen posible la vida en sociedad, se inicia la adquisici\u00f3n de h\u00e1bitos de convivencia democr\u00e1tica y de respeto mutuo y se trabaja con los ni\u00f1os y las ni\u00f1as para que, en el futuro, participen responsablemente en la vida social y ciudadana.<\/p>\n","protected":false},"excerpt":{"rendered":"<p>En nuestro centro se imparte el segundo ciclo de Educaci\u00f3n Infantil. El segundo ciclo de Educaci\u00f3n Infantil abarca de los 3 a los 6 a\u00f1os. Es de car\u00e1cter voluntario, por lo que los alumnos&#46;&#46;&#46;<\/p>\n","protected":false},"author":20228,"featured_media":0,"parent":0,"menu_order":0,"comment_status":"closed","ping_status":"closed","template":"","meta":{"ngg_post_thumbnail":0,"footnotes":"","_mc_calendar":[]},"aioseo_notices":[],"_links":{"self":[{"href":"https:\/\/blogsaverroes.juntadeandalucia.es\/ceipmurtasturon\/wp-json\/wp\/v2\/pages\/2975"}],"collection":[{"href":"https:\/\/blogsaverroes.juntadeandalucia.es\/ceipmurtasturon\/wp-json\/wp\/v2\/pages"}],"about":[{"href":"https:\/\/blogsaverroes.juntadeandalucia.es\/ceipmurtasturon\/wp-json\/wp\/v2\/types\/page"}],"author":[{"embeddable":true,"href":"https:\/\/blogsaverroes.juntadeandalucia.es\/ceipmurtasturon\/wp-json\/wp\/v2\/users\/20228"}],"replies":[{"embeddable":true,"href":"https:\/\/blogsaverroes.juntadeandalucia.es\/ceipmurtasturon\/wp-json\/wp\/v2\/comments?post=2975"}],"version-history":[{"count":2,"href":"https:\/\/blogsaverroes.juntadeandalucia.es\/ceipmurtasturon\/wp-json\/wp\/v2\/pages\/2975\/revisions"}],"predecessor-version":[{"id":2981,"href":"https:\/\/blogsaverroes.juntadeandalucia.es\/ceipmurtasturon\/wp-json\/wp\/v2\/pages\/2975\/revisions\/2981"}],"wp:attachment":[{"href":"https:\/\/blogsaverroes.juntadeandalucia.es\/ceipmurtasturon\/wp-json\/wp\/v2\/media?parent=2975"}],"curies":[{"name":"wp","href":"https:\/\/api.w.org\/{rel}","templated":true}]}}